{"id":1774,"date":"2025-09-09T02:24:16","date_gmt":"2025-09-09T02:24:16","guid":{"rendered":"https:\/\/www.lechaocandy.com\/?post_type=product&#038;p=1774"},"modified":"2025-09-09T02:38:26","modified_gmt":"2025-09-09T02:38:26","slug":"bulk-buy-jelly-sweets","status":"publish","type":"product","link":"https:\/\/www.lechaocandy.com\/de\/produkt\/bulk-buy-jelly-sweets\/","title":{"rendered":"Bulk Buy Gelee-Bonbons, LeChao Zahnb\u00fcrsten-Set Gummibonbons"},"content":{"rendered":"<div class=\"wp-block-columns is-layout-flex wp-container-core-columns-is-layout-9d6595d7 wp-block-columns-is-layout-flex\"><div class=\"wp-block-column is-layout-flow wp-block-column-is-layout-flow\"><h2 class=\"wp-block-heading\">Produkt-Highlights von Bulk Buy Jelly Bonbons<\/h2>\n\n<ul class=\"wp-block-list\"><li><strong>Kreatives Bonbon-Design:<\/strong> Diese Bonbons in Form von Zahnb\u00fcrsten und Zahnpasta sind einzigartig und verspielt. Sie erf\u00fcllen den Bedarf an Geleebonbons f\u00fcr den Gro\u00dfeinkauf und bieten eine innovative Snackoption, die die Verbraucher anspricht.<\/li>\n\n<li><strong>Spa\u00df: <\/strong>Diese Gummibonbons f\u00fcr den Gro\u00dfhandel, die die Formen von Zahnb\u00fcrste und Zahnpasta kombinieren, bieten ein spielerisches Erlebnis, das sich f\u00fcr jede Gelegenheit eignet und den Verbrauchern die Freude am S\u00fc\u00dfigkeitenessen vermittelt.<\/li>\n\n<li><strong>Ein perfektes Snack-Geschenk: <\/strong>Ihr einzigartiges Design macht sie zum perfekten Snack f\u00fcr Feiertage und Partys. Der Gro\u00dfeinkauf von Geleebonbons ist ideal f\u00fcr Einzel- und Gro\u00dfh\u00e4ndler und bietet eine Vielzahl von Optionen.<\/li>\n\n<li><strong>Frucht-Aromen: <\/strong>Unsere Gummibonbons f\u00fcr den Gro\u00dfhandel werden mit hochwertigen S\u00e4ften und nat\u00fcrlichen Aromen hergestellt und bieten ein k\u00f6stliches, fruchtiges Erlebnis, das die Geschmacksnerven der Verbraucher zufrieden stellt.<\/li>\n\n<li><strong>Praktische Verpackung:<\/strong> Jedes Bonbonset ist einzeln verpackt, um den Transport und die Aufbewahrung zu erleichtern, so dass sie f\u00fcr eine Vielzahl von Einzelhandels- und Gro\u00dfeinkaufsanforderungen geeignet sind, was sie zu einem idealen Gro\u00dfeinkauf von Geleebonbons macht.<\/li><\/ul><\/div>\n\n<div class=\"wp-block-column is-layout-flow wp-block-column-is-layout-flow\"><figure class=\"wp-block-image size-full\"><img decoding=\"async\" width=\"800\" height=\"800\" src=\"https:\/\/www.lechaocandy.com\/wp-content\/uploads\/2025\/09\/Bulk-Buy-Jelly-Sweets-LeChao-Toothbrush-Set-Gummy-Candy-3.webp\" alt=\"Bulk Buy Gelee-Bonbons, LeChao Zahnb\u00fcrsten-Set Gummibonbons-3\" class=\"wp-image-1777\" srcset=\"https:\/\/www.lechaocandy.com\/wp-content\/uploads\/2025\/09\/Bulk-Buy-Jelly-Sweets-LeChao-Toothbrush-Set-Gummy-Candy-3.webp 800w, https:\/\/www.lechaocandy.com\/wp-content\/uploads\/2025\/09\/Bulk-Buy-Jelly-Sweets-LeChao-Toothbrush-Set-Gummy-Candy-3-300x300.webp 300w, https:\/\/www.lechaocandy.com\/wp-content\/uploads\/2025\/09\/Bulk-Buy-Jelly-Sweets-LeChao-Toothbrush-Set-Gummy-Candy-3-150x150.webp 150w, https:\/\/www.lechaocandy.com\/wp-content\/uploads\/2025\/09\/Bulk-Buy-Jelly-Sweets-LeChao-Toothbrush-Set-Gummy-Candy-3-768x768.webp 768w, https:\/\/www.lechaocandy.com\/wp-content\/uploads\/2025\/09\/Bulk-Buy-Jelly-Sweets-LeChao-Toothbrush-Set-Gummy-Candy-3-12x12.webp 12w, https:\/\/www.lechaocandy.com\/wp-content\/uploads\/2025\/09\/Bulk-Buy-Jelly-Sweets-LeChao-Toothbrush-Set-Gummy-Candy-3-600x600.webp 600w, https:\/\/www.lechaocandy.com\/wp-content\/uploads\/2025\/09\/Bulk-Buy-Jelly-Sweets-LeChao-Toothbrush-Set-Gummy-Candy-3-100x100.webp 100w\" sizes=\"(max-width: 800px) 100vw, 800px\" \/><\/figure><\/div><\/div>","protected":false},"excerpt":{"rendered":"<p>Willkommen beim Gro\u00dfeinkauf von Gummibonbons. Diese Gro\u00dfhandel Gummibonbons geschickt kombinieren Zahnb\u00fcrsten und Zahnpasta, die jeweils einzeln verpackt f\u00fcr einen Spa\u00df und innovatives Design.<\/p>\n<table style=\"border-collapse: collapse; width: 300.02pt;\" border=\"0\" width=\"300\" cellspacing=\"0\" cellpadding=\"0\">\n<tbody>\n<tr style=\"height: 17.60pt;\">\n<td class=\"et2\" style=\"height: 17.60pt; width: 110.80pt;\" width=\"110\" height=\"17\">Hersteller<\/td>\n<td class=\"et2\" style=\"width: 189.95pt;\" width=\"189\">LeChao Bonbons<\/td>\n<\/tr>\n<tr style=\"height: 18.00pt;\">\n<td class=\"et2\" style=\"height: 18.00pt;\" height=\"18\">Produkttyp<\/td>\n<td class=\"et3\" style=\"width: 189.95pt;\" width=\"189\">Zahnb\u00fcrsten-Set Gummibonbons<\/td>\n<\/tr>\n<tr style=\"height: 18.00pt;\">\n<td class=\"et2\" style=\"height: 18.00pt;\" height=\"18\">Geschmack<\/td>\n<td class=\"et3\" style=\"width: 189.95pt;\" width=\"189\">S\u00fc\u00df &amp; sauer &amp; widerstandsf\u00e4hig<\/td>\n<\/tr>\n<tr style=\"height: 17.60pt;\">\n<td class=\"et2\" style=\"height: 17.60pt;\" height=\"17\">Spezifikation<\/td>\n<td class=\"et2\">10gx30St\u00fcckx24Kartons<\/td>\n<\/tr>\n<tr style=\"height: 17.60pt;\">\n<td class=\"et2\" style=\"height: 17.60pt;\" height=\"17\">Gr\u00f6\u00dfe des Kartons<\/td>\n<td class=\"et2\">40,5*31,5*35cm<\/td>\n<\/tr>\n<tr style=\"height: 17.60pt;\">\n<td class=\"et2\" style=\"height: 17.60pt;\" height=\"17\">N.W.\/Karton<\/td>\n<td class=\"et2\">9.0kg<\/td>\n<\/tr>\n<tr style=\"height: 17.60pt;\">\n<td class=\"et2\" style=\"height: 17.60pt;\" height=\"17\">Preis<\/td>\n<td class=\"et2\">20.16USD<\/td>\n<\/tr>\n<tr style=\"height: 17.60pt;\">\n<td class=\"et2\" style=\"height: 17.60pt;\" height=\"17\">MOQ<\/td>\n<td class=\"et2\">500CTNS<\/td>\n<\/tr>\n<tr style=\"height: 17.60pt;\">\n<td class=\"et2\" style=\"height: 17.60pt;\" height=\"17\">Muster<\/td>\n<td class=\"et2\">Verf\u00fcgbar<\/td>\n<\/tr>\n<\/tbody>\n<\/table>","protected":false},"featured_media":1778,"comment_status":"open","ping_status":"closed","template":"","meta":{"_acf_changed":false},"product_brand":[],"product_cat":[19],"product_tag":[],"class_list":{"0":"post-1774","1":"product","2":"type-product","3":"status-publish","4":"has-post-thumbnail","6":"product_cat-wholesale-gummy-manufacturer","8":"first","9":"instock","10":"shipping-taxable","11":"product-type-simple"},"acf":[],"_links":{"self":[{"href":"https:\/\/www.lechaocandy.com\/de\/wp-json\/wp\/v2\/product\/1774","targetHints":{"allow":["GET"]}}],"collection":[{"href":"https:\/\/www.lechaocandy.com\/de\/wp-json\/wp\/v2\/product"}],"about":[{"href":"https:\/\/www.lechaocandy.com\/de\/wp-json\/wp\/v2\/types\/product"}],"replies":[{"embeddable":true,"href":"https:\/\/www.lechaocandy.com\/de\/wp-json\/wp\/v2\/comments?post=1774"}],"wp:featuredmedia":[{"embeddable":true,"href":"https:\/\/www.lechaocandy.com\/de\/wp-json\/wp\/v2\/media\/1778"}],"wp:attachment":[{"href":"https:\/\/www.lechaocandy.com\/de\/wp-json\/wp\/v2\/media?parent=1774"}],"wp:term":[{"taxonomy":"product_brand","embeddable":true,"href":"https:\/\/www.lechaocandy.com\/de\/wp-json\/wp\/v2\/product_brand?post=1774"},{"taxonomy":"product_cat","embeddable":true,"href":"https:\/\/www.lechaocandy.com\/de\/wp-json\/wp\/v2\/product_cat?post=1774"},{"taxonomy":"product_tag","embeddable":true,"href":"https:\/\/www.lechaocandy.com\/de\/wp-json\/wp\/v2\/product_tag?post=1774"}],"curies":[{"name":"wp","href":"https:\/\/api.w.org\/{rel}","templated":true}]}}