{"id":1780,"date":"2025-09-09T02:43:30","date_gmt":"2025-09-09T02:43:30","guid":{"rendered":"https:\/\/www.lechaocandy.com\/?post_type=product&#038;p=1780"},"modified":"2025-09-09T04:01:12","modified_gmt":"2025-09-09T04:01:12","slug":"wholesale-soft-candy","status":"publish","type":"product","link":"https:\/\/www.lechaocandy.com\/de\/produkt\/wholesale-soft-candy\/","title":{"rendered":"Fabrik Gro\u00dfhandel weiche S\u00fc\u00dfigkeiten, LeChao Bulk Gummifleisch"},"content":{"rendered":"<div class=\"wp-block-columns is-layout-flex wp-container-core-columns-is-layout-9d6595d7 wp-block-columns-is-layout-flex\"><div class=\"wp-block-column is-layout-flow wp-block-column-is-layout-flow\"><h2 class=\"wp-block-heading\">Produkt-Highlights von Gro\u00dfhandel Soft Candy<\/h2>\n\n<ul class=\"wp-block-list\"><li><strong>Kreative Fleischdesigns: <\/strong>Unsere Gro\u00dfhandelss\u00fc\u00dfigkeiten zeichnen sich durch verspielte Fleischdesigns aus, die die Monotonie traditioneller S\u00fc\u00dfigkeiten durchbrechen und die Aufmerksamkeit der Verbraucher auf sich ziehen, so dass sie besonders f\u00fcr junge Leute und Kinder geeignet sind.<\/li>\n\n<li><strong>Weiche Textur: <\/strong>Dieses lose Gummifleisch bietet eine weiche, zarte Textur mit einem befriedigenden Kaueffekt und befriedigt das Verlangen der Verbraucher nach Gummibonbons und bietet ein ultimatives Esserlebnis.<\/li>\n\n<li><strong>Reichhaltiger Fruchtgeschmack: <\/strong>Diese Gro\u00dfhandelsbonbons sind mit nat\u00fcrlichen Fruchtaromen angereichert und werden mit hochwertigen Zutaten hergestellt, um einen authentischen und reichhaltigen Geschmack zu gew\u00e4hrleisten.<\/li>\n\n<li><strong>Bulk-Gro\u00dfhandel: <\/strong>Mit unserem Angebot an Gummifleisch in loser Sch\u00fcttung bedienen wir Einzelh\u00e4ndler, Gro\u00dfh\u00e4ndler und Eventveranstalter und decken damit den Bedarf einer Vielzahl von M\u00e4rkten.<\/li>\n\n<li><strong>Geeignet f\u00fcr eine Vielzahl von Anl\u00e4ssen: <\/strong>Ob es sich um ein Familientreffen, eine Geburtstagsparty oder einen festlichen Anlass handelt, diese Gro\u00dfhandels-Softbonbons sind eine fr\u00f6hliche Erg\u00e4nzung zu jeder Gelegenheit und der perfekte Snack.<\/li><\/ul><\/div>\n\n<div class=\"wp-block-column is-layout-flow wp-block-column-is-layout-flow\"><figure class=\"wp-block-image size-full\"><img decoding=\"async\" width=\"750\" height=\"800\" src=\"https:\/\/www.lechaocandy.com\/wp-content\/uploads\/2025\/09\/Factory-Wholesale-Soft-Candy-LeChao-Bulk-Gummy-Meat-1.webp\" alt=\"Fabrik Gro\u00dfhandel Soft Candy, LeChao Bulk Gummy Meat-1\" class=\"wp-image-1787\" srcset=\"https:\/\/www.lechaocandy.com\/wp-content\/uploads\/2025\/09\/Factory-Wholesale-Soft-Candy-LeChao-Bulk-Gummy-Meat-1.webp 750w, https:\/\/www.lechaocandy.com\/wp-content\/uploads\/2025\/09\/Factory-Wholesale-Soft-Candy-LeChao-Bulk-Gummy-Meat-1-281x300.webp 281w, https:\/\/www.lechaocandy.com\/wp-content\/uploads\/2025\/09\/Factory-Wholesale-Soft-Candy-LeChao-Bulk-Gummy-Meat-1-11x12.webp 11w, https:\/\/www.lechaocandy.com\/wp-content\/uploads\/2025\/09\/Factory-Wholesale-Soft-Candy-LeChao-Bulk-Gummy-Meat-1-600x640.webp 600w\" sizes=\"(max-width: 750px) 100vw, 750px\" \/><\/figure><\/div><\/div>","protected":false},"excerpt":{"rendered":"<p>Willkommen im Gro\u00dfhandel weiche S\u00fc\u00dfigkeiten zu kaufen. LeChao's Gummifleisch bietet eine weiche Textur und einen lebendigen fruchtigen Geschmack. Jede S\u00fc\u00dfigkeit ist sorgf\u00e4ltig gefertigt und kreativ gestaltet, um eine Vielzahl von Einzel-und Gro\u00dfhandel Bed\u00fcrfnisse anzupassen.<\/p>\n<table style=\"border-collapse: collapse; width: 300.02pt;\" border=\"0\" width=\"300\" cellspacing=\"0\" cellpadding=\"0\">\n<tbody>\n<tr style=\"height: 17.60pt;\">\n<td class=\"et2\" style=\"height: 17.60pt; width: 110.80pt;\" width=\"110\" height=\"17\">Hersteller<\/td>\n<td class=\"et2\" style=\"width: 189.95pt;\" width=\"189\">LeChao Bonbons<\/td>\n<\/tr>\n<tr style=\"height: 18.00pt;\">\n<td class=\"et2\" style=\"height: 18.00pt;\" height=\"18\">Produkttyp<\/td>\n<td class=\"et3\" style=\"width: 189.95pt;\" width=\"189\">Schweinebauch-Gummibonbons<\/td>\n<\/tr>\n<tr style=\"height: 18.00pt;\">\n<td class=\"et2\" style=\"height: 18.00pt;\" height=\"18\">Geschmack<\/td>\n<td class=\"et3\" style=\"width: 189.95pt;\" width=\"189\">S\u00fc\u00df &amp; sauer &amp; widerstandsf\u00e4hig<\/td>\n<\/tr>\n<tr style=\"height: 17.60pt;\">\n<td class=\"et2\" style=\"height: 17.60pt;\" height=\"17\">Spezifikation<\/td>\n<td class=\"et2\">20gx20St\u00fcckx12Kartons<\/td>\n<\/tr>\n<tr style=\"height: 17.60pt;\">\n<td class=\"et2\" style=\"height: 17.60pt;\" height=\"17\">Gr\u00f6\u00dfe des Kartons<\/td>\n<td class=\"et2\">46*27*25cm<\/td>\n<\/tr>\n<tr style=\"height: 17.60pt;\">\n<td class=\"et2\" style=\"height: 17.60pt;\" height=\"17\">N.W.\/Karton<\/td>\n<td class=\"et2\">7.0kg<\/td>\n<\/tr>\n<tr style=\"height: 17.60pt;\">\n<td class=\"et2\" style=\"height: 17.60pt;\" height=\"17\">Preis<\/td>\n<td class=\"et2\">28.8USD<\/td>\n<\/tr>\n<tr style=\"height: 17.60pt;\">\n<td class=\"et2\" style=\"height: 17.60pt;\" height=\"17\">MOQ<\/td>\n<td class=\"et2\">500CTNS<\/td>\n<\/tr>\n<tr style=\"height: 17.60pt;\">\n<td class=\"et2\" style=\"height: 17.60pt;\" height=\"17\">Muster<\/td>\n<td class=\"et2\">Verf\u00fcgbar<\/td>\n<\/tr>\n<\/tbody>\n<\/table>","protected":false},"featured_media":1789,"comment_status":"open","ping_status":"closed","template":"","meta":{"_acf_changed":false},"product_brand":[],"product_cat":[19],"product_tag":[],"class_list":{"0":"post-1780","1":"product","2":"type-product","3":"status-publish","4":"has-post-thumbnail","6":"product_cat-wholesale-gummy-manufacturer","8":"first","9":"instock","10":"shipping-taxable","11":"product-type-simple"},"acf":[],"_links":{"self":[{"href":"https:\/\/www.lechaocandy.com\/de\/wp-json\/wp\/v2\/product\/1780","targetHints":{"allow":["GET"]}}],"collection":[{"href":"https:\/\/www.lechaocandy.com\/de\/wp-json\/wp\/v2\/product"}],"about":[{"href":"https:\/\/www.lechaocandy.com\/de\/wp-json\/wp\/v2\/types\/product"}],"replies":[{"embeddable":true,"href":"https:\/\/www.lechaocandy.com\/de\/wp-json\/wp\/v2\/comments?post=1780"}],"wp:featuredmedia":[{"embeddable":true,"href":"https:\/\/www.lechaocandy.com\/de\/wp-json\/wp\/v2\/media\/1789"}],"wp:attachment":[{"href":"https:\/\/www.lechaocandy.com\/de\/wp-json\/wp\/v2\/media?parent=1780"}],"wp:term":[{"taxonomy":"product_brand","embeddable":true,"href":"https:\/\/www.lechaocandy.com\/de\/wp-json\/wp\/v2\/product_brand?post=1780"},{"taxonomy":"product_cat","embeddable":true,"href":"https:\/\/www.lechaocandy.com\/de\/wp-json\/wp\/v2\/product_cat?post=1780"},{"taxonomy":"product_tag","embeddable":true,"href":"https:\/\/www.lechaocandy.com\/de\/wp-json\/wp\/v2\/product_tag?post=1780"}],"curies":[{"name":"wp","href":"https:\/\/api.w.org\/{rel}","templated":true}]}}