{"id":1781,"date":"2025-09-09T02:48:06","date_gmt":"2025-09-09T02:48:06","guid":{"rendered":"https:\/\/www.lechaocandy.com\/?post_type=product&#038;p=1781"},"modified":"2025-09-09T03:00:19","modified_gmt":"2025-09-09T03:00:19","slug":"halal-jelly-sweets-wholesale","status":"publish","type":"product","link":"https:\/\/www.lechaocandy.com\/de\/produkt\/halal-jelly-sweets-wholesale\/","title":{"rendered":"Halal Gelee S\u00fc\u00dfigkeiten Gro\u00dfhandel, LeChao Bulk Gummieis"},"content":{"rendered":"<div class=\"wp-block-columns is-layout-flex wp-container-core-columns-is-layout-9d6595d7 wp-block-columns-is-layout-flex\"><div class=\"wp-block-column is-layout-flow wp-block-column-is-layout-flow\"><h2 class=\"wp-block-heading\">Produkt-Highlights von Halal Gelee-Bonbons Gro\u00dfhandel<\/h2>\n\n<ul class=\"wp-block-list\"><li><strong>Halal-Zertifizierung: <\/strong>Diese gro\u00dfvolumigen Gummibonbons sind Halal-zertifiziert, wobei alle Zutaten streng nach den muslimischen Speisevorschriften hergestellt werden, so dass sie f\u00fcr alle Verbraucher geeignet sind.<\/li>\n\n<li><strong>Eiscreme-Designs:<\/strong> Diese Halal-Gelee-Bonbons f\u00fcr den Gro\u00dfhandel zeichnen sich durch innovative Eiscreme-Designs, leuchtende Farben und niedliche Formen aus und sprechen Verbraucher aller Altersgruppen an.<\/li>\n\n<li><strong>Reicher Geschmack: <\/strong>Unsere Halal-Gelee-Bonbons im Gro\u00dfhandel werden mit nat\u00fcrlichen S\u00e4ften und hochwertigen Zutaten hergestellt, was zu einem reichhaltigen Geschmack und einem hervorragenden Esserlebnis f\u00fchrt.<\/li>\n\n<li><strong>Optionen f\u00fcr den Gro\u00dfeinkauf:<\/strong> Wir bieten Gro\u00dfhandels- und Gro\u00dfeinkaufsdienstleistungen f\u00fcr unsere Gummibonbons in gro\u00dfen Mengen an, die ideal f\u00fcr Einzel- und Gro\u00dfh\u00e4ndler sind und den unterschiedlichen Marktbed\u00fcrfnissen entsprechen.<\/li>\n\n<li><strong>Verschiedene Verpackungsoptionen: <\/strong>Wir bieten eine Vielzahl von Verpackungsoptionen f\u00fcr unsere Halal-Gelee-Bonbons im Gro\u00dfhandel an, um verschiedenen Anl\u00e4ssen und Verkaufsanforderungen gerecht zu werden, die Lagerung und den Vertrieb zu erleichtern und die Verkaufsflexibilit\u00e4t zu erh\u00f6hen.<\/li><\/ul><\/div>\n\n<div class=\"wp-block-column is-layout-flow wp-block-column-is-layout-flow\"><figure class=\"wp-block-image size-full\"><img decoding=\"async\" width=\"800\" height=\"800\" src=\"https:\/\/www.lechaocandy.com\/wp-content\/uploads\/2025\/09\/Halal-Jelly-Sweets-Wholesale-LeChao-Bulk-Gummy-Ice-Cream-5.webp\" alt=\"Halal Gelee S\u00fc\u00dfigkeiten Gro\u00dfhandel, LeChao Bulk Gummieis-5\" class=\"wp-image-1786\" srcset=\"https:\/\/www.lechaocandy.com\/wp-content\/uploads\/2025\/09\/Halal-Jelly-Sweets-Wholesale-LeChao-Bulk-Gummy-Ice-Cream-5.webp 800w, https:\/\/www.lechaocandy.com\/wp-content\/uploads\/2025\/09\/Halal-Jelly-Sweets-Wholesale-LeChao-Bulk-Gummy-Ice-Cream-5-300x300.webp 300w, https:\/\/www.lechaocandy.com\/wp-content\/uploads\/2025\/09\/Halal-Jelly-Sweets-Wholesale-LeChao-Bulk-Gummy-Ice-Cream-5-150x150.webp 150w, https:\/\/www.lechaocandy.com\/wp-content\/uploads\/2025\/09\/Halal-Jelly-Sweets-Wholesale-LeChao-Bulk-Gummy-Ice-Cream-5-768x768.webp 768w, https:\/\/www.lechaocandy.com\/wp-content\/uploads\/2025\/09\/Halal-Jelly-Sweets-Wholesale-LeChao-Bulk-Gummy-Ice-Cream-5-12x12.webp 12w, https:\/\/www.lechaocandy.com\/wp-content\/uploads\/2025\/09\/Halal-Jelly-Sweets-Wholesale-LeChao-Bulk-Gummy-Ice-Cream-5-600x600.webp 600w, https:\/\/www.lechaocandy.com\/wp-content\/uploads\/2025\/09\/Halal-Jelly-Sweets-Wholesale-LeChao-Bulk-Gummy-Ice-Cream-5-100x100.webp 100w\" sizes=\"(max-width: 800px) 100vw, 800px\" \/><\/figure><\/div><\/div>","protected":false},"excerpt":{"rendered":"<p>Willkommen zum Kauf halal Gelee S\u00fc\u00dfigkeiten Gro\u00dfhandel. Unsere gro\u00dfvolumigen Gummibonbons sind wie Eiscreme geformt und zeichnen sich durch leuchtende Farben und reichhaltige Geschmacksrichtungen aus. Alle Produkte sind Halal-zertifiziert, um sicherzustellen, dass sie frei von unsicheren Zutaten und geeignet f\u00fcr alle Verbraucher sind.<\/p>\n<table style=\"border-collapse: collapse; width: 300.02pt;\" border=\"0\" width=\"300\" cellspacing=\"0\" cellpadding=\"0\">\n<tbody>\n<tr style=\"height: 17.60pt;\">\n<td class=\"et2\" style=\"height: 17.60pt; width: 110.80pt;\" width=\"110\" height=\"17\">Hersteller<\/td>\n<td class=\"et2\" style=\"width: 189.95pt;\" width=\"189\">LeChao Bonbons<\/td>\n<\/tr>\n<tr style=\"height: 18.00pt;\">\n<td class=\"et2\" style=\"height: 18.00pt;\" height=\"18\">Produkttyp<\/td>\n<td class=\"et3\" style=\"width: 189.95pt;\" width=\"189\"><span class=\"___SBox_epc1q-kmt_ ___SText_zko9t-kmt_\" data-ui-name=\"Link.Text\">Eiscreme Gummib\u00e4rchen<\/span><\/td>\n<\/tr>\n<tr style=\"height: 18.00pt;\">\n<td class=\"et2\" style=\"height: 18.00pt;\" height=\"18\">Geschmack<\/td>\n<td class=\"et3\" style=\"width: 189.95pt;\" width=\"189\">S\u00fc\u00df &amp; sauer &amp; widerstandsf\u00e4hig<\/td>\n<\/tr>\n<tr style=\"height: 17.60pt;\">\n<td class=\"et2\" style=\"height: 17.60pt;\" height=\"17\">Spezifikation<\/td>\n<td class=\"et2\">25gx24St\u00fcckx12Kartons<\/td>\n<\/tr>\n<tr style=\"height: 17.60pt;\">\n<td class=\"et2\" style=\"height: 17.60pt;\" height=\"17\">Gr\u00f6\u00dfe des Kartons<\/td>\n<td class=\"et2\">42.5x31x20cm<\/td>\n<\/tr>\n<tr style=\"height: 17.60pt;\">\n<td class=\"et2\" style=\"height: 17.60pt;\" height=\"17\">N.W.\/Karton<\/td>\n<td class=\"et2\">9,4 kg<\/td>\n<\/tr>\n<tr style=\"height: 17.60pt;\">\n<td class=\"et2\" style=\"height: 17.60pt;\" height=\"17\">Preis<\/td>\n<td class=\"et2\">19.6USD<\/td>\n<\/tr>\n<tr style=\"height: 17.60pt;\">\n<td class=\"et2\" style=\"height: 17.60pt;\" height=\"17\">MOQ<\/td>\n<td class=\"et2\">500CTNS<\/td>\n<\/tr>\n<tr style=\"height: 17.60pt;\">\n<td class=\"et2\" style=\"height: 17.60pt;\" height=\"17\">Muster<\/td>\n<td class=\"et2\">Verf\u00fcgbar<\/td>\n<\/tr>\n<\/tbody>\n<\/table>\n<p>&nbsp;<\/p>","protected":false},"featured_media":1783,"comment_status":"open","ping_status":"closed","template":"","meta":{"_acf_changed":false},"product_brand":[],"product_cat":[19],"product_tag":[],"class_list":{"0":"post-1781","1":"product","2":"type-product","3":"status-publish","4":"has-post-thumbnail","6":"product_cat-wholesale-gummy-manufacturer","8":"first","9":"instock","10":"shipping-taxable","11":"product-type-simple"},"acf":[],"_links":{"self":[{"href":"https:\/\/www.lechaocandy.com\/de\/wp-json\/wp\/v2\/product\/1781","targetHints":{"allow":["GET"]}}],"collection":[{"href":"https:\/\/www.lechaocandy.com\/de\/wp-json\/wp\/v2\/product"}],"about":[{"href":"https:\/\/www.lechaocandy.com\/de\/wp-json\/wp\/v2\/types\/product"}],"replies":[{"embeddable":true,"href":"https:\/\/www.lechaocandy.com\/de\/wp-json\/wp\/v2\/comments?post=1781"}],"wp:featuredmedia":[{"embeddable":true,"href":"https:\/\/www.lechaocandy.com\/de\/wp-json\/wp\/v2\/media\/1783"}],"wp:attachment":[{"href":"https:\/\/www.lechaocandy.com\/de\/wp-json\/wp\/v2\/media?parent=1781"}],"wp:term":[{"taxonomy":"product_brand","embeddable":true,"href":"https:\/\/www.lechaocandy.com\/de\/wp-json\/wp\/v2\/product_brand?post=1781"},{"taxonomy":"product_cat","embeddable":true,"href":"https:\/\/www.lechaocandy.com\/de\/wp-json\/wp\/v2\/product_cat?post=1781"},{"taxonomy":"product_tag","embeddable":true,"href":"https:\/\/www.lechaocandy.com\/de\/wp-json\/wp\/v2\/product_tag?post=1781"}],"curies":[{"name":"wp","href":"https:\/\/api.w.org\/{rel}","templated":true}]}}