{"id":1819,"date":"2025-09-18T09:09:33","date_gmt":"2025-09-18T09:09:33","guid":{"rendered":"https:\/\/www.lechaocandy.com\/?post_type=product&#038;p=1819"},"modified":"2025-09-18T09:14:35","modified_gmt":"2025-09-18T09:14:35","slug":"halal-gummy-candy-wholesale","status":"publish","type":"product","link":"https:\/\/www.lechaocandy.com\/de\/produkt\/halal-gummy-candy-wholesale\/","title":{"rendered":"Halal Gummibonbons Gro\u00dfhandel, Lippen- und Zungenform Gummis"},"content":{"rendered":"<div class=\"wp-block-columns is-layout-flex wp-container-core-columns-is-layout-9d6595d7 wp-block-columns-is-layout-flex\"><div class=\"wp-block-column is-layout-flow wp-block-column-is-layout-flow\"><h2 class=\"wp-block-heading\">Produkt-Highlights von Halal Gummibonbons Gro\u00dfhandel<\/h2>\n\n<ul class=\"wp-block-list\"><li><strong>Halal-zertifiziert:<\/strong> Diese losen Gummib\u00e4rchen entsprechen garantiert den Halal-Lebensmittelstandards und sind v\u00f6llig alkoholfrei, was sie f\u00fcr muslimische Verbraucher sicher macht.<\/li>\n\n<li><strong>Kreative Entw\u00fcrfe: <\/strong>Die lippen- und zungenf\u00f6rmigen Designs dieser Halal-Gummibonbons im Gro\u00dfhandel machen Spa\u00df und eignen sich perfekt f\u00fcr Partys, Feste oder Geschenke.<\/li>\n\n<li><strong>Reicher Geschmack: <\/strong>Unser Halal-Gummibonbon-Gro\u00dfhandel wird aus hochwertigen Fruchtzutaten hergestellt, was zu einer weichen, z\u00e4hen Textur f\u00fchrt, die s\u00fc\u00df, aber nicht s\u00fc\u00dflich ist und ein k\u00f6stliches Geschmackserlebnis bietet.<\/li>\n\n<li><strong>Vorteile f\u00fcr den Gro\u00dfhandel: <\/strong>Wir bieten Gummib\u00e4rchen in loser Sch\u00fcttung an und erf\u00fcllen damit die Bed\u00fcrfnisse von Einzelh\u00e4ndlern und Gro\u00dfabnehmern zu erschwinglichen Preisen und Vorzugspreisen f\u00fcr gr\u00f6\u00dfere Mengen.<\/li>\n\n<li><strong>Strenge Qualit\u00e4tskontrolle: <\/strong>Unser Halal-Gummibonbon-Gro\u00dfhandel unterliegt einer strengen Qualit\u00e4tskontrolle, um Lebensmittelsicherheit und Qualit\u00e4t zu gew\u00e4hrleisten, die den internationalen Standards entsprechen.<\/li><\/ul><\/div>\n\n<div class=\"wp-block-column is-layout-flow wp-block-column-is-layout-flow\"><figure class=\"wp-block-image size-full\"><img decoding=\"async\" width=\"800\" height=\"800\" src=\"https:\/\/www.lechaocandy.com\/wp-content\/uploads\/2025\/09\/Halal-Gummy-Candy-Wholesale-Lip-Tongue-Shape-Gummies-4.webp\" alt=\"Halal Gummibonbons Gro\u00dfhandel, Lippen &amp; Zunge Form Gummis-4\" class=\"wp-image-1823\" srcset=\"https:\/\/www.lechaocandy.com\/wp-content\/uploads\/2025\/09\/Halal-Gummy-Candy-Wholesale-Lip-Tongue-Shape-Gummies-4.webp 800w, https:\/\/www.lechaocandy.com\/wp-content\/uploads\/2025\/09\/Halal-Gummy-Candy-Wholesale-Lip-Tongue-Shape-Gummies-4-300x300.webp 300w, https:\/\/www.lechaocandy.com\/wp-content\/uploads\/2025\/09\/Halal-Gummy-Candy-Wholesale-Lip-Tongue-Shape-Gummies-4-150x150.webp 150w, https:\/\/www.lechaocandy.com\/wp-content\/uploads\/2025\/09\/Halal-Gummy-Candy-Wholesale-Lip-Tongue-Shape-Gummies-4-768x768.webp 768w, https:\/\/www.lechaocandy.com\/wp-content\/uploads\/2025\/09\/Halal-Gummy-Candy-Wholesale-Lip-Tongue-Shape-Gummies-4-12x12.webp 12w, https:\/\/www.lechaocandy.com\/wp-content\/uploads\/2025\/09\/Halal-Gummy-Candy-Wholesale-Lip-Tongue-Shape-Gummies-4-600x600.webp 600w, https:\/\/www.lechaocandy.com\/wp-content\/uploads\/2025\/09\/Halal-Gummy-Candy-Wholesale-Lip-Tongue-Shape-Gummies-4-100x100.webp 100w\" sizes=\"(max-width: 800px) 100vw, 800px\" \/><\/figure><\/div><\/div>","protected":false},"excerpt":{"rendered":"<p>Willkommen zum Kauf von Halal-Gummibonbons im Gro\u00dfhandel. Diese gro\u00dfvolumigen Gummibonbons haben ein lippen- und zungenf\u00f6rmiges Design, leuchtende Farben und reichhaltige Geschmacksrichtungen. Speziell f\u00fcr muslimische Verbraucher entwickelt, sind sie alkoholfrei und entsprechen den Halal-Lebensmittelstandards.<\/p>\n<table style=\"border-collapse: collapse; width: 300.02pt;\" border=\"0\" width=\"300\" cellspacing=\"0\" cellpadding=\"0\">\n<tbody>\n<tr style=\"height: 17.60pt;\">\n<td class=\"et2\" style=\"height: 17.60pt; width: 110.80pt;\" width=\"110\" height=\"17\">Hersteller<\/td>\n<td class=\"et2\" style=\"width: 189.95pt;\" width=\"189\">LeChao Bonbons<\/td>\n<\/tr>\n<tr style=\"height: 18.00pt;\">\n<td class=\"et2\" style=\"height: 18.00pt;\" height=\"18\">Produkttyp<\/td>\n<td class=\"et3\" style=\"width: 189.95pt;\" width=\"189\">Lippen- und Zungengummibonbons<\/td>\n<\/tr>\n<tr style=\"height: 18.00pt;\">\n<td class=\"et2\" style=\"height: 18.00pt;\" height=\"18\">Geschmack<\/td>\n<td class=\"et3\" style=\"width: 189.95pt;\" width=\"189\">S\u00fc\u00df &amp; sauer &amp; widerstandsf\u00e4hig<\/td>\n<\/tr>\n<tr style=\"height: 17.60pt;\">\n<td class=\"et2\" style=\"height: 17.60pt;\" height=\"17\">Spezifikation<\/td>\n<td class=\"et2\">15gx24St\u00fcckx12Kartons<\/td>\n<\/tr>\n<tr style=\"height: 17.60pt;\">\n<td class=\"et2\" style=\"height: 17.60pt;\" height=\"17\">Gr\u00f6\u00dfe des Kartons<\/td>\n<td class=\"et2\">34x25x27cm<\/td>\n<\/tr>\n<tr style=\"height: 17.60pt;\">\n<td class=\"et2\" style=\"height: 17.60pt;\" height=\"17\">N.W.\/Karton<\/td>\n<td class=\"et2\">7.0kg<\/td>\n<\/tr>\n<tr style=\"height: 17.60pt;\">\n<td class=\"et2\" style=\"height: 17.60pt;\" height=\"17\">Preis<\/td>\n<td class=\"et2\">20.16USD<\/td>\n<\/tr>\n<tr style=\"height: 17.60pt;\">\n<td class=\"et2\" style=\"height: 17.60pt;\" height=\"17\">MOQ<\/td>\n<td class=\"et2\">500CTNS<\/td>\n<\/tr>\n<tr style=\"height: 17.60pt;\">\n<td class=\"et2\" style=\"height: 17.60pt;\" height=\"17\">Muster<\/td>\n<td class=\"et2\">Verf\u00fcgbar<\/td>\n<\/tr>\n<\/tbody>\n<\/table>\n<p>&nbsp;<\/p>","protected":false},"featured_media":1820,"comment_status":"open","ping_status":"closed","template":"","meta":{"_acf_changed":false},"product_brand":[],"product_cat":[19],"product_tag":[],"class_list":{"0":"post-1819","1":"product","2":"type-product","3":"status-publish","4":"has-post-thumbnail","6":"product_cat-wholesale-gummy-manufacturer","8":"first","9":"instock","10":"shipping-taxable","11":"product-type-simple"},"acf":[],"_links":{"self":[{"href":"https:\/\/www.lechaocandy.com\/de\/wp-json\/wp\/v2\/product\/1819","targetHints":{"allow":["GET"]}}],"collection":[{"href":"https:\/\/www.lechaocandy.com\/de\/wp-json\/wp\/v2\/product"}],"about":[{"href":"https:\/\/www.lechaocandy.com\/de\/wp-json\/wp\/v2\/types\/product"}],"replies":[{"embeddable":true,"href":"https:\/\/www.lechaocandy.com\/de\/wp-json\/wp\/v2\/comments?post=1819"}],"wp:featuredmedia":[{"embeddable":true,"href":"https:\/\/www.lechaocandy.com\/de\/wp-json\/wp\/v2\/media\/1820"}],"wp:attachment":[{"href":"https:\/\/www.lechaocandy.com\/de\/wp-json\/wp\/v2\/media?parent=1819"}],"wp:term":[{"taxonomy":"product_brand","embeddable":true,"href":"https:\/\/www.lechaocandy.com\/de\/wp-json\/wp\/v2\/product_brand?post=1819"},{"taxonomy":"product_cat","embeddable":true,"href":"https:\/\/www.lechaocandy.com\/de\/wp-json\/wp\/v2\/product_cat?post=1819"},{"taxonomy":"product_tag","embeddable":true,"href":"https:\/\/www.lechaocandy.com\/de\/wp-json\/wp\/v2\/product_tag?post=1819"}],"curies":[{"name":"wp","href":"https:\/\/api.w.org\/{rel}","templated":true}]}}