{"id":1837,"date":"2025-09-22T07:55:46","date_gmt":"2025-09-22T07:55:46","guid":{"rendered":"https:\/\/www.lechaocandy.com\/?post_type=product&#038;p=1837"},"modified":"2025-09-22T08:15:43","modified_gmt":"2025-09-22T08:15:43","slug":"bulk-gummy-animals","status":"publish","type":"product","link":"https:\/\/www.lechaocandy.com\/de\/produkt\/bulk-gummy-animals\/","title":{"rendered":"LeChao Bulk-Gummi-Tiere, Tausendf\u00fc\u00dfler Gecko Krokodil Gummib\u00e4rchen"},"content":{"rendered":"<div class=\"wp-block-columns is-layout-flex wp-container-core-columns-is-layout-9d6595d7 wp-block-columns-is-layout-flex\"><div class=\"wp-block-column is-layout-flow wp-block-column-is-layout-flow\"><h2 class=\"wp-block-heading\">Produkt-Highlights von Bulk Gummib\u00e4rchen<\/h2>\n\n<ul class=\"wp-block-list\"><li><strong>Neuartige Designs ziehen die Verbraucher an: <\/strong>Mit exklusiven Designs von Tausendf\u00fc\u00dflern, Geckos, Krokodilen und anderen Gummibonbons mit Reptilienmotiven heben sich unsere Gro\u00dfpackungen von den traditionellen Tiermotiven ab und ziehen Kinder und junge Verbraucher in ihren Bann und regen sie zum Kauf an.<\/li>\n\n<li><strong>Nat\u00fcrliches Fruchtaroma und reine Zutaten:<\/strong> Diese Gummibonbons f\u00fcr den Gro\u00dfhandel verwenden nat\u00fcrliches Fruchtsaftaroma und essbare Gelatine, ohne k\u00fcnstliche Transfette, f\u00fcr einen sanften, s\u00fc\u00dfen und sauren Geschmack und bieten den Eltern ein beruhigendes Gef\u00fchl.<\/li>\n\n<li><strong>Optimierung der Kosten f\u00fcr Gro\u00dfverpackungen: <\/strong>Wir bieten 500g\/1kg-Industrieverpackungen und kundenspezifische Kleinverpackungen f\u00fcr diese gro\u00dfen Gummitiere an, was die Kosten pro St\u00fcck erheblich reduziert und sie f\u00fcr Superm\u00e4rkte, Freizeitparks und Gro\u00dfhandelskunden geeignet macht.<\/li>\n\n<li><strong>\u00c4u\u00dferst elastisch und kaubar: <\/strong>Unsere Gummibonbons f\u00fcr den Gro\u00dfhandel bieten eine z\u00e4he Textur, die flexibel und nicht klebrig ist und den reichhaltigen Fruchtsaftgeschmack f\u00fcr einen erh\u00f6hten Genuss beibeh\u00e4lt.<\/li>\n\n<li><strong>Vielf\u00e4ltige Anwendungsszenarien: <\/strong>Unsere gro\u00dfvolumigen Gummitiere eignen sich f\u00fcr Weihnachtsgeschenke, Belohnungsprogramme auf dem Campus, Snackpakete f\u00fcr Kinos und Werbeaktionen in Convenience Stores, wodurch sich die Verkaufsm\u00f6glichkeiten leicht erweitern lassen.<\/li><\/ul><\/div>\n\n<div class=\"wp-block-column is-layout-flow wp-block-column-is-layout-flow\"><figure class=\"wp-block-image size-full\"><img decoding=\"async\" width=\"800\" height=\"800\" src=\"https:\/\/www.lechaocandy.com\/wp-content\/uploads\/2025\/09\/LeChao-Bulk-Gummy-Animals-Centipede-Gecko-Crocodile-Gummy-5.webp\" alt=\"LeChao Bulk-Gummi-Tiere, Tausendf\u00fc\u00dfler Gecko Krokodil Gummy-5\" class=\"wp-image-1842\" srcset=\"https:\/\/www.lechaocandy.com\/wp-content\/uploads\/2025\/09\/LeChao-Bulk-Gummy-Animals-Centipede-Gecko-Crocodile-Gummy-5.webp 800w, https:\/\/www.lechaocandy.com\/wp-content\/uploads\/2025\/09\/LeChao-Bulk-Gummy-Animals-Centipede-Gecko-Crocodile-Gummy-5-300x300.webp 300w, https:\/\/www.lechaocandy.com\/wp-content\/uploads\/2025\/09\/LeChao-Bulk-Gummy-Animals-Centipede-Gecko-Crocodile-Gummy-5-150x150.webp 150w, https:\/\/www.lechaocandy.com\/wp-content\/uploads\/2025\/09\/LeChao-Bulk-Gummy-Animals-Centipede-Gecko-Crocodile-Gummy-5-768x768.webp 768w, https:\/\/www.lechaocandy.com\/wp-content\/uploads\/2025\/09\/LeChao-Bulk-Gummy-Animals-Centipede-Gecko-Crocodile-Gummy-5-12x12.webp 12w, https:\/\/www.lechaocandy.com\/wp-content\/uploads\/2025\/09\/LeChao-Bulk-Gummy-Animals-Centipede-Gecko-Crocodile-Gummy-5-600x600.webp 600w, https:\/\/www.lechaocandy.com\/wp-content\/uploads\/2025\/09\/LeChao-Bulk-Gummy-Animals-Centipede-Gecko-Crocodile-Gummy-5-100x100.webp 100w\" sizes=\"(max-width: 800px) 100vw, 800px\" \/><\/figure><\/div><\/div>","protected":false},"excerpt":{"rendered":"<p>Willkommen im Gro\u00dfhandel Gummibonbons zu bestellen. Unsere Bulk-Gummi-Tiere verf\u00fcgen \u00fcber kreative Insekten und Reptilien Designs, mit nat\u00fcrlichen Fruchtaromen und Gelatine, die Schaffung einer lustigen und k\u00f6stlichen Erfahrung.<\/p>\n<table style=\"border-collapse: collapse; width: 300.02pt;\" border=\"0\" width=\"300\" cellspacing=\"0\" cellpadding=\"0\">\n<tbody>\n<tr style=\"height: 17.60pt;\">\n<td class=\"et2\" style=\"height: 17.60pt; width: 110.80pt;\" width=\"110\" height=\"17\">Hersteller<\/td>\n<td class=\"et2\" style=\"width: 189.95pt;\" width=\"189\">LeChao Bonbons<\/td>\n<\/tr>\n<tr style=\"height: 18.00pt;\">\n<td class=\"et2\" style=\"height: 18.00pt;\" height=\"18\">Produkttyp<\/td>\n<td class=\"et3\" style=\"width: 189.95pt;\" width=\"189\">Gummib\u00e4rchen<\/td>\n<\/tr>\n<tr style=\"height: 18.00pt;\">\n<td class=\"et2\" style=\"height: 18.00pt;\" height=\"18\">Geschmack<\/td>\n<td class=\"et3\" style=\"width: 189.95pt;\" width=\"189\">S\u00fc\u00df &amp; sauer &amp; widerstandsf\u00e4hig<\/td>\n<\/tr>\n<tr style=\"height: 17.60pt;\">\n<td class=\"et2\" style=\"height: 17.60pt;\" height=\"17\">Spezifikation<\/td>\n<td class=\"et2\">20gx24St\u00fcckx12Kartons<\/td>\n<\/tr>\n<tr style=\"height: 17.60pt;\">\n<td class=\"et2\" style=\"height: 17.60pt;\" height=\"17\">Gr\u00f6\u00dfe des Kartons<\/td>\n<td class=\"et2\">42*25*25cm<\/td>\n<\/tr>\n<tr style=\"height: 17.60pt;\">\n<td class=\"et2\" style=\"height: 17.60pt;\" height=\"17\">N.W.\/Karton<\/td>\n<td class=\"et2\">8.0kg<\/td>\n<\/tr>\n<tr style=\"height: 17.60pt;\">\n<td class=\"et2\" style=\"height: 17.60pt;\" height=\"17\">Preis<\/td>\n<td class=\"et2\">20.16USD<\/td>\n<\/tr>\n<tr style=\"height: 17.60pt;\">\n<td class=\"et2\" style=\"height: 17.60pt;\" height=\"17\">MOQ<\/td>\n<td class=\"et2\">500CTNS<\/td>\n<\/tr>\n<tr style=\"height: 17.60pt;\">\n<td class=\"et2\" style=\"height: 17.60pt;\" height=\"17\">Muster<\/td>\n<td class=\"et2\">Verf\u00fcgbar<\/td>\n<\/tr>\n<\/tbody>\n<\/table>\n<p>&nbsp;<\/p>","protected":false},"featured_media":1841,"comment_status":"open","ping_status":"closed","template":"","meta":{"_acf_changed":false},"product_brand":[],"product_cat":[19],"product_tag":[],"class_list":{"0":"post-1837","1":"product","2":"type-product","3":"status-publish","4":"has-post-thumbnail","6":"product_cat-wholesale-gummy-manufacturer","8":"first","9":"instock","10":"shipping-taxable","11":"product-type-simple"},"acf":[],"_links":{"self":[{"href":"https:\/\/www.lechaocandy.com\/de\/wp-json\/wp\/v2\/product\/1837","targetHints":{"allow":["GET"]}}],"collection":[{"href":"https:\/\/www.lechaocandy.com\/de\/wp-json\/wp\/v2\/product"}],"about":[{"href":"https:\/\/www.lechaocandy.com\/de\/wp-json\/wp\/v2\/types\/product"}],"replies":[{"embeddable":true,"href":"https:\/\/www.lechaocandy.com\/de\/wp-json\/wp\/v2\/comments?post=1837"}],"wp:featuredmedia":[{"embeddable":true,"href":"https:\/\/www.lechaocandy.com\/de\/wp-json\/wp\/v2\/media\/1841"}],"wp:attachment":[{"href":"https:\/\/www.lechaocandy.com\/de\/wp-json\/wp\/v2\/media?parent=1837"}],"wp:term":[{"taxonomy":"product_brand","embeddable":true,"href":"https:\/\/www.lechaocandy.com\/de\/wp-json\/wp\/v2\/product_brand?post=1837"},{"taxonomy":"product_cat","embeddable":true,"href":"https:\/\/www.lechaocandy.com\/de\/wp-json\/wp\/v2\/product_cat?post=1837"},{"taxonomy":"product_tag","embeddable":true,"href":"https:\/\/www.lechaocandy.com\/de\/wp-json\/wp\/v2\/product_tag?post=1837"}],"curies":[{"name":"wp","href":"https:\/\/api.w.org\/{rel}","templated":true}]}}