{"id":1843,"date":"2025-09-22T08:17:58","date_gmt":"2025-09-22T08:17:58","guid":{"rendered":"https:\/\/www.lechaocandy.com\/?post_type=product&#038;p=1843"},"modified":"2025-09-22T08:27:34","modified_gmt":"2025-09-22T08:27:34","slug":"gummy-frogs-bulk","status":"publish","type":"product","link":"https:\/\/www.lechaocandy.com\/de\/produkt\/gummy-frogs-bulk\/","title":{"rendered":"LeChao Gummifr\u00f6sche Bulk, Gro\u00dfhandel s\u00fc\u00df und kaubar behandelt"},"content":{"rendered":"<div class=\"wp-block-columns is-layout-flex wp-container-core-columns-is-layout-9d6595d7 wp-block-columns-is-layout-flex\"><div class=\"wp-block-column is-layout-flow wp-block-column-is-layout-flow\"><h2 class=\"wp-block-heading\">Produkt-Highlights von Gummy Frogs Bulk<\/h2>\n\n<ul class=\"wp-block-list\"><li><strong>Lustiges Froschdesign:<\/strong> Diese liebenswerten, lebensechten Gummifr\u00f6sche sind detailgetreu und voller kindlicher Anziehungskraft und regen Kinder zum Sammeln und Teilen an.<\/li>\n\n<li><strong>Nat\u00fcrlicher Fruchtgeschmack und sichere Formel:<\/strong> Unsere Gummibonbons f\u00fcr den Gro\u00dfhandel sind mit nat\u00fcrlichem Fruchtsaft aromatisiert, enthalten keine k\u00fcnstlichen Transfette und sind FDA-zertifiziert, so dass Eltern mit gutem Gewissen kaufen k\u00f6nnen.<\/li>\n\n<li><strong>Ausgezeichnete kosteng\u00fcnstige Gro\u00dfverpackung: <\/strong>Wir bieten 500g\/1kg Industrieverpackungen und kundenspezifische Kleinverpackungen f\u00fcr unsere Gummifr\u00f6sche in loser Sch\u00fcttung an, wodurch die Kosten pro St\u00fcck um 30% gesenkt werden und sie f\u00fcr Gro\u00dfhandelskunden und Ladenketten geeignet sind.<\/li>\n\n<li><strong>Einzigartige, z\u00e4he Textur:<\/strong> Diese Gummibonbons f\u00fcr den Gro\u00dfhandel werden speziell hergestellt, um eine hochgradig z\u00e4he Textur zu erzeugen, was zu einer flexiblen, nicht klebrigen S\u00fc\u00dfigkeit mit einem lang anhaltenden s\u00fc\u00dfen und s\u00e4uerlichen Geschmack f\u00fchrt, der den Genuss steigert und zu Wiederholungsk\u00e4ufen f\u00fchrt. <\/li>\n\n<li><strong>Anpassungsf\u00e4higkeit an verschiedene Verbrauchsszenarien: <\/strong>Unsere Gummifr\u00f6sche in loser Sch\u00fcttung eignen sich hervorragend als Souvenirs f\u00fcr Geburtstagsfeiern, f\u00fcr Belohnungsprogramme in Klassenzimmern, f\u00fcr Snackshops in Vergn\u00fcgungsparks, f\u00fcr passende Kinopakete und f\u00fcr Urlaubsangebote.<\/li><\/ul><\/div>\n\n<div class=\"wp-block-column is-layout-flow wp-block-column-is-layout-flow\"><figure class=\"wp-block-image size-full\"><img decoding=\"async\" width=\"800\" height=\"800\" src=\"https:\/\/www.lechaocandy.com\/wp-content\/uploads\/2025\/09\/LeChao-Gummy-Frogs-Bulk-Wholesale-Sweet-and-Chewy-Treats-1.webp\" alt=\"LeChao Gummifr\u00f6sche Bulk, Gro\u00dfhandel s\u00fc\u00df und kaubar behandelt-1\" class=\"wp-image-1844\" srcset=\"https:\/\/www.lechaocandy.com\/wp-content\/uploads\/2025\/09\/LeChao-Gummy-Frogs-Bulk-Wholesale-Sweet-and-Chewy-Treats-1.webp 800w, https:\/\/www.lechaocandy.com\/wp-content\/uploads\/2025\/09\/LeChao-Gummy-Frogs-Bulk-Wholesale-Sweet-and-Chewy-Treats-1-300x300.webp 300w, https:\/\/www.lechaocandy.com\/wp-content\/uploads\/2025\/09\/LeChao-Gummy-Frogs-Bulk-Wholesale-Sweet-and-Chewy-Treats-1-150x150.webp 150w, https:\/\/www.lechaocandy.com\/wp-content\/uploads\/2025\/09\/LeChao-Gummy-Frogs-Bulk-Wholesale-Sweet-and-Chewy-Treats-1-768x768.webp 768w, https:\/\/www.lechaocandy.com\/wp-content\/uploads\/2025\/09\/LeChao-Gummy-Frogs-Bulk-Wholesale-Sweet-and-Chewy-Treats-1-12x12.webp 12w, https:\/\/www.lechaocandy.com\/wp-content\/uploads\/2025\/09\/LeChao-Gummy-Frogs-Bulk-Wholesale-Sweet-and-Chewy-Treats-1-600x600.webp 600w, https:\/\/www.lechaocandy.com\/wp-content\/uploads\/2025\/09\/LeChao-Gummy-Frogs-Bulk-Wholesale-Sweet-and-Chewy-Treats-1-100x100.webp 100w\" sizes=\"(max-width: 800px) 100vw, 800px\" \/><\/figure><\/div><\/div>","protected":false},"excerpt":{"rendered":"<p>Willkommen im Gro\u00dfhandel Gummibonbons bestellen. Unsere gummi Fr\u00f6sche Bulk-Funktion adorable Frosch Formen und eine nat\u00fcrliche Fruchtgeschmack Formel. Sie haben einen z\u00e4hen, s\u00e4uerlichen und fruchtigen Geschmack.<\/p>\n<table style=\"border-collapse: collapse; width: 300.02pt;\" border=\"0\" width=\"300\" cellspacing=\"0\" cellpadding=\"0\">\n<tbody>\n<tr style=\"height: 17.60pt;\">\n<td class=\"et2\" style=\"height: 17.60pt; width: 110.80pt;\" width=\"110\" height=\"17\">Hersteller<\/td>\n<td class=\"et2\" style=\"width: 189.95pt;\" width=\"189\">LeChao Bonbons<\/td>\n<\/tr>\n<tr style=\"height: 18.00pt;\">\n<td class=\"et2\" style=\"height: 18.00pt;\" height=\"18\">Produkttyp<\/td>\n<td class=\"et3\" style=\"width: 189.95pt;\" width=\"189\">Gummifr\u00f6sche<\/td>\n<\/tr>\n<tr style=\"height: 18.00pt;\">\n<td class=\"et2\" style=\"height: 18.00pt;\" height=\"18\">Geschmack<\/td>\n<td class=\"et3\" style=\"width: 189.95pt;\" width=\"189\">S\u00fc\u00df &amp; sauer &amp; widerstandsf\u00e4hig<\/td>\n<\/tr>\n<tr style=\"height: 17.60pt;\">\n<td class=\"et2\" style=\"height: 17.60pt;\" height=\"17\">Spezifikation<\/td>\n<td class=\"et2\">20gx24St\u00fcckx12Kartons<\/td>\n<\/tr>\n<tr style=\"height: 17.60pt;\">\n<td class=\"et2\" style=\"height: 17.60pt;\" height=\"17\">Gr\u00f6\u00dfe des Kartons<\/td>\n<td class=\"et2\">42*25*25cm<\/td>\n<\/tr>\n<tr style=\"height: 17.60pt;\">\n<td class=\"et2\" style=\"height: 17.60pt;\" height=\"17\">N.W.\/Karton<\/td>\n<td class=\"et2\">8.0kg<\/td>\n<\/tr>\n<tr style=\"height: 17.60pt;\">\n<td class=\"et2\" style=\"height: 17.60pt;\" height=\"17\">Preis<\/td>\n<td class=\"et2\">20.16USD<\/td>\n<\/tr>\n<tr style=\"height: 17.60pt;\">\n<td class=\"et2\" style=\"height: 17.60pt;\" height=\"17\">MOQ<\/td>\n<td class=\"et2\">500CTNS<\/td>\n<\/tr>\n<tr style=\"height: 17.60pt;\">\n<td class=\"et2\" style=\"height: 17.60pt;\" height=\"17\">Muster<\/td>\n<td class=\"et2\">Verf\u00fcgbar<\/td>\n<\/tr>\n<\/tbody>\n<\/table>\n<p>&nbsp;<\/p>","protected":false},"featured_media":1846,"comment_status":"open","ping_status":"closed","template":"","meta":{"_acf_changed":false},"product_brand":[],"product_cat":[19],"product_tag":[],"class_list":{"0":"post-1843","1":"product","2":"type-product","3":"status-publish","4":"has-post-thumbnail","6":"product_cat-wholesale-gummy-manufacturer","8":"first","9":"instock","10":"shipping-taxable","11":"product-type-simple"},"acf":[],"_links":{"self":[{"href":"https:\/\/www.lechaocandy.com\/de\/wp-json\/wp\/v2\/product\/1843","targetHints":{"allow":["GET"]}}],"collection":[{"href":"https:\/\/www.lechaocandy.com\/de\/wp-json\/wp\/v2\/product"}],"about":[{"href":"https:\/\/www.lechaocandy.com\/de\/wp-json\/wp\/v2\/types\/product"}],"replies":[{"embeddable":true,"href":"https:\/\/www.lechaocandy.com\/de\/wp-json\/wp\/v2\/comments?post=1843"}],"wp:featuredmedia":[{"embeddable":true,"href":"https:\/\/www.lechaocandy.com\/de\/wp-json\/wp\/v2\/media\/1846"}],"wp:attachment":[{"href":"https:\/\/www.lechaocandy.com\/de\/wp-json\/wp\/v2\/media?parent=1843"}],"wp:term":[{"taxonomy":"product_brand","embeddable":true,"href":"https:\/\/www.lechaocandy.com\/de\/wp-json\/wp\/v2\/product_brand?post=1843"},{"taxonomy":"product_cat","embeddable":true,"href":"https:\/\/www.lechaocandy.com\/de\/wp-json\/wp\/v2\/product_cat?post=1843"},{"taxonomy":"product_tag","embeddable":true,"href":"https:\/\/www.lechaocandy.com\/de\/wp-json\/wp\/v2\/product_tag?post=1843"}],"curies":[{"name":"wp","href":"https:\/\/api.w.org\/{rel}","templated":true}]}}