{"id":1849,"date":"2025-09-22T08:31:18","date_gmt":"2025-09-22T08:31:18","guid":{"rendered":"https:\/\/www.lechaocandy.com\/?post_type=product&#038;p=1849"},"modified":"2025-09-22T08:49:51","modified_gmt":"2025-09-22T08:49:51","slug":"wholesale-chewy-sweets","status":"publish","type":"product","link":"https:\/\/www.lechaocandy.com\/de\/produkt\/wholesale-chewy-sweets\/","title":{"rendered":"Gro\u00dfhandel Kaubonbons, LeChao Gummieidechse Bulk Supply"},"content":{"rendered":"<div class=\"wp-block-columns is-layout-flex wp-container-core-columns-is-layout-9d6595d7 wp-block-columns-is-layout-flex\"><div class=\"wp-block-column is-layout-flow wp-block-column-is-layout-flow\"><h2 class=\"wp-block-heading\">Produkt-Highlights des Gro\u00dfhandels Chewy Sweets<\/h2>\n\n<ul class=\"wp-block-list\"><li><strong>Lustiges Eidechsen-Design: <\/strong>Diese Kaubonbons f\u00fcr den Gro\u00dfhandel haben ein lebensechtes, liebenswertes Eidechsenmotiv mit lebendig wiedergegebenen Texturen, die ein spielerisches und fesselndes Erlebnis schaffen, das Kinder zum Sammeln und Teilen anregt.<\/li>\n\n<li><strong>Nat\u00fcrlicher Fruchtgeschmack und sichere Formel:<\/strong> Unsere gro\u00dfen Gummiechsen sind mit nat\u00fcrlichem Fruchtsaft aromatisiert, enthalten keine k\u00fcnstlichen Transfette und sind FDA-zertifiziert, so dass Eltern mit gutem Gewissen einkaufen k\u00f6nnen.<\/li>\n\n<li><strong>Ausgezeichnete Gro\u00dfverpackung: <\/strong>Wir bieten 500g\/1kg Industrieverpackungen und kundenspezifische Kleinverpackungen f\u00fcr unsere Kaubonbons f\u00fcr den Gro\u00dfhandel an, die die Kosten pro St\u00fcck um 30% senken und somit ideal f\u00fcr Gro\u00dfh\u00e4ndler und Handelsketten sind.<\/li>\n\n<li><strong>Einzigartiger, k\u00e4siger Geschmack: <\/strong>Diese gro\u00dfvolumigen Gummiechsen sind flexibel und nicht klebrig und haben einen lang anhaltenden s\u00fc\u00df-sauren Geschmack, der den Genuss erh\u00f6ht und zu Wiederholungsk\u00e4ufen f\u00fchrt.<\/li>\n\n<li><strong>Anpassungsf\u00e4higkeit an verschiedene Verbrauchsszenarien: <\/strong>Unsere Kaubonbons f\u00fcr den Gro\u00dfhandel eignen sich hervorragend f\u00fcr Geburtstagsgeschenke, Belohnungsprogramme in Klassenzimmern, Snackshops in Vergn\u00fcgungsparks, Kinopaket-Kombinationen und Urlaubsaktionen.<\/li><\/ul><\/div>\n\n<div class=\"wp-block-column is-layout-flow wp-block-column-is-layout-flow\"><figure class=\"wp-block-image size-full\"><img decoding=\"async\" width=\"800\" height=\"800\" src=\"https:\/\/www.lechaocandy.com\/wp-content\/uploads\/2025\/09\/Wholesale-Chewy-Sweets-LeChao-Gummy-Lizard-Bulk-Supply-3.webp\" alt=\"Gro\u00dfhandel Chewy S\u00fc\u00dfigkeiten, LeChao Gummy Lizard Bulk Supply-3\" class=\"wp-image-1852\" srcset=\"https:\/\/www.lechaocandy.com\/wp-content\/uploads\/2025\/09\/Wholesale-Chewy-Sweets-LeChao-Gummy-Lizard-Bulk-Supply-3.webp 800w, https:\/\/www.lechaocandy.com\/wp-content\/uploads\/2025\/09\/Wholesale-Chewy-Sweets-LeChao-Gummy-Lizard-Bulk-Supply-3-300x300.webp 300w, https:\/\/www.lechaocandy.com\/wp-content\/uploads\/2025\/09\/Wholesale-Chewy-Sweets-LeChao-Gummy-Lizard-Bulk-Supply-3-150x150.webp 150w, https:\/\/www.lechaocandy.com\/wp-content\/uploads\/2025\/09\/Wholesale-Chewy-Sweets-LeChao-Gummy-Lizard-Bulk-Supply-3-768x768.webp 768w, https:\/\/www.lechaocandy.com\/wp-content\/uploads\/2025\/09\/Wholesale-Chewy-Sweets-LeChao-Gummy-Lizard-Bulk-Supply-3-12x12.webp 12w, https:\/\/www.lechaocandy.com\/wp-content\/uploads\/2025\/09\/Wholesale-Chewy-Sweets-LeChao-Gummy-Lizard-Bulk-Supply-3-600x600.webp 600w, https:\/\/www.lechaocandy.com\/wp-content\/uploads\/2025\/09\/Wholesale-Chewy-Sweets-LeChao-Gummy-Lizard-Bulk-Supply-3-100x100.webp 100w\" sizes=\"(max-width: 800px) 100vw, 800px\" \/><\/figure><\/div><\/div>","protected":false},"excerpt":{"rendered":"<p>Willkommen im Gro\u00dfhandel Kaubonbons bestellen. LeChao's bulk gummy Eidechsen verf\u00fcgen \u00fcber authentische und lustige Designs. Hergestellt mit einem nat\u00fcrlichen Fruchtgeschmack Formel und essbare Gelatine, haben sie eine kaubare Textur und eine reiche, s\u00fc\u00df und sauer fruchtigen Geschmack.<\/p>\n<table style=\"border-collapse: collapse; width: 300.02pt;\" border=\"0\" width=\"300\" cellspacing=\"0\" cellpadding=\"0\">\n<tbody>\n<tr style=\"height: 17.60pt;\">\n<td class=\"et2\" style=\"height: 17.60pt; width: 110.80pt;\" width=\"110\" height=\"17\">Hersteller<\/td>\n<td class=\"et2\" style=\"width: 189.95pt;\" width=\"189\">LeChao Bonbons<\/td>\n<\/tr>\n<tr style=\"height: 18.00pt;\">\n<td class=\"et2\" style=\"height: 18.00pt;\" height=\"18\">Produkttyp<\/td>\n<td class=\"et3\" style=\"width: 189.95pt;\" width=\"189\">Gummib\u00e4rchen<\/td>\n<\/tr>\n<tr style=\"height: 18.00pt;\">\n<td class=\"et2\" style=\"height: 18.00pt;\" height=\"18\">Geschmack<\/td>\n<td class=\"et3\" style=\"width: 189.95pt;\" width=\"189\">S\u00fc\u00df &amp; sauer &amp; widerstandsf\u00e4hig<\/td>\n<\/tr>\n<tr style=\"height: 17.60pt;\">\n<td class=\"et2\" style=\"height: 17.60pt;\" height=\"17\">Spezifikation<\/td>\n<td class=\"et2\">15g*30St\u00fcck*12Kartons<\/td>\n<\/tr>\n<tr style=\"height: 17.60pt;\">\n<td class=\"et2\" style=\"height: 17.60pt;\" height=\"17\">Gr\u00f6\u00dfe des Kartons<\/td>\n<td class=\"et2\">43*25*31cm<\/td>\n<\/tr>\n<tr style=\"height: 17.60pt;\">\n<td class=\"et2\" style=\"height: 17.60pt;\" height=\"17\">N.W.\/Karton<\/td>\n<td class=\"et2\">7.0kg<\/td>\n<\/tr>\n<tr style=\"height: 17.60pt;\">\n<td class=\"et2\" style=\"height: 17.60pt;\" height=\"17\">Preis<\/td>\n<td class=\"et2\">20.16USD<\/td>\n<\/tr>\n<tr style=\"height: 17.60pt;\">\n<td class=\"et2\" style=\"height: 17.60pt;\" height=\"17\">MOQ<\/td>\n<td class=\"et2\">500CTNS<\/td>\n<\/tr>\n<tr style=\"height: 17.60pt;\">\n<td class=\"et2\" style=\"height: 17.60pt;\" height=\"17\">Muster<\/td>\n<td class=\"et2\">Verf\u00fcgbar<\/td>\n<\/tr>\n<\/tbody>\n<\/table>\n<p>&nbsp;<\/p>","protected":false},"featured_media":1850,"comment_status":"open","ping_status":"closed","template":"","meta":{"_acf_changed":false},"product_brand":[],"product_cat":[19],"product_tag":[],"class_list":{"0":"post-1849","1":"product","2":"type-product","3":"status-publish","4":"has-post-thumbnail","6":"product_cat-wholesale-gummy-manufacturer","8":"first","9":"instock","10":"shipping-taxable","11":"product-type-simple"},"acf":[],"_links":{"self":[{"href":"https:\/\/www.lechaocandy.com\/de\/wp-json\/wp\/v2\/product\/1849","targetHints":{"allow":["GET"]}}],"collection":[{"href":"https:\/\/www.lechaocandy.com\/de\/wp-json\/wp\/v2\/product"}],"about":[{"href":"https:\/\/www.lechaocandy.com\/de\/wp-json\/wp\/v2\/types\/product"}],"replies":[{"embeddable":true,"href":"https:\/\/www.lechaocandy.com\/de\/wp-json\/wp\/v2\/comments?post=1849"}],"wp:featuredmedia":[{"embeddable":true,"href":"https:\/\/www.lechaocandy.com\/de\/wp-json\/wp\/v2\/media\/1850"}],"wp:attachment":[{"href":"https:\/\/www.lechaocandy.com\/de\/wp-json\/wp\/v2\/media?parent=1849"}],"wp:term":[{"taxonomy":"product_brand","embeddable":true,"href":"https:\/\/www.lechaocandy.com\/de\/wp-json\/wp\/v2\/product_brand?post=1849"},{"taxonomy":"product_cat","embeddable":true,"href":"https:\/\/www.lechaocandy.com\/de\/wp-json\/wp\/v2\/product_cat?post=1849"},{"taxonomy":"product_tag","embeddable":true,"href":"https:\/\/www.lechaocandy.com\/de\/wp-json\/wp\/v2\/product_tag?post=1849"}],"curies":[{"name":"wp","href":"https:\/\/api.w.org\/{rel}","templated":true}]}}