{"id":1855,"date":"2025-09-22T08:59:44","date_gmt":"2025-09-22T08:59:44","guid":{"rendered":"https:\/\/www.lechaocandy.com\/?post_type=product&#038;p=1855"},"modified":"2026-04-09T02:22:23","modified_gmt":"2026-04-09T02:22:23","slug":"halloween-gummies-bulk","status":"publish","type":"product","link":"https:\/\/www.lechaocandy.com\/de\/produkt\/halloween-gummies-bulk\/","title":{"rendered":"LeChao Halloween Gummies Bulk, Gro\u00dfhandel Gummy K\u00f6rperteile"},"content":{"rendered":"<div class=\"wp-block-columns is-layout-flex wp-container-core-columns-is-layout-9d6595d7 wp-block-columns-is-layout-flex\"><div class=\"wp-block-column is-layout-flow wp-block-column-is-layout-flow\"><h2 class=\"wp-block-heading\">Produkt-Highlights von Halloween Gummies Bulk<\/h2>\n\n<ul class=\"wp-block-list\"><li><strong>Design zum Thema Horror: <\/strong>Diese Halloween-Gummis bilden die Details menschlicher K\u00f6rperteile (Ohren, Finger, Gehirn und Z\u00e4hne) detailgetreu nach und schaffen so ein kreatives und aufregendes Erlebnis, das die Atmosph\u00e4re auf Halloween-Partys verbessert und f\u00fcr Begeisterung sorgt.<\/li>\n\n<li><strong>Nat\u00fcrlicher Fruchtgeschmack und sichere Formel: <\/strong>Unsere Gro\u00dfhandelsgummibonbons sind mit nat\u00fcrlichem Fruchtsaft aromatisiert, enthalten keine k\u00fcnstlichen Transfette und sind frei von Konservierungsstoffen. Sie sind zertifiziert lebensmittelecht, so dass Eltern mit Vertrauen kaufen k\u00f6nnen.<\/li>\n\n<li><strong>Gro\u00dfverpackung und Kostenoptimierung: <\/strong>Wir bieten 500g\/1kg Industrieverpackungen und individuelle Feiertagsverpackungen f\u00fcr unsere Halloween-Gummis an, die die Kosten pro St\u00fcck erheblich senken und ideal f\u00fcr Gro\u00dfhandelskunden und Feiertagsaktionen sind.<\/li>\n\n<li><strong>Einzigartiger, k\u00e4siger Geschmack: <\/strong>Diese Gummibonbons f\u00fcr den Gro\u00dfhandel sind biegsam und z\u00e4h, mit einem lang anhaltenden s\u00fc\u00df-sauren Geschmack, der den Genuss erh\u00f6ht und zu Wiederholungsk\u00e4ufen f\u00fchrt.<\/li>\n\n<li><strong>Anwendbarkeit auf mehreren Schaupl\u00e4tzen: <\/strong>Diese Halloween-Gummis eignen sich hervorragend f\u00fcr Halloween-Party-Geschenke, Horror-Aktivit\u00e4ten in der Schule, Snack-Shops in Themenparks, Kino-Horrorfilm-Pakete und Urlaubspromotionen.<\/li><\/ul><\/div>\n\n<div class=\"wp-block-column is-layout-flow wp-block-column-is-layout-flow\"><figure class=\"wp-block-image size-full\"><img decoding=\"async\" width=\"800\" height=\"800\" src=\"https:\/\/www.lechaocandy.com\/wp-content\/uploads\/2025\/09\/LeChao-Halloween-Gummies-Bulk-Wholesale-Gummy-Body-Parts-3.webp\" alt=\"LeChao Halloween Gummies Bulk, Gro\u00dfhandel Gummy K\u00f6rperteile-3\" class=\"wp-image-1858\" srcset=\"https:\/\/www.lechaocandy.com\/wp-content\/uploads\/2025\/09\/LeChao-Halloween-Gummies-Bulk-Wholesale-Gummy-Body-Parts-3.webp 800w, https:\/\/www.lechaocandy.com\/wp-content\/uploads\/2025\/09\/LeChao-Halloween-Gummies-Bulk-Wholesale-Gummy-Body-Parts-3-300x300.webp 300w, https:\/\/www.lechaocandy.com\/wp-content\/uploads\/2025\/09\/LeChao-Halloween-Gummies-Bulk-Wholesale-Gummy-Body-Parts-3-150x150.webp 150w, https:\/\/www.lechaocandy.com\/wp-content\/uploads\/2025\/09\/LeChao-Halloween-Gummies-Bulk-Wholesale-Gummy-Body-Parts-3-768x768.webp 768w, https:\/\/www.lechaocandy.com\/wp-content\/uploads\/2025\/09\/LeChao-Halloween-Gummies-Bulk-Wholesale-Gummy-Body-Parts-3-12x12.webp 12w, https:\/\/www.lechaocandy.com\/wp-content\/uploads\/2025\/09\/LeChao-Halloween-Gummies-Bulk-Wholesale-Gummy-Body-Parts-3-600x600.webp 600w, https:\/\/www.lechaocandy.com\/wp-content\/uploads\/2025\/09\/LeChao-Halloween-Gummies-Bulk-Wholesale-Gummy-Body-Parts-3-100x100.webp 100w\" sizes=\"(max-width: 800px) 100vw, 800px\" \/><\/figure><\/div><\/div>","protected":false},"excerpt":{"rendered":"<p>Willkommen im Gro\u00dfhandel Gummibonbons zu bestellen. Die Halloween-Gummis von LeChao sind mit realistischen menschlichen K\u00f6rperteilen (Ohren, Finger, Gehirn und Z\u00e4hne) ausgestattet und eignen sich perfekt f\u00fcr Halloween-Partys, Veranstaltungen mit Horrorthemen und kreative Naschereien.<\/p>\n<table style=\"border-collapse: collapse; width: 300.02pt;\" border=\"0\" width=\"300\" cellspacing=\"0\" cellpadding=\"0\">\n<tbody>\n<tr style=\"height: 17.60pt;\">\n<td class=\"et2\" style=\"height: 17.60pt; width: 110.80pt;\" width=\"110\" height=\"17\">Hersteller<\/td>\n<td class=\"et2\" style=\"width: 189.95pt;\" width=\"189\">LeChao Bonbons<\/td>\n<\/tr>\n<tr style=\"height: 18.00pt;\">\n<td class=\"et2\" style=\"height: 18.00pt;\" height=\"18\">Produkttyp<\/td>\n<td class=\"et3\" style=\"width: 189.95pt;\" width=\"189\">K\u00f6rperteil Gummibonbon<\/td>\n<\/tr>\n<tr style=\"height: 18.00pt;\">\n<td class=\"et2\" style=\"height: 18.00pt;\" height=\"18\">Geschmack<\/td>\n<td class=\"et3\" style=\"width: 189.95pt;\" width=\"189\">S\u00fc\u00df &amp; sauer &amp; widerstandsf\u00e4hig<\/td>\n<\/tr>\n<tr style=\"height: 17.60pt;\">\n<td class=\"et2\" style=\"height: 17.60pt;\" height=\"17\">Spezifikation<\/td>\n<td class=\"et2\">25gx12csx20Kartons<\/td>\n<\/tr>\n<tr style=\"height: 17.60pt;\">\n<td class=\"et2\" style=\"height: 17.60pt;\" height=\"17\">Gr\u00f6\u00dfe des Kartons<\/td>\n<td class=\"et2\">53*26*32cm<\/td>\n<\/tr>\n<tr style=\"height: 17.60pt;\">\n<td class=\"et2\" style=\"height: 17.60pt;\" height=\"17\">N.W.\/Karton<\/td>\n<td class=\"et2\">8.0kg<\/td>\n<\/tr>\n<tr style=\"height: 17.60pt;\">\n<td class=\"et2\" style=\"height: 17.60pt;\" height=\"17\">Preis<\/td>\n<td class=\"et2\">28.8USD<\/td>\n<\/tr>\n<tr style=\"height: 17.60pt;\">\n<td class=\"et2\" style=\"height: 17.60pt;\" height=\"17\">MOQ<\/td>\n<td class=\"et2\">500CTNS<\/td>\n<\/tr>\n<tr style=\"height: 17.60pt;\">\n<td class=\"et2\" style=\"height: 17.60pt;\" height=\"17\">Muster<\/td>\n<td class=\"et2\">Verf\u00fcgbar<\/td>\n<\/tr>\n<\/tbody>\n<\/table>\n<p>&nbsp;<\/p>","protected":false},"featured_media":1863,"comment_status":"open","ping_status":"closed","template":"","meta":{"_acf_changed":false},"product_brand":[],"product_cat":[19],"product_tag":[41],"class_list":{"0":"post-1855","1":"product","2":"type-product","3":"status-publish","4":"has-post-thumbnail","6":"product_cat-wholesale-gummy-manufacturer","7":"product_tag-wholesale-halloween-gummies","9":"first","10":"instock","11":"shipping-taxable","12":"product-type-simple"},"acf":[],"_links":{"self":[{"href":"https:\/\/www.lechaocandy.com\/de\/wp-json\/wp\/v2\/product\/1855","targetHints":{"allow":["GET"]}}],"collection":[{"href":"https:\/\/www.lechaocandy.com\/de\/wp-json\/wp\/v2\/product"}],"about":[{"href":"https:\/\/www.lechaocandy.com\/de\/wp-json\/wp\/v2\/types\/product"}],"replies":[{"embeddable":true,"href":"https:\/\/www.lechaocandy.com\/de\/wp-json\/wp\/v2\/comments?post=1855"}],"wp:featuredmedia":[{"embeddable":true,"href":"https:\/\/www.lechaocandy.com\/de\/wp-json\/wp\/v2\/media\/1863"}],"wp:attachment":[{"href":"https:\/\/www.lechaocandy.com\/de\/wp-json\/wp\/v2\/media?parent=1855"}],"wp:term":[{"taxonomy":"product_brand","embeddable":true,"href":"https:\/\/www.lechaocandy.com\/de\/wp-json\/wp\/v2\/product_brand?post=1855"},{"taxonomy":"product_cat","embeddable":true,"href":"https:\/\/www.lechaocandy.com\/de\/wp-json\/wp\/v2\/product_cat?post=1855"},{"taxonomy":"product_tag","embeddable":true,"href":"https:\/\/www.lechaocandy.com\/de\/wp-json\/wp\/v2\/product_tag?post=1855"}],"curies":[{"name":"wp","href":"https:\/\/api.w.org\/{rel}","templated":true}]}}