{"id":1885,"date":"2025-09-30T07:53:55","date_gmt":"2025-09-30T07:53:55","guid":{"rendered":"https:\/\/www.lechaocandy.com\/?post_type=product&#038;p=1885"},"modified":"2025-09-30T08:43:22","modified_gmt":"2025-09-30T08:43:22","slug":"watch-gummy-candy-wholesale","status":"publish","type":"product","link":"https:\/\/www.lechaocandy.com\/de\/produkt\/watch-gummy-candy-wholesale\/","title":{"rendered":"LeChao Watch Gummibonbons Gro\u00dfhandel, Playful Gummies Bulk"},"content":{"rendered":"<div class=\"wp-block-columns is-layout-flex wp-container-core-columns-is-layout-9d6595d7 wp-block-columns-is-layout-flex\"><div class=\"wp-block-column is-layout-flow wp-block-column-is-layout-flow\"><h2 class=\"wp-block-heading\">Produkt-Highlights der Uhr Gummibonbons Gro\u00dfhandel<\/h2>\n\n<ul class=\"wp-block-list\"><li><strong>Lustige Designs, Blickfang<\/strong> - Diese einzigartigen und bezaubernden Uhren-Gummibonbons im Gro\u00dfhandel sind ein echter Blickfang und ziehen sofort die Aufmerksamkeit der Kinder auf sich, was sie zum Kaufen und Probieren anregt.<\/li>\n\n<li><strong>Sichere Inhaltsstoffe, sicher im Verzehr<\/strong> - Unsere Gummib\u00e4rchen in loser Sch\u00fcttung werden mit lebensmittelkonformen Zutaten hergestellt und haben eine weiche und kaubare Konsistenz, so dass Eltern sie mit gutem Gewissen kaufen und ihre Kinder sie unbesorgt genie\u00dfen k\u00f6nnen.<\/li>\n\n<li><strong>Party Sharing, Social Perfect<\/strong> - Unsere Uhren-Gummibonbons eignen sich perfekt f\u00fcr Geburtstagsfeiern, Urlaubsfeiern, Klassenbelohnungen und vieles mehr. Die gro\u00dfe Verpackung erm\u00f6glicht ein einfaches Teilen und f\u00f6rdert Interaktion und Spa\u00df.<\/li>\n\n<li><strong>Gro\u00dfhandelspreise, hoher Wert<\/strong> - Unsere Gummibonbons in loser Sch\u00fcttung bieten erhebliche Preisvorteile, so dass sie f\u00fcr S\u00fc\u00dfwarengesch\u00e4fte, Superm\u00e4rkte, Online-H\u00e4ndler und andere Kan\u00e4le geeignet sind und betr\u00e4chtliche Gewinnspannen bieten.<\/li>\n\n<li><strong>K\u00f6stlich und gesund, geschmacksintensiv<\/strong> - Unsere Uhr Gummibonbons Gro\u00dfhandel kommt in verschiedenen Geschmacksrichtungen von Obst, k\u00f6stlich s\u00fc\u00df und sauer ohne klebrige Chaos in den Z\u00e4hnen, bietet eine k\u00f6stliche Leckerei und spielerische Erg\u00e4nzung zum t\u00e4glichen Naschen!<\/li><\/ul><\/div>\n\n<div class=\"wp-block-column is-layout-flow wp-block-column-is-layout-flow\"><figure class=\"wp-block-image size-full\"><img decoding=\"async\" width=\"800\" height=\"800\" src=\"https:\/\/www.lechaocandy.com\/wp-content\/uploads\/2025\/09\/LeChao-Watch-Gummy-Candy-Wholesale-Playful-Gummies-Bulk-4.webp\" alt=\"LeChao Uhr Gummibonbons Gro\u00dfhandel, spielerische Gummis Bulk-4\" class=\"wp-image-1889\" srcset=\"https:\/\/www.lechaocandy.com\/wp-content\/uploads\/2025\/09\/LeChao-Watch-Gummy-Candy-Wholesale-Playful-Gummies-Bulk-4.webp 800w, https:\/\/www.lechaocandy.com\/wp-content\/uploads\/2025\/09\/LeChao-Watch-Gummy-Candy-Wholesale-Playful-Gummies-Bulk-4-300x300.webp 300w, https:\/\/www.lechaocandy.com\/wp-content\/uploads\/2025\/09\/LeChao-Watch-Gummy-Candy-Wholesale-Playful-Gummies-Bulk-4-150x150.webp 150w, https:\/\/www.lechaocandy.com\/wp-content\/uploads\/2025\/09\/LeChao-Watch-Gummy-Candy-Wholesale-Playful-Gummies-Bulk-4-768x768.webp 768w, https:\/\/www.lechaocandy.com\/wp-content\/uploads\/2025\/09\/LeChao-Watch-Gummy-Candy-Wholesale-Playful-Gummies-Bulk-4-12x12.webp 12w, https:\/\/www.lechaocandy.com\/wp-content\/uploads\/2025\/09\/LeChao-Watch-Gummy-Candy-Wholesale-Playful-Gummies-Bulk-4-600x600.webp 600w, https:\/\/www.lechaocandy.com\/wp-content\/uploads\/2025\/09\/LeChao-Watch-Gummy-Candy-Wholesale-Playful-Gummies-Bulk-4-100x100.webp 100w\" sizes=\"(max-width: 800px) 100vw, 800px\" \/><\/figure><\/div><\/div>","protected":false},"excerpt":{"rendered":"<p>Willkommen bei spielerischen Gummis in der Masse zu kaufen. LeChao's chewy Uhr Gummibonbons Gro\u00dfhandel ist eine kreative und Spa\u00df S\u00fc\u00dfigkeiten mit lebendigen Farben, unterst\u00fctzen schnelle Lieferung.<\/p>\n<table style=\"border-collapse: collapse; width: 300.02pt;\" border=\"0\" width=\"300\" cellspacing=\"0\" cellpadding=\"0\">\n<tbody>\n<tr style=\"height: 17.60pt;\">\n<td class=\"et2\" style=\"height: 17.60pt; width: 110.80pt;\" width=\"110\" height=\"17\">Hersteller<\/td>\n<td class=\"et2\" style=\"width: 189.95pt;\" width=\"189\">LeChao Bonbons<\/td>\n<\/tr>\n<tr style=\"height: 18.00pt;\">\n<td class=\"et2\" style=\"height: 18.00pt;\" height=\"18\">Produkttyp<\/td>\n<td class=\"et3\" style=\"width: 189.95pt;\" width=\"189\">Uhr Gummibonbons<\/td>\n<\/tr>\n<tr style=\"height: 18.00pt;\">\n<td class=\"et2\" style=\"height: 18.00pt;\" height=\"18\">Geschmack<\/td>\n<td class=\"et3\" style=\"width: 189.95pt;\" width=\"189\">S\u00fc\u00df &amp; sauer &amp; widerstandsf\u00e4hig<\/td>\n<\/tr>\n<tr style=\"height: 17.60pt;\">\n<td class=\"et2\" style=\"height: 17.60pt;\" height=\"17\">Spezifikation<\/td>\n<td class=\"et2\">20gx12pcsx24bpxes<\/td>\n<\/tr>\n<tr style=\"height: 17.60pt;\">\n<td class=\"et2\" style=\"height: 17.60pt;\" height=\"17\">Gr\u00f6\u00dfe des Kartons<\/td>\n<td class=\"et2\">46*29*31.5cm<\/td>\n<\/tr>\n<tr style=\"height: 17.60pt;\">\n<td class=\"et2\" style=\"height: 17.60pt;\" height=\"17\">N.W.\/Karton<\/td>\n<td class=\"et2\">9.0kg<\/td>\n<\/tr>\n<tr style=\"height: 17.60pt;\">\n<td class=\"et2\" style=\"height: 17.60pt;\" height=\"17\">Preis<\/td>\n<td class=\"et2\">19.6USD<\/td>\n<\/tr>\n<tr style=\"height: 17.60pt;\">\n<td class=\"et2\" style=\"height: 17.60pt;\" height=\"17\">MOQ<\/td>\n<td class=\"et2\">500CTNS<\/td>\n<\/tr>\n<tr style=\"height: 17.60pt;\">\n<td class=\"et2\" style=\"height: 17.60pt;\" height=\"17\">Muster<\/td>\n<td class=\"et2\">Verf\u00fcgbar<\/td>\n<\/tr>\n<\/tbody>\n<\/table>\n<p>&nbsp;<\/p>\n<p>&nbsp;<\/p>","protected":false},"featured_media":1888,"comment_status":"open","ping_status":"closed","template":"","meta":{"_acf_changed":false},"product_brand":[],"product_cat":[19],"product_tag":[],"class_list":{"0":"post-1885","1":"product","2":"type-product","3":"status-publish","4":"has-post-thumbnail","6":"product_cat-wholesale-gummy-manufacturer","8":"first","9":"instock","10":"shipping-taxable","11":"product-type-simple"},"acf":[],"_links":{"self":[{"href":"https:\/\/www.lechaocandy.com\/de\/wp-json\/wp\/v2\/product\/1885","targetHints":{"allow":["GET"]}}],"collection":[{"href":"https:\/\/www.lechaocandy.com\/de\/wp-json\/wp\/v2\/product"}],"about":[{"href":"https:\/\/www.lechaocandy.com\/de\/wp-json\/wp\/v2\/types\/product"}],"replies":[{"embeddable":true,"href":"https:\/\/www.lechaocandy.com\/de\/wp-json\/wp\/v2\/comments?post=1885"}],"wp:featuredmedia":[{"embeddable":true,"href":"https:\/\/www.lechaocandy.com\/de\/wp-json\/wp\/v2\/media\/1888"}],"wp:attachment":[{"href":"https:\/\/www.lechaocandy.com\/de\/wp-json\/wp\/v2\/media?parent=1885"}],"wp:term":[{"taxonomy":"product_brand","embeddable":true,"href":"https:\/\/www.lechaocandy.com\/de\/wp-json\/wp\/v2\/product_brand?post=1885"},{"taxonomy":"product_cat","embeddable":true,"href":"https:\/\/www.lechaocandy.com\/de\/wp-json\/wp\/v2\/product_cat?post=1885"},{"taxonomy":"product_tag","embeddable":true,"href":"https:\/\/www.lechaocandy.com\/de\/wp-json\/wp\/v2\/product_tag?post=1885"}],"curies":[{"name":"wp","href":"https:\/\/api.w.org\/{rel}","templated":true}]}}