{"id":1890,"date":"2025-09-30T08:43:45","date_gmt":"2025-09-30T08:43:45","guid":{"rendered":"https:\/\/www.lechaocandy.com\/?post_type=product&#038;p=1890"},"modified":"2026-04-09T02:30:30","modified_gmt":"2026-04-09T02:30:30","slug":"soft-sweets-in-bulk","status":"publish","type":"product","link":"https:\/\/www.lechaocandy.com\/de\/produkt\/soft-sweets-in-bulk\/","title":{"rendered":"LeChao weiche S\u00fc\u00dfigkeiten in Bulk, 3D-Gummi-Totenk\u00f6pfe S\u00fc\u00dfigkeiten Gro\u00dfhandel"},"content":{"rendered":"<div class=\"wp-block-columns is-layout-flex wp-container-core-columns-is-layout-9d6595d7 wp-block-columns-is-layout-flex\"><div class=\"wp-block-column is-layout-flow wp-block-column-is-layout-flow\"><h2 class=\"wp-block-heading\">Produkt-Highlights von Soft Sweets In Bulk<\/h2>\n\n<ul class=\"wp-block-list\"><li><strong>Coole 3D-Designs regen zur Diskussion an<\/strong> - Diese weichen Bonbons in loser Sch\u00fcttung verf\u00fcgen \u00fcber komplizierte dreidimensionale Sch\u00e4deldesigns mit realistischen Details und einem coolen, einzigartigen Look, der sofort die Aufmerksamkeit auf sich zieht und auf Partys und in den sozialen Medien leicht zum Blickfang wird.<\/li>\n\n<li><strong>Mehrere erfrischend-fruchtige Geschmacksrichtungen f\u00fcr einen reichen Geschmack <\/strong>- Unsere 3D-Gummi-Sch\u00e4del-Bonbons f\u00fcr den Gro\u00dfhandel sind in verschiedenen beliebten Fruchtgeschmacksrichtungen erh\u00e4ltlich und bieten eine s\u00fc\u00df-saure Mischung mit einer z\u00e4hen, nicht klebrigen Textur f\u00fcr einen lang anhaltenden, k\u00f6stlichen Genuss.<\/li>\n\n<li><strong>Ein Must-Have f\u00fcr Themenpartys, geeignet f\u00fcr eine Vielzahl von Anl\u00e4ssen <\/strong>- Diese 3D-Totenkopf-Softbonbons in gro\u00dfen Mengen eignen sich perfekt f\u00fcr eine Vielzahl von thematischen Anl\u00e4ssen, darunter Halloween, Gothic- und Rockpartys. Sie dienen sowohl als dekorativer Snack als auch als interaktives Werkzeug, um die Atmosph\u00e4re zu verbessern. <\/li>\n\n<li><strong>Ausgezeichnete Gro\u00dfhandelspreise und hohe Gewinnspannen <\/strong>- Unsere 3D-Gummi-Sch\u00e4del-Bonbons f\u00fcr den Gro\u00dfhandel bieten ein hervorragendes Preis-Leistungs-Verh\u00e4ltnis und eignen sich perfekt f\u00fcr S\u00fc\u00dfwarenh\u00e4ndler, Themenrestaurants, Online-Shops und Offline-Einzelh\u00e4ndler, da sie eine sorgenfreie Lagerhaltung und erhebliche Gewinnspannen gew\u00e4hrleisten.<\/li>\n\n<li><strong>Sicher und qualitativ hochwertig, mit einem zufriedenstellenden Kaueffekt <\/strong>- Unsere weichen Bonbons in loser Sch\u00fcttung werden aus vorschriftsm\u00e4\u00dfigen Zutaten hergestellt, was zu einer weichen und dennoch kaubaren Textur f\u00fchrt, die Sicherheit und Gesundheit gew\u00e4hrleistet und gleichzeitig f\u00fcr ein befriedigendes Esserlebnis sorgt.<\/li><\/ul><\/div>\n\n<div class=\"wp-block-column is-layout-flow wp-block-column-is-layout-flow\"><figure class=\"wp-block-image size-full\"><img decoding=\"async\" width=\"641\" height=\"498\" src=\"https:\/\/www.lechaocandy.com\/wp-content\/uploads\/2025\/09\/LeChao-Soft-Sweets-In-Bulk-3D-Gummy-Skulls-Candy-Wholesale-4.webp\" alt=\"LeChao weiche Bonbons in Bulk, 3D Gummisch\u00e4del S\u00fc\u00dfigkeiten Gro\u00dfhandel-4\" class=\"wp-image-1894\" srcset=\"https:\/\/www.lechaocandy.com\/wp-content\/uploads\/2025\/09\/LeChao-Soft-Sweets-In-Bulk-3D-Gummy-Skulls-Candy-Wholesale-4.webp 641w, https:\/\/www.lechaocandy.com\/wp-content\/uploads\/2025\/09\/LeChao-Soft-Sweets-In-Bulk-3D-Gummy-Skulls-Candy-Wholesale-4-300x233.webp 300w, https:\/\/www.lechaocandy.com\/wp-content\/uploads\/2025\/09\/LeChao-Soft-Sweets-In-Bulk-3D-Gummy-Skulls-Candy-Wholesale-4-15x12.webp 15w, https:\/\/www.lechaocandy.com\/wp-content\/uploads\/2025\/09\/LeChao-Soft-Sweets-In-Bulk-3D-Gummy-Skulls-Candy-Wholesale-4-600x466.webp 600w\" sizes=\"(max-width: 641px) 100vw, 641px\" \/><\/figure><\/div><\/div>","protected":false},"excerpt":{"rendered":"<p>Willkommen zum Kauf weicher S\u00fc\u00dfigkeiten in gro\u00dfen Mengen. LeChao Gro\u00dfhandel 3D gummi Sch\u00e4del Bonbons, mit ihren coolen, dreidimensionalen Designs und bunten fruchtigen Geschmacksrichtungen, neu zu definieren Spa\u00df Snacks und sind die perfekte Wahl f\u00fcr die Aufwertung Ihrer Produktlinie.<\/p>\n<table width=\"300\">\n<tbody>\n<tr>\n<td width=\"110\">Hersteller<\/td>\n<td width=\"189\">LeChao Bonbons<\/td>\n<\/tr>\n<tr>\n<td>Produkttyp<\/td>\n<td width=\"189\">3D-Sch\u00e4del-Gummi\u00a0<\/td>\n<\/tr>\n<tr>\n<td>Geschmack<\/td>\n<td width=\"189\">S\u00fc\u00df &amp; sauer &amp; widerstandsf\u00e4hig<\/td>\n<\/tr>\n<tr>\n<td>Spezifikation<\/td>\n<td>22gX20TaschenX12K\u00e4sten<\/td>\n<\/tr>\n<tr>\n<td>Gr\u00f6\u00dfe des Kartons<\/td>\n<td>39.5X31.5X31cm<\/td>\n<\/tr>\n<tr>\n<td>N.W.\/Karton<\/td>\n<td>7,2 kg<\/td>\n<\/tr>\n<tr>\n<td>Preis<\/td>\n<td>0,1-0,12USD<\/td>\n<\/tr>\n<tr>\n<td>MOQ<\/td>\n<td>800CTNS<\/td>\n<\/tr>\n<tr>\n<td>Muster<\/td>\n<td>Verf\u00fcgbar<\/td>\n<\/tr>\n<\/tbody>\n<\/table>\n<p>&nbsp;<\/p>\n<p>&nbsp;<\/p>","protected":false},"featured_media":1893,"comment_status":"open","ping_status":"closed","template":"","meta":{"_acf_changed":false},"product_brand":[],"product_cat":[24,19],"product_tag":[41],"class_list":{"0":"post-1890","1":"product","2":"type-product","3":"status-publish","4":"has-post-thumbnail","6":"product_cat-3d-gummy-candy-manufacturer","7":"product_cat-wholesale-gummy-manufacturer","8":"product_tag-wholesale-halloween-gummies","10":"first","11":"instock","12":"shipping-taxable","13":"product-type-simple"},"acf":[],"_links":{"self":[{"href":"https:\/\/www.lechaocandy.com\/de\/wp-json\/wp\/v2\/product\/1890","targetHints":{"allow":["GET"]}}],"collection":[{"href":"https:\/\/www.lechaocandy.com\/de\/wp-json\/wp\/v2\/product"}],"about":[{"href":"https:\/\/www.lechaocandy.com\/de\/wp-json\/wp\/v2\/types\/product"}],"replies":[{"embeddable":true,"href":"https:\/\/www.lechaocandy.com\/de\/wp-json\/wp\/v2\/comments?post=1890"}],"wp:featuredmedia":[{"embeddable":true,"href":"https:\/\/www.lechaocandy.com\/de\/wp-json\/wp\/v2\/media\/1893"}],"wp:attachment":[{"href":"https:\/\/www.lechaocandy.com\/de\/wp-json\/wp\/v2\/media?parent=1890"}],"wp:term":[{"taxonomy":"product_brand","embeddable":true,"href":"https:\/\/www.lechaocandy.com\/de\/wp-json\/wp\/v2\/product_brand?post=1890"},{"taxonomy":"product_cat","embeddable":true,"href":"https:\/\/www.lechaocandy.com\/de\/wp-json\/wp\/v2\/product_cat?post=1890"},{"taxonomy":"product_tag","embeddable":true,"href":"https:\/\/www.lechaocandy.com\/de\/wp-json\/wp\/v2\/product_tag?post=1890"}],"curies":[{"name":"wp","href":"https:\/\/api.w.org\/{rel}","templated":true}]}}