{"id":1895,"date":"2025-09-30T09:16:12","date_gmt":"2025-09-30T09:16:12","guid":{"rendered":"https:\/\/www.lechaocandy.com\/?post_type=product&#038;p=1895"},"modified":"2025-09-30T09:32:18","modified_gmt":"2025-09-30T09:32:18","slug":"wholesale-gummy-candies","status":"publish","type":"product","link":"https:\/\/www.lechaocandy.com\/de\/produkt\/wholesale-gummy-candies\/","title":{"rendered":"Gro\u00dfhandel Gummibonbons, Cola, Burger, Pommes frites Gummis"},"content":{"rendered":"<div class=\"wp-block-columns is-layout-flex wp-container-core-columns-is-layout-9d6595d7 wp-block-columns-is-layout-flex\"><div class=\"wp-block-column is-layout-flow wp-block-column-is-layout-flow\"><h2 class=\"wp-block-heading\">Produkt-Highlights des Gro\u00dfhandels Gummibonbons<\/h2>\n\n<ul class=\"wp-block-list\"><li><strong>Kreative und lustige Designs<\/strong> - Diese Gummibonbons f\u00fcr den Gro\u00dfhandel sind klassischen Fast-Food-Motiven wie Burgern, Cola und Pommes frites detailgetreu nachempfunden. Diese bezaubernden, realistischen Formen machen Spa\u00df beim Spielen und Teilen, was sie zu einem leichten Verkaufsargument f\u00fcr Kinder und junge Verbraucher macht.<\/li>\n\n<li><strong>Klassische Geschmacksrichtungen, vielf\u00e4ltige Gen\u00fcsse<\/strong> - Diese gro\u00dfvolumigen Gummis sind in verschiedenen Geschmacksrichtungen erh\u00e4ltlich, wie z. B. simulierte Cola, Erdbeerburger und verkohlte Pommes frites, die eine breite Palette von Geschmacksvorlieben befriedigen und ein reichhaltiges und ansprechendes Geschmackserlebnis bieten.<\/li>\n\n<li><strong>Vielf\u00e4ltig einsetzbar, effektiver Traffic-Generator<\/strong> - Unsere Gro\u00dfhandels-Gummibonbons eignen sich perfekt f\u00fcr Fast-Food-Mottopartys, Geburtstagsfeiern, Schulveranstaltungen und als beliebte Online-Snack-Displays, die effektiv Aufmerksamkeit erregen und zum Kauf anregen.<\/li>\n\n<li><strong>Bulk-Verpackung<\/strong> - Wir bieten wettbewerbsf\u00e4hige Gro\u00dfhandelspreise f\u00fcr lose Gummibonbons an, so dass sie von Einzelh\u00e4ndlern und E-Commerce-Kan\u00e4len leicht verkauft und mit Werbeaktionen kombiniert werden k\u00f6nnen, was zu erheblichen Gewinnspannen f\u00fchrt. <\/li>\n\n<li><strong>Sicher und flexibel, mit s\u00fcchtig machender, kaubarer Textur<\/strong> - Diese Gro\u00dfhandelsgummibonbons werden mit legalen Zutaten hergestellt, haben eine weiche und kaubare Textur, kleben nicht an den Z\u00e4hnen und haben einen gro\u00dfartigen Geschmack, der sicherstellt, dass jedes Bonbon lecker und sicher ist.<\/li><\/ul><\/div>\n\n<div class=\"wp-block-column is-layout-flow wp-block-column-is-layout-flow\"><figure class=\"wp-block-image size-full\"><img decoding=\"async\" width=\"800\" height=\"800\" src=\"https:\/\/www.lechaocandy.com\/wp-content\/uploads\/2025\/09\/Wholesale-Gummy-Candies-Cola-Burger-French-Fries-Gummies-2.webp\" alt=\"Gro\u00dfhandel Gummibonbons, Cola, Burger, Pommes frites Gummies-2\" class=\"wp-image-1897\" srcset=\"https:\/\/www.lechaocandy.com\/wp-content\/uploads\/2025\/09\/Wholesale-Gummy-Candies-Cola-Burger-French-Fries-Gummies-2.webp 800w, https:\/\/www.lechaocandy.com\/wp-content\/uploads\/2025\/09\/Wholesale-Gummy-Candies-Cola-Burger-French-Fries-Gummies-2-300x300.webp 300w, https:\/\/www.lechaocandy.com\/wp-content\/uploads\/2025\/09\/Wholesale-Gummy-Candies-Cola-Burger-French-Fries-Gummies-2-150x150.webp 150w, https:\/\/www.lechaocandy.com\/wp-content\/uploads\/2025\/09\/Wholesale-Gummy-Candies-Cola-Burger-French-Fries-Gummies-2-768x768.webp 768w, https:\/\/www.lechaocandy.com\/wp-content\/uploads\/2025\/09\/Wholesale-Gummy-Candies-Cola-Burger-French-Fries-Gummies-2-12x12.webp 12w, https:\/\/www.lechaocandy.com\/wp-content\/uploads\/2025\/09\/Wholesale-Gummy-Candies-Cola-Burger-French-Fries-Gummies-2-600x600.webp 600w, https:\/\/www.lechaocandy.com\/wp-content\/uploads\/2025\/09\/Wholesale-Gummy-Candies-Cola-Burger-French-Fries-Gummies-2-100x100.webp 100w\" sizes=\"(max-width: 800px) 100vw, 800px\" \/><\/figure><\/div><\/div>","protected":false},"excerpt":{"rendered":"<p>Willkommen zum Kauf Gro\u00dfhandel Gummibonbons. Unsere Cola-, Burger- und Pommes-Gummis sind authentisch gestaltet und machen Spa\u00df, mit einer s\u00fc\u00df-sauren Kautextur. Sie sind perfekt f\u00fcr Themenpartys, Imbissbuden und Kindergeschenke.<\/p>\n<table style=\"border-collapse: collapse; width: 300.02pt;\" border=\"0\" width=\"300\" cellspacing=\"0\" cellpadding=\"0\">\n<tbody>\n<tr style=\"height: 17.60pt;\">\n<td class=\"et2\" style=\"height: 17.60pt; width: 110.80pt;\" width=\"110\" height=\"17\">Hersteller<\/td>\n<td class=\"et2\" style=\"width: 189.95pt;\" width=\"189\">LeChao Bonbons<\/td>\n<\/tr>\n<tr style=\"height: 36.00pt;\">\n<td class=\"et2\" style=\"height: 36.00pt;\" height=\"36\">Produkttyp<\/td>\n<td class=\"et3\" style=\"width: 189.95pt;\" width=\"189\">Cola, Burger, Pommes Frites Gummib\u00e4rchen<\/td>\n<\/tr>\n<tr style=\"height: 18.00pt;\">\n<td class=\"et2\" style=\"height: 18.00pt;\" height=\"18\">Geschmack<\/td>\n<td class=\"et3\" style=\"width: 189.95pt;\" width=\"189\">S\u00fc\u00df &amp; sauer &amp; widerstandsf\u00e4hig<\/td>\n<\/tr>\n<tr style=\"height: 17.60pt;\">\n<td class=\"et2\" style=\"height: 17.60pt;\" height=\"17\">Spezifikation<\/td>\n<td class=\"et2\">15gx24St\u00fcckx12Kartons<\/td>\n<\/tr>\n<tr style=\"height: 17.60pt;\">\n<td class=\"et2\" style=\"height: 17.60pt;\" height=\"17\">Gr\u00f6\u00dfe des Kartons<\/td>\n<td class=\"et2\">39*29*26.6cm<\/td>\n<\/tr>\n<tr style=\"height: 17.60pt;\">\n<td class=\"et2\" style=\"height: 17.60pt;\" height=\"17\">N.W.\/Karton<\/td>\n<td class=\"et2\">7.0kg<\/td>\n<\/tr>\n<tr style=\"height: 17.60pt;\">\n<td class=\"et2\" style=\"height: 17.60pt;\" height=\"17\">Preis<\/td>\n<td class=\"et2\">19.6USD<\/td>\n<\/tr>\n<tr style=\"height: 17.60pt;\">\n<td class=\"et2\" style=\"height: 17.60pt;\" height=\"17\">MOQ<\/td>\n<td class=\"et2\">500CTNS<\/td>\n<\/tr>\n<tr style=\"height: 17.60pt;\">\n<td class=\"et2\" style=\"height: 17.60pt;\" height=\"17\">Muster<\/td>\n<td class=\"et2\">Verf\u00fcgbar<\/td>\n<\/tr>\n<\/tbody>\n<\/table>\n<p>&nbsp;<\/p>\n<p>&nbsp;<\/p>","protected":false},"featured_media":1898,"comment_status":"open","ping_status":"closed","template":"","meta":{"_acf_changed":false},"product_brand":[],"product_cat":[19],"product_tag":[],"class_list":{"0":"post-1895","1":"product","2":"type-product","3":"status-publish","4":"has-post-thumbnail","6":"product_cat-wholesale-gummy-manufacturer","8":"first","9":"instock","10":"shipping-taxable","11":"product-type-simple"},"acf":[],"_links":{"self":[{"href":"https:\/\/www.lechaocandy.com\/de\/wp-json\/wp\/v2\/product\/1895","targetHints":{"allow":["GET"]}}],"collection":[{"href":"https:\/\/www.lechaocandy.com\/de\/wp-json\/wp\/v2\/product"}],"about":[{"href":"https:\/\/www.lechaocandy.com\/de\/wp-json\/wp\/v2\/types\/product"}],"replies":[{"embeddable":true,"href":"https:\/\/www.lechaocandy.com\/de\/wp-json\/wp\/v2\/comments?post=1895"}],"wp:featuredmedia":[{"embeddable":true,"href":"https:\/\/www.lechaocandy.com\/de\/wp-json\/wp\/v2\/media\/1898"}],"wp:attachment":[{"href":"https:\/\/www.lechaocandy.com\/de\/wp-json\/wp\/v2\/media?parent=1895"}],"wp:term":[{"taxonomy":"product_brand","embeddable":true,"href":"https:\/\/www.lechaocandy.com\/de\/wp-json\/wp\/v2\/product_brand?post=1895"},{"taxonomy":"product_cat","embeddable":true,"href":"https:\/\/www.lechaocandy.com\/de\/wp-json\/wp\/v2\/product_cat?post=1895"},{"taxonomy":"product_tag","embeddable":true,"href":"https:\/\/www.lechaocandy.com\/de\/wp-json\/wp\/v2\/product_tag?post=1895"}],"curies":[{"name":"wp","href":"https:\/\/api.w.org\/{rel}","templated":true}]}}