{"id":1912,"date":"2025-10-07T06:11:23","date_gmt":"2025-10-07T06:11:23","guid":{"rendered":"https:\/\/www.lechaocandy.com\/?post_type=product&#038;p=1912"},"modified":"2026-03-30T09:07:20","modified_gmt":"2026-03-30T09:07:20","slug":"wholesale-gummy-rabbit","status":"publish","type":"product","link":"https:\/\/www.lechaocandy.com\/de\/produkt\/wholesale-gummy-rabbit\/","title":{"rendered":"LeChao Gro\u00dfhandel Gummibonbons Kaninchen &amp; Karotte, Halal Gummibonbons"},"content":{"rendered":"<div class=\"wp-block-columns is-layout-flex wp-container-core-columns-is-layout-9d6595d7 wp-block-columns-is-layout-flex\"><div class=\"wp-block-column is-layout-flow wp-block-column-is-layout-flow\"><h2 class=\"wp-block-heading\">Produkt-Highlights des Gro\u00dfhandels Gummib\u00e4rchen Kaninchen &amp; Karotte<\/h2>\n\n<ul class=\"wp-block-list\"><li><strong>Kreativ und ansprechend gestaltet:<\/strong> Unsere Gro\u00dfhandels-Gummihasen und Karotten sind charmant und machen Spa\u00df in Weihnachtsgeschenkboxen, auf Partys oder als Snacks f\u00fcr Kinder.<\/li>\n\n<li><strong>Einzeln verpackt mit einer Gabel f\u00fcr zus\u00e4tzliche Hygiene und Bequemlichkeit: <\/strong>Diese gro\u00dfen Gummibonbons sind einzeln verpackt und werden mit einer Gabel geliefert, was Hygiene und Bequemlichkeit f\u00fcr unterwegs, auf Reisen oder zum Teilen gew\u00e4hrleistet.<\/li>\n\n<li><strong>Hergestellt aus hochwertigen Zutaten f\u00fcr eine weiche und knackige Textur: <\/strong>Diese Gummihasen und Karotten aus dem Gro\u00dfhandel verwenden hochreine Gelatine zusammen mit nat\u00fcrlichem Fruchtsaft, um eine weiche, kaubare Textur und eine angenehme S\u00fc\u00dfe zu liefern, die Sie w\u00e4hrend des Gebrauchs sch\u00e4tzen werden.<\/li>\n\n<li><strong>Halal-zertifiziert f\u00fcr Qualit\u00e4t und Sicherheit: <\/strong>Unsere losen Gummibonbons werden nach Halal-zertifizierten Standards hergestellt und entsprechen den internationalen Lebensmittelsicherheitsvorschriften, damit sie \u00fcberall auf der Welt verwendet werden k\u00f6nnen.<\/li>\n\n<li><strong>Flexible Anpassungsdienste f\u00fcr unterschiedliche Anforderungen: <\/strong>Wir bieten Markenverpackung, Form, Geschmack und Spezifikation Anpassung f\u00fcr Gro\u00dfhandel gummi Kaninchen und Karotte. Wir unterst\u00fctzen Gro\u00dfhandel und OEM\/ODM Zusammenarbeit, um Kunden zu helfen, in diversifizierte M\u00e4rkte zu erweitern.<\/li><\/ul><\/div>\n\n<div class=\"wp-block-column is-layout-flow wp-block-column-is-layout-flow\"><figure class=\"wp-block-image size-full\"><img decoding=\"async\" width=\"800\" height=\"800\" src=\"https:\/\/www.lechaocandy.com\/wp-content\/uploads\/2025\/10\/LeChao-Wholesale-Gummy-Rabbit-Carrot-Halal-Gummy-Candy-1.webp\" alt=\"LeChao Gro\u00dfhandel Gummib\u00e4rchen Kaninchen &amp; Karotte, Halal Gummib\u00e4rchen Candy-1\" class=\"wp-image-1913\" srcset=\"https:\/\/www.lechaocandy.com\/wp-content\/uploads\/2025\/10\/LeChao-Wholesale-Gummy-Rabbit-Carrot-Halal-Gummy-Candy-1.webp 800w, https:\/\/www.lechaocandy.com\/wp-content\/uploads\/2025\/10\/LeChao-Wholesale-Gummy-Rabbit-Carrot-Halal-Gummy-Candy-1-300x300.webp 300w, https:\/\/www.lechaocandy.com\/wp-content\/uploads\/2025\/10\/LeChao-Wholesale-Gummy-Rabbit-Carrot-Halal-Gummy-Candy-1-150x150.webp 150w, https:\/\/www.lechaocandy.com\/wp-content\/uploads\/2025\/10\/LeChao-Wholesale-Gummy-Rabbit-Carrot-Halal-Gummy-Candy-1-768x768.webp 768w, https:\/\/www.lechaocandy.com\/wp-content\/uploads\/2025\/10\/LeChao-Wholesale-Gummy-Rabbit-Carrot-Halal-Gummy-Candy-1-12x12.webp 12w, https:\/\/www.lechaocandy.com\/wp-content\/uploads\/2025\/10\/LeChao-Wholesale-Gummy-Rabbit-Carrot-Halal-Gummy-Candy-1-600x600.webp 600w, https:\/\/www.lechaocandy.com\/wp-content\/uploads\/2025\/10\/LeChao-Wholesale-Gummy-Rabbit-Carrot-Halal-Gummy-Candy-1-100x100.webp 100w\" sizes=\"(max-width: 800px) 100vw, 800px\" \/><\/figure><\/div><\/div><figure class=\"wp-block-embed is-type-video is-provider-youtube wp-block-embed-youtube wp-embed-aspect-16-9 wp-has-aspect-ratio\"><div class=\"wp-block-embed__wrapper\">\n<iframe title=\"3D Kaninchen Karotte Gummibonbons, Fabrik Gro\u00dfhandel, OEM\/ODM Optionen\" width=\"500\" height=\"281\" src=\"https:\/\/www.youtube.com\/embed\/wAYlq0Si0vk?feature=oembed\" frameborder=\"0\" allow=\"accelerometer; autoplay; clipboard-write; encrypted-media; gyroscope; picture-in-picture; web-share\" referrerpolicy=\"strict-origin-when-cross-origin\" allowfullscreen><\/iframe>\n<\/div><\/figure>","protected":false},"excerpt":{"rendered":"<p>Willkommen bei der Gro\u00dfbestellung von Gummibonbons. Unser Gro\u00dfhandel gummi Kaninchen und Karotten, mit ihren niedlichen Designs und kauen Textur, bieten eine lustige und k\u00f6stliche Snacking Erfahrung. Jedes Gummibonbon ist einzeln verpackt und kommt mit einer Gabel, so dass sie in Geschenkboxen und Convenience Stores beliebt.<\/p>\n<table style=\"border-collapse: collapse; width: 300.02pt;\" border=\"0\" width=\"300\" cellspacing=\"0\" cellpadding=\"0\">\n<tbody>\n<tr style=\"height: 17.60pt;\">\n<td class=\"et2\" style=\"height: 17.60pt; width: 110.80pt;\" width=\"110\" height=\"17\">Hersteller<\/td>\n<td class=\"et2\" style=\"width: 189.95pt;\" width=\"189\">LeChao Bonbons<\/td>\n<\/tr>\n<tr style=\"height: 18.00pt;\">\n<td class=\"et2\" style=\"height: 18.00pt;\" height=\"18\">Produkttyp<\/td>\n<td class=\"et3\" style=\"width: 189.95pt;\" width=\"189\">Hase Karotte Gummibonbon<\/td>\n<\/tr>\n<tr style=\"height: 18.00pt;\">\n<td class=\"et2\" style=\"height: 18.00pt;\" height=\"18\">Geschmack<\/td>\n<td class=\"et3\" style=\"width: 189.95pt;\" width=\"189\">S\u00fc\u00df &amp; sauer &amp; widerstandsf\u00e4hig<\/td>\n<\/tr>\n<tr style=\"height: 17.60pt;\">\n<td class=\"et2\" style=\"height: 17.60pt;\" height=\"17\">Spezifikation<\/td>\n<td class=\"et2\">20gx24St\u00fcckx12Kartons<\/td>\n<\/tr>\n<tr style=\"height: 17.60pt;\">\n<td class=\"et2\" style=\"height: 17.60pt;\" height=\"17\">Gr\u00f6\u00dfe des Kartons<\/td>\n<td class=\"et2\">41*31*32cm<\/td>\n<\/tr>\n<tr style=\"height: 17.60pt;\">\n<td class=\"et2\" style=\"height: 17.60pt;\" height=\"17\">N.W.\/Karton<\/td>\n<td class=\"et2\">8.0kg<\/td>\n<\/tr>\n<tr style=\"height: 17.60pt;\">\n<td class=\"et2\" style=\"height: 17.60pt;\" height=\"17\">Preis<\/td>\n<td class=\"et2\">20.16USD<\/td>\n<\/tr>\n<tr style=\"height: 17.60pt;\">\n<td class=\"et2\" style=\"height: 17.60pt;\" height=\"17\">MOQ<\/td>\n<td class=\"et2\">500CTNS<\/td>\n<\/tr>\n<tr style=\"height: 17.60pt;\">\n<td class=\"et2\" style=\"height: 17.60pt;\" height=\"17\">Muster<\/td>\n<td class=\"et2\">Verf\u00fcgbar<\/td>\n<\/tr>\n<\/tbody>\n<\/table>\n<p>&nbsp;<\/p>\n<p>&nbsp;<\/p>","protected":false},"featured_media":1915,"comment_status":"open","ping_status":"closed","template":"","meta":{"_acf_changed":false},"product_brand":[],"product_cat":[19],"product_tag":[],"class_list":{"0":"post-1912","1":"product","2":"type-product","3":"status-publish","4":"has-post-thumbnail","6":"product_cat-wholesale-gummy-manufacturer","8":"first","9":"instock","10":"shipping-taxable","11":"product-type-simple"},"acf":[],"_links":{"self":[{"href":"https:\/\/www.lechaocandy.com\/de\/wp-json\/wp\/v2\/product\/1912","targetHints":{"allow":["GET"]}}],"collection":[{"href":"https:\/\/www.lechaocandy.com\/de\/wp-json\/wp\/v2\/product"}],"about":[{"href":"https:\/\/www.lechaocandy.com\/de\/wp-json\/wp\/v2\/types\/product"}],"replies":[{"embeddable":true,"href":"https:\/\/www.lechaocandy.com\/de\/wp-json\/wp\/v2\/comments?post=1912"}],"wp:featuredmedia":[{"embeddable":true,"href":"https:\/\/www.lechaocandy.com\/de\/wp-json\/wp\/v2\/media\/1915"}],"wp:attachment":[{"href":"https:\/\/www.lechaocandy.com\/de\/wp-json\/wp\/v2\/media?parent=1912"}],"wp:term":[{"taxonomy":"product_brand","embeddable":true,"href":"https:\/\/www.lechaocandy.com\/de\/wp-json\/wp\/v2\/product_brand?post=1912"},{"taxonomy":"product_cat","embeddable":true,"href":"https:\/\/www.lechaocandy.com\/de\/wp-json\/wp\/v2\/product_cat?post=1912"},{"taxonomy":"product_tag","embeddable":true,"href":"https:\/\/www.lechaocandy.com\/de\/wp-json\/wp\/v2\/product_tag?post=1912"}],"curies":[{"name":"wp","href":"https:\/\/api.w.org\/{rel}","templated":true}]}}