{"id":1935,"date":"2025-10-09T01:08:18","date_gmt":"2025-10-09T01:08:18","guid":{"rendered":"https:\/\/www.lechaocandy.com\/?post_type=product&#038;p=1935"},"modified":"2025-10-09T01:24:06","modified_gmt":"2025-10-09T01:24:06","slug":"sour-belts-candy-wholesale","status":"publish","type":"product","link":"https:\/\/www.lechaocandy.com\/de\/produkt\/sour-belts-candy-wholesale\/","title":{"rendered":"LeChao Regenbogen saure G\u00fcrtel S\u00fc\u00dfigkeiten Gro\u00dfhandel, Biss Gr\u00f6\u00dfe Bonbons"},"content":{"rendered":"<div class=\"wp-block-columns is-layout-flex wp-container-core-columns-is-layout-9d6595d7 wp-block-columns-is-layout-flex\"><div class=\"wp-block-column is-layout-flow wp-block-column-is-layout-flow\"><h2 class=\"wp-block-heading\">Produkt-Highlights von Sour Belts Candy Gro\u00dfhandel<\/h2>\n\n<ul class=\"wp-block-list\"><li><strong>Ein optischer und geschmacklicher Leckerbissen: <\/strong>Diese sauren G\u00fcrtel Bonbons Gro\u00dfhandel verf\u00fcgen \u00fcber eine schillernde Regenbogen-Farbschema, das sofort fesselt Kunden. Die saure Pulverbeschichtung auf diese S\u00fc\u00dfigkeiten Streifen f\u00fcgt hinzu, die s\u00fc\u00df und sauer Geschmackskombination und bietet eine lang anhaltende nach Geschmack.<\/li>\n\n<li><strong>Einzigartiger, explosiver, saurer Geschmack: <\/strong>Unsere mundgerechten sauren G\u00fcrtel werden in einem einzigartigen Verfahren hergestellt, das es Ihnen erm\u00f6glicht, beim ersten Biss eine Explosion von saurem Pulver im Mund zu haben, die schnell wieder verschwindet und mit dem langweiligen Geschmack anderer S\u00fc\u00dfigkeiten bricht.<\/li>\n\n<li><strong>In mundgerechter Gr\u00f6\u00dfe, leicht zu teilen:<\/strong> Diese sauren G\u00fcrtel S\u00fc\u00dfigkeiten Gro\u00dfhandel kompakte Bar Design macht sie leicht zu greifen und zu teilen, ideal f\u00fcr Partys, Kinos, B\u00fcros und vieles mehr.<\/li>\n\n<li><strong>Hochwertige Zutaten, weiche und knusprige Textur: <\/strong>Unsere mundgerechten sauren G\u00fcrtel werden aus sorgf\u00e4ltig ausgew\u00e4hlten Zutaten hergestellt, um eine perfekt weiche und feste Textur zu erreichen, die sie z\u00e4h und nicht klebrig macht und so bei jedem Bissen ein angenehmes Kauen garantiert.<\/li>\n\n<li><strong>Kosteng\u00fcnstige Gro\u00dfhandelsverpackung: <\/strong>Unsere Saure-G\u00fcrtel-Bonbons sind speziell f\u00fcr Gro\u00dfhandelskunden konzipiert, mit gro\u00dfen Mengen und g\u00fcnstigen Preisen sowie betr\u00e4chtlichen Gewinnspannen. Es ist eine kluge Wahl f\u00fcr Imbissbuden, Superm\u00e4rkte und Online-Shops, um ihre Best\u00e4nde aufzuf\u00fcllen.<\/li><\/ul><\/div>\n\n<div class=\"wp-block-column is-layout-flow wp-block-column-is-layout-flow\"><figure class=\"wp-block-image size-full\"><img decoding=\"async\" width=\"1481\" height=\"1481\" src=\"https:\/\/www.lechaocandy.com\/wp-content\/uploads\/2025\/10\/LeChao-Rainbow-Sour-Belts-Candy-Wholesale-Bite-Size-Candies-1.webp\" alt=\"LeChao Regenbogen saure G\u00fcrtel S\u00fc\u00dfigkeiten Gro\u00dfhandel, Biss Gr\u00f6\u00dfe Bonbons-1\" class=\"wp-image-1936\" srcset=\"https:\/\/www.lechaocandy.com\/wp-content\/uploads\/2025\/10\/LeChao-Rainbow-Sour-Belts-Candy-Wholesale-Bite-Size-Candies-1.webp 1481w, https:\/\/www.lechaocandy.com\/wp-content\/uploads\/2025\/10\/LeChao-Rainbow-Sour-Belts-Candy-Wholesale-Bite-Size-Candies-1-300x300.webp 300w, https:\/\/www.lechaocandy.com\/wp-content\/uploads\/2025\/10\/LeChao-Rainbow-Sour-Belts-Candy-Wholesale-Bite-Size-Candies-1-150x150.webp 150w, https:\/\/www.lechaocandy.com\/wp-content\/uploads\/2025\/10\/LeChao-Rainbow-Sour-Belts-Candy-Wholesale-Bite-Size-Candies-1-768x768.webp 768w, https:\/\/www.lechaocandy.com\/wp-content\/uploads\/2025\/10\/LeChao-Rainbow-Sour-Belts-Candy-Wholesale-Bite-Size-Candies-1-12x12.webp 12w, https:\/\/www.lechaocandy.com\/wp-content\/uploads\/2025\/10\/LeChao-Rainbow-Sour-Belts-Candy-Wholesale-Bite-Size-Candies-1-1200x1200.webp 1200w, https:\/\/www.lechaocandy.com\/wp-content\/uploads\/2025\/10\/LeChao-Rainbow-Sour-Belts-Candy-Wholesale-Bite-Size-Candies-1-600x600.webp 600w, https:\/\/www.lechaocandy.com\/wp-content\/uploads\/2025\/10\/LeChao-Rainbow-Sour-Belts-Candy-Wholesale-Bite-Size-Candies-1-100x100.webp 100w\" sizes=\"(max-width: 1481px) 100vw, 1481px\" \/><\/figure><\/div><\/div>","protected":false},"excerpt":{"rendered":"<p>Willkommen zum Kauf von mundgerechten Bulk-Bonbons. LeChao's saure Regenbogeng\u00fcrtel-Bonbons bieten einen sofortigen Ausbruch von S\u00e4ure, gefolgt von einer erfrischenden fruchtigen S\u00fc\u00dfe und einer weichen, z\u00e4hen Textur.<\/p>\n<table style=\"border-collapse: collapse; width: 300.02pt;\" border=\"0\" width=\"300\" cellspacing=\"0\" cellpadding=\"0\">\n<tbody>\n<tr style=\"height: 17.60pt;\">\n<td class=\"et2\" style=\"height: 17.60pt; width: 110.80pt;\" width=\"110\" height=\"17\">Hersteller<\/td>\n<td class=\"et2\" style=\"width: 189.95pt;\" width=\"189\">LeChao Bonbons<\/td>\n<\/tr>\n<tr style=\"height: 18.00pt;\">\n<td class=\"et2\" style=\"height: 18.00pt;\" height=\"18\">Produkttyp<\/td>\n<td class=\"et3\" style=\"width: 189.95pt;\" width=\"189\">Saure G\u00fcrtel Bissbonbons<\/td>\n<\/tr>\n<tr style=\"height: 18.00pt;\">\n<td class=\"et2\" style=\"height: 18.00pt;\" height=\"18\">Geschmack<\/td>\n<td class=\"et3\" style=\"width: 189.95pt;\" width=\"189\">S\u00fc\u00df &amp; sauer &amp; widerstandsf\u00e4hig<\/td>\n<\/tr>\n<tr style=\"height: 17.60pt;\">\n<td class=\"et2\" style=\"height: 17.60pt;\" height=\"17\">MOQ<\/td>\n<td class=\"et2\">500CTNS<\/td>\n<\/tr>\n<tr style=\"height: 17.60pt;\">\n<td class=\"et2\" style=\"height: 17.60pt;\" height=\"17\">Muster<\/td>\n<td class=\"et2\">Verf\u00fcgbar<\/td>\n<\/tr>\n<\/tbody>\n<\/table>\n<p>&nbsp;<\/p>\n<p>&nbsp;<\/p>\n<p>&nbsp;<\/p>","protected":false},"featured_media":1938,"comment_status":"open","ping_status":"closed","template":"","meta":{"_acf_changed":false},"product_brand":[],"product_cat":[20],"product_tag":[30],"class_list":{"0":"post-1935","1":"product","2":"type-product","3":"status-publish","4":"has-post-thumbnail","6":"product_cat-bulk-licorice-candy","7":"product_tag-bulk-candies-collection","9":"first","10":"instock","11":"shipping-taxable","12":"product-type-simple"},"acf":[],"_links":{"self":[{"href":"https:\/\/www.lechaocandy.com\/de\/wp-json\/wp\/v2\/product\/1935","targetHints":{"allow":["GET"]}}],"collection":[{"href":"https:\/\/www.lechaocandy.com\/de\/wp-json\/wp\/v2\/product"}],"about":[{"href":"https:\/\/www.lechaocandy.com\/de\/wp-json\/wp\/v2\/types\/product"}],"replies":[{"embeddable":true,"href":"https:\/\/www.lechaocandy.com\/de\/wp-json\/wp\/v2\/comments?post=1935"}],"wp:featuredmedia":[{"embeddable":true,"href":"https:\/\/www.lechaocandy.com\/de\/wp-json\/wp\/v2\/media\/1938"}],"wp:attachment":[{"href":"https:\/\/www.lechaocandy.com\/de\/wp-json\/wp\/v2\/media?parent=1935"}],"wp:term":[{"taxonomy":"product_brand","embeddable":true,"href":"https:\/\/www.lechaocandy.com\/de\/wp-json\/wp\/v2\/product_brand?post=1935"},{"taxonomy":"product_cat","embeddable":true,"href":"https:\/\/www.lechaocandy.com\/de\/wp-json\/wp\/v2\/product_cat?post=1935"},{"taxonomy":"product_tag","embeddable":true,"href":"https:\/\/www.lechaocandy.com\/de\/wp-json\/wp\/v2\/product_tag?post=1935"}],"curies":[{"name":"wp","href":"https:\/\/api.w.org\/{rel}","templated":true}]}}