{"id":1949,"date":"2025-10-09T02:07:43","date_gmt":"2025-10-09T02:07:43","guid":{"rendered":"https:\/\/www.lechaocandy.com\/?post_type=product&#038;p=1949"},"modified":"2025-10-09T02:20:42","modified_gmt":"2025-10-09T02:20:42","slug":"rainbow-sour-belts-bulk","status":"publish","type":"product","link":"https:\/\/www.lechaocandy.com\/de\/produkt\/rainbow-sour-belts-bulk\/","title":{"rendered":"Rainbow Sour Belts Bulk, Gummib\u00e4rchen Lakritz G\u00fcrtel Gro\u00dfhandel"},"content":{"rendered":"<div class=\"wp-block-columns is-layout-flex wp-container-core-columns-is-layout-9d6595d7 wp-block-columns-is-layout-flex\"><div class=\"wp-block-column is-layout-flow wp-block-column-is-layout-flow\"><h2 class=\"wp-block-heading\">Produkt-Highlights von Rainbow Sour Belts Bulk<\/h2>\n\n<ul class=\"wp-block-list\"><li><strong>Zweischichtiger Geschmack: <\/strong>Unsere sauren Regenbogeng\u00fcrtel werden in einem einzigartigen Verfahren hergestellt, bei dem die \u00e4u\u00dfere Schicht aus saurem Pulver und der Kern aus Kauzucker eine Doppelstruktur bilden, die bei jedem Biss ein mehrschichtiges Erlebnis bietet.<\/li>\n\n<li><strong>Perfektes Verh\u00e4ltnis von sauer und s\u00fc\u00df: <\/strong>Unsere sauren Lakritzbonbons f\u00fcr den Gro\u00dfhandel steuern pr\u00e4zise die Menge des sauren Pulver\u00fcberzugs und die S\u00fc\u00dfe des Lakritzkerns, wodurch ein perfekt ausgewogenes s\u00fc\u00df-saures Gleichgewicht entsteht, das unwiderstehlich ist.<\/li>\n\n<li><strong>Lebendige Farben: <\/strong>Unsere Regenbogen-Sauerstoffg\u00fcrtel in loser Sch\u00fcttung sind mit lebhaften Regenbogenmotiven versehen, die den modernen Gesundheitsbed\u00fcrfnissen Rechnung tragen.<\/li>\n\n<li><strong>\u00c4u\u00dferst beliebt: <\/strong>Diese sauren Regenbogeng\u00fcrtel kombinieren die beliebten sauren Bonbons mit Lakritzelementen und bieten so eine deutliche Produktdifferenzierung und ein hohes Nachkaufpotenzial.<\/li>\n\n<li><strong>Erschwingliche Massenware<\/strong>: Unsere sauren Lakritzbonbons f\u00fcr den Gro\u00dfhandel sind in Gro\u00dfpackungen verpackt, was die Kosten pro St\u00fcck erheblich senkt, sie f\u00fcr den Gro\u00dfhandel geeignet macht und wettbewerbsf\u00e4hige Gewinnspannen bietet.<\/li><\/ul><\/div>\n\n<div class=\"wp-block-column is-layout-flow wp-block-column-is-layout-flow\"><figure class=\"wp-block-image size-full\"><img decoding=\"async\" width=\"800\" height=\"800\" src=\"https:\/\/www.lechaocandy.com\/wp-content\/uploads\/2025\/10\/Rainbow-Sour-Belts-Bulk-Gummy-Licorice-Belts-Wholesale-2.webp\" alt=\"Rainbow Sour Belts Bulk, Gummib\u00e4rchen Lakritz G\u00fcrtel Gro\u00dfhandel-2\" class=\"wp-image-1951\" srcset=\"https:\/\/www.lechaocandy.com\/wp-content\/uploads\/2025\/10\/Rainbow-Sour-Belts-Bulk-Gummy-Licorice-Belts-Wholesale-2.webp 800w, https:\/\/www.lechaocandy.com\/wp-content\/uploads\/2025\/10\/Rainbow-Sour-Belts-Bulk-Gummy-Licorice-Belts-Wholesale-2-300x300.webp 300w, https:\/\/www.lechaocandy.com\/wp-content\/uploads\/2025\/10\/Rainbow-Sour-Belts-Bulk-Gummy-Licorice-Belts-Wholesale-2-150x150.webp 150w, https:\/\/www.lechaocandy.com\/wp-content\/uploads\/2025\/10\/Rainbow-Sour-Belts-Bulk-Gummy-Licorice-Belts-Wholesale-2-768x768.webp 768w, https:\/\/www.lechaocandy.com\/wp-content\/uploads\/2025\/10\/Rainbow-Sour-Belts-Bulk-Gummy-Licorice-Belts-Wholesale-2-12x12.webp 12w, https:\/\/www.lechaocandy.com\/wp-content\/uploads\/2025\/10\/Rainbow-Sour-Belts-Bulk-Gummy-Licorice-Belts-Wholesale-2-600x600.webp 600w, https:\/\/www.lechaocandy.com\/wp-content\/uploads\/2025\/10\/Rainbow-Sour-Belts-Bulk-Gummy-Licorice-Belts-Wholesale-2-100x100.webp 100w\" sizes=\"(max-width: 800px) 100vw, 800px\" \/><\/figure><\/div><\/div>","protected":false},"excerpt":{"rendered":"<p>Willkommen im Gro\u00dfhandel saure Lakritze S\u00fc\u00dfigkeiten zu kaufen. Unsere Rainbow Sour Belts Bulk mischen innovativ eine s\u00e4uerliche \u00e4u\u00dfere Schicht mit flexiblen Lakritze, die Schaffung einer visuellen und geschmacklichen Fest f\u00fcr Ihre Augen und Gaumen, helfen Sie leicht in den jungen Verbrauchermarkt zu erschlie\u00dfen!<\/p>\n<table style=\"border-collapse: collapse; width: 300.02pt;\" border=\"0\" width=\"300\" cellspacing=\"0\" cellpadding=\"0\">\n<tbody>\n<tr style=\"height: 17.60pt;\">\n<td class=\"et2\" style=\"height: 17.60pt; width: 110.80pt;\" width=\"110\" height=\"17\">Hersteller<\/td>\n<td class=\"et2\" style=\"width: 189.95pt;\" width=\"189\">LeChao Bonbons<\/td>\n<\/tr>\n<tr style=\"height: 18.00pt;\">\n<td class=\"et2\" style=\"height: 18.00pt;\" height=\"18\">Produkttyp<\/td>\n<td class=\"et3\" style=\"width: 189.95pt;\" width=\"189\">Saurer Regenbogeng\u00fcrtel<\/td>\n<\/tr>\n<tr style=\"height: 18.00pt;\">\n<td class=\"et2\" style=\"height: 18.00pt;\" height=\"18\">Geschmack<\/td>\n<td class=\"et3\" style=\"width: 189.95pt;\" width=\"189\">S\u00fc\u00df &amp; sauer &amp; widerstandsf\u00e4hig<\/td>\n<\/tr>\n<tr style=\"height: 17.60pt;\">\n<td class=\"et2\" style=\"height: 17.60pt;\" height=\"17\">MOQ<\/td>\n<td class=\"et2\">500CTNS<\/td>\n<\/tr>\n<tr style=\"height: 17.60pt;\">\n<td class=\"et2\" style=\"height: 17.60pt;\" height=\"17\">Muster<\/td>\n<td class=\"et2\">Verf\u00fcgbar<\/td>\n<\/tr>\n<\/tbody>\n<\/table>\n<p>&nbsp;<\/p>\n<p>&nbsp;<\/p>\n<p>&nbsp;<\/p>","protected":false},"featured_media":1953,"comment_status":"open","ping_status":"closed","template":"","meta":{"_acf_changed":false},"product_brand":[],"product_cat":[20],"product_tag":[30],"class_list":{"0":"post-1949","1":"product","2":"type-product","3":"status-publish","4":"has-post-thumbnail","6":"product_cat-bulk-licorice-candy","7":"product_tag-bulk-candies-collection","9":"first","10":"instock","11":"shipping-taxable","12":"product-type-simple"},"acf":[],"_links":{"self":[{"href":"https:\/\/www.lechaocandy.com\/de\/wp-json\/wp\/v2\/product\/1949","targetHints":{"allow":["GET"]}}],"collection":[{"href":"https:\/\/www.lechaocandy.com\/de\/wp-json\/wp\/v2\/product"}],"about":[{"href":"https:\/\/www.lechaocandy.com\/de\/wp-json\/wp\/v2\/types\/product"}],"replies":[{"embeddable":true,"href":"https:\/\/www.lechaocandy.com\/de\/wp-json\/wp\/v2\/comments?post=1949"}],"wp:featuredmedia":[{"embeddable":true,"href":"https:\/\/www.lechaocandy.com\/de\/wp-json\/wp\/v2\/media\/1953"}],"wp:attachment":[{"href":"https:\/\/www.lechaocandy.com\/de\/wp-json\/wp\/v2\/media?parent=1949"}],"wp:term":[{"taxonomy":"product_brand","embeddable":true,"href":"https:\/\/www.lechaocandy.com\/de\/wp-json\/wp\/v2\/product_brand?post=1949"},{"taxonomy":"product_cat","embeddable":true,"href":"https:\/\/www.lechaocandy.com\/de\/wp-json\/wp\/v2\/product_cat?post=1949"},{"taxonomy":"product_tag","embeddable":true,"href":"https:\/\/www.lechaocandy.com\/de\/wp-json\/wp\/v2\/product_tag?post=1949"}],"curies":[{"name":"wp","href":"https:\/\/api.w.org\/{rel}","templated":true}]}}