{"id":1956,"date":"2025-10-09T02:23:01","date_gmt":"2025-10-09T02:23:01","guid":{"rendered":"https:\/\/www.lechaocandy.com\/?post_type=product&#038;p=1956"},"modified":"2025-10-09T02:38:22","modified_gmt":"2025-10-09T02:38:22","slug":"sweet-and-sour-licorice-wholesale","status":"publish","type":"product","link":"https:\/\/www.lechaocandy.com\/de\/produkt\/sweet-and-sour-licorice-wholesale\/","title":{"rendered":"S\u00fc\u00dfes und saures Lakritz Gro\u00dfhandel, gef\u00fcllte Streifen S\u00fc\u00dfigkeiten Bulk"},"content":{"rendered":"<div class=\"wp-block-columns is-layout-flex wp-container-core-columns-is-layout-9d6595d7 wp-block-columns-is-layout-flex\"><div class=\"wp-block-column is-layout-flow wp-block-column-is-layout-flow\"><h2 class=\"wp-block-heading\">Produkt-Highlights von S\u00fc\u00dfem und Saurem Lakritz Gro\u00dfhandel<\/h2>\n\n<ul class=\"wp-block-list\"><li><strong>Ein perfektes Verh\u00e4ltnis von s\u00fc\u00df und sauer: <\/strong>Dieses s\u00fc\u00df-saure Lakritz-Gro\u00dfhandelsprodukt besteht aus einer wissenschaftlich entwickelten Mischung aus hochwertigem s\u00e4uerlichem Pulver und Kristallzucker, die einen ausgepr\u00e4gten s\u00fc\u00df-sauren Geschmack erzeugt, der den Appetit anregt und im Mund verbleibt.<\/li>\n\n<li><strong>Ein weiches, prickelndes Lakritz-Erlebnis:<\/strong> Dieses saure Streifen-Bonbon in loser Sch\u00fcttung zeichnet sich durch ein innovatives F\u00fcllverfahren aus, das zu einer fl\u00fcssigen Lakritzf\u00fcllung f\u00fchrt. Wenn man die knusprige \u00e4u\u00dfere Schicht durchbricht, kommt eine reichhaltige, pralle und saftige F\u00fcllung zum Vorschein, die einen \u00fcberraschenden und befriedigenden Geschmack bietet.<\/li>\n\n<li><strong>Kosteneffiziente Massenware: <\/strong>Wir bieten gro\u00dfvolumige Gro\u00dfverpackungen f\u00fcr s\u00fc\u00dfes und saures Lakritz im Gro\u00dfhandel an, wodurch wir die Kosten effektiv kontrollieren und verschiedene Anforderungen wie das Abwiegen in gro\u00dfen Mengen und gemischte Verpackungen in Superm\u00e4rkten erf\u00fcllen k\u00f6nnen, was zu erheblichen Gewinnspannen f\u00fchrt.<\/li>\n\n<li><strong>Kundenspezifische Verpackung: <\/strong>Wir bieten markenspezifische Verpackungsl\u00f6sungen f\u00fcr saure Bonbons in loser Sch\u00fcttung, einschlie\u00dflich Verpackung und Etikettierung, und helfen H\u00e4ndlern dabei, einen Wiedererkennungswert zu schaffen.<\/li>\n\n<li><strong>Differenzierte Produktpositionierung: <\/strong>Unser s\u00fc\u00df-saures Lakritze-Gro\u00dfhandelsprodukt kombiniert traditionelle Lakritzaromen mit moderner Geschmacksinnovation, was es einzigartig und wettbewerbsf\u00e4hig auf dem Markt macht.<\/li><\/ul><\/div>\n\n<div class=\"wp-block-column is-layout-flow wp-block-column-is-layout-flow\"><figure class=\"wp-block-image size-full\"><img decoding=\"async\" width=\"800\" height=\"800\" src=\"https:\/\/www.lechaocandy.com\/wp-content\/uploads\/2025\/10\/Sweet-and-Sour-Licorice-Wholesale-Filled-Strips-Candy-Bulk-3.webp\" alt=\"S\u00fc\u00dfes und saures Lakritz Gro\u00dfhandel, gef\u00fcllte Streifen S\u00fc\u00dfigkeiten Bulk-3\" class=\"wp-image-1959\" srcset=\"https:\/\/www.lechaocandy.com\/wp-content\/uploads\/2025\/10\/Sweet-and-Sour-Licorice-Wholesale-Filled-Strips-Candy-Bulk-3.webp 800w, https:\/\/www.lechaocandy.com\/wp-content\/uploads\/2025\/10\/Sweet-and-Sour-Licorice-Wholesale-Filled-Strips-Candy-Bulk-3-300x300.webp 300w, https:\/\/www.lechaocandy.com\/wp-content\/uploads\/2025\/10\/Sweet-and-Sour-Licorice-Wholesale-Filled-Strips-Candy-Bulk-3-150x150.webp 150w, https:\/\/www.lechaocandy.com\/wp-content\/uploads\/2025\/10\/Sweet-and-Sour-Licorice-Wholesale-Filled-Strips-Candy-Bulk-3-768x768.webp 768w, https:\/\/www.lechaocandy.com\/wp-content\/uploads\/2025\/10\/Sweet-and-Sour-Licorice-Wholesale-Filled-Strips-Candy-Bulk-3-12x12.webp 12w, https:\/\/www.lechaocandy.com\/wp-content\/uploads\/2025\/10\/Sweet-and-Sour-Licorice-Wholesale-Filled-Strips-Candy-Bulk-3-600x600.webp 600w, https:\/\/www.lechaocandy.com\/wp-content\/uploads\/2025\/10\/Sweet-and-Sour-Licorice-Wholesale-Filled-Strips-Candy-Bulk-3-100x100.webp 100w\" sizes=\"(max-width: 800px) 100vw, 800px\" \/><\/figure><\/div><\/div>","protected":false},"excerpt":{"rendered":"<p>Willkommen zu kaufen s\u00fc\u00df und sauer Lakritze Gro\u00dfhandel. LeChaco's saure Streifen S\u00fc\u00dfigkeiten Bulk verf\u00fcgt \u00fcber eine perfekte Balance von zarten Zucker und sauer Pulver, wodurch eine s\u00fc\u00df-saure Erfahrung. Im Inneren, eine weiche, fl\u00fcssige Lakritze F\u00fcllung liefert einen Ausbruch der reichen Geschmack.<\/p>\n<table style=\"border-collapse: collapse; width: 300.02pt;\" border=\"0\" width=\"300\" cellspacing=\"0\" cellpadding=\"0\">\n<tbody>\n<tr style=\"height: 17.60pt;\">\n<td class=\"et2\" style=\"height: 17.60pt; width: 110.80pt;\" width=\"110\" height=\"17\">Hersteller<\/td>\n<td class=\"et2\" style=\"width: 189.95pt;\" width=\"189\">LeChao Bonbons<\/td>\n<\/tr>\n<tr style=\"height: 18.00pt;\">\n<td class=\"et2\" style=\"height: 18.00pt;\" height=\"18\">Produkttyp<\/td>\n<td class=\"et3\" style=\"width: 189.95pt;\" width=\"189\">Gef\u00fcllte Lakritz-Streifen<\/td>\n<\/tr>\n<tr style=\"height: 18.00pt;\">\n<td class=\"et2\" style=\"height: 18.00pt;\" height=\"18\">Geschmack<\/td>\n<td class=\"et3\" style=\"width: 189.95pt;\" width=\"189\">S\u00fc\u00df &amp; sauer &amp; widerstandsf\u00e4hig<\/td>\n<\/tr>\n<tr style=\"height: 17.60pt;\">\n<td class=\"et2\" style=\"height: 17.60pt;\" height=\"17\">MOQ<\/td>\n<td class=\"et2\">500CTNS<\/td>\n<\/tr>\n<tr style=\"height: 17.60pt;\">\n<td class=\"et2\" style=\"height: 17.60pt;\" height=\"17\">Muster<\/td>\n<td class=\"et2\">Verf\u00fcgbar<\/td>\n<\/tr>\n<\/tbody>\n<\/table>\n<p>&nbsp;<\/p>\n<p>&nbsp;<\/p>\n<p>&nbsp;<\/p>","protected":false},"featured_media":1960,"comment_status":"open","ping_status":"closed","template":"","meta":{"_acf_changed":false},"product_brand":[],"product_cat":[20],"product_tag":[30],"class_list":{"0":"post-1956","1":"product","2":"type-product","3":"status-publish","4":"has-post-thumbnail","6":"product_cat-bulk-licorice-candy","7":"product_tag-bulk-candies-collection","9":"first","10":"instock","11":"shipping-taxable","12":"product-type-simple"},"acf":[],"_links":{"self":[{"href":"https:\/\/www.lechaocandy.com\/de\/wp-json\/wp\/v2\/product\/1956","targetHints":{"allow":["GET"]}}],"collection":[{"href":"https:\/\/www.lechaocandy.com\/de\/wp-json\/wp\/v2\/product"}],"about":[{"href":"https:\/\/www.lechaocandy.com\/de\/wp-json\/wp\/v2\/types\/product"}],"replies":[{"embeddable":true,"href":"https:\/\/www.lechaocandy.com\/de\/wp-json\/wp\/v2\/comments?post=1956"}],"wp:featuredmedia":[{"embeddable":true,"href":"https:\/\/www.lechaocandy.com\/de\/wp-json\/wp\/v2\/media\/1960"}],"wp:attachment":[{"href":"https:\/\/www.lechaocandy.com\/de\/wp-json\/wp\/v2\/media?parent=1956"}],"wp:term":[{"taxonomy":"product_brand","embeddable":true,"href":"https:\/\/www.lechaocandy.com\/de\/wp-json\/wp\/v2\/product_brand?post=1956"},{"taxonomy":"product_cat","embeddable":true,"href":"https:\/\/www.lechaocandy.com\/de\/wp-json\/wp\/v2\/product_cat?post=1956"},{"taxonomy":"product_tag","embeddable":true,"href":"https:\/\/www.lechaocandy.com\/de\/wp-json\/wp\/v2\/product_tag?post=1956"}],"curies":[{"name":"wp","href":"https:\/\/api.w.org\/{rel}","templated":true}]}}