{"id":2003,"date":"2025-10-16T03:53:48","date_gmt":"2025-10-16T03:53:48","guid":{"rendered":"https:\/\/www.lechaocandy.com\/?post_type=product&#038;p=2003"},"modified":"2026-03-30T08:50:49","modified_gmt":"2026-03-30T08:50:49","slug":"candy-bulk-wholesale","status":"publish","type":"product","link":"https:\/\/www.lechaocandy.com\/de\/produkt\/candy-bulk-wholesale\/","title":{"rendered":"Gummy Tool Candy Bulk Gro\u00dfhandel, Factory Direct Soft Candies"},"content":{"rendered":"<div class=\"wp-block-columns is-layout-flex wp-container-core-columns-is-layout-9d6595d7 wp-block-columns-is-layout-flex\"><div class=\"wp-block-column is-layout-flow wp-block-column-is-layout-flow\"><h2 class=\"wp-block-heading\">Produkt-Highlights von Gummy Tool Candy Bulk Gro\u00dfhandel<\/h2>\n\n<ul class=\"wp-block-list\"><li><strong>Einzigartige, ins Auge fallende Designs:<\/strong> Unsere Gummibonbons f\u00fcr den Gro\u00dfhandel sind in Form von Schraubenschl\u00fcsseln, H\u00e4mmern, Schraubenziehern und anderen Werkzeugen gestaltet. Diese Entw\u00fcrfe sind realistisch und Spa\u00df, wird auf jeden Fall stehen in den Regalen.<\/li>\n\n<li><strong>Direkt ab Werk, wettbewerbsf\u00e4hige Preise: <\/strong>Unser Gro\u00dfhandel weiche Bonbons Schiff direkt aus unserer Fabrik gummi. Wir bieten einen guten Preis f\u00fcr unsere weichen S\u00fc\u00dfigkeiten Auswahl und sie werden h\u00f6chstwahrscheinlich der beste Preis, den Sie bekommen k\u00f6nnen sein.<\/li>\n\n<li><strong>Premium-Qualit\u00e4t und kaubar: <\/strong>Unsere Gummibonbons f\u00fcr den Gro\u00dfhandel werden aus hochwertigen Zutaten hergestellt, die f\u00fcr eine perfekte Weichheit und Festigkeit, eine kaubare und nicht klebrige Textur sorgen. Eine Vielzahl von frischen Fr\u00fcchten Geschmacksrichtungen sind verf\u00fcgbar, bietet einen s\u00fc\u00dfen und sauren Geschmack, sicherzustellen, dass jedes St\u00fcck ist eine reizvolle Erfahrung.<\/li>\n\n<li><strong>Bulk Gro\u00dfhandel, Flexible Anpassung: <\/strong>Unsere Gro\u00dfhandels-S\u00fc\u00dfwaren unterst\u00fctzen gro\u00dfe Bestellungen, um Ihren vielf\u00e4ltigen Lagerbedarf zu decken. Wir k\u00f6nnen auch Verpackungen, Spezifikationen und sogar Geschmacksrichtungen flexibel anpassen, um Ihr eigenes einzigartiges Produkt zu kreieren.<\/li>\n\n<li><strong>Stabile Versorgung und sorgenfreier Kundendienst: <\/strong>Als einer der f\u00fchrenden Hersteller verf\u00fcgen wir \u00fcber robuste Produktionskapazit\u00e4ten, die eine stabile und rechtzeitige Lieferung von Gummibonbons Gro\u00dfhandel gew\u00e4hrleisten. Wir bieten auch umfassende After-Sales-Service, so dass eine sorgenfreie Gro\u00dfhandel Kauf.<\/li><\/ul><\/div>\n\n<div class=\"wp-block-column is-layout-flow wp-block-column-is-layout-flow\"><figure class=\"wp-block-image size-full\"><img decoding=\"async\" width=\"800\" height=\"800\" src=\"https:\/\/www.lechaocandy.com\/wp-content\/uploads\/2025\/10\/Gummy-Tool-Candy-Bulk-Wholesale-Factory-Direct-Soft-Candies-4.webp\" alt=\"Gummy Tool Candy Bulk Gro\u00dfhandel, Factory Direct Soft Candies-4\" class=\"wp-image-2007\" srcset=\"https:\/\/www.lechaocandy.com\/wp-content\/uploads\/2025\/10\/Gummy-Tool-Candy-Bulk-Wholesale-Factory-Direct-Soft-Candies-4.webp 800w, https:\/\/www.lechaocandy.com\/wp-content\/uploads\/2025\/10\/Gummy-Tool-Candy-Bulk-Wholesale-Factory-Direct-Soft-Candies-4-300x300.webp 300w, https:\/\/www.lechaocandy.com\/wp-content\/uploads\/2025\/10\/Gummy-Tool-Candy-Bulk-Wholesale-Factory-Direct-Soft-Candies-4-150x150.webp 150w, https:\/\/www.lechaocandy.com\/wp-content\/uploads\/2025\/10\/Gummy-Tool-Candy-Bulk-Wholesale-Factory-Direct-Soft-Candies-4-768x768.webp 768w, https:\/\/www.lechaocandy.com\/wp-content\/uploads\/2025\/10\/Gummy-Tool-Candy-Bulk-Wholesale-Factory-Direct-Soft-Candies-4-12x12.webp 12w, https:\/\/www.lechaocandy.com\/wp-content\/uploads\/2025\/10\/Gummy-Tool-Candy-Bulk-Wholesale-Factory-Direct-Soft-Candies-4-600x600.webp 600w, https:\/\/www.lechaocandy.com\/wp-content\/uploads\/2025\/10\/Gummy-Tool-Candy-Bulk-Wholesale-Factory-Direct-Soft-Candies-4-100x100.webp 100w\" sizes=\"(max-width: 800px) 100vw, 800px\" \/><\/figure><\/div><\/div><figure class=\"wp-block-embed is-type-video is-provider-youtube wp-block-embed-youtube wp-embed-aspect-16-9 wp-has-aspect-ratio\"><div class=\"wp-block-embed__wrapper\">\n<iframe title=\"Tool Box Gummies! Fruity Tastes Kids Will Love!\" width=\"500\" height=\"281\" src=\"https:\/\/www.youtube.com\/embed\/SHlHK0yWULc?feature=oembed\" frameborder=\"0\" allow=\"accelerometer; autoplay; clipboard-write; encrypted-media; gyroscope; picture-in-picture; web-share\" referrerpolicy=\"strict-origin-when-cross-origin\" allowfullscreen><\/iframe>\n<\/div><\/figure>","protected":false},"excerpt":{"rendered":"<p>Willkommen zum Kauf Lechao Fabrik direkt weiche Bonbons. Unsere kreativen Gummibonbons Gro\u00dfhandel sind in realistischen Werkzeug Formen entworfen, sowie haben eine kaubare Konsistenz und Geschmack fruchtigen Aromen. Wir verkaufen Bulk-Gro\u00dfhandel nur an H\u00e4ndler, so dass Sie wissen, wir bieten Ihnen Qualit\u00e4t und Preis, um Ihnen zu helfen, Kunden zu gewinnen und den Umsatz zu steigern.<\/p>\n<table style=\"border-collapse: collapse; width: 300.02pt;\" border=\"0\" width=\"300\" cellspacing=\"0\" cellpadding=\"0\">\n<tbody>\n<tr style=\"height: 17.60pt;\">\n<td class=\"et2\" style=\"height: 17.60pt; width: 110.80pt;\" width=\"110\" height=\"17\">Hersteller<\/td>\n<td class=\"et2\" style=\"width: 189.95pt;\" width=\"189\">LeChao Bonbons<\/td>\n<\/tr>\n<tr style=\"height: 18.00pt;\">\n<td class=\"et2\" style=\"height: 18.00pt;\" height=\"18\">Produkttyp<\/td>\n<td class=\"et3\" style=\"width: 189.95pt;\" width=\"189\">Werkzeuge Gummibonbons<\/td>\n<\/tr>\n<tr style=\"height: 18.00pt;\">\n<td class=\"et2\" style=\"height: 18.00pt;\" height=\"18\">Geschmack<\/td>\n<td class=\"et3\" style=\"width: 189.95pt;\" width=\"189\">S\u00fc\u00df &amp; sauer &amp; widerstandsf\u00e4hig<\/td>\n<\/tr>\n<tr style=\"height: 17.60pt;\">\n<td class=\"et2\" style=\"height: 17.60pt;\" height=\"17\">Spezifikation<\/td>\n<td class=\"et2\">20gx24x12K\u00e4sten<\/td>\n<\/tr>\n<tr style=\"height: 17.60pt;\">\n<td class=\"et2\" style=\"height: 17.60pt;\" height=\"17\">Gr\u00f6\u00dfe des Kartons<\/td>\n<td class=\"et2\">39,3\u00d731,6x21cm<\/td>\n<\/tr>\n<tr style=\"height: 17.60pt;\">\n<td class=\"et2\" style=\"height: 17.60pt;\" height=\"17\">N.W.\/Karton<\/td>\n<td class=\"et2\">8.0kg<\/td>\n<\/tr>\n<tr style=\"height: 17.60pt;\">\n<td class=\"et2\" style=\"height: 17.60pt;\" height=\"17\">Preis<\/td>\n<td class=\"et2\">19.3USD<\/td>\n<\/tr>\n<tr style=\"height: 17.60pt;\">\n<td class=\"et2\" style=\"height: 17.60pt;\" height=\"17\">MOQ<\/td>\n<td class=\"et2\">500CTNS<\/td>\n<\/tr>\n<tr style=\"height: 17.60pt;\">\n<td class=\"et2\" style=\"height: 17.60pt;\" height=\"17\">Muster<\/td>\n<td class=\"et2\">Verf\u00fcgbar<\/td>\n<\/tr>\n<\/tbody>\n<\/table>\n<p>&nbsp;<\/p>\n<p>&nbsp;<\/p>\n<p>&nbsp;<\/p>","protected":false},"featured_media":2006,"comment_status":"open","ping_status":"closed","template":"","meta":{"_acf_changed":false},"product_brand":[],"product_cat":[19],"product_tag":[],"class_list":{"0":"post-2003","1":"product","2":"type-product","3":"status-publish","4":"has-post-thumbnail","6":"product_cat-wholesale-gummy-manufacturer","8":"first","9":"instock","10":"shipping-taxable","11":"product-type-simple"},"acf":[],"_links":{"self":[{"href":"https:\/\/www.lechaocandy.com\/de\/wp-json\/wp\/v2\/product\/2003","targetHints":{"allow":["GET"]}}],"collection":[{"href":"https:\/\/www.lechaocandy.com\/de\/wp-json\/wp\/v2\/product"}],"about":[{"href":"https:\/\/www.lechaocandy.com\/de\/wp-json\/wp\/v2\/types\/product"}],"replies":[{"embeddable":true,"href":"https:\/\/www.lechaocandy.com\/de\/wp-json\/wp\/v2\/comments?post=2003"}],"wp:featuredmedia":[{"embeddable":true,"href":"https:\/\/www.lechaocandy.com\/de\/wp-json\/wp\/v2\/media\/2006"}],"wp:attachment":[{"href":"https:\/\/www.lechaocandy.com\/de\/wp-json\/wp\/v2\/media?parent=2003"}],"wp:term":[{"taxonomy":"product_brand","embeddable":true,"href":"https:\/\/www.lechaocandy.com\/de\/wp-json\/wp\/v2\/product_brand?post=2003"},{"taxonomy":"product_cat","embeddable":true,"href":"https:\/\/www.lechaocandy.com\/de\/wp-json\/wp\/v2\/product_cat?post=2003"},{"taxonomy":"product_tag","embeddable":true,"href":"https:\/\/www.lechaocandy.com\/de\/wp-json\/wp\/v2\/product_tag?post=2003"}],"curies":[{"name":"wp","href":"https:\/\/api.w.org\/{rel}","templated":true}]}}