{"id":2009,"date":"2025-10-16T06:41:57","date_gmt":"2025-10-16T06:41:57","guid":{"rendered":"https:\/\/www.lechaocandy.com\/?post_type=product&#038;p=2009"},"modified":"2025-10-16T06:56:46","modified_gmt":"2025-10-16T06:56:46","slug":"gummy-fish-candy-bulk","status":"publish","type":"product","link":"https:\/\/www.lechaocandy.com\/de\/produkt\/gummy-fish-candy-bulk\/","title":{"rendered":"Fruchtige Gummikrabbe &amp; Gummifisch S\u00fc\u00dfigkeiten Gro\u00dfhandel"},"content":{"rendered":"<div class=\"wp-block-columns is-layout-flex wp-container-core-columns-is-layout-9d6595d7 wp-block-columns-is-layout-flex\"><div class=\"wp-block-column is-layout-flow wp-block-column-is-layout-flow\"><h2 class=\"wp-block-heading\">Produkt-Highlights von Gummikrabbe &amp; Gummifisch Bonbons Bulk<\/h2>\n\n<ul class=\"wp-block-list\"><li><strong>Kreative Ozeandesigns, die Spa\u00df machen:<\/strong> Diese Gro\u00dfhandelsgummibonbons sind mit Krabben, kleinen Fischen und anderen Meeresbewohnern gestaltet. Diese lebhaften und liebenswerten Designs sind bei Kindern sehr beliebt und heben sich von der Masse ab.<\/li>\n\n<li><strong>Direkt ab Werk, wettbewerbsf\u00e4hige Preise: <\/strong>Unsere Gummikrabben- und Gummifisch-S\u00fc\u00dfigkeiten werden direkt von der LeChao-Fabrik verkauft, so dass keine Aufschl\u00e4ge von Zwischenh\u00e4ndlern anfallen und wir \u00e4u\u00dferst wettbewerbsf\u00e4hige Gro\u00dfhandelspreise anbieten k\u00f6nnen.<\/li>\n\n<li><strong>Hergestellt aus hochwertigen Zutaten, au\u00dfergew\u00f6hnlicher Geschmack: <\/strong>Diese Krabben- und Fischgummi-Bonbons werden aus hochwertigen Zutaten hergestellt und sind weich und z\u00e4h, mit einem fruchtigen, nat\u00fcrlichen Geschmack und einem perfekt ausgewogenen Verh\u00e4ltnis von S\u00fc\u00dfe und S\u00e4ure, das ein gro\u00dfartiges Esserlebnis bietet.<\/li>\n\n<li><strong>Gro\u00dfhandel und kundenspezifische Dienstleistungen verf\u00fcgbar:<\/strong> Unsere Krabben- und Fischgummibonbons k\u00f6nnen individuell an die Bed\u00fcrfnisse der Kunden angepasst werden, einschlie\u00dflich der Verpackungsspezifikationen und Produktformeln.<\/li>\n\n<li><strong>Stabile Liefergarantie und perfekte Kundenbetreuung: <\/strong>LeChao verf\u00fcgt \u00fcber ein ausgereiftes Produktionssystem und eine ausreichende Bestandsgarantie, um die rechtzeitige Lieferung von Gummibonbons f\u00fcr den Gro\u00dfhandel zu gew\u00e4hrleisten, und ist mit einem professionellen Kundendienstteam ausgestattet, das einen umfassenden Service bietet.<\/li><\/ul><\/div>\n\n<div class=\"wp-block-column is-layout-flow wp-block-column-is-layout-flow\"><figure class=\"wp-block-image size-full\"><img decoding=\"async\" width=\"800\" height=\"800\" src=\"https:\/\/www.lechaocandy.com\/wp-content\/uploads\/2025\/10\/Fruity-Gummy-Crab-Gummy-Fish-Candy-Bulk-Wholesale-2.webp\" alt=\"Fruchtige Gummikrabbe &amp; Gummifisch S\u00fc\u00dfigkeiten Bulk Gro\u00dfhandel-2\" class=\"wp-image-2011\" srcset=\"https:\/\/www.lechaocandy.com\/wp-content\/uploads\/2025\/10\/Fruity-Gummy-Crab-Gummy-Fish-Candy-Bulk-Wholesale-2.webp 800w, https:\/\/www.lechaocandy.com\/wp-content\/uploads\/2025\/10\/Fruity-Gummy-Crab-Gummy-Fish-Candy-Bulk-Wholesale-2-300x300.webp 300w, https:\/\/www.lechaocandy.com\/wp-content\/uploads\/2025\/10\/Fruity-Gummy-Crab-Gummy-Fish-Candy-Bulk-Wholesale-2-150x150.webp 150w, https:\/\/www.lechaocandy.com\/wp-content\/uploads\/2025\/10\/Fruity-Gummy-Crab-Gummy-Fish-Candy-Bulk-Wholesale-2-768x768.webp 768w, https:\/\/www.lechaocandy.com\/wp-content\/uploads\/2025\/10\/Fruity-Gummy-Crab-Gummy-Fish-Candy-Bulk-Wholesale-2-12x12.webp 12w, https:\/\/www.lechaocandy.com\/wp-content\/uploads\/2025\/10\/Fruity-Gummy-Crab-Gummy-Fish-Candy-Bulk-Wholesale-2-600x600.webp 600w, https:\/\/www.lechaocandy.com\/wp-content\/uploads\/2025\/10\/Fruity-Gummy-Crab-Gummy-Fish-Candy-Bulk-Wholesale-2-100x100.webp 100w\" sizes=\"(max-width: 800px) 100vw, 800px\" \/><\/figure><\/div><\/div>","protected":false},"excerpt":{"rendered":"<p>Willkommen zum Kauf Gro\u00dfhandel Gummibonbons. Unsere gummi Krabbe und gummi Fisch S\u00fc\u00dfigkeiten lose Funktion reichen Fruchtaromen und eine weiche, kaubare Textur, so dass sie eine ideale Wahl f\u00fcr die Erfassung Marktanteil.<\/p>\n<table style=\"border-collapse: collapse; width: 300.02pt;\" border=\"0\" width=\"300\" cellspacing=\"0\" cellpadding=\"0\">\n<tbody>\n<tr style=\"height: 17.60pt;\">\n<td class=\"et2\" style=\"height: 17.60pt; width: 110.80pt;\" width=\"110\" height=\"17\">Hersteller<\/td>\n<td class=\"et2\" style=\"width: 189.95pt;\" width=\"189\">LeChao Bonbons<\/td>\n<\/tr>\n<tr style=\"height: 18.00pt;\">\n<td class=\"et2\" style=\"height: 18.00pt;\" height=\"18\">Produkttyp<\/td>\n<td class=\"et3\" style=\"width: 189.95pt;\" width=\"189\">Fisch- und Krabben-Gummibonbons<\/td>\n<\/tr>\n<tr style=\"height: 18.00pt;\">\n<td class=\"et2\" style=\"height: 18.00pt;\" height=\"18\">Geschmack<\/td>\n<td class=\"et3\" style=\"width: 189.95pt;\" width=\"189\">S\u00fc\u00df &amp; sauer &amp; widerstandsf\u00e4hig<\/td>\n<\/tr>\n<tr style=\"height: 17.60pt;\">\n<td class=\"et2\" style=\"height: 17.60pt;\" height=\"17\">Spezifikation<\/td>\n<td class=\"et2\">15gx24St\u00fcckx12Kartons<\/td>\n<\/tr>\n<tr style=\"height: 17.60pt;\">\n<td class=\"et2\" style=\"height: 17.60pt;\" height=\"17\">Gr\u00f6\u00dfe des Kartons<\/td>\n<td class=\"et2\">39*29*26,5cm<\/td>\n<\/tr>\n<tr style=\"height: 17.60pt;\">\n<td class=\"et2\" style=\"height: 17.60pt;\" height=\"17\">N.W.\/Karton<\/td>\n<td class=\"et2\">7.0kg<\/td>\n<\/tr>\n<tr style=\"height: 17.60pt;\">\n<td class=\"et2\" style=\"height: 17.60pt;\" height=\"17\">Preis<\/td>\n<td class=\"et2\">19.3USD<\/td>\n<\/tr>\n<tr style=\"height: 17.60pt;\">\n<td class=\"et2\" style=\"height: 17.60pt;\" height=\"17\">MOQ<\/td>\n<td class=\"et2\">500CTNS<\/td>\n<\/tr>\n<tr style=\"height: 17.60pt;\">\n<td class=\"et2\" style=\"height: 17.60pt;\" height=\"17\">Muster<\/td>\n<td class=\"et2\">Verf\u00fcgbar<\/td>\n<\/tr>\n<\/tbody>\n<\/table>\n<p>&nbsp;<\/p>\n<p>&nbsp;<\/p>\n<p>&nbsp;<\/p>","protected":false},"featured_media":2013,"comment_status":"open","ping_status":"closed","template":"","meta":{"_acf_changed":false},"product_brand":[],"product_cat":[19],"product_tag":[],"class_list":{"0":"post-2009","1":"product","2":"type-product","3":"status-publish","4":"has-post-thumbnail","6":"product_cat-wholesale-gummy-manufacturer","8":"first","9":"instock","10":"shipping-taxable","11":"product-type-simple"},"acf":[],"_links":{"self":[{"href":"https:\/\/www.lechaocandy.com\/de\/wp-json\/wp\/v2\/product\/2009","targetHints":{"allow":["GET"]}}],"collection":[{"href":"https:\/\/www.lechaocandy.com\/de\/wp-json\/wp\/v2\/product"}],"about":[{"href":"https:\/\/www.lechaocandy.com\/de\/wp-json\/wp\/v2\/types\/product"}],"replies":[{"embeddable":true,"href":"https:\/\/www.lechaocandy.com\/de\/wp-json\/wp\/v2\/comments?post=2009"}],"wp:featuredmedia":[{"embeddable":true,"href":"https:\/\/www.lechaocandy.com\/de\/wp-json\/wp\/v2\/media\/2013"}],"wp:attachment":[{"href":"https:\/\/www.lechaocandy.com\/de\/wp-json\/wp\/v2\/media?parent=2009"}],"wp:term":[{"taxonomy":"product_brand","embeddable":true,"href":"https:\/\/www.lechaocandy.com\/de\/wp-json\/wp\/v2\/product_brand?post=2009"},{"taxonomy":"product_cat","embeddable":true,"href":"https:\/\/www.lechaocandy.com\/de\/wp-json\/wp\/v2\/product_cat?post=2009"},{"taxonomy":"product_tag","embeddable":true,"href":"https:\/\/www.lechaocandy.com\/de\/wp-json\/wp\/v2\/product_tag?post=2009"}],"curies":[{"name":"wp","href":"https:\/\/api.w.org\/{rel}","templated":true}]}}