{"id":2044,"date":"2025-10-17T08:15:21","date_gmt":"2025-10-17T08:15:21","guid":{"rendered":"https:\/\/www.lechaocandy.com\/?post_type=product&#038;p=2044"},"modified":"2025-10-17T08:33:53","modified_gmt":"2025-10-17T08:33:53","slug":"bulk-licorice-bites","status":"publish","type":"product","link":"https:\/\/www.lechaocandy.com\/de\/produkt\/bulk-licorice-bites\/","title":{"rendered":"Weich gef\u00fcllte Lakritzbisse, LeChao Sour Gummy Twists"},"content":{"rendered":"<div class=\"wp-block-columns is-layout-flex wp-container-core-columns-is-layout-9d6595d7 wp-block-columns-is-layout-flex\"><div class=\"wp-block-column is-layout-flow wp-block-column-is-layout-flow\"><h2 class=\"wp-block-heading\">Produkt-Highlights der weich gef\u00fcllten, losen Lakritzbisse<\/h2>\n\n<ul class=\"wp-block-list\"><li><strong>S\u00fc\u00df-s\u00e4uerlicher Fruchtgeschmack: <\/strong>Diese gro\u00dfvolumigen Lakritzhappen vereinen perfekt den einzigartigen Geschmack von Lakritz, bieten den Verbrauchern ein frisches Geschmackserlebnis und machen sie zur ersten Wahl f\u00fcr Liebhaber s\u00fc\u00df-saurer Snacks.<\/li>\n\n<li><strong>Weiche F\u00fcllung: <\/strong>Unsere sauren Gro\u00dfhandelsgummis haben eine reichhaltige, weiche und nicht fettige Textur, was sie zu einer idealen Wahl f\u00fcr Gummi- und Lakritzliebhaber macht.<\/li>\n\n<li><strong>LeChao Fabrik-Direktlieferung: <\/strong>Als renommierter Hersteller von Lakritzhappen in loser Sch\u00fcttung liefert LeChao diese weichen Lakritzhappen direkt und gew\u00e4hrleistet so Qualit\u00e4tskontrolle und g\u00fcnstige Preise. Wir schalten Zwischenh\u00e4ndler aus und gew\u00e4hrleisten Premiumqualit\u00e4t zu einem wettbewerbsf\u00e4higen Preis.<\/li>\n\n<li><strong>Beschaffung im Gro\u00dfhandel:<\/strong> Unsere sauren Gummidrehungen f\u00fcr den Gro\u00dfhandel bieten Einzelh\u00e4ndlern, Markeninhabern oder Distributoren die M\u00f6glichkeit, ein gro\u00dfartiges Qualit\u00e4tsprodukt zu einem noch g\u00fcnstigeren Preis zu erhalten.<\/li>\n\n<li><strong>Ma\u00dfgeschneiderter Verpackungsservice:<\/strong> F\u00fcr unsere losen Lakritzhappen gibt es eine Vielzahl von Verpackungsoptionen, darunter Beutel, Sch\u00fcttgut, Kanister usw. Wir bieten auch kundenspezifische Verpackungen an, die auf die Bed\u00fcrfnisse unserer Kunden zugeschnitten sind, um noch mehr Optionen f\u00fcr ihre Marktbed\u00fcrfnisse zu bieten.<\/li><\/ul><\/div>\n\n<div class=\"wp-block-column is-layout-flow wp-block-column-is-layout-flow\"><figure class=\"wp-block-image size-full\"><img decoding=\"async\" width=\"800\" height=\"800\" src=\"https:\/\/www.lechaocandy.com\/wp-content\/uploads\/2025\/10\/LeChao-Soft-Filled-Bulk-Licorice-Bites-LeChao-Sour-Gummy-Candy-4.webp\" alt=\"LeChao Weich gef\u00fcllte Lakritz-Bissen, LeChao Saure Gummibonbons-4\" class=\"wp-image-2058\" srcset=\"https:\/\/www.lechaocandy.com\/wp-content\/uploads\/2025\/10\/LeChao-Soft-Filled-Bulk-Licorice-Bites-LeChao-Sour-Gummy-Candy-4.webp 800w, https:\/\/www.lechaocandy.com\/wp-content\/uploads\/2025\/10\/LeChao-Soft-Filled-Bulk-Licorice-Bites-LeChao-Sour-Gummy-Candy-4-300x300.webp 300w, https:\/\/www.lechaocandy.com\/wp-content\/uploads\/2025\/10\/LeChao-Soft-Filled-Bulk-Licorice-Bites-LeChao-Sour-Gummy-Candy-4-150x150.webp 150w, https:\/\/www.lechaocandy.com\/wp-content\/uploads\/2025\/10\/LeChao-Soft-Filled-Bulk-Licorice-Bites-LeChao-Sour-Gummy-Candy-4-768x768.webp 768w, https:\/\/www.lechaocandy.com\/wp-content\/uploads\/2025\/10\/LeChao-Soft-Filled-Bulk-Licorice-Bites-LeChao-Sour-Gummy-Candy-4-12x12.webp 12w, https:\/\/www.lechaocandy.com\/wp-content\/uploads\/2025\/10\/LeChao-Soft-Filled-Bulk-Licorice-Bites-LeChao-Sour-Gummy-Candy-4-600x600.webp 600w, https:\/\/www.lechaocandy.com\/wp-content\/uploads\/2025\/10\/LeChao-Soft-Filled-Bulk-Licorice-Bites-LeChao-Sour-Gummy-Candy-4-100x100.webp 100w\" sizes=\"(max-width: 800px) 100vw, 800px\" \/><\/figure><\/div><\/div>","protected":false},"excerpt":{"rendered":"<p>Willkommen bei der Bestellung von Lakritzbissen in gro\u00dfen Mengen. Diese weich-zentrierte Gro\u00dfhandel sauer gummy twists zeichnen sich durch ihre s\u00fc\u00df und sauer fruchtigen Geschmack und reiche Textur. Kundenspezifische Verpackungen und Geschmacksrichtungen sind verf\u00fcgbar, und LeChao Fabrik-direkte Lieferung gew\u00e4hrleistet eine schnelle Lieferung.<\/p>\n<table style=\"border-collapse: collapse; width: 300.02pt;\" border=\"0\" width=\"300\" cellspacing=\"0\" cellpadding=\"0\">\n<tbody>\n<tr style=\"height: 17.60pt;\">\n<td class=\"et2\" style=\"height: 17.60pt; width: 110.80pt;\" width=\"110\" height=\"17\">Hersteller<\/td>\n<td class=\"et2\" style=\"width: 189.95pt;\" width=\"189\">LeChao Bonbons<\/td>\n<\/tr>\n<tr style=\"height: 18.00pt;\">\n<td class=\"et2\" style=\"height: 18.00pt;\" height=\"18\">Produkttyp<\/td>\n<td class=\"et3\" style=\"width: 189.95pt;\" width=\"189\">Gef\u00fcllte Lakritz-Streifen<\/td>\n<\/tr>\n<tr style=\"height: 18.00pt;\">\n<td class=\"et2\" style=\"height: 18.00pt;\" height=\"18\">Geschmack<\/td>\n<td class=\"et3\" style=\"width: 189.95pt;\" width=\"189\">S\u00fc\u00df &amp; sauer &amp; widerstandsf\u00e4hig<\/td>\n<\/tr>\n<tr style=\"height: 17.60pt;\">\n<td class=\"et2\" style=\"height: 17.60pt;\" height=\"17\">MOQ<\/td>\n<td class=\"et2\">500CTNS<\/td>\n<\/tr>\n<tr style=\"height: 17.60pt;\">\n<td class=\"et2\" style=\"height: 17.60pt;\" height=\"17\">Muster<\/td>\n<td class=\"et2\">Verf\u00fcgbar<\/td>\n<\/tr>\n<\/tbody>\n<\/table>\n<p>&nbsp;<\/p>\n<p>&nbsp;<\/p>\n<p>&nbsp;<\/p>","protected":false},"featured_media":2059,"comment_status":"open","ping_status":"closed","template":"","meta":{"_acf_changed":false},"product_brand":[],"product_cat":[20],"product_tag":[30],"class_list":{"0":"post-2044","1":"product","2":"type-product","3":"status-publish","4":"has-post-thumbnail","6":"product_cat-bulk-licorice-candy","7":"product_tag-bulk-candies-collection","9":"first","10":"instock","11":"shipping-taxable","12":"product-type-simple"},"acf":[],"_links":{"self":[{"href":"https:\/\/www.lechaocandy.com\/de\/wp-json\/wp\/v2\/product\/2044","targetHints":{"allow":["GET"]}}],"collection":[{"href":"https:\/\/www.lechaocandy.com\/de\/wp-json\/wp\/v2\/product"}],"about":[{"href":"https:\/\/www.lechaocandy.com\/de\/wp-json\/wp\/v2\/types\/product"}],"replies":[{"embeddable":true,"href":"https:\/\/www.lechaocandy.com\/de\/wp-json\/wp\/v2\/comments?post=2044"}],"wp:featuredmedia":[{"embeddable":true,"href":"https:\/\/www.lechaocandy.com\/de\/wp-json\/wp\/v2\/media\/2059"}],"wp:attachment":[{"href":"https:\/\/www.lechaocandy.com\/de\/wp-json\/wp\/v2\/media?parent=2044"}],"wp:term":[{"taxonomy":"product_brand","embeddable":true,"href":"https:\/\/www.lechaocandy.com\/de\/wp-json\/wp\/v2\/product_brand?post=2044"},{"taxonomy":"product_cat","embeddable":true,"href":"https:\/\/www.lechaocandy.com\/de\/wp-json\/wp\/v2\/product_cat?post=2044"},{"taxonomy":"product_tag","embeddable":true,"href":"https:\/\/www.lechaocandy.com\/de\/wp-json\/wp\/v2\/product_tag?post=2044"}],"curies":[{"name":"wp","href":"https:\/\/api.w.org\/{rel}","templated":true}]}}