{"id":2072,"date":"2025-10-21T03:07:31","date_gmt":"2025-10-21T03:07:31","guid":{"rendered":"https:\/\/www.lechaocandy.com\/?post_type=product&#038;p=2072"},"modified":"2025-10-21T03:37:02","modified_gmt":"2025-10-21T03:37:02","slug":"rainbow-licorice-bulk","status":"publish","type":"product","link":"https:\/\/www.lechaocandy.com\/de\/produkt\/rainbow-licorice-bulk\/","title":{"rendered":"LeChao Regenbogen Lakritze lose, weich gef\u00fcllte Twists Bonbons"},"content":{"rendered":"<div class=\"wp-block-columns is-layout-flex wp-container-core-columns-is-layout-9d6595d7 wp-block-columns-is-layout-flex\"><div class=\"wp-block-column is-layout-flow wp-block-column-is-layout-flow\"><h2 class=\"wp-block-heading\">Produkt-Highlights von Rainbow Licorice Bulk<\/h2>\n\n<ul class=\"wp-block-list\"><li><strong>Buntes Design: <\/strong>Diese Regenbogen-Lakritzmasse ber\u00fccksichtigt Verbraucher aller Altersgruppen mit visuellen und geschmacklichen Reizen, die sowohl das Auge als auch den Gaumen ansprechen!<\/li>\n\n<li><strong>Weiche Textur: <\/strong>Unsere Lakritze Twists Bonbons Gro\u00dfhandel verf\u00fcgt \u00fcber eine weiche Bonbonh\u00fclle und S\u00fc\u00dfigkeiten gef\u00fcllt reichen fruchtigen Geschmack f\u00fcr einen angenehmen Verbrauch Erfahrung.<\/li>\n\n<li><strong>Gesunde Zutaten:<\/strong> Wir verwenden gesunde Farben in unserer Regenbogen-Lakritzmasse. Es ist eine Priorit\u00e4t f\u00fcr uns, sicherzustellen, dass unsere Bonbons sicher und gesund sind und die gesundheitlichen Bed\u00fcrfnisse der Verbraucher erf\u00fcllen.<\/li>\n\n<li><strong>Gro\u00dfhandel Lieferung: <\/strong>Wir bieten Gro\u00dfhandelsrabatte auf Lakritzdraht-Bonbons, um den Bedarf von Einzelh\u00e4ndlern, Gro\u00dfh\u00e4ndlern und anderen Gro\u00dfabnehmern zu decken.<\/li>\n\n<li><strong>Preisliche Wettbewerbsf\u00e4higkeit: <\/strong>Dank der hochwertigen Produktion und der direkten Belieferung bieten wir wettbewerbsf\u00e4hige Preise f\u00fcr Regenbogen-Lakritz in loser Sch\u00fcttung und helfen unseren Kunden, ihre Wettbewerbsf\u00e4higkeit auf dem Markt zu verbessern.<\/li><\/ul><\/div>\n\n<div class=\"wp-block-column is-layout-flow wp-block-column-is-layout-flow\"><figure class=\"wp-block-image size-full\"><img decoding=\"async\" width=\"800\" height=\"800\" src=\"https:\/\/www.lechaocandy.com\/wp-content\/uploads\/2025\/10\/LeChao-Rainbow-Licorice-Bulk-Soft-Filled-Twists-Candies-5.webp\" alt=\"LeChao Regenbogen Lakritze Bulk, weich gef\u00fcllte Twists Bonbons-5\" class=\"wp-image-2077\" srcset=\"https:\/\/www.lechaocandy.com\/wp-content\/uploads\/2025\/10\/LeChao-Rainbow-Licorice-Bulk-Soft-Filled-Twists-Candies-5.webp 800w, https:\/\/www.lechaocandy.com\/wp-content\/uploads\/2025\/10\/LeChao-Rainbow-Licorice-Bulk-Soft-Filled-Twists-Candies-5-300x300.webp 300w, https:\/\/www.lechaocandy.com\/wp-content\/uploads\/2025\/10\/LeChao-Rainbow-Licorice-Bulk-Soft-Filled-Twists-Candies-5-150x150.webp 150w, https:\/\/www.lechaocandy.com\/wp-content\/uploads\/2025\/10\/LeChao-Rainbow-Licorice-Bulk-Soft-Filled-Twists-Candies-5-768x768.webp 768w, https:\/\/www.lechaocandy.com\/wp-content\/uploads\/2025\/10\/LeChao-Rainbow-Licorice-Bulk-Soft-Filled-Twists-Candies-5-12x12.webp 12w, https:\/\/www.lechaocandy.com\/wp-content\/uploads\/2025\/10\/LeChao-Rainbow-Licorice-Bulk-Soft-Filled-Twists-Candies-5-600x600.webp 600w, https:\/\/www.lechaocandy.com\/wp-content\/uploads\/2025\/10\/LeChao-Rainbow-Licorice-Bulk-Soft-Filled-Twists-Candies-5-100x100.webp 100w\" sizes=\"(max-width: 800px) 100vw, 800px\" \/><\/figure><\/div><\/div>","protected":false},"excerpt":{"rendered":"<p>Willkommen im Gro\u00dfhandel Lakritz Bonbons zu kaufen. LeChao's Rainbow Licorice Bulk zeichnet sich durch ein lebhaftes Design mit Fruchtgeschmack aus, mit einer weichen \u00e4u\u00dferen Bonbonschicht und einem k\u00f6stlichen, weich gef\u00fcllten Kern, der ein farbenfrohes und geschmackvolles Erlebnis bietet. Wir bieten wettbewerbsf\u00e4hige Preise, um die Bed\u00fcrfnisse aller Kunden zu erf\u00fcllen.<\/p>\n<table style=\"border-collapse: collapse; width: 300.02pt;\" border=\"0\" width=\"300\" cellspacing=\"0\" cellpadding=\"0\">\n<tbody>\n<tr style=\"height: 17.60pt;\">\n<td class=\"et2\" style=\"height: 17.60pt; width: 110.80pt;\" width=\"110\" height=\"17\">Hersteller<\/td>\n<td class=\"et2\" style=\"width: 189.95pt;\" width=\"189\">LeChao Bonbons<\/td>\n<\/tr>\n<tr style=\"height: 18.00pt;\">\n<td class=\"et2\" style=\"height: 18.00pt;\" height=\"18\">Produkttyp<\/td>\n<td class=\"et3\" style=\"width: 189.95pt;\" width=\"189\">Gef\u00fcllte Lakritz-Streifen<\/td>\n<\/tr>\n<tr style=\"height: 18.00pt;\">\n<td class=\"et2\" style=\"height: 18.00pt;\" height=\"18\">Geschmack<\/td>\n<td class=\"et3\" style=\"width: 189.95pt;\" width=\"189\">S\u00fc\u00df &amp; sauer &amp; widerstandsf\u00e4hig<\/td>\n<\/tr>\n<tr style=\"height: 17.60pt;\">\n<td class=\"et2\" style=\"height: 17.60pt;\" height=\"17\">MOQ<\/td>\n<td class=\"et2\">500CTNS<\/td>\n<\/tr>\n<tr style=\"height: 17.60pt;\">\n<td class=\"et2\" style=\"height: 17.60pt;\" height=\"17\">Muster<\/td>\n<td class=\"et2\">Verf\u00fcgbar<\/td>\n<\/tr>\n<\/tbody>\n<\/table>\n<p>&nbsp;<\/p>\n<p>&nbsp;<\/p>\n<p>&nbsp;<\/p>","protected":false},"featured_media":2074,"comment_status":"open","ping_status":"closed","template":"","meta":{"_acf_changed":false},"product_brand":[],"product_cat":[20],"product_tag":[30],"class_list":{"0":"post-2072","1":"product","2":"type-product","3":"status-publish","4":"has-post-thumbnail","6":"product_cat-bulk-licorice-candy","7":"product_tag-bulk-candies-collection","9":"first","10":"instock","11":"shipping-taxable","12":"product-type-simple"},"acf":[],"_links":{"self":[{"href":"https:\/\/www.lechaocandy.com\/de\/wp-json\/wp\/v2\/product\/2072","targetHints":{"allow":["GET"]}}],"collection":[{"href":"https:\/\/www.lechaocandy.com\/de\/wp-json\/wp\/v2\/product"}],"about":[{"href":"https:\/\/www.lechaocandy.com\/de\/wp-json\/wp\/v2\/types\/product"}],"replies":[{"embeddable":true,"href":"https:\/\/www.lechaocandy.com\/de\/wp-json\/wp\/v2\/comments?post=2072"}],"wp:featuredmedia":[{"embeddable":true,"href":"https:\/\/www.lechaocandy.com\/de\/wp-json\/wp\/v2\/media\/2074"}],"wp:attachment":[{"href":"https:\/\/www.lechaocandy.com\/de\/wp-json\/wp\/v2\/media?parent=2072"}],"wp:term":[{"taxonomy":"product_brand","embeddable":true,"href":"https:\/\/www.lechaocandy.com\/de\/wp-json\/wp\/v2\/product_brand?post=2072"},{"taxonomy":"product_cat","embeddable":true,"href":"https:\/\/www.lechaocandy.com\/de\/wp-json\/wp\/v2\/product_cat?post=2072"},{"taxonomy":"product_tag","embeddable":true,"href":"https:\/\/www.lechaocandy.com\/de\/wp-json\/wp\/v2\/product_tag?post=2072"}],"curies":[{"name":"wp","href":"https:\/\/api.w.org\/{rel}","templated":true}]}}