{"id":2078,"date":"2025-10-21T03:37:57","date_gmt":"2025-10-21T03:37:57","guid":{"rendered":"https:\/\/www.lechaocandy.com\/?post_type=product&#038;p=2078"},"modified":"2025-10-21T03:55:25","modified_gmt":"2025-10-21T03:55:25","slug":"soft-licorice-candy-bulk","status":"publish","type":"product","link":"https:\/\/www.lechaocandy.com\/de\/produkt\/soft-licorice-candy-bulk\/","title":{"rendered":"Weiche Lakritz-Bonbons, LeChao Regenbogen-R\u00f6hren Twister-Bonbons"},"content":{"rendered":"<div class=\"wp-block-columns is-layout-flex wp-container-core-columns-is-layout-9d6595d7 wp-block-columns-is-layout-flex\"><div class=\"wp-block-column is-layout-flow wp-block-column-is-layout-flow\"><h2 class=\"wp-block-heading\">Produkt-Highlights von Soft Licorice Candy Bulk<\/h2>\n\n<ul class=\"wp-block-list\"><li><strong>Buntes, fruchtiges Design:<\/strong> Unsere weichen Lakritz-Bonbons haben Gummistreifen in aufregenden Regenbogenfarben. Die Verbraucher werden von bunten S\u00fc\u00dfigkeitenverpackungen angezogen.<\/li>\n\n<li><strong>Weicher Geschmack:<\/strong> Diese sauren Streifen f\u00fcr den Gro\u00dfhandel haben eine weiche Au\u00dfenseite und einen weichen Kern, der f\u00fcr Kunden aller Altersgruppen k\u00f6stlich schmeckende Bonbons ergibt.<\/li>\n\n<li><strong>Gro\u00dfhandel Lieferung: <\/strong>Wir bieten wettbewerbsf\u00e4hige Preise f\u00fcr weiche Lakritzbonbons in loser Sch\u00fcttung und sind damit eine gute Wahl f\u00fcr Gro\u00dfh\u00e4ndler und Einzelh\u00e4ndler.<\/li>\n\n<li><strong>Hochwertige Inhaltsstoffe: <\/strong>Unsere Gro\u00dfhandels-S\u00e4urestreifen bieten einen hohen Standard an Qualit\u00e4t und Zutaten, um einen schnellen und gleichbleibenden Geschmack f\u00fcr alle Verbraucher und Gesch\u00e4fte zu gew\u00e4hrleisten.<\/li>\n\n<li><strong>Anpassungen: <\/strong>Diese weichen Lakritzbonbons in loser Sch\u00fcttung k\u00f6nnen auf Wunsch mit einer individuellen Verpackung versehen werden, die den Wiedererkennungswert der Marke steigert und den individuellen Marktanforderungen entspricht.<\/li><\/ul><\/div>\n\n<div class=\"wp-block-column is-layout-flow wp-block-column-is-layout-flow\"><figure class=\"wp-block-image size-full\"><img decoding=\"async\" width=\"800\" height=\"800\" src=\"https:\/\/www.lechaocandy.com\/wp-content\/uploads\/2025\/10\/Soft-Licorice-Candy-Bulk-LeChao-Rainbow-Tubes-Twister-Candy-4.webp\" alt=\"Weiche Lakritz-Bonbons lose, LeChao Regenbogen R\u00f6hren Twister Candy-4\" class=\"wp-image-2082\" srcset=\"https:\/\/www.lechaocandy.com\/wp-content\/uploads\/2025\/10\/Soft-Licorice-Candy-Bulk-LeChao-Rainbow-Tubes-Twister-Candy-4.webp 800w, https:\/\/www.lechaocandy.com\/wp-content\/uploads\/2025\/10\/Soft-Licorice-Candy-Bulk-LeChao-Rainbow-Tubes-Twister-Candy-4-300x300.webp 300w, https:\/\/www.lechaocandy.com\/wp-content\/uploads\/2025\/10\/Soft-Licorice-Candy-Bulk-LeChao-Rainbow-Tubes-Twister-Candy-4-150x150.webp 150w, https:\/\/www.lechaocandy.com\/wp-content\/uploads\/2025\/10\/Soft-Licorice-Candy-Bulk-LeChao-Rainbow-Tubes-Twister-Candy-4-768x768.webp 768w, https:\/\/www.lechaocandy.com\/wp-content\/uploads\/2025\/10\/Soft-Licorice-Candy-Bulk-LeChao-Rainbow-Tubes-Twister-Candy-4-12x12.webp 12w, https:\/\/www.lechaocandy.com\/wp-content\/uploads\/2025\/10\/Soft-Licorice-Candy-Bulk-LeChao-Rainbow-Tubes-Twister-Candy-4-600x600.webp 600w, https:\/\/www.lechaocandy.com\/wp-content\/uploads\/2025\/10\/Soft-Licorice-Candy-Bulk-LeChao-Rainbow-Tubes-Twister-Candy-4-100x100.webp 100w\" sizes=\"(max-width: 800px) 100vw, 800px\" \/><\/figure><\/div><\/div>","protected":false},"excerpt":{"rendered":"<p>Willkommen im Gro\u00dfhandel saure Streifen S\u00fc\u00dfigkeiten zu kaufen. LeChao's weiche Lakritze S\u00fc\u00dfigkeiten Bulk verf\u00fcgt \u00fcber ein buntes Design, reichen Geschmack, und lebendige Farben. Geeignet f\u00fcr Gro\u00dfhandel Lieferung, sorgen wir f\u00fcr gro\u00dfe Bed\u00fcrfnisse zu erschwinglichen Preisen und bieten eine Vielzahl von Anpassungsm\u00f6glichkeiten.<\/p>\n<table style=\"border-collapse: collapse; width: 300.02pt;\" border=\"0\" width=\"300\" cellspacing=\"0\" cellpadding=\"0\">\n<tbody>\n<tr style=\"height: 17.60pt;\">\n<td class=\"et2\" style=\"height: 17.60pt; width: 110.80pt;\" width=\"110\" height=\"17\">Hersteller<\/td>\n<td class=\"et2\" style=\"width: 189.95pt;\" width=\"189\">LeChao Bonbons<\/td>\n<\/tr>\n<tr style=\"height: 18.00pt;\">\n<td class=\"et2\" style=\"height: 18.00pt;\" height=\"18\">Produkttyp<\/td>\n<td class=\"et3\" style=\"width: 189.95pt;\" width=\"189\">Gef\u00fcllte Lakritz-Streifen<\/td>\n<\/tr>\n<tr style=\"height: 18.00pt;\">\n<td class=\"et2\" style=\"height: 18.00pt;\" height=\"18\">Geschmack<\/td>\n<td class=\"et3\" style=\"width: 189.95pt;\" width=\"189\">S\u00fc\u00df &amp; sauer &amp; widerstandsf\u00e4hig<\/td>\n<\/tr>\n<tr style=\"height: 17.60pt;\">\n<td class=\"et2\" style=\"height: 17.60pt;\" height=\"17\">MOQ<\/td>\n<td class=\"et2\">500CTNS<\/td>\n<\/tr>\n<tr style=\"height: 17.60pt;\">\n<td class=\"et2\" style=\"height: 17.60pt;\" height=\"17\">Muster<\/td>\n<td class=\"et2\">Verf\u00fcgbar<\/td>\n<\/tr>\n<\/tbody>\n<\/table>\n<p>&nbsp;<\/p>\n<p>&nbsp;<\/p>\n<p>&nbsp;<\/p>","protected":false},"featured_media":2079,"comment_status":"open","ping_status":"closed","template":"","meta":{"_acf_changed":false},"product_brand":[],"product_cat":[20],"product_tag":[30],"class_list":{"0":"post-2078","1":"product","2":"type-product","3":"status-publish","4":"has-post-thumbnail","6":"product_cat-bulk-licorice-candy","7":"product_tag-bulk-candies-collection","9":"first","10":"instock","11":"shipping-taxable","12":"product-type-simple"},"acf":[],"_links":{"self":[{"href":"https:\/\/www.lechaocandy.com\/de\/wp-json\/wp\/v2\/product\/2078","targetHints":{"allow":["GET"]}}],"collection":[{"href":"https:\/\/www.lechaocandy.com\/de\/wp-json\/wp\/v2\/product"}],"about":[{"href":"https:\/\/www.lechaocandy.com\/de\/wp-json\/wp\/v2\/types\/product"}],"replies":[{"embeddable":true,"href":"https:\/\/www.lechaocandy.com\/de\/wp-json\/wp\/v2\/comments?post=2078"}],"wp:featuredmedia":[{"embeddable":true,"href":"https:\/\/www.lechaocandy.com\/de\/wp-json\/wp\/v2\/media\/2079"}],"wp:attachment":[{"href":"https:\/\/www.lechaocandy.com\/de\/wp-json\/wp\/v2\/media?parent=2078"}],"wp:term":[{"taxonomy":"product_brand","embeddable":true,"href":"https:\/\/www.lechaocandy.com\/de\/wp-json\/wp\/v2\/product_brand?post=2078"},{"taxonomy":"product_cat","embeddable":true,"href":"https:\/\/www.lechaocandy.com\/de\/wp-json\/wp\/v2\/product_cat?post=2078"},{"taxonomy":"product_tag","embeddable":true,"href":"https:\/\/www.lechaocandy.com\/de\/wp-json\/wp\/v2\/product_tag?post=2078"}],"curies":[{"name":"wp","href":"https:\/\/api.w.org\/{rel}","templated":true}]}}