{"id":2084,"date":"2025-10-21T03:58:47","date_gmt":"2025-10-21T03:58:47","guid":{"rendered":"https:\/\/www.lechaocandy.com\/?post_type=product&#038;p=2084"},"modified":"2025-10-21T04:08:13","modified_gmt":"2025-10-21T04:08:13","slug":"sour-belts-wholesale","status":"publish","type":"product","link":"https:\/\/www.lechaocandy.com\/de\/produkt\/sour-belts-wholesale\/","title":{"rendered":"LeChao Sour Belts Gro\u00dfhandel, bunte saure Gummibonbons Bulk"},"content":{"rendered":"<div class=\"wp-block-columns is-layout-flex wp-container-core-columns-is-layout-9d6595d7 wp-block-columns-is-layout-flex\"><div class=\"wp-block-column is-layout-flow wp-block-column-is-layout-flow\"><h2 class=\"wp-block-heading\">Produkt-Highlights von Sour Belts Gro\u00dfhandel<\/h2>\n\n<ul class=\"wp-block-list\"><li><strong>S\u00fc\u00df-saurer Geschmack: <\/strong>Unsere sauren G\u00fcrtel im Gro\u00dfhandel haben eine s\u00fc\u00df-saure Geschmackskombination, die verschiedene Geschm\u00e4cker der Verbraucher anspricht und f\u00fcr ein angenehmes Knabbererlebnis sorgt.<\/li>\n\n<li><strong>Satte Farben: <\/strong>Diese sauren G\u00fcrtel aus dem Gro\u00dfhandel sind in leuchtenden Farben verpackt und sorgen f\u00fcr ein optisch ansprechendes Erscheinungsbild, das die Blicke der Kunden auf sich zieht.<\/li>\n\n<li><strong>Lieferung an den Gro\u00dfhandel: <\/strong>Wir bieten Gro\u00dfeink\u00e4ufe f\u00fcr Sauerriemen im Gro\u00dfhandel an und bieten wettbewerbsf\u00e4hige Preise f\u00fcr Einzelh\u00e4ndler, Gro\u00dfabnehmer und Distributoren.<\/li>\n\n<li><strong>Hochwertige Produktion: <\/strong>Unsere sauren Gummibonbons f\u00fcr den Gro\u00dfhandel werden mit erstklassigen Zutaten hergestellt und sorgf\u00e4ltig verarbeitet, um gleichbleibenden Geschmack und Qualit\u00e4t zu gew\u00e4hrleisten.<\/li>\n\n<li><strong>Kundenspezifische Verpackung: <\/strong>Unsere sauren G\u00fcrtel im Gro\u00dfhandel k\u00f6nnen speziell verpackt werden, so dass sie zu jeder kundenspezifischen Verpackung passen, was die Attraktivit\u00e4t Ihrer Marke erh\u00f6ht.<\/li><\/ul><\/div>\n\n<div class=\"wp-block-column is-layout-flow wp-block-column-is-layout-flow\"><figure class=\"wp-block-image size-full\"><img decoding=\"async\" width=\"800\" height=\"800\" src=\"https:\/\/www.lechaocandy.com\/wp-content\/uploads\/2025\/10\/LeChao-Sour-Belts-Wholesale-Colorful-Sour-Gummy-Candy-Bulk-2.webp\" alt=\"LeChao saure G\u00fcrtel Gro\u00dfhandel, bunte saure Gummibonbons Bulk-2\" class=\"wp-image-2086\" srcset=\"https:\/\/www.lechaocandy.com\/wp-content\/uploads\/2025\/10\/LeChao-Sour-Belts-Wholesale-Colorful-Sour-Gummy-Candy-Bulk-2.webp 800w, https:\/\/www.lechaocandy.com\/wp-content\/uploads\/2025\/10\/LeChao-Sour-Belts-Wholesale-Colorful-Sour-Gummy-Candy-Bulk-2-300x300.webp 300w, https:\/\/www.lechaocandy.com\/wp-content\/uploads\/2025\/10\/LeChao-Sour-Belts-Wholesale-Colorful-Sour-Gummy-Candy-Bulk-2-150x150.webp 150w, https:\/\/www.lechaocandy.com\/wp-content\/uploads\/2025\/10\/LeChao-Sour-Belts-Wholesale-Colorful-Sour-Gummy-Candy-Bulk-2-768x768.webp 768w, https:\/\/www.lechaocandy.com\/wp-content\/uploads\/2025\/10\/LeChao-Sour-Belts-Wholesale-Colorful-Sour-Gummy-Candy-Bulk-2-12x12.webp 12w, https:\/\/www.lechaocandy.com\/wp-content\/uploads\/2025\/10\/LeChao-Sour-Belts-Wholesale-Colorful-Sour-Gummy-Candy-Bulk-2-600x600.webp 600w, https:\/\/www.lechaocandy.com\/wp-content\/uploads\/2025\/10\/LeChao-Sour-Belts-Wholesale-Colorful-Sour-Gummy-Candy-Bulk-2-100x100.webp 100w\" sizes=\"(max-width: 800px) 100vw, 800px\" \/><\/figure><\/div><\/div>","protected":false},"excerpt":{"rendered":"<p>Willkommen im Gro\u00dfhandel saure Gummibonbons zu kaufen. LeChao's Regenbogen saure G\u00fcrtel Gro\u00dfhandel bieten k\u00f6stliche s\u00fc\u00df und sauer Geschmacksrichtungen, sowie eine kaubare Textur. Diese Faktoren machen diese Bonbons eine gro\u00dfe S\u00fc\u00dfigkeit f\u00fcr jedermann.<\/p>\n<table style=\"border-collapse: collapse; width: 300.02pt;\" border=\"0\" width=\"300\" cellspacing=\"0\" cellpadding=\"0\">\n<tbody>\n<tr style=\"height: 17.60pt;\">\n<td class=\"et2\" style=\"height: 17.60pt; width: 110.80pt;\" width=\"110\" height=\"17\">Hersteller<\/td>\n<td class=\"et2\" style=\"width: 189.95pt;\" width=\"189\">LeChao Bonbons<\/td>\n<\/tr>\n<tr style=\"height: 18.00pt;\">\n<td class=\"et2\" style=\"height: 18.00pt;\" height=\"18\">Produkttyp<\/td>\n<td class=\"et3\" style=\"width: 189.95pt;\" width=\"189\">Lakritz-Sauergurte<\/td>\n<\/tr>\n<tr style=\"height: 18.00pt;\">\n<td class=\"et2\" style=\"height: 18.00pt;\" height=\"18\">Geschmack<\/td>\n<td class=\"et3\" style=\"width: 189.95pt;\" width=\"189\">S\u00fc\u00df &amp; sauer &amp; widerstandsf\u00e4hig<\/td>\n<\/tr>\n<tr style=\"height: 17.60pt;\">\n<td class=\"et2\" style=\"height: 17.60pt;\" height=\"17\">MOQ<\/td>\n<td class=\"et2\">500CTNS<\/td>\n<\/tr>\n<tr style=\"height: 17.60pt;\">\n<td class=\"et2\" style=\"height: 17.60pt;\" height=\"17\">Muster<\/td>\n<td class=\"et2\">Verf\u00fcgbar<\/td>\n<\/tr>\n<\/tbody>\n<\/table>\n<p>&nbsp;<\/p>\n<p>&nbsp;<\/p>\n<p>&nbsp;<\/p>","protected":false},"featured_media":2085,"comment_status":"open","ping_status":"closed","template":"","meta":{"_acf_changed":false},"product_brand":[],"product_cat":[20],"product_tag":[30],"class_list":{"0":"post-2084","1":"product","2":"type-product","3":"status-publish","4":"has-post-thumbnail","6":"product_cat-bulk-licorice-candy","7":"product_tag-bulk-candies-collection","9":"first","10":"instock","11":"shipping-taxable","12":"product-type-simple"},"acf":[],"_links":{"self":[{"href":"https:\/\/www.lechaocandy.com\/de\/wp-json\/wp\/v2\/product\/2084","targetHints":{"allow":["GET"]}}],"collection":[{"href":"https:\/\/www.lechaocandy.com\/de\/wp-json\/wp\/v2\/product"}],"about":[{"href":"https:\/\/www.lechaocandy.com\/de\/wp-json\/wp\/v2\/types\/product"}],"replies":[{"embeddable":true,"href":"https:\/\/www.lechaocandy.com\/de\/wp-json\/wp\/v2\/comments?post=2084"}],"wp:featuredmedia":[{"embeddable":true,"href":"https:\/\/www.lechaocandy.com\/de\/wp-json\/wp\/v2\/media\/2085"}],"wp:attachment":[{"href":"https:\/\/www.lechaocandy.com\/de\/wp-json\/wp\/v2\/media?parent=2084"}],"wp:term":[{"taxonomy":"product_brand","embeddable":true,"href":"https:\/\/www.lechaocandy.com\/de\/wp-json\/wp\/v2\/product_brand?post=2084"},{"taxonomy":"product_cat","embeddable":true,"href":"https:\/\/www.lechaocandy.com\/de\/wp-json\/wp\/v2\/product_cat?post=2084"},{"taxonomy":"product_tag","embeddable":true,"href":"https:\/\/www.lechaocandy.com\/de\/wp-json\/wp\/v2\/product_tag?post=2084"}],"curies":[{"name":"wp","href":"https:\/\/api.w.org\/{rel}","templated":true}]}}