{"id":2112,"date":"2025-10-28T08:27:43","date_gmt":"2025-10-28T08:27:43","guid":{"rendered":"https:\/\/www.lechaocandy.com\/?post_type=product&#038;p=2112"},"modified":"2025-10-28T08:54:25","modified_gmt":"2025-10-28T08:54:25","slug":"gummy-butterflies-bulk","status":"publish","type":"product","link":"https:\/\/www.lechaocandy.com\/de\/produkt\/gummy-butterflies-bulk\/","title":{"rendered":"Fruchtgeschmack Gummischmetterlinge Bulk, Gro\u00dfhandel Soft Candies"},"content":{"rendered":"<div class=\"wp-block-columns is-layout-flex wp-container-core-columns-is-layout-9d6595d7 wp-block-columns-is-layout-flex\"><div class=\"wp-block-column is-layout-flow wp-block-column-is-layout-flow\"><h2 class=\"wp-block-heading\">Produkt-Highlights von Gummy Butterflies Bulk<\/h2>\n\n<ul class=\"wp-block-list\"><li><strong>Niedlich und auff\u00e4llig: <\/strong>Die niedliche Form und die leuchtende Farbkombination aller Schmetterlingsgummis erregen die Aufmerksamkeit von Kindern und jungen Erwachsenen gleicherma\u00dfen und wecken den Wunsch, sie im Gesch\u00e4ft oder auf Partys zu kaufen.<\/li>\n\n<li><strong>Verschiedene Geschmacksrichtungen, vielf\u00e4ltige Optionen: <\/strong>Unser Gro\u00dfhandel Gummibonbons kommen mit einer klassischen Auswahl an Lieblings-Fruchtgeschmack Optionen (Erdbeere, Orange, Zitrone, etc.). Dies bedeutet, dass unsere gummi Schmetterlinge kommen mit einem weichen und kauen S\u00fc\u00dfigkeiten Textur, die angenehm f\u00fcr alle Geschm\u00e4cker und herrlich mit jedem kauen ist.<\/li>\n\n<li><strong>Gro\u00dfverpackung, Super Value: <\/strong>Unsere Schmetterlingsgummis sind in gr\u00f6\u00dferen Mengen verpackt, was die Kosten pro St\u00fcck erheblich senkt und S\u00fc\u00dfwarenh\u00e4ndlern, Veranstaltungsplanern und Schulgruppen wettbewerbsf\u00e4hige Preise erm\u00f6glicht.<\/li>\n\n<li><strong>Breite Anwendungen: <\/strong>Unsere Gro\u00dfhandelsgummibonbons eignen sich nicht nur f\u00fcr den t\u00e4glichen Verzehr, sondern auch perfekt zum Dekorieren und Versch\u00f6nern von Geburtstagspartys, Hochzeitsdesserttischen, Urlaubsfeiern und extravaganten Zeichentrickfiguren, die leicht f\u00fcr eine festliche Atmosph\u00e4re sorgen.<\/li>\n\n<li><strong>Qualit\u00e4tssicherung, flexible Zusammenarbeit: <\/strong>LeChao unterh\u00e4lt strenge Kontrollen mit Produktionsstandards, um eine gleichbleibende Qualit\u00e4t unserer Schmetterlingsgummis zu gew\u00e4hrleisten. Wir unterst\u00fctzen auch OEM und Gro\u00dfeink\u00e4ufe, mit flexiblen Methoden nach Ihren Bed\u00fcrfnissen.<\/li><\/ul><\/div>\n\n<div class=\"wp-block-column is-layout-flow wp-block-column-is-layout-flow\"><figure class=\"wp-block-image size-full\"><img decoding=\"async\" width=\"800\" height=\"800\" src=\"https:\/\/www.lechaocandy.com\/wp-content\/uploads\/2025\/10\/Fruit-Flavor-Gummy-Butterflies-Bulk-Wholesale-Soft-Candies-3.webp\" alt=\"Fruchtgeschmack Gummischmetterlinge Bulk, Gro\u00dfhandel Soft Candies-3\" class=\"wp-image-2115\" srcset=\"https:\/\/www.lechaocandy.com\/wp-content\/uploads\/2025\/10\/Fruit-Flavor-Gummy-Butterflies-Bulk-Wholesale-Soft-Candies-3.webp 800w, https:\/\/www.lechaocandy.com\/wp-content\/uploads\/2025\/10\/Fruit-Flavor-Gummy-Butterflies-Bulk-Wholesale-Soft-Candies-3-300x300.webp 300w, https:\/\/www.lechaocandy.com\/wp-content\/uploads\/2025\/10\/Fruit-Flavor-Gummy-Butterflies-Bulk-Wholesale-Soft-Candies-3-150x150.webp 150w, https:\/\/www.lechaocandy.com\/wp-content\/uploads\/2025\/10\/Fruit-Flavor-Gummy-Butterflies-Bulk-Wholesale-Soft-Candies-3-768x768.webp 768w, https:\/\/www.lechaocandy.com\/wp-content\/uploads\/2025\/10\/Fruit-Flavor-Gummy-Butterflies-Bulk-Wholesale-Soft-Candies-3-12x12.webp 12w, https:\/\/www.lechaocandy.com\/wp-content\/uploads\/2025\/10\/Fruit-Flavor-Gummy-Butterflies-Bulk-Wholesale-Soft-Candies-3-600x600.webp 600w, https:\/\/www.lechaocandy.com\/wp-content\/uploads\/2025\/10\/Fruit-Flavor-Gummy-Butterflies-Bulk-Wholesale-Soft-Candies-3-100x100.webp 100w\" sizes=\"(max-width: 800px) 100vw, 800px\" \/><\/figure><\/div><\/div>","protected":false},"excerpt":{"rendered":"<p>Willkommen zu kaufen gummi Schmetterlinge bulk. Diese Gro\u00dfhandel Gummibonbons sind niedlich, bunt, schmetterlingsf\u00f6rmig, und sind weich und Kaubonbons mit einer Vielzahl von gemischten Fruchtgeschmacksrichtungen.<\/p>\n<table style=\"border-collapse: collapse; width: 300.02pt;\" border=\"0\" width=\"300\" cellspacing=\"0\" cellpadding=\"0\">\n<tbody>\n<tr style=\"height: 17.60pt;\">\n<td class=\"et2\" style=\"height: 17.60pt; width: 110.80pt;\" width=\"110\" height=\"17\">Hersteller<\/td>\n<td class=\"et2\" style=\"width: 189.95pt;\" width=\"189\">LeChao Bonbons<\/td>\n<\/tr>\n<tr style=\"height: 18.00pt;\">\n<td class=\"et2\" style=\"height: 18.00pt;\" height=\"18\">Produkttyp<\/td>\n<td class=\"et3\" style=\"width: 189.95pt;\" width=\"189\">Schmetterling Gummibonbon<\/td>\n<\/tr>\n<tr style=\"height: 18.00pt;\">\n<td class=\"et2\" style=\"height: 18.00pt;\" height=\"18\">Geschmack<\/td>\n<td class=\"et3\" style=\"width: 189.95pt;\" width=\"189\">S\u00fc\u00df &amp; sauer &amp; widerstandsf\u00e4hig<\/td>\n<\/tr>\n<tr style=\"height: 17.60pt;\">\n<td class=\"et2\" style=\"height: 17.60pt;\" height=\"17\">Spezifikation<\/td>\n<td class=\"et2\">25gx12csx20Kartons<\/td>\n<\/tr>\n<tr style=\"height: 17.60pt;\">\n<td class=\"et2\" style=\"height: 17.60pt;\" height=\"17\">Gr\u00f6\u00dfe des Kartons<\/td>\n<td class=\"et2\">53*26*34cm<\/td>\n<\/tr>\n<tr style=\"height: 17.60pt;\">\n<td class=\"et2\" style=\"height: 17.60pt;\" height=\"17\">N.W.\/Karton<\/td>\n<td class=\"et2\">8.0kg<\/td>\n<\/tr>\n<tr style=\"height: 17.60pt;\">\n<td class=\"et2\" style=\"height: 17.60pt;\" height=\"17\">Preis<\/td>\n<td class=\"et2\">28.8USD<\/td>\n<\/tr>\n<tr style=\"height: 17.60pt;\">\n<td class=\"et2\" style=\"height: 17.60pt;\" height=\"17\">MOQ<\/td>\n<td class=\"et2\">500CTNS<\/td>\n<\/tr>\n<tr style=\"height: 17.60pt;\">\n<td class=\"et2\" style=\"height: 17.60pt;\" height=\"17\">Muster<\/td>\n<td class=\"et2\">Verf\u00fcgbar<\/td>\n<\/tr>\n<\/tbody>\n<\/table>\n<p>&nbsp;<\/p>\n<p>&nbsp;<\/p>\n<p>&nbsp;<\/p>","protected":false},"featured_media":2116,"comment_status":"open","ping_status":"closed","template":"","meta":{"_acf_changed":false},"product_brand":[],"product_cat":[19],"product_tag":[],"class_list":{"0":"post-2112","1":"product","2":"type-product","3":"status-publish","4":"has-post-thumbnail","6":"product_cat-wholesale-gummy-manufacturer","8":"first","9":"instock","10":"shipping-taxable","11":"product-type-simple"},"acf":[],"_links":{"self":[{"href":"https:\/\/www.lechaocandy.com\/de\/wp-json\/wp\/v2\/product\/2112","targetHints":{"allow":["GET"]}}],"collection":[{"href":"https:\/\/www.lechaocandy.com\/de\/wp-json\/wp\/v2\/product"}],"about":[{"href":"https:\/\/www.lechaocandy.com\/de\/wp-json\/wp\/v2\/types\/product"}],"replies":[{"embeddable":true,"href":"https:\/\/www.lechaocandy.com\/de\/wp-json\/wp\/v2\/comments?post=2112"}],"wp:featuredmedia":[{"embeddable":true,"href":"https:\/\/www.lechaocandy.com\/de\/wp-json\/wp\/v2\/media\/2116"}],"wp:attachment":[{"href":"https:\/\/www.lechaocandy.com\/de\/wp-json\/wp\/v2\/media?parent=2112"}],"wp:term":[{"taxonomy":"product_brand","embeddable":true,"href":"https:\/\/www.lechaocandy.com\/de\/wp-json\/wp\/v2\/product_brand?post=2112"},{"taxonomy":"product_cat","embeddable":true,"href":"https:\/\/www.lechaocandy.com\/de\/wp-json\/wp\/v2\/product_cat?post=2112"},{"taxonomy":"product_tag","embeddable":true,"href":"https:\/\/www.lechaocandy.com\/de\/wp-json\/wp\/v2\/product_tag?post=2112"}],"curies":[{"name":"wp","href":"https:\/\/api.w.org\/{rel}","templated":true}]}}