{"id":2124,"date":"2025-10-28T09:27:07","date_gmt":"2025-10-28T09:27:07","guid":{"rendered":"https:\/\/www.lechaocandy.com\/?post_type=product&#038;p=2124"},"modified":"2026-04-18T02:58:04","modified_gmt":"2026-04-18T02:58:04","slug":"bulk-buy-soft-sweets","status":"publish","type":"product","link":"https:\/\/www.lechaocandy.com\/de\/produkt\/bulk-buy-soft-sweets\/","title":{"rendered":"Bulk Buy Soft Sweets, Gro\u00dfhandel Pizza Burger Cola Gummies"},"content":{"rendered":"<div class=\"wp-block-columns is-layout-flex wp-container-core-columns-is-layout-9d6595d7 wp-block-columns-is-layout-flex\"><div class=\"wp-block-column is-layout-flow wp-block-column-is-layout-flow\"><h2 class=\"wp-block-heading\">Produkt-Highlights von Bulk Buy Soft Sweets<\/h2>\n\n<ul class=\"wp-block-list\"><li><strong>Kreative und lustige Fast-Food-Designs: <\/strong>Unsere in gro\u00dfen Mengen gekauften weichen Bonbons sind Gummibonbons, die Fastfood-Produkte wie Pizza, Burger und Cola in Gummigeschmacksrichtungen verwandelt haben, die immer so s\u00fc\u00df schmecken. Sie sind lustig und lebendig Designs, die gro\u00dfe Blickfang sind.<\/li>\n\n<li><strong>Einzeln verpackt f\u00fcr Komfort und Hygiene: <\/strong>Unsere Pizza-, Burger- und Cola-Gummis f\u00fcr den Gro\u00dfhandel werden als komplette \"Fast-Food-Kombination\" geliefert, so dass sie leicht zu transportieren, zu verteilen und hygienisch zu verkaufen sind.<\/li>\n\n<li><strong>Weiche Textur, bunte Aromen:<\/strong> Diese Pizza-, Burger- und Cola-Gummis f\u00fcr den Gro\u00dfhandel sind weich und z\u00e4h, haben unterschiedliche Formen, die verschiedenen Fruchtgeschmacksrichtungen entsprechen, und eine Vielzahl von Farben, die den Verbrauchern ein lustiges und angenehmes Geschmackserlebnis bieten.<\/li>\n\n<li><strong>Anpassbare Verpackungen f\u00fcr einzigartiges Branding: <\/strong>Wir bieten OEM-Verpackungsanpassung. Sie k\u00f6nnen Ihr Logo und Ihr Design auf Ihre gro\u00dfvolumigen Softbonbons drucken, um ein einzigartiges Produkt zu schaffen und Ihr Markenimage zu verbessern.<\/li>\n\n<li><strong>Gro\u00dfer Wert: <\/strong>Wir haben uns auf hochwertige Gro\u00dfhandelsdienstleistungen f\u00fcr lose Weichkaramellen spezialisiert. Unsere Gro\u00dfeink\u00e4ufe bieten wettbewerbsf\u00e4hige Preise und machen uns zu einer idealen Wahl f\u00fcr Einzelh\u00e4ndler und Distributoren.<\/li><\/ul><\/div>\n\n<div class=\"wp-block-column is-layout-flow wp-block-column-is-layout-flow\"><figure class=\"wp-block-image size-full\"><img decoding=\"async\" width=\"800\" height=\"800\" src=\"https:\/\/www.lechaocandy.com\/wp-content\/uploads\/2025\/10\/Bulk-Buy-Soft-Sweets-Wholesale-Pizza-Burger-Cola-Gummies-4.webp\" alt=\"Bulk Buy Soft Sweets, Gro\u00dfhandel Pizza Burger Cola Gummies-4\" class=\"wp-image-2128\" srcset=\"https:\/\/www.lechaocandy.com\/wp-content\/uploads\/2025\/10\/Bulk-Buy-Soft-Sweets-Wholesale-Pizza-Burger-Cola-Gummies-4.webp 800w, https:\/\/www.lechaocandy.com\/wp-content\/uploads\/2025\/10\/Bulk-Buy-Soft-Sweets-Wholesale-Pizza-Burger-Cola-Gummies-4-300x300.webp 300w, https:\/\/www.lechaocandy.com\/wp-content\/uploads\/2025\/10\/Bulk-Buy-Soft-Sweets-Wholesale-Pizza-Burger-Cola-Gummies-4-150x150.webp 150w, https:\/\/www.lechaocandy.com\/wp-content\/uploads\/2025\/10\/Bulk-Buy-Soft-Sweets-Wholesale-Pizza-Burger-Cola-Gummies-4-768x768.webp 768w, https:\/\/www.lechaocandy.com\/wp-content\/uploads\/2025\/10\/Bulk-Buy-Soft-Sweets-Wholesale-Pizza-Burger-Cola-Gummies-4-12x12.webp 12w, https:\/\/www.lechaocandy.com\/wp-content\/uploads\/2025\/10\/Bulk-Buy-Soft-Sweets-Wholesale-Pizza-Burger-Cola-Gummies-4-600x600.webp 600w, https:\/\/www.lechaocandy.com\/wp-content\/uploads\/2025\/10\/Bulk-Buy-Soft-Sweets-Wholesale-Pizza-Burger-Cola-Gummies-4-100x100.webp 100w\" sizes=\"(max-width: 800px) 100vw, 800px\" \/><\/figure><\/div><\/div><figure class=\"wp-block-embed is-type-video is-provider-youtube wp-block-embed-youtube wp-embed-aspect-16-9 wp-has-aspect-ratio\"><div class=\"wp-block-embed__wrapper\">\n<iframe title=\"Vibrant Mini Gummy Pizzas for Wholesale, Lechao Candy Factory\" width=\"500\" height=\"281\" src=\"https:\/\/www.youtube.com\/embed\/V5tVTIIXzPA?feature=oembed\" frameborder=\"0\" allow=\"accelerometer; autoplay; clipboard-write; encrypted-media; gyroscope; picture-in-picture; web-share\" referrerpolicy=\"strict-origin-when-cross-origin\" allowfullscreen><\/iframe>\n<\/div><\/figure>","protected":false},"excerpt":{"rendered":"<p>Willkommen beim Gro\u00dfhandel f\u00fcr weiche Bonbons! Unsere k\u00f6stlichen Pizza-, Burger- und Cola-Gummis im Gro\u00dfhandel sind alle sehr weich und z\u00e4h und werden in verschiedenen gemischten Fruchtgeschmacksrichtungen angeboten. Kundenspezifische Verpackungen sind f\u00fcr Ihre Marken-Soft-Bonbons erh\u00e4ltlich.<\/p>\n<table style=\"border-collapse: collapse; width: 300.02pt;\" border=\"0\" width=\"300\" cellspacing=\"0\" cellpadding=\"0\">\n<tbody>\n<tr style=\"height: 17.60pt;\">\n<td class=\"et2\" style=\"height: 17.60pt; width: 110.80pt;\" width=\"110\" height=\"17\">Hersteller<\/td>\n<td class=\"et2\" style=\"width: 189.95pt;\" width=\"189\">LeChao Bonbons<\/td>\n<\/tr>\n<tr style=\"height: 18.00pt;\">\n<td class=\"et2\" style=\"height: 18.00pt;\" height=\"18\">Produkttyp<\/td>\n<td class=\"et3\" style=\"width: 189.95pt;\" width=\"189\">Burger Cola Gummibonbon<\/td>\n<\/tr>\n<tr style=\"height: 18.00pt;\">\n<td class=\"et2\" style=\"height: 18.00pt;\" height=\"18\">Geschmack<\/td>\n<td class=\"et3\" style=\"width: 189.95pt;\" width=\"189\">S\u00fc\u00df &amp; sauer &amp; widerstandsf\u00e4hig<\/td>\n<\/tr>\n<tr style=\"height: 17.60pt;\">\n<td class=\"et2\" style=\"height: 17.60pt;\" height=\"17\">Spezifikation<\/td>\n<td class=\"et2\">15gx24St\u00fcckx12Kartons<\/td>\n<\/tr>\n<tr style=\"height: 17.60pt;\">\n<td class=\"et2\" style=\"height: 17.60pt;\" height=\"17\">Gr\u00f6\u00dfe des Kartons<\/td>\n<td class=\"et2\">39*29*26,5cm<\/td>\n<\/tr>\n<tr style=\"height: 17.60pt;\">\n<td class=\"et2\" style=\"height: 17.60pt;\" height=\"17\">N.W.\/Karton<\/td>\n<td class=\"et2\">8.0kg<\/td>\n<\/tr>\n<tr style=\"height: 17.60pt;\">\n<td class=\"et2\" style=\"height: 17.60pt;\" height=\"17\">Preis<\/td>\n<td class=\"et2\">19.6USD<\/td>\n<\/tr>\n<tr style=\"height: 17.60pt;\">\n<td class=\"et2\" style=\"height: 17.60pt;\" height=\"17\">MOQ<\/td>\n<td class=\"et2\">500CTNS<\/td>\n<\/tr>\n<tr style=\"height: 17.60pt;\">\n<td class=\"et2\" style=\"height: 17.60pt;\" height=\"17\">Muster<\/td>\n<td class=\"et2\">Verf\u00fcgbar<\/td>\n<\/tr>\n<\/tbody>\n<\/table>\n<p>&nbsp;<\/p>\n<p>&nbsp;<\/p>\n<p>&nbsp;<\/p>","protected":false},"featured_media":2126,"comment_status":"open","ping_status":"closed","template":"","meta":{"_acf_changed":false},"product_brand":[],"product_cat":[19],"product_tag":[],"class_list":{"0":"post-2124","1":"product","2":"type-product","3":"status-publish","4":"has-post-thumbnail","6":"product_cat-wholesale-gummy-manufacturer","8":"first","9":"instock","10":"shipping-taxable","11":"product-type-simple"},"acf":[],"_links":{"self":[{"href":"https:\/\/www.lechaocandy.com\/de\/wp-json\/wp\/v2\/product\/2124","targetHints":{"allow":["GET"]}}],"collection":[{"href":"https:\/\/www.lechaocandy.com\/de\/wp-json\/wp\/v2\/product"}],"about":[{"href":"https:\/\/www.lechaocandy.com\/de\/wp-json\/wp\/v2\/types\/product"}],"replies":[{"embeddable":true,"href":"https:\/\/www.lechaocandy.com\/de\/wp-json\/wp\/v2\/comments?post=2124"}],"wp:featuredmedia":[{"embeddable":true,"href":"https:\/\/www.lechaocandy.com\/de\/wp-json\/wp\/v2\/media\/2126"}],"wp:attachment":[{"href":"https:\/\/www.lechaocandy.com\/de\/wp-json\/wp\/v2\/media?parent=2124"}],"wp:term":[{"taxonomy":"product_brand","embeddable":true,"href":"https:\/\/www.lechaocandy.com\/de\/wp-json\/wp\/v2\/product_brand?post=2124"},{"taxonomy":"product_cat","embeddable":true,"href":"https:\/\/www.lechaocandy.com\/de\/wp-json\/wp\/v2\/product_cat?post=2124"},{"taxonomy":"product_tag","embeddable":true,"href":"https:\/\/www.lechaocandy.com\/de\/wp-json\/wp\/v2\/product_tag?post=2124"}],"curies":[{"name":"wp","href":"https:\/\/api.w.org\/{rel}","templated":true}]}}