{"id":2159,"date":"2025-11-04T07:10:09","date_gmt":"2025-11-04T07:10:09","guid":{"rendered":"https:\/\/www.lechaocandy.com\/?post_type=product&#038;p=2159"},"modified":"2025-11-04T07:50:59","modified_gmt":"2025-11-04T07:50:59","slug":"bulk-gummy-candy-pizza","status":"publish","type":"product","link":"https:\/\/www.lechaocandy.com\/de\/produkt\/bulk-gummy-candy-pizza\/","title":{"rendered":"Bulk Gummibonbon-Pizza, einzeln verpackt mit winziger Gabel"},"content":{"rendered":"<div class=\"wp-block-columns is-layout-flex wp-container-core-columns-is-layout-9d6595d7 wp-block-columns-is-layout-flex\"><div class=\"wp-block-column is-layout-flow wp-block-column-is-layout-flow\"><h2 class=\"wp-block-heading\">Produkt-Highlights von Bulk Gummy Candy Pizza<\/h2>\n\n<ul class=\"wp-block-list\"><li><strong>Kreatives Design, voller Spa\u00df:<\/strong> Diese gro\u00dfvolumigen Gummibonbon-Pizzen haben die Form einer dreieckigen Pizzascheibe mit roten \"Wurst\"- und gr\u00fcnen \"Paprika\"-St\u00fccken, die die Oberseite zieren und sie realistisch und niedlich machen! Sie bieten die Funktionalit\u00e4t eines Snacks und den Spa\u00df eines Spielzeugs. Daher eignen sie sich hervorragend f\u00fcr Kindergeburtstage, thematische Veranstaltungen und\/oder andere Arten von Zusammenk\u00fcnften.<\/li>\n\n<li><strong>Einzelverpackung, praktisch und hygienisch:<\/strong> Diese Gro\u00dfhandelsgummibonbons sind einzeln mit einer Schutzschicht verpackt. Diese Schutzschicht verhindert das Eindringen von Feuchtigkeit, so dass die Gummibonbons ihre weiche Textur behalten und keimfrei bleiben, so dass sie leicht zu transportieren, zu verteilen und zu lagern sind.<\/li>\n\n<li><strong>Inklusive Minigabel, Verbesserte Erfahrung: <\/strong>Jede gro\u00dfe Gummibonbon-Pizza ist mit einer Minigabel verpackt, um das Verzehrerlebnis noch unterhaltsamer und nostalgischer zu gestalten. Die Gabel erm\u00f6glicht es au\u00dferdem, die Bonbons zu verzehren, ohne dass die H\u00e4nde direkt damit in Ber\u00fchrung kommen, was f\u00fcr den Verbraucher hygienischer und r\u00fccksichtsvoller ist.<\/li>\n\n<li><strong>Kr\u00e4ftige Farben, die ins Auge fallen: <\/strong>Unser Gro\u00dfhandel Gummibonbons verf\u00fcgen \u00fcber einen Spa\u00df, hellen Farbverlauf Design in Farben wie rot, gelb und gr\u00fcn, so dass eine gro\u00dfe visuelle Aussage, die auf den Regalen oder in Geschenkk\u00f6rben steht, stimuliert Kauflust und versuchen.<\/li>\n\n<li><strong>Unterst\u00fctzt Massenanpassung, flexibel und effizient:<\/strong> Unterst\u00fctzt kundenspezifische Verpackungen, Spezifikationen und Logos, um den Werbebedarf f\u00fcr verschiedene Aktivit\u00e4ten und Kan\u00e4le zu decken. Ein umfangreicher Lagerbestand erm\u00f6glicht eine schnelle Lieferung in gro\u00dfen Mengen und tr\u00e4gt dazu bei, Werbeaktionen und das Urlaubsmarketing effizient voranzutreiben.<\/li><\/ul><\/div>\n\n<div class=\"wp-block-column is-layout-flow wp-block-column-is-layout-flow\"><figure class=\"wp-block-image size-full\"><img decoding=\"async\" width=\"800\" height=\"800\" src=\"https:\/\/www.lechaocandy.com\/wp-content\/uploads\/2025\/11\/Bulk-Gummy-Candy-Pizza-Individually-Packaged-With-Tiny-Fork-1.webp\" alt=\"Gro\u00dfpackung Gummibonbons Pizza, einzeln verpackt mit winziger Gabel-1\" class=\"wp-image-2166\" srcset=\"https:\/\/www.lechaocandy.com\/wp-content\/uploads\/2025\/11\/Bulk-Gummy-Candy-Pizza-Individually-Packaged-With-Tiny-Fork-1.webp 800w, https:\/\/www.lechaocandy.com\/wp-content\/uploads\/2025\/11\/Bulk-Gummy-Candy-Pizza-Individually-Packaged-With-Tiny-Fork-1-300x300.webp 300w, https:\/\/www.lechaocandy.com\/wp-content\/uploads\/2025\/11\/Bulk-Gummy-Candy-Pizza-Individually-Packaged-With-Tiny-Fork-1-150x150.webp 150w, https:\/\/www.lechaocandy.com\/wp-content\/uploads\/2025\/11\/Bulk-Gummy-Candy-Pizza-Individually-Packaged-With-Tiny-Fork-1-768x768.webp 768w, https:\/\/www.lechaocandy.com\/wp-content\/uploads\/2025\/11\/Bulk-Gummy-Candy-Pizza-Individually-Packaged-With-Tiny-Fork-1-12x12.webp 12w, https:\/\/www.lechaocandy.com\/wp-content\/uploads\/2025\/11\/Bulk-Gummy-Candy-Pizza-Individually-Packaged-With-Tiny-Fork-1-600x600.webp 600w, https:\/\/www.lechaocandy.com\/wp-content\/uploads\/2025\/11\/Bulk-Gummy-Candy-Pizza-Individually-Packaged-With-Tiny-Fork-1-100x100.webp 100w\" sizes=\"(max-width: 800px) 100vw, 800px\" \/><\/figure><\/div><\/div>","protected":false},"excerpt":{"rendered":"<p>Willkommen im Gro\u00dfhandel Gummibonbons bestellen! Lechao f\u00fchrt lose Gummibonbon-Pizzen ein, die auf realistische Weise bunt gef\u00e4rbt sind und wie dreieckige Pizzast\u00fccke mit Belag aussehen. Dies schafft ein lebendiges und skurriles Design.<\/p>\n<table style=\"border-collapse: collapse; width: 329.02pt;\" border=\"0\" width=\"329\" cellspacing=\"0\" cellpadding=\"0\">\n<tbody>\n<tr style=\"height: 17.60pt;\">\n<td class=\"et2\" style=\"height: 17.60pt; width: 110.80pt;\" width=\"110\" height=\"17\">Hersteller<\/td>\n<td class=\"et2\" style=\"width: 219.15pt;\" width=\"219\">LeChao Bonbons<\/td>\n<\/tr>\n<tr style=\"height: 18.00pt;\">\n<td class=\"et2\" style=\"height: 18.00pt;\" height=\"18\">Produkttyp<\/td>\n<td class=\"et3\" style=\"width: 219.15pt;\" width=\"219\">Pizza Gummibonbon<\/td>\n<\/tr>\n<tr style=\"height: 18.00pt;\">\n<td class=\"et2\" style=\"height: 18.00pt;\" height=\"18\">Geschmack<\/td>\n<td class=\"et3\" style=\"width: 219.15pt;\" width=\"219\">S\u00fc\u00df &amp; sauer &amp; widerstandsf\u00e4hig<\/td>\n<\/tr>\n<tr style=\"height: 17.60pt;\">\n<td class=\"et2\" style=\"height: 17.60pt;\" height=\"17\">Spezifikation<\/td>\n<td class=\"et2\">15gx24St\u00fcckx12Kartons<\/td>\n<\/tr>\n<tr style=\"height: 17.60pt;\">\n<td class=\"et2\" style=\"height: 17.60pt;\" height=\"17\">Gr\u00f6\u00dfe des Kartons<\/td>\n<td class=\"et2\">42\u00d732,5\u00d725,5cm<\/td>\n<\/tr>\n<tr style=\"height: 17.60pt;\">\n<td class=\"et2\" style=\"height: 17.60pt;\" height=\"17\">N.W.\/Karton<\/td>\n<td class=\"et2\">7.0kg<\/td>\n<\/tr>\n<tr style=\"height: 17.60pt;\">\n<td class=\"et2\" style=\"height: 17.60pt;\" height=\"17\">Preis<\/td>\n<td class=\"et2\">19.6USD<\/td>\n<\/tr>\n<tr style=\"height: 17.60pt;\">\n<td class=\"et2\" style=\"height: 17.60pt;\" height=\"17\">MOQ<\/td>\n<td class=\"et2\">800CTNS<\/td>\n<\/tr>\n<tr style=\"height: 17.60pt;\">\n<td class=\"et2\" style=\"height: 17.60pt;\" height=\"17\">Muster<\/td>\n<td class=\"et2\">Verf\u00fcgbar<\/td>\n<\/tr>\n<\/tbody>\n<\/table>\n<p>&nbsp;<\/p>","protected":false},"featured_media":2167,"comment_status":"open","ping_status":"closed","template":"","meta":{"_acf_changed":false},"product_brand":[],"product_cat":[19],"product_tag":[],"class_list":{"0":"post-2159","1":"product","2":"type-product","3":"status-publish","4":"has-post-thumbnail","6":"product_cat-wholesale-gummy-manufacturer","8":"first","9":"instock","10":"shipping-taxable","11":"product-type-simple"},"acf":[],"_links":{"self":[{"href":"https:\/\/www.lechaocandy.com\/de\/wp-json\/wp\/v2\/product\/2159","targetHints":{"allow":["GET"]}}],"collection":[{"href":"https:\/\/www.lechaocandy.com\/de\/wp-json\/wp\/v2\/product"}],"about":[{"href":"https:\/\/www.lechaocandy.com\/de\/wp-json\/wp\/v2\/types\/product"}],"replies":[{"embeddable":true,"href":"https:\/\/www.lechaocandy.com\/de\/wp-json\/wp\/v2\/comments?post=2159"}],"wp:featuredmedia":[{"embeddable":true,"href":"https:\/\/www.lechaocandy.com\/de\/wp-json\/wp\/v2\/media\/2167"}],"wp:attachment":[{"href":"https:\/\/www.lechaocandy.com\/de\/wp-json\/wp\/v2\/media?parent=2159"}],"wp:term":[{"taxonomy":"product_brand","embeddable":true,"href":"https:\/\/www.lechaocandy.com\/de\/wp-json\/wp\/v2\/product_brand?post=2159"},{"taxonomy":"product_cat","embeddable":true,"href":"https:\/\/www.lechaocandy.com\/de\/wp-json\/wp\/v2\/product_cat?post=2159"},{"taxonomy":"product_tag","embeddable":true,"href":"https:\/\/www.lechaocandy.com\/de\/wp-json\/wp\/v2\/product_tag?post=2159"}],"curies":[{"name":"wp","href":"https:\/\/api.w.org\/{rel}","templated":true}]}}