{"id":2171,"date":"2025-11-04T07:53:54","date_gmt":"2025-11-04T07:53:54","guid":{"rendered":"https:\/\/www.lechaocandy.com\/?post_type=product&#038;p=2171"},"modified":"2025-11-04T08:06:25","modified_gmt":"2025-11-04T08:06:25","slug":"wholesale-marshmallows-gummy-candy","status":"publish","type":"product","link":"https:\/\/www.lechaocandy.com\/de\/produkt\/wholesale-marshmallows-gummy-candy\/","title":{"rendered":"Hotdog Form Gro\u00dfhandel Marshmallows + Gummibonbons Combo"},"content":{"rendered":"<div class=\"wp-block-columns is-layout-flex wp-container-core-columns-is-layout-9d6595d7 wp-block-columns-is-layout-flex\"><div class=\"wp-block-column is-layout-flow wp-block-column-is-layout-flow\"><h2 class=\"wp-block-heading\">Produkt-Highlights des Gro\u00dfhandels Marshmallows &amp; Gummibonbons<\/h2>\n\n<ul class=\"wp-block-list\"><li><strong>Kreative Hot-Dog-Form, lebendig und lustig: <\/strong>Unsere Gro\u00dfhandelskombination aus Marshmallows und Gummibonbons ahmt die Form eines Hot Dogs durch spiralf\u00f6rmige Muster und geschichtete F\u00fcllungen nach und schafft so ein neuartiges und einzigartiges Design, das Snack-Funktionalit\u00e4t mit visueller Attraktivit\u00e4t verbindet.<\/li>\n\n<li><strong>Weiche und leuchtende Farben, die ins Auge stechen: <\/strong>Unsere weichen Bonbons in loser Sch\u00fcttung zeichnen sich durch ein spiralf\u00f6rmiges Streifendesign in sanften Rosa-, Gelb-, Gr\u00fcn- und Wei\u00dft\u00f6nen aus, gepaart mit einer roten und gelben F\u00fcllung, wodurch ein reichhaltiges und auff\u00e4lliges Farbschema entsteht.<\/li>\n\n<li><strong>Einzeln verpacktes Design, hygienisch und tragbar:<\/strong> Jede Schachtel dieser Gro\u00dfhandelskombination aus Marshmallows und Gummibonbons enth\u00e4lt zwei Hot Dogs. Die transparente Verpackung zeigt deutlich das Aussehen des Produkts und macht es einfach zu tragen, zu verteilen und zu lagern.<\/li>\n\n<li><strong>Hergestellt aus hochwertigen Zutaten f\u00fcr einen reichen Geschmack: <\/strong>Diese weichen Bonbons in loser Sch\u00fcttung haben eine weiche, flauschige \u00e4u\u00dfere Schicht aus Marshmallows und eine z\u00e4he innere Schicht aus Gummibonbons. Sie bieten eine vielschichtige Textur und eine moderate S\u00fc\u00dfe, die die Geschmacksnerven aller Altersgruppen zufrieden stellt.<\/li>\n\n<li><strong>Gro\u00dfhandel und Personalisierung verf\u00fcgbar, schnelle Lieferung: <\/strong>Unsere Marshmallows und Gummibonbon-Kombinationen f\u00fcr den Gro\u00dfhandel sind individuell anpassbar. Mit reichlich Lagerbestand k\u00f6nnen wir schnell auf gro\u00dfe Bestellungen reagieren.<\/li><\/ul><\/div>\n\n<div class=\"wp-block-column is-layout-flow wp-block-column-is-layout-flow\"><figure class=\"wp-block-image size-full\"><img decoding=\"async\" width=\"800\" height=\"800\" src=\"https:\/\/www.lechaocandy.com\/wp-content\/uploads\/2025\/11\/Hotdog-Shaped-Wholesale-Marshmallows-Gummy-Candy-6.webp\" alt=\"Hotdog geformt Gro\u00dfhandel Marshmallows &amp; Gummibonbons-6\" class=\"wp-image-2177\" srcset=\"https:\/\/www.lechaocandy.com\/wp-content\/uploads\/2025\/11\/Hotdog-Shaped-Wholesale-Marshmallows-Gummy-Candy-6.webp 800w, https:\/\/www.lechaocandy.com\/wp-content\/uploads\/2025\/11\/Hotdog-Shaped-Wholesale-Marshmallows-Gummy-Candy-6-300x300.webp 300w, https:\/\/www.lechaocandy.com\/wp-content\/uploads\/2025\/11\/Hotdog-Shaped-Wholesale-Marshmallows-Gummy-Candy-6-150x150.webp 150w, https:\/\/www.lechaocandy.com\/wp-content\/uploads\/2025\/11\/Hotdog-Shaped-Wholesale-Marshmallows-Gummy-Candy-6-768x768.webp 768w, https:\/\/www.lechaocandy.com\/wp-content\/uploads\/2025\/11\/Hotdog-Shaped-Wholesale-Marshmallows-Gummy-Candy-6-12x12.webp 12w, https:\/\/www.lechaocandy.com\/wp-content\/uploads\/2025\/11\/Hotdog-Shaped-Wholesale-Marshmallows-Gummy-Candy-6-600x600.webp 600w, https:\/\/www.lechaocandy.com\/wp-content\/uploads\/2025\/11\/Hotdog-Shaped-Wholesale-Marshmallows-Gummy-Candy-6-100x100.webp 100w\" sizes=\"(max-width: 800px) 100vw, 800px\" \/><\/figure><\/div><\/div>","protected":false},"excerpt":{"rendered":"<p>Willkommen zu kaufen weichen S\u00fc\u00dfigkeiten in loser Sch\u00fcttung. Diese kreative Hot-Dog-f\u00f6rmige Gro\u00dfhandel Marshmallows und Gummibonbons Combo verwendet bunte Spirale Marshmallows als \"Brot\", umh\u00fcllt realistische gelbe Gummi-\"W\u00fcrstchen\" und eine rote \"Ketchup\"-F\u00fcllung. Individuelle Gestaltung ist m\u00f6glich.<\/p>\n<table style=\"border-collapse: collapse; width: 300.02pt;\" border=\"0\" width=\"300\" cellspacing=\"0\" cellpadding=\"0\">\n<tbody>\n<tr style=\"height: 17.60pt;\">\n<td class=\"et2\" style=\"height: 17.60pt; width: 110.80pt;\" width=\"110\" height=\"17\">Hersteller<\/td>\n<td class=\"et2\" style=\"width: 189.95pt;\" width=\"189\">LeChao Bonbons<\/td>\n<\/tr>\n<tr style=\"height: 36.00pt;\">\n<td class=\"et2\" style=\"height: 36.00pt;\" height=\"36\">Produkttyp<\/td>\n<td class=\"et3\" style=\"width: 189.95pt;\" width=\"189\">Hotdog Marshmallow &amp; Gummibonbon<\/td>\n<\/tr>\n<tr style=\"height: 18.00pt;\">\n<td class=\"et2\" style=\"height: 18.00pt;\" height=\"18\">Geschmack<\/td>\n<td class=\"et3\" style=\"width: 189.95pt;\" width=\"189\">Weich und s\u00fc\u00df<\/td>\n<\/tr>\n<tr style=\"height: 17.60pt;\">\n<td class=\"et2\" style=\"height: 17.60pt;\" height=\"17\">Spezifikation<\/td>\n<td class=\"et2\">20gX24St\u00fcckX12Kartons<\/td>\n<\/tr>\n<tr style=\"height: 17.60pt;\">\n<td class=\"et2\" style=\"height: 17.60pt;\" height=\"17\">Gr\u00f6\u00dfe des Kartons<\/td>\n<td class=\"et2\">38X37X24cm<\/td>\n<\/tr>\n<tr style=\"height: 17.60pt;\">\n<td class=\"et2\" style=\"height: 17.60pt;\" height=\"17\">N.W.\/Karton<\/td>\n<td class=\"et2\">8.0kg<\/td>\n<\/tr>\n<tr style=\"height: 17.60pt;\">\n<td class=\"et2\" style=\"height: 17.60pt;\" height=\"17\">Preis<\/td>\n<td class=\"et2\">25,5-27USD<\/td>\n<\/tr>\n<tr style=\"height: 17.60pt;\">\n<td class=\"et2\" style=\"height: 17.60pt;\" height=\"17\">MOQ<\/td>\n<td class=\"et2\">800CTNS<\/td>\n<\/tr>\n<tr style=\"height: 17.60pt;\">\n<td class=\"et2\" style=\"height: 17.60pt;\" height=\"17\">Muster<\/td>\n<td class=\"et2\">Verf\u00fcgbar<\/td>\n<\/tr>\n<\/tbody>\n<\/table>\n<p>&nbsp;<\/p>","protected":false},"featured_media":2180,"comment_status":"open","ping_status":"closed","template":"","meta":{"_acf_changed":false},"product_brand":[],"product_cat":[19,22],"product_tag":[],"class_list":{"0":"post-2171","1":"product","2":"type-product","3":"status-publish","4":"has-post-thumbnail","6":"product_cat-wholesale-gummy-manufacturer","7":"product_cat-wholesale-marshmallows","9":"first","10":"instock","11":"shipping-taxable","12":"product-type-simple"},"acf":[],"_links":{"self":[{"href":"https:\/\/www.lechaocandy.com\/de\/wp-json\/wp\/v2\/product\/2171","targetHints":{"allow":["GET"]}}],"collection":[{"href":"https:\/\/www.lechaocandy.com\/de\/wp-json\/wp\/v2\/product"}],"about":[{"href":"https:\/\/www.lechaocandy.com\/de\/wp-json\/wp\/v2\/types\/product"}],"replies":[{"embeddable":true,"href":"https:\/\/www.lechaocandy.com\/de\/wp-json\/wp\/v2\/comments?post=2171"}],"wp:featuredmedia":[{"embeddable":true,"href":"https:\/\/www.lechaocandy.com\/de\/wp-json\/wp\/v2\/media\/2180"}],"wp:attachment":[{"href":"https:\/\/www.lechaocandy.com\/de\/wp-json\/wp\/v2\/media?parent=2171"}],"wp:term":[{"taxonomy":"product_brand","embeddable":true,"href":"https:\/\/www.lechaocandy.com\/de\/wp-json\/wp\/v2\/product_brand?post=2171"},{"taxonomy":"product_cat","embeddable":true,"href":"https:\/\/www.lechaocandy.com\/de\/wp-json\/wp\/v2\/product_cat?post=2171"},{"taxonomy":"product_tag","embeddable":true,"href":"https:\/\/www.lechaocandy.com\/de\/wp-json\/wp\/v2\/product_tag?post=2171"}],"curies":[{"name":"wp","href":"https:\/\/api.w.org\/{rel}","templated":true}]}}