{"id":2181,"date":"2025-11-04T08:13:45","date_gmt":"2025-11-04T08:13:45","guid":{"rendered":"https:\/\/www.lechaocandy.com\/?post_type=product&#038;p=2181"},"modified":"2025-11-04T08:26:55","modified_gmt":"2025-11-04T08:26:55","slug":"bulk-sweet-and-sour-gummies","status":"publish","type":"product","link":"https:\/\/www.lechaocandy.com\/de\/produkt\/bulk-sweet-and-sour-gummies\/","title":{"rendered":"LeChao Bulk s\u00fc\u00df und sauer Gummies Fruity Combo Gro\u00dfhandel"},"content":{"rendered":"<div class=\"wp-block-columns is-layout-flex wp-container-core-columns-is-layout-9d6595d7 wp-block-columns-is-layout-flex\"><div class=\"wp-block-column is-layout-flow wp-block-column-is-layout-flow\"><h2 class=\"wp-block-heading\">Produkt-Highlights von Bulk Sweet and Sour Gummies<\/h2>\n\n<ul class=\"wp-block-list\"><li><strong>Bunte Fruchtformen, die visuellen Reiz und Spa\u00df miteinander verbinden: <\/strong>Diese s\u00fc\u00dfen und sauren Gummibonbons haben die ikonischen Formen von beliebten Fr\u00fcchten wie Erdbeeren, Zitronen und sogar Orangen. Die einpr\u00e4gsamen, hellen und kaubaren Fruchtformen machen Spa\u00df beim Essen.<\/li>\n\n<li><strong>Einzigartige s\u00fc\u00df-saure Rezeptur, reichhaltige Geschmacksschichten:<\/strong> Unsere Softbonbons f\u00fcr den Gro\u00dfhandel zeichnen sich durch ein einzigartiges S\u00fc\u00df-Sauer-Verh\u00e4ltnis aus. Die \u00e4u\u00dfere Schicht aus Zuckerguss und die innere Schicht aus Gummibonbons schaffen eine reichhaltige Textur, die erfrischend und nicht s\u00fc\u00dflich ist.<\/li>\n\n<li><strong>Hergestellt aus hochwertigen Zutaten, perfekt kaubare Textur:<\/strong> Diese s\u00fc\u00dfen und sauren Gummibonbons bestehen aus einer hochwertigen Gummibasis und einem Fruchtaroma, das die perfekte Textur und Kaukombination erm\u00f6glicht, ohne zu klebrig zu sein.<\/li>\n\n<li><strong>Einzeln verpackt, hygienisch, tragbar und leicht zu verteilen:<\/strong> Unsere Gro\u00dfhandelss\u00fc\u00dfigkeiten k\u00f6nnen einzeln in kleinen Beuteln verpackt werden, die feuchtigkeitsbest\u00e4ndig und nicht klebrig sind, so dass es eine Frage der Bequemlichkeit ist, sie herumzutragen oder sie weniger klebrig zu machen, bevor sie gelagert oder in gro\u00dfen Mengen in Verpackungsschritten verteilt werden.<\/li>\n\n<li><strong>Gro\u00dfhandelsanpassung unterst\u00fctzt, flexible und effiziente Lieferung: <\/strong>Unsere s\u00fc\u00dfen und sauren Gummibonbons in Gro\u00dfpackungen lassen sich individuell verpacken und aromatisieren, und unser umfangreicher Lagerbestand gew\u00e4hrleistet eine schnelle Lieferung in gro\u00dfen Mengen.<\/li><\/ul><\/div>\n\n<div class=\"wp-block-column is-layout-flow wp-block-column-is-layout-flow\"><figure class=\"wp-block-image size-full\"><img decoding=\"async\" width=\"800\" height=\"800\" src=\"https:\/\/www.lechaocandy.com\/wp-content\/uploads\/2025\/11\/LeChao-Bulk-Sweet-and-Sour-Gummies-Fruity-Combo-Wholesale-12.webp\" alt=\"LeChao Bulk s\u00fc\u00df und sauer Gummies Fruity Combo Gro\u00dfhandel-12\" class=\"wp-image-2193\" srcset=\"https:\/\/www.lechaocandy.com\/wp-content\/uploads\/2025\/11\/LeChao-Bulk-Sweet-and-Sour-Gummies-Fruity-Combo-Wholesale-12.webp 800w, https:\/\/www.lechaocandy.com\/wp-content\/uploads\/2025\/11\/LeChao-Bulk-Sweet-and-Sour-Gummies-Fruity-Combo-Wholesale-12-300x300.webp 300w, https:\/\/www.lechaocandy.com\/wp-content\/uploads\/2025\/11\/LeChao-Bulk-Sweet-and-Sour-Gummies-Fruity-Combo-Wholesale-12-150x150.webp 150w, https:\/\/www.lechaocandy.com\/wp-content\/uploads\/2025\/11\/LeChao-Bulk-Sweet-and-Sour-Gummies-Fruity-Combo-Wholesale-12-768x768.webp 768w, https:\/\/www.lechaocandy.com\/wp-content\/uploads\/2025\/11\/LeChao-Bulk-Sweet-and-Sour-Gummies-Fruity-Combo-Wholesale-12-12x12.webp 12w, https:\/\/www.lechaocandy.com\/wp-content\/uploads\/2025\/11\/LeChao-Bulk-Sweet-and-Sour-Gummies-Fruity-Combo-Wholesale-12-600x600.webp 600w, https:\/\/www.lechaocandy.com\/wp-content\/uploads\/2025\/11\/LeChao-Bulk-Sweet-and-Sour-Gummies-Fruity-Combo-Wholesale-12-100x100.webp 100w\" sizes=\"(max-width: 800px) 100vw, 800px\" \/><\/figure><\/div><\/div>","protected":false},"excerpt":{"rendered":"<p>Willkommen im Gro\u00dfhandel weiche Bonbons zu kaufen. Diese fruchtf\u00f6rmigen Bulk s\u00fc\u00df und sauer Gummis sind hell gef\u00e4rbt und haben eine z\u00e4he, bouncy Textur mit einem reichen, geschichteten s\u00fc\u00df und sauer Geschmack.<\/p>\n<table style=\"border-collapse: collapse; width: 300.02pt;\" border=\"0\" width=\"300\" cellspacing=\"0\" cellpadding=\"0\">\n<tbody>\n<tr style=\"height: 17.60pt;\">\n<td class=\"et2\" style=\"height: 17.60pt; width: 110.80pt;\" width=\"110\" height=\"17\">Hersteller<\/td>\n<td class=\"et2\" style=\"width: 189.95pt;\" width=\"189\">LeChao Bonbons<\/td>\n<\/tr>\n<tr style=\"height: 36.00pt;\">\n<td class=\"et2\" style=\"height: 36.00pt;\" height=\"36\">Produkttyp<\/td>\n<td class=\"et3\" style=\"width: 189.95pt;\" width=\"189\">S\u00fc\u00df-saures Fruchtgummi-Bonbon<\/td>\n<\/tr>\n<tr style=\"height: 18.00pt;\">\n<td class=\"et2\" style=\"height: 18.00pt;\" height=\"18\">Geschmack<\/td>\n<td class=\"et3\" style=\"width: 189.95pt;\" width=\"189\">S\u00fc\u00df &amp; sauer &amp; widerstandsf\u00e4hig<\/td>\n<\/tr>\n<tr style=\"height: 17.60pt;\">\n<td class=\"et2\" style=\"height: 17.60pt;\" height=\"17\">Spezifikation<\/td>\n<td class=\"et2\">25gx12csx20Kartons<\/td>\n<\/tr>\n<tr style=\"height: 17.60pt;\">\n<td class=\"et2\" style=\"height: 17.60pt;\" height=\"17\">Gr\u00f6\u00dfe des Kartons<\/td>\n<td class=\"et2\">53*26*33cm<\/td>\n<\/tr>\n<tr style=\"height: 17.60pt;\">\n<td class=\"et2\" style=\"height: 17.60pt;\" height=\"17\">N.W.\/Karton<\/td>\n<td class=\"et2\">8.0kg<\/td>\n<\/tr>\n<tr style=\"height: 17.60pt;\">\n<td class=\"et2\" style=\"height: 17.60pt;\" height=\"17\">Preis<\/td>\n<td class=\"et2\">28.8USD<\/td>\n<\/tr>\n<tr style=\"height: 17.60pt;\">\n<td class=\"et2\" style=\"height: 17.60pt;\" height=\"17\">MOQ<\/td>\n<td class=\"et2\">500CTNS<\/td>\n<\/tr>\n<tr style=\"height: 17.60pt;\">\n<td class=\"et2\" style=\"height: 17.60pt;\" height=\"17\">Muster<\/td>\n<td class=\"et2\">Verf\u00fcgbar<\/td>\n<\/tr>\n<\/tbody>\n<\/table>\n<p>&nbsp;<\/p>","protected":false},"featured_media":2192,"comment_status":"open","ping_status":"closed","template":"","meta":{"_acf_changed":false},"product_brand":[],"product_cat":[19],"product_tag":[],"class_list":{"0":"post-2181","1":"product","2":"type-product","3":"status-publish","4":"has-post-thumbnail","6":"product_cat-wholesale-gummy-manufacturer","8":"first","9":"instock","10":"shipping-taxable","11":"product-type-simple"},"acf":[],"_links":{"self":[{"href":"https:\/\/www.lechaocandy.com\/de\/wp-json\/wp\/v2\/product\/2181","targetHints":{"allow":["GET"]}}],"collection":[{"href":"https:\/\/www.lechaocandy.com\/de\/wp-json\/wp\/v2\/product"}],"about":[{"href":"https:\/\/www.lechaocandy.com\/de\/wp-json\/wp\/v2\/types\/product"}],"replies":[{"embeddable":true,"href":"https:\/\/www.lechaocandy.com\/de\/wp-json\/wp\/v2\/comments?post=2181"}],"wp:featuredmedia":[{"embeddable":true,"href":"https:\/\/www.lechaocandy.com\/de\/wp-json\/wp\/v2\/media\/2192"}],"wp:attachment":[{"href":"https:\/\/www.lechaocandy.com\/de\/wp-json\/wp\/v2\/media?parent=2181"}],"wp:term":[{"taxonomy":"product_brand","embeddable":true,"href":"https:\/\/www.lechaocandy.com\/de\/wp-json\/wp\/v2\/product_brand?post=2181"},{"taxonomy":"product_cat","embeddable":true,"href":"https:\/\/www.lechaocandy.com\/de\/wp-json\/wp\/v2\/product_cat?post=2181"},{"taxonomy":"product_tag","embeddable":true,"href":"https:\/\/www.lechaocandy.com\/de\/wp-json\/wp\/v2\/product_tag?post=2181"}],"curies":[{"name":"wp","href":"https:\/\/api.w.org\/{rel}","templated":true}]}}