{"id":2220,"date":"2025-11-12T08:00:33","date_gmt":"2025-11-12T08:00:33","guid":{"rendered":"https:\/\/www.lechaocandy.com\/?post_type=product&#038;p=2220"},"modified":"2025-11-12T08:10:25","modified_gmt":"2025-11-12T08:10:25","slug":"vitamin-c-gummies-bulk","status":"publish","type":"product","link":"https:\/\/www.lechaocandy.com\/de\/produkt\/vitamin-c-gummies-bulk\/","title":{"rendered":"Zus\u00e4tzliches Vitamin C Gummies, Erdbeergeschmack Soft Candy"},"content":{"rendered":"<div class=\"wp-block-columns is-layout-flex wp-container-core-columns-is-layout-9d6595d7 wp-block-columns-is-layout-flex\"><div class=\"wp-block-column is-layout-flow wp-block-column-is-layout-flow\"><h2 class=\"wp-block-heading\">Produkt-Highlights von Vitamin C Gummies Bulk<\/h2>\n\n<ul class=\"wp-block-list\"><li><strong>Vitamin-C-Anreicherung<\/strong>Diese Vitamin-C-Gummis sind reich an Vitamin C und bieten ein ausgewogenes Verh\u00e4ltnis zwischen Gesundheit und Geschmack, um den N\u00e4hrstoffbedarf der Eltern f\u00fcr Kindersnacks zu decken.<\/li>\n\n<li><strong>Niedliche Teardrop-Form<\/strong>-Unsere sauren Gro\u00dfhandelsgummis haben eine niedliche rosafarbene Tr\u00e4nenform, die mit feinem Zucker \u00fcberzogen ist, was sie optisch ansprechend und attraktiv f\u00fcr junge Frauen und Kinder macht.<\/li>\n\n<li><strong>Erfrischender Erdbeergeschmack<\/strong>Diese Vitamin-C-Gummis in loser Sch\u00fcttung mit nat\u00fcrlichem Erdbeergeschmack haben eine weiche, z\u00e4he Textur, sind s\u00fc\u00df, aber nicht zu s\u00fc\u00df, und f\u00fchren zu gro\u00dfen Kundenerwartungen und Nachbestellungen.<\/li>\n\n<li><strong>Praktische Verpackungen f\u00fcr Klarsichtgl\u00e4ser<\/strong>-Diese sauren Gro\u00dfhandelsgummis werden in einem kompakten, tragbaren und luftdichten Beh\u00e4lter geliefert, der sich f\u00fcr Einzelhandelsauslagen, Geschenksets oder Selbstbedienungsautomaten eignet.<\/li>\n\n<li><strong>Qualit\u00e4tssicherung mit Markenzeichen<\/strong> - Das Markenlogo von Lechao ist klar und sein Cartoon-IP-Bild erh\u00f6ht den Wiedererkennungswert, so dass es sich f\u00fcr den Gro\u00dfhandel eignet. Willkommen zum Kauf unserer Vitamin-C-Gummis bulk.<\/li><\/ul><\/div>\n\n<div class=\"wp-block-column is-layout-flow wp-block-column-is-layout-flow\"><figure class=\"wp-block-image size-full\"><img decoding=\"async\" width=\"800\" height=\"800\" src=\"https:\/\/www.lechaocandy.com\/wp-content\/uploads\/2025\/11\/Added-Vitamin-C-Gummies-Bulk-Strawberry-Flavor-Soft-Candy-1.webp\" alt=\"Zus\u00e4tzliches Vitamin C Gummib\u00e4rchen, Erdbeergeschmack Soft Candy-1\" class=\"wp-image-2221\" srcset=\"https:\/\/www.lechaocandy.com\/wp-content\/uploads\/2025\/11\/Added-Vitamin-C-Gummies-Bulk-Strawberry-Flavor-Soft-Candy-1.webp 800w, https:\/\/www.lechaocandy.com\/wp-content\/uploads\/2025\/11\/Added-Vitamin-C-Gummies-Bulk-Strawberry-Flavor-Soft-Candy-1-300x300.webp 300w, https:\/\/www.lechaocandy.com\/wp-content\/uploads\/2025\/11\/Added-Vitamin-C-Gummies-Bulk-Strawberry-Flavor-Soft-Candy-1-150x150.webp 150w, https:\/\/www.lechaocandy.com\/wp-content\/uploads\/2025\/11\/Added-Vitamin-C-Gummies-Bulk-Strawberry-Flavor-Soft-Candy-1-768x768.webp 768w, https:\/\/www.lechaocandy.com\/wp-content\/uploads\/2025\/11\/Added-Vitamin-C-Gummies-Bulk-Strawberry-Flavor-Soft-Candy-1-12x12.webp 12w, https:\/\/www.lechaocandy.com\/wp-content\/uploads\/2025\/11\/Added-Vitamin-C-Gummies-Bulk-Strawberry-Flavor-Soft-Candy-1-600x600.webp 600w, https:\/\/www.lechaocandy.com\/wp-content\/uploads\/2025\/11\/Added-Vitamin-C-Gummies-Bulk-Strawberry-Flavor-Soft-Candy-1-100x100.webp 100w\" sizes=\"(max-width: 800px) 100vw, 800px\" \/><\/figure><\/div><\/div>","protected":false},"excerpt":{"rendered":"<p>Kaufen Sie saure Gummib\u00e4rchen in gro\u00dfen Mengen bei Lechao! Unsere Vitamin-C-Gummis mit Erdbeergeschmack sind in einem durchsichtigen Glas verpackt und bieten einen hohen Vitamin-C-Gehalt und einen tollen Geschmack. Die Erdbeere rosa Geschmack schafft eine Tr\u00e4ne Gummi mit feinem Zucker mit einem weichen, s\u00fc\u00dfen und kaubaren Geschmack bedeckt.<\/p>\n<table style=\"border-collapse: collapse; width: 329.02pt;\" border=\"0\" width=\"329\" cellspacing=\"0\" cellpadding=\"0\">\n<tbody>\n<tr style=\"height: 17.60pt;\">\n<td class=\"et2\" style=\"height: 17.60pt; width: 110.80pt;\" width=\"110\" height=\"17\">Hersteller<\/td>\n<td class=\"et2\" style=\"width: 219.15pt;\" width=\"219\">LeChao Bonbons<\/td>\n<\/tr>\n<tr style=\"height: 18.00pt;\">\n<td class=\"et2\" style=\"height: 18.00pt;\" height=\"18\">Produkttyp<\/td>\n<td class=\"et3\" style=\"width: 219.15pt;\" width=\"219\">Erdbeere Vitamin C Gummibonbon<\/td>\n<\/tr>\n<tr style=\"height: 18.00pt;\">\n<td class=\"et2\" style=\"height: 18.00pt;\" height=\"18\">Geschmack<\/td>\n<td class=\"et3\" style=\"width: 219.15pt;\" width=\"219\">S\u00fc\u00df &amp; sauer &amp; widerstandsf\u00e4hig<\/td>\n<\/tr>\n<tr style=\"height: 17.60pt;\">\n<td class=\"et2\" style=\"height: 17.60pt;\" height=\"17\">Spezifikation<\/td>\n<td class=\"et2\">68gx8Flaschenx10K\u00e4sten<\/td>\n<\/tr>\n<tr style=\"height: 17.60pt;\">\n<td class=\"et2\" style=\"height: 17.60pt;\" height=\"17\">Gr\u00f6\u00dfe des Kartons<\/td>\n<td class=\"et2\">49*19.8*20cm<\/td>\n<\/tr>\n<tr style=\"height: 17.60pt;\">\n<td class=\"et2\" style=\"height: 17.60pt;\" height=\"17\">N.W.\/Karton<\/td>\n<td class=\"et2\">7.0kg<\/td>\n<\/tr>\n<tr style=\"height: 17.60pt;\">\n<td class=\"et2\" style=\"height: 17.60pt;\" height=\"17\">MOQ<\/td>\n<td class=\"et2\">500CTNS<\/td>\n<\/tr>\n<tr style=\"height: 17.60pt;\">\n<td class=\"et2\" style=\"height: 17.60pt;\" height=\"17\">Muster<\/td>\n<td class=\"et2\">Verf\u00fcgbar<\/td>\n<\/tr>\n<\/tbody>\n<\/table>","protected":false},"featured_media":2222,"comment_status":"open","ping_status":"closed","template":"","meta":{"_acf_changed":false},"product_brand":[],"product_cat":[28,19],"product_tag":[],"class_list":{"0":"post-2220","1":"product","2":"type-product","3":"status-publish","4":"has-post-thumbnail","6":"product_cat-bulk-sour-gummies","7":"product_cat-wholesale-gummy-manufacturer","9":"first","10":"instock","11":"shipping-taxable","12":"product-type-simple"},"acf":[],"_links":{"self":[{"href":"https:\/\/www.lechaocandy.com\/de\/wp-json\/wp\/v2\/product\/2220","targetHints":{"allow":["GET"]}}],"collection":[{"href":"https:\/\/www.lechaocandy.com\/de\/wp-json\/wp\/v2\/product"}],"about":[{"href":"https:\/\/www.lechaocandy.com\/de\/wp-json\/wp\/v2\/types\/product"}],"replies":[{"embeddable":true,"href":"https:\/\/www.lechaocandy.com\/de\/wp-json\/wp\/v2\/comments?post=2220"}],"wp:featuredmedia":[{"embeddable":true,"href":"https:\/\/www.lechaocandy.com\/de\/wp-json\/wp\/v2\/media\/2222"}],"wp:attachment":[{"href":"https:\/\/www.lechaocandy.com\/de\/wp-json\/wp\/v2\/media?parent=2220"}],"wp:term":[{"taxonomy":"product_brand","embeddable":true,"href":"https:\/\/www.lechaocandy.com\/de\/wp-json\/wp\/v2\/product_brand?post=2220"},{"taxonomy":"product_cat","embeddable":true,"href":"https:\/\/www.lechaocandy.com\/de\/wp-json\/wp\/v2\/product_cat?post=2220"},{"taxonomy":"product_tag","embeddable":true,"href":"https:\/\/www.lechaocandy.com\/de\/wp-json\/wp\/v2\/product_tag?post=2220"}],"curies":[{"name":"wp","href":"https:\/\/api.w.org\/{rel}","templated":true}]}}