{"id":2223,"date":"2025-11-12T08:10:41","date_gmt":"2025-11-12T08:10:41","guid":{"rendered":"https:\/\/www.lechaocandy.com\/?post_type=product&#038;p=2223"},"modified":"2025-11-12T08:24:20","modified_gmt":"2025-11-12T08:24:20","slug":"bulk-gummies-with-vitamin-c","status":"publish","type":"product","link":"https:\/\/www.lechaocandy.com\/de\/produkt\/bulk-gummies-with-vitamin-c\/","title":{"rendered":"Traubengeschmack Factory Bulk Gummies mit Vitamin C hinzugef\u00fcgt"},"content":{"rendered":"<div class=\"wp-block-columns is-layout-flex wp-container-core-columns-is-layout-9d6595d7 wp-block-columns-is-layout-flex\"><div class=\"wp-block-column is-layout-flow wp-block-column-is-layout-flow\"><h2 class=\"wp-block-heading\">Produkt-Highlights von Bulk Gummies mit Vitamin C<\/h2>\n\n<ul class=\"wp-block-list\"><li><strong>Vitamin-C-Nahrung + Traubengeschmack<\/strong>Unsere Bulk-Gummis mit Vitamin C sind mit einem erfrischenden Traubengeschmack gepaart und verbinden Gesundheit und K\u00f6stlichkeit.<\/li>\n\n<li><strong>Glasur tropfenf\u00f6rmig<\/strong>-Diese hellgr\u00fcnen, tropfenf\u00f6rmigen Gro\u00dfhandelsgummibonbons sind mit wei\u00dfem Zuckerguss \u00fcberzogen und haben eine runde und niedliche Form, die optisch ansprechend ist und Kinder und junge Verbraucher anzieht.<\/li>\n\n<li><strong>Zarte und knackige Textur<\/strong>Diese Bulk-Gummis mit Vitamin C haben eine leicht knusprige Eisschicht auf der \u00e4u\u00dferen Schicht und einen weichen, z\u00e4hen Biss, der leicht s\u00fc\u00df, sauer und erfrischend ist und nicht an den Z\u00e4hnen klebt.<\/li>\n\n<li><strong>Tragbares Flaschendesign<\/strong>Unser Gro\u00dfhandel Gummibonbons kommen in kleinen, transparenten, luftdicht verschlossenen Flaschen, die leicht zu tragen und zu pr\u00e4sentieren sind, so dass sie f\u00fcr Superm\u00e4rkte, Snack-Shops und Gro\u00dfhandel Geschenk-Sets geeignet.<\/li>\n\n<li><strong>Werksdirektverkauf, anpassbare Verpackung<\/strong>Unsere Bulk-Gummis mit Vitamin C stammen direkt aus der Fabrik in Lechao und bieten erhebliche Preisvorteile. Wir unterst\u00fctzen die Anpassung von Umkartons und Etiketten, um die Bed\u00fcrfnisse der verschiedenen Kan\u00e4le zu erf\u00fcllen.<\/li><\/ul><\/div>\n\n<div class=\"wp-block-column is-layout-flow wp-block-column-is-layout-flow\"><figure class=\"wp-block-image size-full\"><img decoding=\"async\" width=\"800\" height=\"800\" src=\"https:\/\/www.lechaocandy.com\/wp-content\/uploads\/2025\/11\/Grape-Flavor-Factory-Bulk-Gummies-With-Vitamin-C-Added-2.webp\" alt=\"Traubengeschmack Factory Bulk Gummies mit Vitamin C hinzugef\u00fcgt-2\" class=\"wp-image-2224\" srcset=\"https:\/\/www.lechaocandy.com\/wp-content\/uploads\/2025\/11\/Grape-Flavor-Factory-Bulk-Gummies-With-Vitamin-C-Added-2.webp 800w, https:\/\/www.lechaocandy.com\/wp-content\/uploads\/2025\/11\/Grape-Flavor-Factory-Bulk-Gummies-With-Vitamin-C-Added-2-300x300.webp 300w, https:\/\/www.lechaocandy.com\/wp-content\/uploads\/2025\/11\/Grape-Flavor-Factory-Bulk-Gummies-With-Vitamin-C-Added-2-150x150.webp 150w, https:\/\/www.lechaocandy.com\/wp-content\/uploads\/2025\/11\/Grape-Flavor-Factory-Bulk-Gummies-With-Vitamin-C-Added-2-768x768.webp 768w, https:\/\/www.lechaocandy.com\/wp-content\/uploads\/2025\/11\/Grape-Flavor-Factory-Bulk-Gummies-With-Vitamin-C-Added-2-12x12.webp 12w, https:\/\/www.lechaocandy.com\/wp-content\/uploads\/2025\/11\/Grape-Flavor-Factory-Bulk-Gummies-With-Vitamin-C-Added-2-600x600.webp 600w, https:\/\/www.lechaocandy.com\/wp-content\/uploads\/2025\/11\/Grape-Flavor-Factory-Bulk-Gummies-With-Vitamin-C-Added-2-100x100.webp 100w\" sizes=\"(max-width: 800px) 100vw, 800px\" \/><\/figure><\/div><\/div>","protected":false},"excerpt":{"rendered":"<p>Kaufen Sie Gummibonbons in gro\u00dfen Mengen bei Lechao. Unsere Gummibonbons mit Traubengeschmack und Vitamin C haben eine erfrischende, hellgr\u00fcne Tropfenform, sind mit einer zarten Glasur \u00fcberzogen und haben eine weiche, z\u00e4he und s\u00fc\u00df-saure Textur. Kundenspezifische Verpackungen sind erh\u00e4ltlich.<\/p>\n<table style=\"border-collapse: collapse; width: 329.02pt;\" border=\"0\" width=\"329\" cellspacing=\"0\" cellpadding=\"0\">\n<tbody>\n<tr style=\"height: 17.60pt;\">\n<td class=\"et2\" style=\"height: 17.60pt; width: 110.80pt;\" width=\"110\" height=\"17\">Hersteller<\/td>\n<td class=\"et2\" style=\"width: 219.15pt;\" width=\"219\">LeChao Bonbons<\/td>\n<\/tr>\n<tr style=\"height: 18.00pt;\">\n<td class=\"et2\" style=\"height: 18.00pt;\" height=\"18\">Produkttyp<\/td>\n<td class=\"et3\" style=\"width: 219.15pt;\" width=\"219\">Traube Vitamin C Gummibonbon<\/td>\n<\/tr>\n<tr style=\"height: 18.00pt;\">\n<td class=\"et2\" style=\"height: 18.00pt;\" height=\"18\">Geschmack<\/td>\n<td class=\"et3\" style=\"width: 219.15pt;\" width=\"219\">S\u00fc\u00df &amp; sauer &amp; widerstandsf\u00e4hig<\/td>\n<\/tr>\n<tr style=\"height: 17.60pt;\">\n<td class=\"et2\" style=\"height: 17.60pt;\" height=\"17\">Spezifikation<\/td>\n<td class=\"et2\">68gx8Flaschenx10K\u00e4sten<\/td>\n<\/tr>\n<tr style=\"height: 17.60pt;\">\n<td class=\"et2\" style=\"height: 17.60pt;\" height=\"17\">Gr\u00f6\u00dfe des Kartons<\/td>\n<td class=\"et2\">49*19.8*20cm<\/td>\n<\/tr>\n<tr style=\"height: 17.60pt;\">\n<td class=\"et2\" style=\"height: 17.60pt;\" height=\"17\">N.W.\/Karton<\/td>\n<td class=\"et2\">7.0kg<\/td>\n<\/tr>\n<tr style=\"height: 17.60pt;\">\n<td class=\"et2\" style=\"height: 17.60pt;\" height=\"17\">MOQ<\/td>\n<td class=\"et2\">500CTNS<\/td>\n<\/tr>\n<tr style=\"height: 17.60pt;\">\n<td class=\"et2\" style=\"height: 17.60pt;\" height=\"17\">Muster<\/td>\n<td class=\"et2\">Verf\u00fcgbar<\/td>\n<\/tr>\n<\/tbody>\n<\/table>","protected":false},"featured_media":2225,"comment_status":"open","ping_status":"closed","template":"","meta":{"_acf_changed":false},"product_brand":[],"product_cat":[28,19],"product_tag":[],"class_list":{"0":"post-2223","1":"product","2":"type-product","3":"status-publish","4":"has-post-thumbnail","6":"product_cat-bulk-sour-gummies","7":"product_cat-wholesale-gummy-manufacturer","9":"first","10":"instock","11":"shipping-taxable","12":"product-type-simple"},"acf":[],"_links":{"self":[{"href":"https:\/\/www.lechaocandy.com\/de\/wp-json\/wp\/v2\/product\/2223","targetHints":{"allow":["GET"]}}],"collection":[{"href":"https:\/\/www.lechaocandy.com\/de\/wp-json\/wp\/v2\/product"}],"about":[{"href":"https:\/\/www.lechaocandy.com\/de\/wp-json\/wp\/v2\/types\/product"}],"replies":[{"embeddable":true,"href":"https:\/\/www.lechaocandy.com\/de\/wp-json\/wp\/v2\/comments?post=2223"}],"wp:featuredmedia":[{"embeddable":true,"href":"https:\/\/www.lechaocandy.com\/de\/wp-json\/wp\/v2\/media\/2225"}],"wp:attachment":[{"href":"https:\/\/www.lechaocandy.com\/de\/wp-json\/wp\/v2\/media?parent=2223"}],"wp:term":[{"taxonomy":"product_brand","embeddable":true,"href":"https:\/\/www.lechaocandy.com\/de\/wp-json\/wp\/v2\/product_brand?post=2223"},{"taxonomy":"product_cat","embeddable":true,"href":"https:\/\/www.lechaocandy.com\/de\/wp-json\/wp\/v2\/product_cat?post=2223"},{"taxonomy":"product_tag","embeddable":true,"href":"https:\/\/www.lechaocandy.com\/de\/wp-json\/wp\/v2\/product_tag?post=2223"}],"curies":[{"name":"wp","href":"https:\/\/api.w.org\/{rel}","templated":true}]}}