{"id":2238,"date":"2025-11-17T03:36:20","date_gmt":"2025-11-17T03:36:20","guid":{"rendered":"https:\/\/www.lechaocandy.com\/?post_type=product&#038;p=2238"},"modified":"2025-11-17T04:02:21","modified_gmt":"2025-11-17T04:02:21","slug":"sour-belts-candy-bulk","status":"publish","type":"product","link":"https:\/\/www.lechaocandy.com\/de\/produkt\/sour-belts-candy-bulk\/","title":{"rendered":"LeChao gef\u00fcllte saure G\u00fcrtel S\u00fc\u00dfigkeiten Bulk mit benutzerdefinierten Verpackung"},"content":{"rendered":"<div class=\"wp-block-columns is-layout-flex wp-container-core-columns-is-layout-9d6595d7 wp-block-columns-is-layout-flex\"><div class=\"wp-block-column is-layout-flow wp-block-column-is-layout-flow\"><h2 class=\"wp-block-heading\">Produkt-Highlights von Gef\u00fcllte Saure Gurte Bonbons als Massenware<\/h2>\n\n<ul class=\"wp-block-list\"><li><strong>Saftige F\u00fcllung:<\/strong> Dieses saure G\u00fcrtel-Bonbon hat ein einzigartiges F\u00fcllungsdesign. Wenn man in die \u00e4u\u00dfere Schicht bei\u00dft, kommt eine reichhaltige, marmeladen\u00e4hnliche F\u00fcllung zum Vorschein, die einen vielschichtigen s\u00fc\u00df-sauren Geschmack bietet, der nicht aufdringlich ist.<\/li>\n\n<li><strong>Weich und kaubar:<\/strong> Unsere Gro\u00dfhandels-Regenbogen-Lakritzbonbons haben die ultimative weiche und kaubare Textur, die weder klebrig noch hart ist, f\u00fcr eine befriedigende, kaubare Textur und schmelzen-im-Mund-Erfahrung.<\/li>\n\n<li><strong>Visuell ansprechend:<\/strong> Dieses saure G\u00fcrtel-Bonbon ist mit Regenbogenstreifen und Zuckerguss verziert, was es fotogen macht und f\u00fcr Partys, Picknicks und andere gesellschaftliche Anl\u00e4sse geeignet ist.<\/li>\n\n<li><strong>Qualit\u00e4tssicherung der Marke:<\/strong> Lechao konzentriert sich auf die handwerkliche Herstellung von S\u00fc\u00dfwaren und verwendet streng ausgew\u00e4hlte Zutaten f\u00fcr die Herstellung unserer sauren G\u00fcrtel-Bonbons in loser Sch\u00fcttung, um Sicherheit und Seelenfrieden zu gew\u00e4hrleisten.<\/li>\n\n<li><strong>Ma\u00dfgeschneiderte Verpackungen zur Verbesserung des Markenimages: <\/strong>Wir bieten professionelle kundenspezifische Verpackungen f\u00fcr Regenbogen-Lakritz-Bonbons im Gro\u00dfhandel an, um unsere k\u00f6stlichen Bonbons in wirksame mobile Werbung zu verwandeln.<\/li><\/ul><\/div>\n\n<div class=\"wp-block-column is-layout-flow wp-block-column-is-layout-flow\"><figure class=\"wp-block-image size-full\"><img decoding=\"async\" width=\"800\" height=\"800\" src=\"https:\/\/www.lechaocandy.com\/wp-content\/uploads\/2025\/11\/LeChao-Filled-Sour-Belts-Candy-Bulk-With-Custom-Packaging-1.webp\" alt=\"LeChao gef\u00fcllte saure G\u00fcrtel S\u00fc\u00dfigkeiten Bulk mit benutzerdefinierten Verpackung-1\" class=\"wp-image-2239\" srcset=\"https:\/\/www.lechaocandy.com\/wp-content\/uploads\/2025\/11\/LeChao-Filled-Sour-Belts-Candy-Bulk-With-Custom-Packaging-1.webp 800w, https:\/\/www.lechaocandy.com\/wp-content\/uploads\/2025\/11\/LeChao-Filled-Sour-Belts-Candy-Bulk-With-Custom-Packaging-1-300x300.webp 300w, https:\/\/www.lechaocandy.com\/wp-content\/uploads\/2025\/11\/LeChao-Filled-Sour-Belts-Candy-Bulk-With-Custom-Packaging-1-150x150.webp 150w, https:\/\/www.lechaocandy.com\/wp-content\/uploads\/2025\/11\/LeChao-Filled-Sour-Belts-Candy-Bulk-With-Custom-Packaging-1-768x768.webp 768w, https:\/\/www.lechaocandy.com\/wp-content\/uploads\/2025\/11\/LeChao-Filled-Sour-Belts-Candy-Bulk-With-Custom-Packaging-1-12x12.webp 12w, https:\/\/www.lechaocandy.com\/wp-content\/uploads\/2025\/11\/LeChao-Filled-Sour-Belts-Candy-Bulk-With-Custom-Packaging-1-600x600.webp 600w, https:\/\/www.lechaocandy.com\/wp-content\/uploads\/2025\/11\/LeChao-Filled-Sour-Belts-Candy-Bulk-With-Custom-Packaging-1-100x100.webp 100w\" sizes=\"(max-width: 800px) 100vw, 800px\" \/><\/figure><\/div><\/div>","protected":false},"excerpt":{"rendered":"<p>Willkommen im Gro\u00dfhandel Regenbogen Lakritze S\u00fc\u00dfigkeiten zu kaufen. Unsere Regenbogen saure G\u00fcrtel S\u00fc\u00dfigkeiten lose sind bunt, gef\u00fcllt saure Bonbons. Jeder Streifen ist mit zarten Zuckerguss beschichtet und bietet eine z\u00e4he, aber befriedigende Textur, die einen doppelten Genuss f\u00fcr die Augen und den Gaumen bietet.<\/p>\n<table style=\"border-collapse: collapse; width: 300.02pt;\" border=\"0\" width=\"300\" cellspacing=\"0\" cellpadding=\"0\">\n<tbody>\n<tr style=\"height: 17.60pt;\">\n<td class=\"et2\" style=\"height: 17.60pt; width: 110.80pt;\" width=\"110\" height=\"17\">Hersteller<\/td>\n<td class=\"et2\" style=\"width: 189.95pt;\" width=\"189\">LeChao Bonbons<\/td>\n<\/tr>\n<tr style=\"height: 18.00pt;\">\n<td class=\"et2\" style=\"height: 18.00pt;\" height=\"18\">Produkttyp<\/td>\n<td class=\"et3\" style=\"width: 189.95pt;\" width=\"189\">Gef\u00fcllte Saure Gurte Bonbons<\/td>\n<\/tr>\n<tr style=\"height: 18.00pt;\">\n<td class=\"et2\" style=\"height: 18.00pt;\" height=\"18\">Geschmack<\/td>\n<td class=\"et3\" style=\"width: 189.95pt;\" width=\"189\">S\u00fc\u00df &amp; sauer &amp; widerstandsf\u00e4hig<\/td>\n<\/tr>\n<tr style=\"height: 17.60pt;\">\n<td class=\"et2\" style=\"height: 17.60pt;\" height=\"17\">MOQ<\/td>\n<td class=\"et2\">500CTNS<\/td>\n<\/tr>\n<tr style=\"height: 17.60pt;\">\n<td class=\"et2\" style=\"height: 17.60pt;\" height=\"17\">Muster<\/td>\n<td class=\"et2\">Verf\u00fcgbar<\/td>\n<\/tr>\n<\/tbody>\n<\/table>\n<p>&nbsp;<\/p>\n<p>&nbsp;<\/p>\n<p>&nbsp;<\/p>","protected":false},"featured_media":2240,"comment_status":"open","ping_status":"closed","template":"","meta":{"_acf_changed":false},"product_brand":[],"product_cat":[20],"product_tag":[30],"class_list":{"0":"post-2238","1":"product","2":"type-product","3":"status-publish","4":"has-post-thumbnail","6":"product_cat-bulk-licorice-candy","7":"product_tag-bulk-candies-collection","9":"first","10":"instock","11":"shipping-taxable","12":"product-type-simple"},"acf":[],"_links":{"self":[{"href":"https:\/\/www.lechaocandy.com\/de\/wp-json\/wp\/v2\/product\/2238","targetHints":{"allow":["GET"]}}],"collection":[{"href":"https:\/\/www.lechaocandy.com\/de\/wp-json\/wp\/v2\/product"}],"about":[{"href":"https:\/\/www.lechaocandy.com\/de\/wp-json\/wp\/v2\/types\/product"}],"replies":[{"embeddable":true,"href":"https:\/\/www.lechaocandy.com\/de\/wp-json\/wp\/v2\/comments?post=2238"}],"wp:featuredmedia":[{"embeddable":true,"href":"https:\/\/www.lechaocandy.com\/de\/wp-json\/wp\/v2\/media\/2240"}],"wp:attachment":[{"href":"https:\/\/www.lechaocandy.com\/de\/wp-json\/wp\/v2\/media?parent=2238"}],"wp:term":[{"taxonomy":"product_brand","embeddable":true,"href":"https:\/\/www.lechaocandy.com\/de\/wp-json\/wp\/v2\/product_brand?post=2238"},{"taxonomy":"product_cat","embeddable":true,"href":"https:\/\/www.lechaocandy.com\/de\/wp-json\/wp\/v2\/product_cat?post=2238"},{"taxonomy":"product_tag","embeddable":true,"href":"https:\/\/www.lechaocandy.com\/de\/wp-json\/wp\/v2\/product_tag?post=2238"}],"curies":[{"name":"wp","href":"https:\/\/api.w.org\/{rel}","templated":true}]}}