{"id":2245,"date":"2025-11-17T06:13:46","date_gmt":"2025-11-17T06:13:46","guid":{"rendered":"https:\/\/www.lechaocandy.com\/?post_type=product&#038;p=2245"},"modified":"2025-11-17T06:44:45","modified_gmt":"2025-11-17T06:44:45","slug":"licorice-ropes-wholesale","status":"publish","type":"product","link":"https:\/\/www.lechaocandy.com\/de\/produkt\/licorice-ropes-wholesale\/","title":{"rendered":"Gef\u00fcllte Lakritzseile Gro\u00dfhandel, Rainbow Sour Strips"},"content":{"rendered":"<div class=\"wp-block-columns is-layout-flex wp-container-core-columns-is-layout-9d6595d7 wp-block-columns-is-layout-flex\"><div class=\"wp-block-column is-layout-flow wp-block-column-is-layout-flow\"><h2 class=\"wp-block-heading\">Produkt-Highlights der Lakritzseile Gro\u00dfhandel<\/h2>\n\n<ul class=\"wp-block-list\"><li><strong>Regenbogen Visuelle Anziehungskraft: <\/strong>Unsere Regenbogen-Lakritzseile im Gro\u00dfhandel haben mehrere Regenbogenstreifen in den Farben Rot, Orange, Gelb, Gr\u00fcn und Blau, wobei die Au\u00dfenseite mit einer Zuckerglasur versehen ist, die den Regenbogenstreifen ein leuchtendes, ansprechendes Aussehen verleiht.<\/li>\n\n<li><strong>Einzigartige F\u00fcllung f\u00fcr doppelte Texturen: <\/strong>Diese sauren Regenbogenstreifen in loser Sch\u00fcttung weisen eine definierte F\u00fcllung in der Mitte auf. Jeder Biss in das w\u00fcrzige, z\u00e4he \u00c4u\u00dfere hebt die weiche und reichhaltige innere F\u00fcllung hervor und sorgt f\u00fcr einen vielschichtigen Geschmack.<\/li>\n\n<li><strong>S\u00fc\u00dfe und saure Balance f\u00fcr reichhaltigen Geschmack:<\/strong> Das \u00c4u\u00dfere der Regenbogen-Lakritzseile im Gro\u00dfhandel ist gleichm\u00e4\u00dfig mit feinem Zucker \u00fcberzogen, der direkt einen w\u00fcrzigen Geschmack erzeugt, der perfekt mit der fruchtigen S\u00fc\u00dfe der F\u00fcllung harmoniert und sie appetitlich, erfrischend und anregend macht.<\/li>\n\n<li><strong>Hochwertige Inhaltsstoffe, die Qualit\u00e4t beweisen: <\/strong>Unsere sauren Regenbogenstreifen in loser Sch\u00fcttung weisen eine reichhaltige Textur auf und f\u00fcllen sich gleichm\u00e4\u00dfig mit Zuckerguss, was auf eine Marke hindeutet, die sich um die Verwaltung des gesamten Prozesses bem\u00fcht und bei den Zutaten keine Kompromisse bei K\u00f6stlichkeit und Qualit\u00e4t eingeht.<\/li>\n\n<li><strong>Gro\u00dfhandelsverpackung, leicht zu teilen: <\/strong>Unsere Regenbogen-Lakritzseile im Gro\u00dfhandel sind erschwinglich und eignen sich perfekt als Party-Snacks, Veranstaltungsgeschenke oder Restaurant-\/Hotel-Souvenirs, so dass sie leicht zu teilen sind.<\/li><\/ul><\/div>\n\n<div class=\"wp-block-column is-layout-flow wp-block-column-is-layout-flow\"><figure class=\"wp-block-image size-full\"><img decoding=\"async\" width=\"800\" height=\"800\" src=\"https:\/\/www.lechaocandy.com\/wp-content\/uploads\/2025\/11\/Center-Filled-Licorice-Ropes-Wholesale-Rainbow-Sour-Strips-2.webp\" alt=\"Center-gef\u00fcllte Lakritzseile Gro\u00dfhandel, Rainbow Sour Strips-2\" class=\"wp-image-2247\" srcset=\"https:\/\/www.lechaocandy.com\/wp-content\/uploads\/2025\/11\/Center-Filled-Licorice-Ropes-Wholesale-Rainbow-Sour-Strips-2.webp 800w, https:\/\/www.lechaocandy.com\/wp-content\/uploads\/2025\/11\/Center-Filled-Licorice-Ropes-Wholesale-Rainbow-Sour-Strips-2-300x300.webp 300w, https:\/\/www.lechaocandy.com\/wp-content\/uploads\/2025\/11\/Center-Filled-Licorice-Ropes-Wholesale-Rainbow-Sour-Strips-2-150x150.webp 150w, https:\/\/www.lechaocandy.com\/wp-content\/uploads\/2025\/11\/Center-Filled-Licorice-Ropes-Wholesale-Rainbow-Sour-Strips-2-768x768.webp 768w, https:\/\/www.lechaocandy.com\/wp-content\/uploads\/2025\/11\/Center-Filled-Licorice-Ropes-Wholesale-Rainbow-Sour-Strips-2-12x12.webp 12w, https:\/\/www.lechaocandy.com\/wp-content\/uploads\/2025\/11\/Center-Filled-Licorice-Ropes-Wholesale-Rainbow-Sour-Strips-2-600x600.webp 600w, https:\/\/www.lechaocandy.com\/wp-content\/uploads\/2025\/11\/Center-Filled-Licorice-Ropes-Wholesale-Rainbow-Sour-Strips-2-100x100.webp 100w\" sizes=\"(max-width: 800px) 100vw, 800px\" \/><\/figure><\/div><\/div>","protected":false},"excerpt":{"rendered":"<p>Willkommen zum Kauf von Regenbogens\u00e4urestreifen in gro\u00dfen Mengen. Unsere Regenbogen-Lakritzstreifen im Gro\u00dfhandel sind mit glitzerndem Zuckerguss \u00fcberzogen und verf\u00fcgen \u00fcber eine einzigartige F\u00fcllung. Die \u00e4u\u00dfere Schicht ist w\u00fcrzig, w\u00e4hrend die innere F\u00fcllung ist weich, bietet eine reiche und geschichtete s\u00fc\u00df und sauer kauen Erfahrung.<\/p>\n<table style=\"border-collapse: collapse; width: 300.02pt;\" border=\"0\" width=\"300\" cellspacing=\"0\" cellpadding=\"0\">\n<tbody>\n<tr style=\"height: 17.60pt;\">\n<td class=\"et2\" style=\"height: 17.60pt; width: 110.80pt;\" width=\"110\" height=\"17\">Hersteller<\/td>\n<td class=\"et2\" style=\"width: 189.95pt;\" width=\"189\">LeChao Bonbons<\/td>\n<\/tr>\n<tr style=\"height: 18.00pt;\">\n<td class=\"et2\" style=\"height: 18.00pt;\" height=\"18\">Produkttyp<\/td>\n<td class=\"et3\" style=\"width: 189.95pt;\" width=\"189\">Gef\u00fcllte Lakritzseile<\/td>\n<\/tr>\n<tr style=\"height: 18.00pt;\">\n<td class=\"et2\" style=\"height: 18.00pt;\" height=\"18\">Geschmack<\/td>\n<td class=\"et3\" style=\"width: 189.95pt;\" width=\"189\">S\u00fc\u00df &amp; sauer &amp; widerstandsf\u00e4hig<\/td>\n<\/tr>\n<tr style=\"height: 17.60pt;\">\n<td class=\"et2\" style=\"height: 17.60pt;\" height=\"17\">MOQ<\/td>\n<td class=\"et2\">500CTNS<\/td>\n<\/tr>\n<tr style=\"height: 17.60pt;\">\n<td class=\"et2\" style=\"height: 17.60pt;\" height=\"17\">Muster<\/td>\n<td class=\"et2\">Verf\u00fcgbar<\/td>\n<\/tr>\n<\/tbody>\n<\/table>\n<p>&nbsp;<\/p>\n<p>&nbsp;<\/p>\n<p>&nbsp;<\/p>","protected":false},"featured_media":2250,"comment_status":"open","ping_status":"closed","template":"","meta":{"_acf_changed":false},"product_brand":[],"product_cat":[20],"product_tag":[30],"class_list":{"0":"post-2245","1":"product","2":"type-product","3":"status-publish","4":"has-post-thumbnail","6":"product_cat-bulk-licorice-candy","7":"product_tag-bulk-candies-collection","9":"first","10":"instock","11":"shipping-taxable","12":"product-type-simple"},"acf":[],"_links":{"self":[{"href":"https:\/\/www.lechaocandy.com\/de\/wp-json\/wp\/v2\/product\/2245","targetHints":{"allow":["GET"]}}],"collection":[{"href":"https:\/\/www.lechaocandy.com\/de\/wp-json\/wp\/v2\/product"}],"about":[{"href":"https:\/\/www.lechaocandy.com\/de\/wp-json\/wp\/v2\/types\/product"}],"replies":[{"embeddable":true,"href":"https:\/\/www.lechaocandy.com\/de\/wp-json\/wp\/v2\/comments?post=2245"}],"wp:featuredmedia":[{"embeddable":true,"href":"https:\/\/www.lechaocandy.com\/de\/wp-json\/wp\/v2\/media\/2250"}],"wp:attachment":[{"href":"https:\/\/www.lechaocandy.com\/de\/wp-json\/wp\/v2\/media?parent=2245"}],"wp:term":[{"taxonomy":"product_brand","embeddable":true,"href":"https:\/\/www.lechaocandy.com\/de\/wp-json\/wp\/v2\/product_brand?post=2245"},{"taxonomy":"product_cat","embeddable":true,"href":"https:\/\/www.lechaocandy.com\/de\/wp-json\/wp\/v2\/product_cat?post=2245"},{"taxonomy":"product_tag","embeddable":true,"href":"https:\/\/www.lechaocandy.com\/de\/wp-json\/wp\/v2\/product_tag?post=2245"}],"curies":[{"name":"wp","href":"https:\/\/api.w.org\/{rel}","templated":true}]}}