{"id":2251,"date":"2025-11-17T06:35:26","date_gmt":"2025-11-17T06:35:26","guid":{"rendered":"https:\/\/www.lechaocandy.com\/?post_type=product&#038;p=2251"},"modified":"2025-11-17T06:58:08","modified_gmt":"2025-11-17T06:58:08","slug":"bulk-bite-size-candy","status":"publish","type":"product","link":"https:\/\/www.lechaocandy.com\/de\/produkt\/bulk-bite-size-candy\/","title":{"rendered":"Kerngef\u00fcllte Bulk-Bonbons in Bissgr\u00f6\u00dfe, Rainbow Sour Belt Bites"},"content":{"rendered":"<div class=\"wp-block-columns is-layout-flex wp-container-core-columns-is-layout-9d6595d7 wp-block-columns-is-layout-flex\"><div class=\"wp-block-column is-layout-flow wp-block-column-is-layout-flow\"><h2 class=\"wp-block-heading\">Produkt-Highlights von Bulk Bite Size Candy<\/h2>\n\n<ul class=\"wp-block-list\"><li><strong>Optischer Reiz des Regenbogens:<\/strong> Die mundgerechten Bonbons unserer Fabrik zeichnen sich durch ein Streifendesign in den Farben Rot, Gelb, Blau und Gr\u00fcn und eine glitzernde Glasur aus. Die leuchtenden Farben der Bonbons erzeugen einen greifbaren Display-Effekt und ziehen die Blicke der Kunden auf sich.<\/li>\n\n<li><strong>Explodierende F\u00fcllung, eine Doppelschicht aus s\u00fc\u00dfem und w\u00fcrzigem Geschmack: <\/strong>Diese Gro\u00dfhandels-Regenbogeng\u00fcrtel-Bissen verwenden ein einzigartiges F\u00fcllverfahren. Wenn man in die z\u00e4he, leicht s\u00e4uerliche \u00e4u\u00dfere Schicht bei\u00dft, explodiert die fruchtige F\u00fcllung aus der \u00e4u\u00dferen Schicht und erzeugt einen reichen und befriedigenden Geschmack.<\/li>\n\n<li><strong>In mundgerechter Gr\u00f6\u00dfe, leicht zu teilen: <\/strong>Diese mundgerechten Fabrik-Bonbons werden in einem Mini-W\u00fcrfel geliefert, der einen einfachen Verzehr ohne viele herunterfallende Bonbonst\u00fccke erm\u00f6glicht. Die Bonbons eignen sich f\u00fcr alle Gelegenheiten, z. B. als Snack im B\u00fcro, als einfache Party-S\u00fc\u00dfigkeit oder zum Teilen mit Kindern.<\/li>\n\n<li><strong>Hochwertige Verarbeitung, kaubare Textur: <\/strong>Unsere Gro\u00dfhandel Regenbogen G\u00fcrtel bei\u00dft voll und sogar, wenn Sie f\u00fchlen und schmecken die gummi. Die Gummis f\u00fchlen sich nicht hart oder klebrig, es ist kaubar und geschmeidig - ein Beispiel f\u00fcr die Marken strenge Kontrolle \u00fcber Rohstoffe und Prozesse.<\/li>\n\n<li><strong>Verpackungen mit Markenzeichen, hoher Wiedererkennungswert: <\/strong>Unsere mundgerechten Bonbons aus der Fabrik zeichnen sich durch ein helles und lebhaftes Verpackungsdesign mit Cartoon-Figuren aus, die die Erinnerung an die Marke verst\u00e4rken. Sie eignen sich daher als Werbegeschenke, Giveaways f\u00fcr Veranstaltungen oder f\u00fcr den Gro\u00dfhandel.<\/li><\/ul><\/div>\n\n<div class=\"wp-block-column is-layout-flow wp-block-column-is-layout-flow\"><figure class=\"wp-block-image size-full\"><img decoding=\"async\" width=\"800\" height=\"800\" src=\"https:\/\/www.lechaocandy.com\/wp-content\/uploads\/2025\/11\/Center-Filled-Bulk-Bite-Size-Candy-Rainbow-Sour-Belt-Bites-1.webp\" alt=\"Kerngef\u00fcllte Bulk-Bonbons in Bissgr\u00f6\u00dfe, Rainbow Sour Belt Bites-1\" class=\"wp-image-2252\" srcset=\"https:\/\/www.lechaocandy.com\/wp-content\/uploads\/2025\/11\/Center-Filled-Bulk-Bite-Size-Candy-Rainbow-Sour-Belt-Bites-1.webp 800w, https:\/\/www.lechaocandy.com\/wp-content\/uploads\/2025\/11\/Center-Filled-Bulk-Bite-Size-Candy-Rainbow-Sour-Belt-Bites-1-300x300.webp 300w, https:\/\/www.lechaocandy.com\/wp-content\/uploads\/2025\/11\/Center-Filled-Bulk-Bite-Size-Candy-Rainbow-Sour-Belt-Bites-1-150x150.webp 150w, https:\/\/www.lechaocandy.com\/wp-content\/uploads\/2025\/11\/Center-Filled-Bulk-Bite-Size-Candy-Rainbow-Sour-Belt-Bites-1-768x768.webp 768w, https:\/\/www.lechaocandy.com\/wp-content\/uploads\/2025\/11\/Center-Filled-Bulk-Bite-Size-Candy-Rainbow-Sour-Belt-Bites-1-12x12.webp 12w, https:\/\/www.lechaocandy.com\/wp-content\/uploads\/2025\/11\/Center-Filled-Bulk-Bite-Size-Candy-Rainbow-Sour-Belt-Bites-1-600x600.webp 600w, https:\/\/www.lechaocandy.com\/wp-content\/uploads\/2025\/11\/Center-Filled-Bulk-Bite-Size-Candy-Rainbow-Sour-Belt-Bites-1-100x100.webp 100w\" sizes=\"(max-width: 800px) 100vw, 800px\" \/><\/figure><\/div><\/div>","protected":false},"excerpt":{"rendered":"<p>Willkommen in unserer Fabrik bulk Biss Gr\u00f6\u00dfe S\u00fc\u00dfigkeiten zu kaufen. Unsere Gro\u00dfhandel Regenbogen G\u00fcrtel Bites verf\u00fcgen \u00fcber eine saure Beschichtung mit einem deutlichen kauen. Ihre mundgerechte S\u00fc\u00dfigkeiten hat viele verschiedene Geschmacksrichtungen mit einer w\u00fcrzigen \u00e4u\u00dferen Schicht und ein wenig entspannende Creme.<\/p>\n<table style=\"border-collapse: collapse; width: 300.02pt;\" border=\"0\" width=\"300\" cellspacing=\"0\" cellpadding=\"0\">\n<tbody>\n<tr style=\"height: 17.60pt;\">\n<td class=\"et2\" style=\"height: 17.60pt; width: 110.80pt;\" width=\"110\" height=\"17\">Hersteller<\/td>\n<td class=\"et2\" style=\"width: 189.95pt;\" width=\"189\">LeChao Bonbons<\/td>\n<\/tr>\n<tr style=\"height: 18.00pt;\">\n<td class=\"et2\" style=\"height: 18.00pt;\" height=\"18\">Produkttyp<\/td>\n<td class=\"et3\" style=\"width: 189.95pt;\" width=\"189\">Saurer Bissen mit F\u00fcllung<\/td>\n<\/tr>\n<tr style=\"height: 18.00pt;\">\n<td class=\"et2\" style=\"height: 18.00pt;\" height=\"18\">Geschmack<\/td>\n<td class=\"et3\" style=\"width: 189.95pt;\" width=\"189\">S\u00fc\u00df &amp; sauer &amp; widerstandsf\u00e4hig<\/td>\n<\/tr>\n<tr style=\"height: 17.60pt;\">\n<td class=\"et2\" style=\"height: 17.60pt;\" height=\"17\">MOQ<\/td>\n<td class=\"et2\">500CTNS<\/td>\n<\/tr>\n<tr style=\"height: 17.60pt;\">\n<td class=\"et2\" style=\"height: 17.60pt;\" height=\"17\">Muster<\/td>\n<td class=\"et2\">Verf\u00fcgbar<\/td>\n<\/tr>\n<\/tbody>\n<\/table>\n<p>&nbsp;<\/p>\n<p>&nbsp;<\/p>\n<p>&nbsp;<\/p>","protected":false},"featured_media":2253,"comment_status":"open","ping_status":"closed","template":"","meta":{"_acf_changed":false},"product_brand":[],"product_cat":[20],"product_tag":[30],"class_list":{"0":"post-2251","1":"product","2":"type-product","3":"status-publish","4":"has-post-thumbnail","6":"product_cat-bulk-licorice-candy","7":"product_tag-bulk-candies-collection","9":"first","10":"instock","11":"shipping-taxable","12":"product-type-simple"},"acf":[],"_links":{"self":[{"href":"https:\/\/www.lechaocandy.com\/de\/wp-json\/wp\/v2\/product\/2251","targetHints":{"allow":["GET"]}}],"collection":[{"href":"https:\/\/www.lechaocandy.com\/de\/wp-json\/wp\/v2\/product"}],"about":[{"href":"https:\/\/www.lechaocandy.com\/de\/wp-json\/wp\/v2\/types\/product"}],"replies":[{"embeddable":true,"href":"https:\/\/www.lechaocandy.com\/de\/wp-json\/wp\/v2\/comments?post=2251"}],"wp:featuredmedia":[{"embeddable":true,"href":"https:\/\/www.lechaocandy.com\/de\/wp-json\/wp\/v2\/media\/2253"}],"wp:attachment":[{"href":"https:\/\/www.lechaocandy.com\/de\/wp-json\/wp\/v2\/media?parent=2251"}],"wp:term":[{"taxonomy":"product_brand","embeddable":true,"href":"https:\/\/www.lechaocandy.com\/de\/wp-json\/wp\/v2\/product_brand?post=2251"},{"taxonomy":"product_cat","embeddable":true,"href":"https:\/\/www.lechaocandy.com\/de\/wp-json\/wp\/v2\/product_cat?post=2251"},{"taxonomy":"product_tag","embeddable":true,"href":"https:\/\/www.lechaocandy.com\/de\/wp-json\/wp\/v2\/product_tag?post=2251"}],"curies":[{"name":"wp","href":"https:\/\/api.w.org\/{rel}","templated":true}]}}