{"id":2271,"date":"2025-11-26T08:00:44","date_gmt":"2025-11-26T08:00:44","guid":{"rendered":"https:\/\/www.lechaocandy.com\/?post_type=product&#038;p=2271"},"modified":"2025-11-26T08:27:01","modified_gmt":"2025-11-26T08:27:01","slug":"wholesale-rainbow-gummies","status":"publish","type":"product","link":"https:\/\/www.lechaocandy.com\/de\/produkt\/wholesale-rainbow-gummies\/","title":{"rendered":"LeChao Gro\u00dfhandel Regenbogen Gummies, Bulk Pack saure G\u00fcrtel Bites"},"content":{"rendered":"<div class=\"wp-block-columns is-layout-flex wp-container-core-columns-is-layout-9d6595d7 wp-block-columns-is-layout-flex\"><div class=\"wp-block-column is-layout-flow wp-block-column-is-layout-flow\"><h2 class=\"wp-block-heading\">Produkt-Highlights des Gro\u00dfhandels Regenbogen Gummies<\/h2>\n\n<ul class=\"wp-block-list\"><li><strong>Lebendige Regenbogenbilder, die das Regal aufwerten: <\/strong>Unsere Regenbogen-Gummis f\u00fcr den Gro\u00dfhandel zeichnen sich durch eine Kombination aus leuchtenden Farben aus, die einen schillernden Regenbogeneffekt mit einer glitzernden, funkelnden Glasuroberfl\u00e4che erzeugen.<\/li>\n\n<li><strong>Einzigartige Streifenform, lustige und k\u00e4sige Textur:<\/strong> Diese innovativen Gro\u00dfhandelsgummis haben die perfekte Gr\u00f6\u00dfe und kombinieren Zuckerguss mit Kaugummis f\u00fcr ein zweifaches Texturerlebnis.<\/li>\n\n<li><strong>Perfektes Gleichgewicht zwischen s\u00fc\u00df und sauer<\/strong>: Unsere Gro\u00dfhandels-Regenbogen-Gummis haben eine pr\u00e4zise s\u00fc\u00df-saure Rezeptur. Der anf\u00e4ngliche Ausbruch von hellen S\u00e4ure sofort weckt die Geschmacksknospen, gefolgt von verschiedenen Schichten von Geschmack, die einen anhaltenden Nachgeschmack verlassen.<\/li>\n\n<li><strong>Ausgezeichneter Wert: <\/strong>Unser Gro\u00dfhandel G\u00fcrtel bei\u00dft sind direkt aus der Fabrik verkauft, bietet Ihnen sehr wettbewerbsf\u00e4hige Gro\u00dfhandelspreise und sichern Sie Ihre Gewinnspanne.<\/li>\n\n<li><strong>Unterst\u00fctzt flexible Anpassung:<\/strong> Wir bieten Gro\u00dfhandels-Regenbogen-Gummis mit umfassenden OEM-Anpassungsdiensten an, von Geschmack und Farbe bis hin zur Au\u00dfenverpackung, um die Entwicklung differenzierter Produkte zu unterst\u00fctzen.<\/li><\/ul><\/div>\n\n<div class=\"wp-block-column is-layout-flow wp-block-column-is-layout-flow\"><figure class=\"wp-block-image size-full\"><img decoding=\"async\" width=\"800\" height=\"800\" src=\"https:\/\/www.lechaocandy.com\/wp-content\/uploads\/2025\/11\/LeChao-Wholesale-Rainbow-Gummies-Bulk-Pack-Sour-Belt-Bites-1.webp\" alt=\"LeChao Gro\u00dfhandel Regenbogen Gummies, Bulk Pack sauren G\u00fcrtel Bites-1\" class=\"wp-image-2272\" srcset=\"https:\/\/www.lechaocandy.com\/wp-content\/uploads\/2025\/11\/LeChao-Wholesale-Rainbow-Gummies-Bulk-Pack-Sour-Belt-Bites-1.webp 800w, https:\/\/www.lechaocandy.com\/wp-content\/uploads\/2025\/11\/LeChao-Wholesale-Rainbow-Gummies-Bulk-Pack-Sour-Belt-Bites-1-300x300.webp 300w, https:\/\/www.lechaocandy.com\/wp-content\/uploads\/2025\/11\/LeChao-Wholesale-Rainbow-Gummies-Bulk-Pack-Sour-Belt-Bites-1-150x150.webp 150w, https:\/\/www.lechaocandy.com\/wp-content\/uploads\/2025\/11\/LeChao-Wholesale-Rainbow-Gummies-Bulk-Pack-Sour-Belt-Bites-1-768x768.webp 768w, https:\/\/www.lechaocandy.com\/wp-content\/uploads\/2025\/11\/LeChao-Wholesale-Rainbow-Gummies-Bulk-Pack-Sour-Belt-Bites-1-12x12.webp 12w, https:\/\/www.lechaocandy.com\/wp-content\/uploads\/2025\/11\/LeChao-Wholesale-Rainbow-Gummies-Bulk-Pack-Sour-Belt-Bites-1-600x600.webp 600w, https:\/\/www.lechaocandy.com\/wp-content\/uploads\/2025\/11\/LeChao-Wholesale-Rainbow-Gummies-Bulk-Pack-Sour-Belt-Bites-1-100x100.webp 100w\" sizes=\"(max-width: 800px) 100vw, 800px\" \/><\/figure><\/div><\/div><p><\/p>","protected":false},"excerpt":{"rendered":"<p>Willkommen in unserem Gro\u00dfhandel Regenbogen-Gummis zu bestellen. Unsere Regenbogengummis bieten eine knackige und lustige Textur in gro\u00dfen Mengen. Wir bieten einen Gro\u00dfhandelsservice aus einer Hand, von der Produktion bis zur Verpackung, was uns zur idealen Wahl macht, um Marktanteile zu erobern.<\/p>\n<table style=\"border-collapse: collapse; width: 300.02pt;\" border=\"0\" width=\"300\" cellspacing=\"0\" cellpadding=\"0\">\n<tbody>\n<tr style=\"height: 17.60pt;\">\n<td class=\"et2\" style=\"height: 17.60pt; width: 110.80pt;\" width=\"110\" height=\"17\">Hersteller<\/td>\n<td class=\"et2\" style=\"width: 189.95pt;\" width=\"189\">LeChao Bonbons<\/td>\n<\/tr>\n<tr style=\"height: 18.00pt;\">\n<td class=\"et2\" style=\"height: 18.00pt;\" height=\"18\">Produkttyp<\/td>\n<td class=\"et3\" style=\"width: 189.95pt;\" width=\"189\">Regenbogen-Sauerstoffg\u00fcrtel<\/td>\n<\/tr>\n<tr style=\"height: 18.00pt;\">\n<td class=\"et2\" style=\"height: 18.00pt;\" height=\"18\">Geschmack<\/td>\n<td class=\"et3\" style=\"width: 189.95pt;\" width=\"189\">S\u00fc\u00df &amp; sauer &amp; widerstandsf\u00e4hig<\/td>\n<\/tr>\n<tr style=\"height: 17.60pt;\">\n<td class=\"et2\" style=\"height: 17.60pt;\" height=\"17\">MOQ<\/td>\n<td class=\"et2\">500CTNS<\/td>\n<\/tr>\n<tr style=\"height: 17.60pt;\">\n<td class=\"et2\" style=\"height: 17.60pt;\" height=\"17\">Muster<\/td>\n<td class=\"et2\">Verf\u00fcgbar<\/td>\n<\/tr>\n<\/tbody>\n<\/table>\n<p>&nbsp;<\/p>\n<p>&nbsp;<\/p>\n<p>&nbsp;<\/p>","protected":false},"featured_media":2273,"comment_status":"open","ping_status":"closed","template":"","meta":{"_acf_changed":false},"product_brand":[],"product_cat":[20],"product_tag":[30],"class_list":{"0":"post-2271","1":"product","2":"type-product","3":"status-publish","4":"has-post-thumbnail","6":"product_cat-bulk-licorice-candy","7":"product_tag-bulk-candies-collection","9":"first","10":"instock","11":"shipping-taxable","12":"product-type-simple"},"acf":[],"_links":{"self":[{"href":"https:\/\/www.lechaocandy.com\/de\/wp-json\/wp\/v2\/product\/2271","targetHints":{"allow":["GET"]}}],"collection":[{"href":"https:\/\/www.lechaocandy.com\/de\/wp-json\/wp\/v2\/product"}],"about":[{"href":"https:\/\/www.lechaocandy.com\/de\/wp-json\/wp\/v2\/types\/product"}],"replies":[{"embeddable":true,"href":"https:\/\/www.lechaocandy.com\/de\/wp-json\/wp\/v2\/comments?post=2271"}],"wp:featuredmedia":[{"embeddable":true,"href":"https:\/\/www.lechaocandy.com\/de\/wp-json\/wp\/v2\/media\/2273"}],"wp:attachment":[{"href":"https:\/\/www.lechaocandy.com\/de\/wp-json\/wp\/v2\/media?parent=2271"}],"wp:term":[{"taxonomy":"product_brand","embeddable":true,"href":"https:\/\/www.lechaocandy.com\/de\/wp-json\/wp\/v2\/product_brand?post=2271"},{"taxonomy":"product_cat","embeddable":true,"href":"https:\/\/www.lechaocandy.com\/de\/wp-json\/wp\/v2\/product_cat?post=2271"},{"taxonomy":"product_tag","embeddable":true,"href":"https:\/\/www.lechaocandy.com\/de\/wp-json\/wp\/v2\/product_tag?post=2271"}],"curies":[{"name":"wp","href":"https:\/\/api.w.org\/{rel}","templated":true}]}}