{"id":2313,"date":"2025-12-11T09:39:27","date_gmt":"2025-12-11T09:39:27","guid":{"rendered":"https:\/\/www.lechaocandy.com\/?post_type=product&#038;p=2313"},"modified":"2025-12-11T09:53:07","modified_gmt":"2025-12-11T09:53:07","slug":"wholesale-vitamin-c-gummy","status":"publish","type":"product","link":"https:\/\/www.lechaocandy.com\/de\/produkt\/wholesale-vitamin-c-gummy\/","title":{"rendered":"S\u00fc\u00dfer Orangengeschmack Gro\u00dfhandel Vitamin C Gummibonbons"},"content":{"rendered":"<div class=\"wp-block-columns is-layout-flex wp-container-core-columns-is-layout-9d6595d7 wp-block-columns-is-layout-flex\"><div class=\"wp-block-column is-layout-flow wp-block-column-is-layout-flow\"><h2 class=\"wp-block-heading\">Produkt-Highlights des Gro\u00dfhandels Vitamin C Gummib\u00e4rchen<\/h2>\n\n<ul class=\"wp-block-list\"><li><strong>Doppelter Wert, der Geschmack und Ern\u00e4hrung verbindet: <\/strong>Diese Gro\u00dfhandels-Vitamin-C-Gummis platzen im Mund mit einem w\u00fcrzigen Orangenkick, weich und kaubar, w\u00e4hrend sie gleichzeitig mit Vitamin C f\u00fcr eine einfache t\u00e4gliche Erg\u00e4nzung als ein Snack abgerundet werden. Gesundheitsbewusste Verbraucher werden diese Leckereien lieben!<\/li>\n\n<li><strong>Exquisites Erscheinungsbild, hervorragende visuelle Anziehungskraft und Textur: <\/strong>Unsere gro\u00dfvolumigen Gummibonbons sind gleichm\u00e4\u00dfig mit glitzernden Zuckerkristallen \u00fcberzogen. Sie haben eine leuchtend goldene Farbe und ein einzigartiges, hochwertiges Aussehen, das die Attraktivit\u00e4t der Produktauslage deutlich erh\u00f6ht.<\/li>\n\n<li><strong>Flexible Spezifikationen, die verschiedene Gro\u00dfhandelsanforderungen erf\u00fcllen: <\/strong>Unsere Vitamin-C-Gummis f\u00fcr den Gro\u00dfhandel sind in 68-Gramm-Einzelhandelsflaschen und 544-Gramm-Gro\u00dfhandelskartons erh\u00e4ltlich. Das Verpackungsdesign ist stilvoll und erfrischend und eignet sich f\u00fcr den Einzelverkauf, als Teil von Geschenksets oder als individuelles Firmengeschenk und bietet flexible Einkaufs- und Vertriebsoptionen.<\/li>\n\n<li><strong>Breites Spektrum an Anwendungen, die alle Kundenbed\u00fcrfnisse abdecken: <\/strong>Diese Vitamin-C-Gummis f\u00fcr den Gro\u00dfhandel verbinden den Spa\u00df eines Snacks mit gesundheitlichen Vorteilen und eignen sich f\u00fcr verschiedene Verzehrszenarien, wie z. B. f\u00fcr die t\u00e4gliche Freizeit, als Snack f\u00fcr das B\u00fcro, als Snack f\u00fcr Kinder und als Geschenk; sie sprechen ein breites Publikum an und haben ein starkes Absatzpotenzial.<\/li><\/ul><\/div>\n\n<div class=\"wp-block-column is-layout-flow wp-block-column-is-layout-flow\"><figure class=\"wp-block-image size-full\"><img decoding=\"async\" width=\"800\" height=\"800\" src=\"https:\/\/www.lechaocandy.com\/wp-content\/uploads\/2025\/12\/Sweet-Orange-Flavor-Wholesale-Vitamin-C-Gummy-Candies-1.webp\" alt=\"S\u00fc\u00dfer Orangengeschmack Gro\u00dfhandel Vitamin C Gummibonbons-1\" class=\"wp-image-2314\" srcset=\"https:\/\/www.lechaocandy.com\/wp-content\/uploads\/2025\/12\/Sweet-Orange-Flavor-Wholesale-Vitamin-C-Gummy-Candies-1.webp 800w, https:\/\/www.lechaocandy.com\/wp-content\/uploads\/2025\/12\/Sweet-Orange-Flavor-Wholesale-Vitamin-C-Gummy-Candies-1-300x300.webp 300w, https:\/\/www.lechaocandy.com\/wp-content\/uploads\/2025\/12\/Sweet-Orange-Flavor-Wholesale-Vitamin-C-Gummy-Candies-1-150x150.webp 150w, https:\/\/www.lechaocandy.com\/wp-content\/uploads\/2025\/12\/Sweet-Orange-Flavor-Wholesale-Vitamin-C-Gummy-Candies-1-768x768.webp 768w, https:\/\/www.lechaocandy.com\/wp-content\/uploads\/2025\/12\/Sweet-Orange-Flavor-Wholesale-Vitamin-C-Gummy-Candies-1-12x12.webp 12w, https:\/\/www.lechaocandy.com\/wp-content\/uploads\/2025\/12\/Sweet-Orange-Flavor-Wholesale-Vitamin-C-Gummy-Candies-1-600x600.webp 600w, https:\/\/www.lechaocandy.com\/wp-content\/uploads\/2025\/12\/Sweet-Orange-Flavor-Wholesale-Vitamin-C-Gummy-Candies-1-100x100.webp 100w\" sizes=\"(max-width: 800px) 100vw, 800px\" \/><\/figure><\/div><\/div>","protected":false},"excerpt":{"rendered":"<p>Willkommen bei der Gro\u00dfbestellung von Gummibonbons! Unsere Vitamin-C-Gummis mit Orangengeschmack f\u00fcr den Gro\u00dfhandel sind mit glitzerndem Zucker best\u00e4ubt, haben einen befriedigend kaubaren Biss und eine ausgewogene Mischung aus s\u00fc\u00df und spritzig. Jedes Gummibonbon ist mit Vitamin C angereichert, so dass Sie einen leckeren Leckerbissen und einen kleinen N\u00e4hrstoffschub erhalten.<\/p>\n<table style=\"border-collapse: collapse; width: 329.02pt;\" border=\"0\" width=\"329\" cellspacing=\"0\" cellpadding=\"0\">\n<tbody>\n<tr style=\"height: 17.60pt;\">\n<td class=\"et2\" style=\"height: 17.60pt; width: 110.80pt;\" width=\"110\" height=\"17\">Hersteller<\/td>\n<td class=\"et2\" style=\"width: 219.15pt;\" width=\"219\">LeChao Bonbons<\/td>\n<\/tr>\n<tr style=\"height: 18.00pt;\">\n<td class=\"et2\" style=\"height: 18.00pt;\" height=\"18\">Produkttyp<\/td>\n<td class=\"et3\" style=\"width: 219.15pt;\" width=\"219\">Orange Vitamin C Gummibonbon<\/td>\n<\/tr>\n<tr style=\"height: 18.00pt;\">\n<td class=\"et2\" style=\"height: 18.00pt;\" height=\"18\">Geschmack<\/td>\n<td class=\"et3\" style=\"width: 219.15pt;\" width=\"219\">S\u00fc\u00df &amp; sauer &amp; widerstandsf\u00e4hig<\/td>\n<\/tr>\n<tr style=\"height: 17.60pt;\">\n<td class=\"et2\" style=\"height: 17.60pt;\" height=\"17\">Spezifikation<\/td>\n<td class=\"et2\">68gx8Flaschenx10K\u00e4sten<\/td>\n<\/tr>\n<tr style=\"height: 17.60pt;\">\n<td class=\"et2\" style=\"height: 17.60pt;\" height=\"17\">Gr\u00f6\u00dfe des Kartons<\/td>\n<td class=\"et2\">49*19.8*20cm<\/td>\n<\/tr>\n<tr style=\"height: 17.60pt;\">\n<td class=\"et2\" style=\"height: 17.60pt;\" height=\"17\">N.W.\/Karton<\/td>\n<td class=\"et2\">7.0kg<\/td>\n<\/tr>\n<tr style=\"height: 17.60pt;\">\n<td class=\"et2\" style=\"height: 17.60pt;\" height=\"17\">MOQ<\/td>\n<td class=\"et2\">500CTNS<\/td>\n<\/tr>\n<tr style=\"height: 17.60pt;\">\n<td class=\"et2\" style=\"height: 17.60pt;\" height=\"17\">Muster<\/td>\n<td class=\"et2\">Verf\u00fcgbar<\/td>\n<\/tr>\n<\/tbody>\n<\/table>","protected":false},"featured_media":2315,"comment_status":"open","ping_status":"closed","template":"","meta":{"_acf_changed":false},"product_brand":[],"product_cat":[28,19],"product_tag":[],"class_list":{"0":"post-2313","1":"product","2":"type-product","3":"status-publish","4":"has-post-thumbnail","6":"product_cat-bulk-sour-gummies","7":"product_cat-wholesale-gummy-manufacturer","9":"first","10":"instock","11":"shipping-taxable","12":"product-type-simple"},"acf":[],"_links":{"self":[{"href":"https:\/\/www.lechaocandy.com\/de\/wp-json\/wp\/v2\/product\/2313","targetHints":{"allow":["GET"]}}],"collection":[{"href":"https:\/\/www.lechaocandy.com\/de\/wp-json\/wp\/v2\/product"}],"about":[{"href":"https:\/\/www.lechaocandy.com\/de\/wp-json\/wp\/v2\/types\/product"}],"replies":[{"embeddable":true,"href":"https:\/\/www.lechaocandy.com\/de\/wp-json\/wp\/v2\/comments?post=2313"}],"wp:featuredmedia":[{"embeddable":true,"href":"https:\/\/www.lechaocandy.com\/de\/wp-json\/wp\/v2\/media\/2315"}],"wp:attachment":[{"href":"https:\/\/www.lechaocandy.com\/de\/wp-json\/wp\/v2\/media?parent=2313"}],"wp:term":[{"taxonomy":"product_brand","embeddable":true,"href":"https:\/\/www.lechaocandy.com\/de\/wp-json\/wp\/v2\/product_brand?post=2313"},{"taxonomy":"product_cat","embeddable":true,"href":"https:\/\/www.lechaocandy.com\/de\/wp-json\/wp\/v2\/product_cat?post=2313"},{"taxonomy":"product_tag","embeddable":true,"href":"https:\/\/www.lechaocandy.com\/de\/wp-json\/wp\/v2\/product_tag?post=2313"}],"curies":[{"name":"wp","href":"https:\/\/api.w.org\/{rel}","templated":true}]}}