{"id":2316,"date":"2025-12-11T09:53:26","date_gmt":"2025-12-11T09:53:26","guid":{"rendered":"https:\/\/www.lechaocandy.com\/?post_type=product&#038;p=2316"},"modified":"2025-12-11T10:04:07","modified_gmt":"2025-12-11T10:04:07","slug":"bulk-vitamin-c-gummies","status":"publish","type":"product","link":"https:\/\/www.lechaocandy.com\/de\/produkt\/bulk-vitamin-c-gummies\/","title":{"rendered":"Vitamin C Gummib\u00e4rchen mit Apfelgeschmack, Support Custom Package"},"content":{"rendered":"<div class=\"wp-block-columns is-layout-flex wp-container-core-columns-is-layout-9d6595d7 wp-block-columns-is-layout-flex\"><div class=\"wp-block-column is-layout-flow wp-block-column-is-layout-flow\"><h2 class=\"wp-block-heading\">Produkt-Highlights von Bulk Vitamin C Gummies<\/h2>\n\n<ul class=\"wp-block-list\"><li><strong>Gesunde ern\u00e4hrungsphysiologische Zusatzstoffe:<\/strong> Unsere Bulk-Vitamin-C-Gummis bieten eine grundlegende Nahrungserg\u00e4nzung und sind gleichzeitig eine k\u00f6stliche Leckerei, was der aktuellen Nachfrage der Verbraucher nach gesunden Snacks entspricht und die Zielgruppe des Produkts erweitert.<\/li>\n\n<li><strong>Exquisite Erscheinung Design: <\/strong>Dieses Gro\u00dfhandelsgummibonbon hat einen Zuckermantel, der es kristallklar und hell gef\u00e4rbt macht und eine ausgezeichnete visuelle Anziehungskraft besitzt, die den sofortigen Verkauf in den Einzelhandelsregalen wirksam f\u00f6rdert.<\/li>\n\n<li><strong>\u00dcberlegenes Geschmackserlebnis:<\/strong> Unsere Vitamin-C-Gummis in loser Sch\u00fcttung verwenden eine hochwertige Formel und ein hochwertiges Verfahren. Die Gummibonbons sind z\u00e4h und elastisch, mit einem frischen und nat\u00fcrlichen Fruchtgeschmack, m\u00e4\u00dfiger S\u00fc\u00dfe und einer reichhaltigen Textur, die den Verbrauchern ein angenehmes Esserlebnis bietet und zu einem positiven Markenimage beitr\u00e4gt.<\/li>\n\n<li><strong>Diverse Verpackungsspezifikationen:<\/strong> Dieses Gro\u00dfhandelsgummibonbon bietet verschiedene Spezifikationen, von 68-Gramm-Einzelhandelsflaschen bis hin zu kiloschweren Gro\u00dfhandelss\u00e4cken, die sich an verschiedene Verkaufsszenarien wie Superm\u00e4rkte, E-Commerce-Vertrieb, Gro\u00dfeinkauf und individuelle Geschenke anpassen.<\/li>\n\n<li><strong>Umfassende Unterst\u00fctzung bei der Anpassung: <\/strong>Unsere Bulk-Vitamin-C-Gummis erm\u00f6glichen eine umfassende Anpassung von Geschmacksrichtungen, Formulierungen, Designs und Spezifikationen. Wir helfen Ihnen auch dabei, Ihr Firmenlogo und andere spezifische Informationen aufzudrucken, was es zu einem gro\u00dfartigen Produkt auch f\u00fcr individuelle Geschenke macht.<\/li><\/ul><\/div>\n\n<div class=\"wp-block-column is-layout-flow wp-block-column-is-layout-flow\"><figure class=\"wp-block-image size-full\"><img decoding=\"async\" width=\"800\" height=\"800\" src=\"https:\/\/www.lechaocandy.com\/wp-content\/uploads\/2025\/12\/Apple-Flavor-Bulk-Vitamin-C-Gummies-Support-Custom-Package-1.webp\" alt=\"Vitamin C-Gummis mit Apfelgeschmack, Support Custom Package-1\" class=\"wp-image-2317\" srcset=\"https:\/\/www.lechaocandy.com\/wp-content\/uploads\/2025\/12\/Apple-Flavor-Bulk-Vitamin-C-Gummies-Support-Custom-Package-1.webp 800w, https:\/\/www.lechaocandy.com\/wp-content\/uploads\/2025\/12\/Apple-Flavor-Bulk-Vitamin-C-Gummies-Support-Custom-Package-1-300x300.webp 300w, https:\/\/www.lechaocandy.com\/wp-content\/uploads\/2025\/12\/Apple-Flavor-Bulk-Vitamin-C-Gummies-Support-Custom-Package-1-150x150.webp 150w, https:\/\/www.lechaocandy.com\/wp-content\/uploads\/2025\/12\/Apple-Flavor-Bulk-Vitamin-C-Gummies-Support-Custom-Package-1-768x768.webp 768w, https:\/\/www.lechaocandy.com\/wp-content\/uploads\/2025\/12\/Apple-Flavor-Bulk-Vitamin-C-Gummies-Support-Custom-Package-1-12x12.webp 12w, https:\/\/www.lechaocandy.com\/wp-content\/uploads\/2025\/12\/Apple-Flavor-Bulk-Vitamin-C-Gummies-Support-Custom-Package-1-600x600.webp 600w, https:\/\/www.lechaocandy.com\/wp-content\/uploads\/2025\/12\/Apple-Flavor-Bulk-Vitamin-C-Gummies-Support-Custom-Package-1-100x100.webp 100w\" sizes=\"(max-width: 800px) 100vw, 800px\" \/><\/figure><\/div><\/div>","protected":false},"excerpt":{"rendered":"<p>Willkommen in der Bulk-Vitamin-C-Gummis zu kaufen. Unsere Apfel-Geschmack Gro\u00dfhandel Gummibonbons mit Zusatz von Vitamin C ist elastisch in der Textur. Wir bieten auch anpassbare Verpackung, Geschmack, und Branding f\u00fcr Ihren Kauf.<\/p>\n<table style=\"border-collapse: collapse; width: 329.02pt;\" border=\"0\" width=\"329\" cellspacing=\"0\" cellpadding=\"0\">\n<tbody>\n<tr style=\"height: 17.60pt;\">\n<td class=\"et2\" style=\"height: 17.60pt; width: 110.80pt;\" width=\"110\" height=\"17\">Hersteller<\/td>\n<td class=\"et2\" style=\"width: 219.15pt;\" width=\"219\">LeChao Bonbons<\/td>\n<\/tr>\n<tr style=\"height: 18.00pt;\">\n<td class=\"et2\" style=\"height: 18.00pt;\" height=\"18\">Produkttyp<\/td>\n<td class=\"et3\" style=\"width: 219.15pt;\" width=\"219\">Apfel-Vitamin-C-Gummibonbon<\/td>\n<\/tr>\n<tr style=\"height: 18.00pt;\">\n<td class=\"et2\" style=\"height: 18.00pt;\" height=\"18\">Geschmack<\/td>\n<td class=\"et3\" style=\"width: 219.15pt;\" width=\"219\">S\u00fc\u00df &amp; sauer &amp; widerstandsf\u00e4hig<\/td>\n<\/tr>\n<tr style=\"height: 17.60pt;\">\n<td class=\"et2\" style=\"height: 17.60pt;\" height=\"17\">Spezifikation<\/td>\n<td class=\"et2\">68gx8Flaschenx10K\u00e4sten<\/td>\n<\/tr>\n<tr style=\"height: 17.60pt;\">\n<td class=\"et2\" style=\"height: 17.60pt;\" height=\"17\">Gr\u00f6\u00dfe des Kartons<\/td>\n<td class=\"et2\">49*19.8*20cm<\/td>\n<\/tr>\n<tr style=\"height: 17.60pt;\">\n<td class=\"et2\" style=\"height: 17.60pt;\" height=\"17\">N.W.\/Karton<\/td>\n<td class=\"et2\">7.0kg<\/td>\n<\/tr>\n<tr style=\"height: 17.60pt;\">\n<td class=\"et2\" style=\"height: 17.60pt;\" height=\"17\">MOQ<\/td>\n<td class=\"et2\">500CTNS<\/td>\n<\/tr>\n<tr style=\"height: 17.60pt;\">\n<td class=\"et2\" style=\"height: 17.60pt;\" height=\"17\">Muster<\/td>\n<td class=\"et2\">Verf\u00fcgbar<\/td>\n<\/tr>\n<\/tbody>\n<\/table>","protected":false},"featured_media":2318,"comment_status":"open","ping_status":"closed","template":"","meta":{"_acf_changed":false},"product_brand":[],"product_cat":[28,19],"product_tag":[],"class_list":{"0":"post-2316","1":"product","2":"type-product","3":"status-publish","4":"has-post-thumbnail","6":"product_cat-bulk-sour-gummies","7":"product_cat-wholesale-gummy-manufacturer","9":"first","10":"instock","11":"shipping-taxable","12":"product-type-simple"},"acf":[],"_links":{"self":[{"href":"https:\/\/www.lechaocandy.com\/de\/wp-json\/wp\/v2\/product\/2316","targetHints":{"allow":["GET"]}}],"collection":[{"href":"https:\/\/www.lechaocandy.com\/de\/wp-json\/wp\/v2\/product"}],"about":[{"href":"https:\/\/www.lechaocandy.com\/de\/wp-json\/wp\/v2\/types\/product"}],"replies":[{"embeddable":true,"href":"https:\/\/www.lechaocandy.com\/de\/wp-json\/wp\/v2\/comments?post=2316"}],"wp:featuredmedia":[{"embeddable":true,"href":"https:\/\/www.lechaocandy.com\/de\/wp-json\/wp\/v2\/media\/2318"}],"wp:attachment":[{"href":"https:\/\/www.lechaocandy.com\/de\/wp-json\/wp\/v2\/media?parent=2316"}],"wp:term":[{"taxonomy":"product_brand","embeddable":true,"href":"https:\/\/www.lechaocandy.com\/de\/wp-json\/wp\/v2\/product_brand?post=2316"},{"taxonomy":"product_cat","embeddable":true,"href":"https:\/\/www.lechaocandy.com\/de\/wp-json\/wp\/v2\/product_cat?post=2316"},{"taxonomy":"product_tag","embeddable":true,"href":"https:\/\/www.lechaocandy.com\/de\/wp-json\/wp\/v2\/product_tag?post=2316"}],"curies":[{"name":"wp","href":"https:\/\/api.w.org\/{rel}","templated":true}]}}