{"id":2343,"date":"2025-12-19T06:46:29","date_gmt":"2025-12-19T06:46:29","guid":{"rendered":"https:\/\/www.lechaocandy.com\/?post_type=product&#038;p=2343"},"modified":"2025-12-19T07:06:56","modified_gmt":"2025-12-19T07:06:56","slug":"bulk-licorice-candy","status":"publish","type":"product","link":"https:\/\/www.lechaocandy.com\/de\/produkt\/bulk-licorice-candy\/","title":{"rendered":"LeChao Bulk Lakritz Bonbons, Rote &amp; Schwarze Lakritze Twists"},"content":{"rendered":"<div class=\"wp-block-columns is-layout-flex wp-container-core-columns-is-layout-9d6595d7 wp-block-columns-is-layout-flex\"><div class=\"wp-block-column is-layout-flow wp-block-column-is-layout-flow\"><h2 class=\"wp-block-heading\">Produkt-Highlights von Bulk Licorice Candy<\/h2>\n\n<ul class=\"wp-block-list\"><li><strong>Klassische Geschmacksrichtung:<\/strong> Unsere roten und schwarzen Lakritzbonbons bieten einen reichhaltigen Geschmack, der ein klassisches Lakritzbonbon-Erlebnis bietet, das bei Verbrauchern aller Altersgruppen beliebt ist.<\/li>\n\n<li><strong>Hochwertige Inhaltsstoffe:<\/strong> Diese Lakritzstangen f\u00fcr den Gro\u00dfhandel werden aus erstklassigen Zutaten hergestellt, die sicherstellen, dass jedes St\u00fcck Lakritz den hohen Anforderungen an Geschmack und Textur entspricht.<\/li>\n\n<li><strong>Vielseitig einsetzbar: <\/strong>Unsere losen Lakritzbonbons eignen sich f\u00fcr verschiedene Anl\u00e4sse, z. B. f\u00fcr Snacks, Partys und Weihnachtsgeschenke, und sind die perfekte Erg\u00e4nzung f\u00fcr jede Veranstaltung.<\/li>\n\n<li><strong>Gro\u00dfhandel Lieferung: <\/strong>Diese Lakritzzwirbel sind im Gro\u00dfhandel in gro\u00dfen Mengen erh\u00e4ltlich und decken den Bedarf von Einzelh\u00e4ndlern, Lebensmittelbetrieben und Geschenkel\u00e4den.<\/li>\n\n<li><strong>Langanhaltender Geschmack:<\/strong> Mit unseren gro\u00dfvolumigen Lakritzbonbons k\u00f6nnen Sie den einzigartigen Geschmack von Lakritz mit jedem Bissen genie\u00dfen, und sie eignen sich f\u00fcr eine langfristige Lagerung, ohne ihren frischen Geschmack zu verlieren.<\/li><\/ul><\/div>\n\n<div class=\"wp-block-column is-layout-flow wp-block-column-is-layout-flow\"><figure class=\"wp-block-image size-full\"><img decoding=\"async\" width=\"800\" height=\"800\" src=\"https:\/\/www.lechaocandy.com\/wp-content\/uploads\/2025\/12\/LeChao-Bulk-Licorice-Candy-Red-Black-Licorice-Twists-4.webp\" alt=\"LeChao Bulk Lakritz S\u00fc\u00dfigkeiten, rot &amp; schwarz Lakritz Twists-4\" class=\"wp-image-2347\" srcset=\"https:\/\/www.lechaocandy.com\/wp-content\/uploads\/2025\/12\/LeChao-Bulk-Licorice-Candy-Red-Black-Licorice-Twists-4.webp 800w, https:\/\/www.lechaocandy.com\/wp-content\/uploads\/2025\/12\/LeChao-Bulk-Licorice-Candy-Red-Black-Licorice-Twists-4-300x300.webp 300w, https:\/\/www.lechaocandy.com\/wp-content\/uploads\/2025\/12\/LeChao-Bulk-Licorice-Candy-Red-Black-Licorice-Twists-4-150x150.webp 150w, https:\/\/www.lechaocandy.com\/wp-content\/uploads\/2025\/12\/LeChao-Bulk-Licorice-Candy-Red-Black-Licorice-Twists-4-768x768.webp 768w, https:\/\/www.lechaocandy.com\/wp-content\/uploads\/2025\/12\/LeChao-Bulk-Licorice-Candy-Red-Black-Licorice-Twists-4-12x12.webp 12w, https:\/\/www.lechaocandy.com\/wp-content\/uploads\/2025\/12\/LeChao-Bulk-Licorice-Candy-Red-Black-Licorice-Twists-4-600x600.webp 600w, https:\/\/www.lechaocandy.com\/wp-content\/uploads\/2025\/12\/LeChao-Bulk-Licorice-Candy-Red-Black-Licorice-Twists-4-100x100.webp 100w\" sizes=\"(max-width: 800px) 100vw, 800px\" \/><\/figure><\/div><\/div><p><\/p>","protected":false},"excerpt":{"rendered":"<p>Willkommen zum Kauf von Lakritz-Bonbons. Unsere Gro\u00dfhandel Lakritze Twists geh\u00f6ren klassische rote und schwarze Lakritze Twists, mit sorgf\u00e4ltig ausgew\u00e4hlten hochwertigen Zutaten hergestellt und bietet einen einzigartigen Geschmack geeignet f\u00fcr verschiedene Anl\u00e4sse und Verbraucher Bed\u00fcrfnisse.<\/p>\n<table style=\"border-collapse: collapse; width: 300.02pt;\" border=\"0\" width=\"300\" cellspacing=\"0\" cellpadding=\"0\">\n<tbody>\n<tr style=\"height: 17.60pt;\">\n<td class=\"et2\" style=\"height: 17.60pt; width: 110.80pt;\" width=\"110\" height=\"17\">Hersteller<\/td>\n<td class=\"et2\" style=\"width: 189.95pt;\" width=\"189\">LeChao Bonbons<\/td>\n<\/tr>\n<tr style=\"height: 18.00pt;\">\n<td class=\"et2\" style=\"height: 18.00pt;\" height=\"18\">Produkttyp<\/td>\n<td class=\"et3\" style=\"width: 189.95pt;\" width=\"189\">Rot-schwarze Lakritz-Twists<\/td>\n<\/tr>\n<tr style=\"height: 18.00pt;\">\n<td class=\"et2\" style=\"height: 18.00pt;\" height=\"18\">Geschmack<\/td>\n<td class=\"et3\" style=\"width: 189.95pt;\" width=\"189\">S\u00fc\u00df &amp; sauer &amp; widerstandsf\u00e4hig<\/td>\n<\/tr>\n<tr style=\"height: 17.60pt;\">\n<td class=\"et2\" style=\"height: 17.60pt;\" height=\"17\">MOQ<\/td>\n<td class=\"et2\">500CTNS<\/td>\n<\/tr>\n<tr style=\"height: 17.60pt;\">\n<td class=\"et2\" style=\"height: 17.60pt;\" height=\"17\">Muster<\/td>\n<td class=\"et2\">Verf\u00fcgbar<\/td>\n<\/tr>\n<\/tbody>\n<\/table>\n<p>&nbsp;<\/p>\n<p>&nbsp;<\/p>\n<p>&nbsp;<\/p>","protected":false},"featured_media":2348,"comment_status":"open","ping_status":"closed","template":"","meta":{"_acf_changed":false},"product_brand":[],"product_cat":[20],"product_tag":[30],"class_list":{"0":"post-2343","1":"product","2":"type-product","3":"status-publish","4":"has-post-thumbnail","6":"product_cat-bulk-licorice-candy","7":"product_tag-bulk-candies-collection","9":"first","10":"instock","11":"shipping-taxable","12":"product-type-simple"},"acf":[],"_links":{"self":[{"href":"https:\/\/www.lechaocandy.com\/de\/wp-json\/wp\/v2\/product\/2343","targetHints":{"allow":["GET"]}}],"collection":[{"href":"https:\/\/www.lechaocandy.com\/de\/wp-json\/wp\/v2\/product"}],"about":[{"href":"https:\/\/www.lechaocandy.com\/de\/wp-json\/wp\/v2\/types\/product"}],"replies":[{"embeddable":true,"href":"https:\/\/www.lechaocandy.com\/de\/wp-json\/wp\/v2\/comments?post=2343"}],"wp:featuredmedia":[{"embeddable":true,"href":"https:\/\/www.lechaocandy.com\/de\/wp-json\/wp\/v2\/media\/2348"}],"wp:attachment":[{"href":"https:\/\/www.lechaocandy.com\/de\/wp-json\/wp\/v2\/media?parent=2343"}],"wp:term":[{"taxonomy":"product_brand","embeddable":true,"href":"https:\/\/www.lechaocandy.com\/de\/wp-json\/wp\/v2\/product_brand?post=2343"},{"taxonomy":"product_cat","embeddable":true,"href":"https:\/\/www.lechaocandy.com\/de\/wp-json\/wp\/v2\/product_cat?post=2343"},{"taxonomy":"product_tag","embeddable":true,"href":"https:\/\/www.lechaocandy.com\/de\/wp-json\/wp\/v2\/product_tag?post=2343"}],"curies":[{"name":"wp","href":"https:\/\/api.w.org\/{rel}","templated":true}]}}