{"id":2387,"date":"2026-01-12T07:14:30","date_gmt":"2026-01-12T07:14:30","guid":{"rendered":"https:\/\/www.lechaocandy.com\/?post_type=product&#038;p=2387"},"modified":"2026-04-09T02:22:19","modified_gmt":"2026-04-09T02:22:19","slug":"bulk-halloween-candy","status":"publish","type":"product","link":"https:\/\/www.lechaocandy.com\/de\/produkt\/bulk-halloween-candy\/","title":{"rendered":"LeChao Bulk Halloween S\u00fc\u00dfigkeiten, Halloween Gummib\u00e4rchen K\u00f6rperteile"},"content":{"rendered":"<div class=\"wp-block-columns is-layout-flex wp-container-core-columns-is-layout-9d6595d7 wp-block-columns-is-layout-flex\"><div class=\"wp-block-column is-layout-flow wp-block-column-is-layout-flow\"><h2 class=\"wp-block-heading\">Produkt-Highlights von Bulk Halloween S\u00fc\u00dfigkeiten<\/h2>\n\n<ul class=\"wp-block-list\"><li><strong>Das Design ist auf Halloween ausgerichtet: <\/strong>Diese gro\u00dfen Halloween-S\u00fc\u00dfigkeiten sind mit kreativen Gummibonbons in Form von K\u00f6rperteilen versehen, die perfekt zur Halloween-Atmosph\u00e4re passen und ein echter Blickfang sind.<\/li>\n\n<li><strong>Vielf\u00e4ltige Fruchtaromen, weiche Textur:<\/strong> Unsere Gro\u00dfhandels-Gummik\u00f6rperteile werden mit einer sorgf\u00e4ltig ausgew\u00e4hlten Formel hergestellt, die reichhaltige Fruchtaromen und eine kaubare, nicht klebrige Textur bietet und f\u00fcr alle Altersgruppen geeignet ist.<\/li>\n\n<li><strong>Beliebter Urlaubsartikel:<\/strong> Unsere gro\u00dfvolumigen Halloween-S\u00fc\u00dfigkeiten eignen sich perfekt f\u00fcr S\u00fc\u00dfes oder Saures, zum Teilen von Partys und als Bestandteil von Weihnachtsgeschenkboxen.<\/li>\n\n<li><strong>Gro\u00dfhandel und individuelle Anpassung m\u00f6glich:<\/strong> Diese Gro\u00dfhandels-Gummik\u00f6rperteile k\u00f6nnen in Bezug auf Geschmack, Farbe und Verpackung individuell angepasst werden, um den Anforderungen verschiedener M\u00e4rkte und Marken gerecht zu werden.<\/li>\n\n<li><strong>Stabile Qualit\u00e4t und zuverl\u00e4ssige Lieferung:<\/strong> Wir verf\u00fcgen \u00fcber ein ausgereiftes Produktionssystem und eine strenge Qualit\u00e4tskontrolle, um die Konsistenz und Sicherheit jeder einzelnen Charge von losen Halloween-S\u00fc\u00dfigkeiten zu gew\u00e4hrleisten.<\/li><\/ul><\/div>\n\n<div class=\"wp-block-column is-layout-flow wp-block-column-is-layout-flow\"><figure class=\"wp-block-image size-full\"><img decoding=\"async\" width=\"800\" height=\"800\" src=\"https:\/\/www.lechaocandy.com\/wp-content\/uploads\/2026\/01\/LeChao-Bulk-Halloween-Candy-Halloween-Gummy-Body-Parts-3.jpg\" alt=\"LeChao Bulk Halloween S\u00fc\u00dfigkeiten, Halloween Gummib\u00e4rchen K\u00f6rperteile-3\" class=\"wp-image-2390\" srcset=\"https:\/\/www.lechaocandy.com\/wp-content\/uploads\/2026\/01\/LeChao-Bulk-Halloween-Candy-Halloween-Gummy-Body-Parts-3.jpg 800w, https:\/\/www.lechaocandy.com\/wp-content\/uploads\/2026\/01\/LeChao-Bulk-Halloween-Candy-Halloween-Gummy-Body-Parts-3-300x300.jpg 300w, https:\/\/www.lechaocandy.com\/wp-content\/uploads\/2026\/01\/LeChao-Bulk-Halloween-Candy-Halloween-Gummy-Body-Parts-3-150x150.jpg 150w, https:\/\/www.lechaocandy.com\/wp-content\/uploads\/2026\/01\/LeChao-Bulk-Halloween-Candy-Halloween-Gummy-Body-Parts-3-768x768.jpg 768w, https:\/\/www.lechaocandy.com\/wp-content\/uploads\/2026\/01\/LeChao-Bulk-Halloween-Candy-Halloween-Gummy-Body-Parts-3-12x12.jpg 12w, https:\/\/www.lechaocandy.com\/wp-content\/uploads\/2026\/01\/LeChao-Bulk-Halloween-Candy-Halloween-Gummy-Body-Parts-3-600x600.jpg 600w, https:\/\/www.lechaocandy.com\/wp-content\/uploads\/2026\/01\/LeChao-Bulk-Halloween-Candy-Halloween-Gummy-Body-Parts-3-100x100.jpg 100w\" sizes=\"(max-width: 800px) 100vw, 800px\" \/><\/figure><\/div><\/div>","protected":false},"excerpt":{"rendered":"<p>Willkommen zu kaufen bulk Halloween S\u00fc\u00dfigkeiten. Unser Gro\u00dfhandel gummi K\u00f6rperteile sind von kreativen Designs wie H\u00e4nde, F\u00fc\u00dfe und Aug\u00e4pfel inspiriert, und kommen in einer Vielzahl von Obst Geschmacksrichtungen. Sie sind realistisch und machen dennoch Spa\u00df!<\/p>\n<table style=\"border-collapse: collapse; width: 300.02pt;\" border=\"0\" width=\"300\" cellspacing=\"0\" cellpadding=\"0\">\n<tbody>\n<tr style=\"height: 17.60pt;\">\n<td class=\"et2\" style=\"height: 17.60pt; width: 110.80pt;\" width=\"110\" height=\"17\">Hersteller<\/td>\n<td class=\"et2\" style=\"width: 189.95pt;\" width=\"189\">LeChao Bonbons<\/td>\n<\/tr>\n<tr style=\"height: 18.00pt;\">\n<td class=\"et2\" style=\"height: 18.00pt;\" height=\"18\">Produkttyp<\/td>\n<td class=\"et3\" style=\"width: 189.95pt;\" width=\"189\">Gummierte K\u00f6rperteile<\/td>\n<\/tr>\n<tr style=\"height: 18.00pt;\">\n<td class=\"et2\" style=\"height: 18.00pt;\" height=\"18\">Geschmack<\/td>\n<td class=\"et3\" style=\"width: 189.95pt;\" width=\"189\">S\u00fc\u00df &amp; sauer &amp; widerstandsf\u00e4hig<\/td>\n<\/tr>\n<tr style=\"height: 17.60pt;\">\n<td class=\"et2\" style=\"height: 17.60pt;\" height=\"17\">Spezifikation<\/td>\n<td class=\"et2\">10gx30St\u00fcckx24Kartons<\/td>\n<\/tr>\n<tr style=\"height: 17.60pt;\">\n<td class=\"et2\" style=\"height: 17.60pt;\" height=\"17\">Paket<\/td>\n<td class=\"et2\">Gro\u00dfpackung, Schachtel, Flasche, Beutel<\/td>\n<\/tr>\n<tr style=\"height: 17.60pt;\">\n<td class=\"et2\" style=\"height: 17.60pt;\" height=\"17\">N.W.\/Karton<\/td>\n<td class=\"et2\">7,2 kg<\/td>\n<\/tr>\n<tr style=\"height: 17.60pt;\">\n<td class=\"et2\" style=\"height: 17.60pt;\" height=\"17\">MOQ<\/td>\n<td class=\"et2\">500CTNS<\/td>\n<\/tr>\n<tr style=\"height: 17.60pt;\">\n<td class=\"et2\" style=\"height: 17.60pt;\" height=\"17\">Muster<\/td>\n<td class=\"et2\">Verf\u00fcgbar<\/td>\n<\/tr>\n<\/tbody>\n<\/table>\n<p>&nbsp;<\/p>","protected":false},"featured_media":2389,"comment_status":"open","ping_status":"closed","template":"","meta":{"_acf_changed":false},"product_brand":[],"product_cat":[19],"product_tag":[41],"class_list":{"0":"post-2387","1":"product","2":"type-product","3":"status-publish","4":"has-post-thumbnail","6":"product_cat-wholesale-gummy-manufacturer","7":"product_tag-wholesale-halloween-gummies","9":"first","10":"instock","11":"shipping-taxable","12":"product-type-simple"},"acf":[],"_links":{"self":[{"href":"https:\/\/www.lechaocandy.com\/de\/wp-json\/wp\/v2\/product\/2387","targetHints":{"allow":["GET"]}}],"collection":[{"href":"https:\/\/www.lechaocandy.com\/de\/wp-json\/wp\/v2\/product"}],"about":[{"href":"https:\/\/www.lechaocandy.com\/de\/wp-json\/wp\/v2\/types\/product"}],"replies":[{"embeddable":true,"href":"https:\/\/www.lechaocandy.com\/de\/wp-json\/wp\/v2\/comments?post=2387"}],"wp:featuredmedia":[{"embeddable":true,"href":"https:\/\/www.lechaocandy.com\/de\/wp-json\/wp\/v2\/media\/2389"}],"wp:attachment":[{"href":"https:\/\/www.lechaocandy.com\/de\/wp-json\/wp\/v2\/media?parent=2387"}],"wp:term":[{"taxonomy":"product_brand","embeddable":true,"href":"https:\/\/www.lechaocandy.com\/de\/wp-json\/wp\/v2\/product_brand?post=2387"},{"taxonomy":"product_cat","embeddable":true,"href":"https:\/\/www.lechaocandy.com\/de\/wp-json\/wp\/v2\/product_cat?post=2387"},{"taxonomy":"product_tag","embeddable":true,"href":"https:\/\/www.lechaocandy.com\/de\/wp-json\/wp\/v2\/product_tag?post=2387"}],"curies":[{"name":"wp","href":"https:\/\/api.w.org\/{rel}","templated":true}]}}