{"id":2391,"date":"2026-01-12T07:28:55","date_gmt":"2026-01-12T07:28:55","guid":{"rendered":"https:\/\/www.lechaocandy.com\/?post_type=product&#038;p=2391"},"modified":"2026-01-12T07:37:10","modified_gmt":"2026-01-12T07:37:10","slug":"bulk-gummy-rings","status":"publish","type":"product","link":"https:\/\/www.lechaocandy.com\/de\/produkt\/bulk-gummy-rings\/","title":{"rendered":"Factory Direct Fruity Bulk Gummy Rings mit kundenspezifischer Verpackung"},"content":{"rendered":"<div class=\"wp-block-columns is-layout-flex wp-container-core-columns-is-layout-9d6595d7 wp-block-columns-is-layout-flex\"><div class=\"wp-block-column is-layout-flow wp-block-column-is-layout-flow\"><h2 class=\"wp-block-heading\">Produkt-Highlights von Bulk Gummy Rings<\/h2>\n\n<ul class=\"wp-block-list\"><li><strong>Werksnahe Lieferung, erheblicher Preisvorteil: <\/strong>Unsere Gummiringe werden direkt von der Fabrik hergestellt und in den Gro\u00dfhandel gebracht, so dass Zwischenh\u00e4ndler \u00fcberfl\u00fcssig sind und sie sich ideal f\u00fcr den Kauf gro\u00dfer Mengen eignen.<\/li>\n\n<li><strong>Reiche Fruchtaromen, z\u00e4hfl\u00fcssige Textur: <\/strong>Diese Kaubonbons f\u00fcr den Gro\u00dfhandel sind in einer Vielzahl von Fruchtgeschmacksrichtungen erh\u00e4ltlich, bieten ein befriedigendes Kaugef\u00fchl und sind auf dem Markt sehr beliebt.<\/li>\n\n<li><strong>Klassisches Design, leicht zu verkaufen: <\/strong>Diese gro\u00dfvolumigen Gummiringe haben ein ansprechendes Aussehen und eignen sich f\u00fcr den Massenverkauf, f\u00fcr Einzelhandelsverpackungen und f\u00fcr kombinierte Verk\u00e4ufe.<\/li>\n\n<li><strong>Kundenspezifische Verpackungen verf\u00fcgbar: <\/strong>Wir bieten ma\u00dfgeschneiderte Markenverpackungen f\u00fcr unsere Kaubonbons f\u00fcr den Gro\u00dfhandel an, die den Wiedererkennungswert des Produkts und die Wettbewerbsf\u00e4higkeit auf dem Markt verbessern.<\/li>\n\n<li><strong>Stabile Qualit\u00e4t, hohe Lieferf\u00e4higkeit: <\/strong>Dank unserer ausgereiften Produktionsanlagen und der strengen Qualit\u00e4tskontrolle kann Lechao eine langfristige und stabile Versorgung mit Gummiringen in loser Sch\u00fcttung gew\u00e4hrleisten.<\/li><\/ul><\/div>\n\n<div class=\"wp-block-column is-layout-flow wp-block-column-is-layout-flow\"><figure class=\"wp-block-image size-full\"><img decoding=\"async\" width=\"800\" height=\"800\" src=\"https:\/\/www.lechaocandy.com\/wp-content\/uploads\/2026\/01\/Factory-Direct-Fruity-Bulk-Gummy-Rings-With-Custom-Packaging-2.webp\" alt=\"Factory Direct Fruity Bulk Gummy Rings mit benutzerdefinierten Verpackung-2\" class=\"wp-image-2393\" srcset=\"https:\/\/www.lechaocandy.com\/wp-content\/uploads\/2026\/01\/Factory-Direct-Fruity-Bulk-Gummy-Rings-With-Custom-Packaging-2.webp 800w, https:\/\/www.lechaocandy.com\/wp-content\/uploads\/2026\/01\/Factory-Direct-Fruity-Bulk-Gummy-Rings-With-Custom-Packaging-2-300x300.webp 300w, https:\/\/www.lechaocandy.com\/wp-content\/uploads\/2026\/01\/Factory-Direct-Fruity-Bulk-Gummy-Rings-With-Custom-Packaging-2-150x150.webp 150w, https:\/\/www.lechaocandy.com\/wp-content\/uploads\/2026\/01\/Factory-Direct-Fruity-Bulk-Gummy-Rings-With-Custom-Packaging-2-768x768.webp 768w, https:\/\/www.lechaocandy.com\/wp-content\/uploads\/2026\/01\/Factory-Direct-Fruity-Bulk-Gummy-Rings-With-Custom-Packaging-2-12x12.webp 12w, https:\/\/www.lechaocandy.com\/wp-content\/uploads\/2026\/01\/Factory-Direct-Fruity-Bulk-Gummy-Rings-With-Custom-Packaging-2-600x600.webp 600w, https:\/\/www.lechaocandy.com\/wp-content\/uploads\/2026\/01\/Factory-Direct-Fruity-Bulk-Gummy-Rings-With-Custom-Packaging-2-100x100.webp 100w\" sizes=\"(max-width: 800px) 100vw, 800px\" \/><\/figure><\/div><\/div>","protected":false},"excerpt":{"rendered":"<p>Willkommen zum Kauf Gro\u00dfhandel Kaubonbons. Unsere Fabrik-direkte Bulk-Gummi-Ringe sind sorgf\u00e4ltig mit einer hochwertigen Formel gefertigt, bietet eine weiche und kaubare Textur und eine frische, nat\u00fcrliche Fruchtgeschmack. Sie verf\u00fcgen \u00fcber eine klassische Ringform und kommen in einer Vielzahl von lebendigen Farben.<\/p>\n<table style=\"border-collapse: collapse; width: 300.02pt;\" border=\"0\" width=\"300\" cellspacing=\"0\" cellpadding=\"0\">\n<tbody>\n<tr style=\"height: 17.60pt;\">\n<td class=\"et2\" style=\"height: 17.60pt; width: 110.80pt;\" width=\"110\" height=\"17\">Hersteller<\/td>\n<td class=\"et2\" style=\"width: 189.95pt;\" width=\"189\">LeChao Bonbons<\/td>\n<\/tr>\n<tr style=\"height: 18.00pt;\">\n<td class=\"et2\" style=\"height: 18.00pt;\" height=\"18\">Produkttyp<\/td>\n<td class=\"et3\" style=\"width: 189.95pt;\" width=\"189\">Gummiringe<\/td>\n<\/tr>\n<tr style=\"height: 18.00pt;\">\n<td class=\"et2\" style=\"height: 18.00pt;\" height=\"18\">Geschmack<\/td>\n<td class=\"et3\" style=\"width: 189.95pt;\" width=\"189\">S\u00fc\u00df &amp; sauer &amp; widerstandsf\u00e4hig<\/td>\n<\/tr>\n<tr style=\"height: 17.60pt;\">\n<td class=\"et2\" style=\"height: 17.60pt;\" height=\"17\">Spezifikation<\/td>\n<td class=\"et2\">1kgx10S\u00e4cke<\/td>\n<\/tr>\n<tr style=\"height: 17.60pt;\">\n<td class=\"et2\" style=\"height: 17.60pt;\" height=\"17\">Paket<\/td>\n<td class=\"et2\">Gro\u00dfpackung, Schachtel, Flasche, Beutel<\/td>\n<\/tr>\n<tr style=\"height: 17.60pt;\">\n<td class=\"et2\" style=\"height: 17.60pt;\" height=\"17\">Muster<\/td>\n<td class=\"et2\">Verf\u00fcgbar<\/td>\n<\/tr>\n<\/tbody>\n<\/table>\n<p>&nbsp;<\/p>","protected":false},"featured_media":2392,"comment_status":"open","ping_status":"closed","template":"","meta":{"_acf_changed":false},"product_brand":[],"product_cat":[19,28],"product_tag":[30],"class_list":{"0":"post-2391","1":"product","2":"type-product","3":"status-publish","4":"has-post-thumbnail","6":"product_cat-wholesale-gummy-manufacturer","7":"product_cat-bulk-sour-gummies","8":"product_tag-bulk-candies-collection","10":"first","11":"instock","12":"shipping-taxable","13":"product-type-simple"},"acf":[],"_links":{"self":[{"href":"https:\/\/www.lechaocandy.com\/de\/wp-json\/wp\/v2\/product\/2391","targetHints":{"allow":["GET"]}}],"collection":[{"href":"https:\/\/www.lechaocandy.com\/de\/wp-json\/wp\/v2\/product"}],"about":[{"href":"https:\/\/www.lechaocandy.com\/de\/wp-json\/wp\/v2\/types\/product"}],"replies":[{"embeddable":true,"href":"https:\/\/www.lechaocandy.com\/de\/wp-json\/wp\/v2\/comments?post=2391"}],"wp:featuredmedia":[{"embeddable":true,"href":"https:\/\/www.lechaocandy.com\/de\/wp-json\/wp\/v2\/media\/2392"}],"wp:attachment":[{"href":"https:\/\/www.lechaocandy.com\/de\/wp-json\/wp\/v2\/media?parent=2391"}],"wp:term":[{"taxonomy":"product_brand","embeddable":true,"href":"https:\/\/www.lechaocandy.com\/de\/wp-json\/wp\/v2\/product_brand?post=2391"},{"taxonomy":"product_cat","embeddable":true,"href":"https:\/\/www.lechaocandy.com\/de\/wp-json\/wp\/v2\/product_cat?post=2391"},{"taxonomy":"product_tag","embeddable":true,"href":"https:\/\/www.lechaocandy.com\/de\/wp-json\/wp\/v2\/product_tag?post=2391"}],"curies":[{"name":"wp","href":"https:\/\/api.w.org\/{rel}","templated":true}]}}