{"id":2428,"date":"2026-01-28T10:11:27","date_gmt":"2026-01-28T10:11:27","guid":{"rendered":"https:\/\/www.lechaocandy.com\/?post_type=product&#038;p=2428"},"modified":"2026-01-28T10:15:19","modified_gmt":"2026-01-28T10:15:19","slug":"nonpareils-gummies-bulk","status":"publish","type":"product","link":"https:\/\/www.lechaocandy.com\/de\/produkt\/nonpareils-gummies-bulk\/","title":{"rendered":"Nonpareils Gummies Bulk, Gro\u00dfhandel knackige Gummibonbons"},"content":{"rendered":"<div class=\"wp-block-columns is-layout-flex wp-container-core-columns-is-layout-9d6595d7 wp-block-columns-is-layout-flex\"><div class=\"wp-block-column is-layout-flow wp-block-column-is-layout-flow\"><h2 class=\"wp-block-heading\">Product Highlights of Nonpareils Gummies Bulk<\/h2>\n\n<ul class=\"wp-block-list\"><li><strong>Doppelter Geschmack: <\/strong>These nonpareils gummies bulk have a soft fruity inner layer and a crispy outer layer of sugar beads, bringing a rich and interesting chewing experience.<\/li>\n\n<li><strong>Farbenfroh:<\/strong> Our wholesale crunchy gummy candies use rainbow colors, which are eye-catching and suitable for party, holiday decoration and gift packaging.<\/li>\n\n<li><strong>Hochwertige Zutaten: <\/strong>Our nonpareils gummies bulk use high-quality syrups and natural flavors, which are sweet and non-greasy, safe and reliable.<\/li>\n\n<li><strong>Geeignet f\u00fcr mehrere Szenarien:<\/strong> These ur wholesale crunchy gummy candies are suitable for candy wholesale, supermarket retail, vending machines and DIY candy mixed packaging.<\/li>\n\n<li><strong>Gro\u00dfe Verpackungen sind g\u00fcnstiger: <\/strong>Our nonpareils gummies bulk support bulk wholesale, high cost performance, and meet the needs of bulk purchases.<\/li><\/ul><\/div>\n\n<div class=\"wp-block-column is-layout-flow wp-block-column-is-layout-flow\"><figure class=\"wp-block-image size-full\"><img decoding=\"async\" width=\"800\" height=\"800\" src=\"https:\/\/www.lechaocandy.com\/wp-content\/uploads\/2026\/01\/Nonpareils-Gummies-Bulk-Wholesale-Crunchy-Gummy-Candy-5.webp\" alt=\"Nonpareils Gummies Bulk, Gro\u00dfhandel knackige Gummibonbons-5\" class=\"wp-image-2433\" srcset=\"https:\/\/www.lechaocandy.com\/wp-content\/uploads\/2026\/01\/Nonpareils-Gummies-Bulk-Wholesale-Crunchy-Gummy-Candy-5.webp 800w, https:\/\/www.lechaocandy.com\/wp-content\/uploads\/2026\/01\/Nonpareils-Gummies-Bulk-Wholesale-Crunchy-Gummy-Candy-5-300x300.webp 300w, https:\/\/www.lechaocandy.com\/wp-content\/uploads\/2026\/01\/Nonpareils-Gummies-Bulk-Wholesale-Crunchy-Gummy-Candy-5-150x150.webp 150w, https:\/\/www.lechaocandy.com\/wp-content\/uploads\/2026\/01\/Nonpareils-Gummies-Bulk-Wholesale-Crunchy-Gummy-Candy-5-768x768.webp 768w, https:\/\/www.lechaocandy.com\/wp-content\/uploads\/2026\/01\/Nonpareils-Gummies-Bulk-Wholesale-Crunchy-Gummy-Candy-5-12x12.webp 12w, https:\/\/www.lechaocandy.com\/wp-content\/uploads\/2026\/01\/Nonpareils-Gummies-Bulk-Wholesale-Crunchy-Gummy-Candy-5-600x600.webp 600w, https:\/\/www.lechaocandy.com\/wp-content\/uploads\/2026\/01\/Nonpareils-Gummies-Bulk-Wholesale-Crunchy-Gummy-Candy-5-100x100.webp 100w\" sizes=\"(max-width: 800px) 100vw, 800px\" \/><\/figure><\/div><\/div>","protected":false},"excerpt":{"rendered":"<p>Willkommen zum Kauf Gro\u00dfhandel Gummibonbons. Unser Regenbogen nonpareils gummies bulk kombiniert den z\u00e4hen Geschmack von Obst-Geschmack gummy candies mit dem knusprigen Geschmack der \u00e4u\u00dferen Schicht der Zuckerschicht. Es ist bunt und reich an Geschmack, so dass es eine ideale Wahl f\u00fcr Snack-Shops, S\u00fc\u00dfigkeiten St\u00e4nde und gemischte S\u00fc\u00dfigkeiten Gl\u00e4ser.<\/p>\n<table style=\"border-collapse: collapse; width: 329.02pt;\" border=\"0\" width=\"329\" cellspacing=\"0\" cellpadding=\"0\">\n<tbody>\n<tr style=\"height: 17.60pt;\">\n<td class=\"et2\" style=\"height: 17.60pt; width: 110.80pt;\" width=\"110\" height=\"17\">Hersteller<\/td>\n<td class=\"et2\" style=\"width: 219.15pt;\" width=\"219\">LeChao Bonbons<\/td>\n<\/tr>\n<tr style=\"height: 18.00pt;\">\n<td class=\"et2\" style=\"height: 18.00pt;\" height=\"18\">Produkttyp<\/td>\n<td class=\"et3\" style=\"width: 219.15pt;\" width=\"219\">Gummib\u00e4rchen mit Nonpareilles<\/td>\n<\/tr>\n<tr style=\"height: 18.00pt;\">\n<td class=\"et2\" style=\"height: 18.00pt;\" height=\"18\">Geschmack<\/td>\n<td class=\"et3\" style=\"width: 219.15pt;\" width=\"219\">S\u00fc\u00df &amp; sauer &amp; widerstandsf\u00e4hig<\/td>\n<\/tr>\n<tr style=\"height: 17.60pt;\">\n<td class=\"et2\" style=\"height: 17.60pt;\" height=\"17\">Spezifikation<\/td>\n<td class=\"et2\">60g*12Flaschen*6Kartons<\/td>\n<\/tr>\n<tr style=\"height: 17.60pt;\">\n<td class=\"et2\" style=\"height: 17.60pt;\" height=\"17\">Gr\u00f6\u00dfe des Kartons<\/td>\n<td class=\"et2\">44.5*17*25.7cm<\/td>\n<\/tr>\n<tr style=\"height: 17.60pt;\">\n<td class=\"et2\" style=\"height: 17.60pt;\" height=\"17\">N.W.\/Karton<\/td>\n<td class=\"et2\">5,7 kg<\/td>\n<\/tr>\n<tr style=\"height: 17.60pt;\">\n<td class=\"et2\" style=\"height: 17.60pt;\" height=\"17\">Muster<\/td>\n<td class=\"et2\">Verf\u00fcgbar<\/td>\n<\/tr>\n<\/tbody>\n<\/table>","protected":false},"featured_media":2431,"comment_status":"open","ping_status":"closed","template":"","meta":{"_acf_changed":false},"product_brand":[],"product_cat":[19,40],"product_tag":[],"class_list":{"0":"post-2428","1":"product","2":"type-product","3":"status-publish","4":"has-post-thumbnail","6":"product_cat-wholesale-gummy-manufacturer","7":"product_cat-wholesale-nonpareils-gummy","9":"first","10":"instock","11":"shipping-taxable","12":"product-type-simple"},"acf":[],"_links":{"self":[{"href":"https:\/\/www.lechaocandy.com\/de\/wp-json\/wp\/v2\/product\/2428","targetHints":{"allow":["GET"]}}],"collection":[{"href":"https:\/\/www.lechaocandy.com\/de\/wp-json\/wp\/v2\/product"}],"about":[{"href":"https:\/\/www.lechaocandy.com\/de\/wp-json\/wp\/v2\/types\/product"}],"replies":[{"embeddable":true,"href":"https:\/\/www.lechaocandy.com\/de\/wp-json\/wp\/v2\/comments?post=2428"}],"wp:featuredmedia":[{"embeddable":true,"href":"https:\/\/www.lechaocandy.com\/de\/wp-json\/wp\/v2\/media\/2431"}],"wp:attachment":[{"href":"https:\/\/www.lechaocandy.com\/de\/wp-json\/wp\/v2\/media?parent=2428"}],"wp:term":[{"taxonomy":"product_brand","embeddable":true,"href":"https:\/\/www.lechaocandy.com\/de\/wp-json\/wp\/v2\/product_brand?post=2428"},{"taxonomy":"product_cat","embeddable":true,"href":"https:\/\/www.lechaocandy.com\/de\/wp-json\/wp\/v2\/product_cat?post=2428"},{"taxonomy":"product_tag","embeddable":true,"href":"https:\/\/www.lechaocandy.com\/de\/wp-json\/wp\/v2\/product_tag?post=2428"}],"curies":[{"name":"wp","href":"https:\/\/api.w.org\/{rel}","templated":true}]}}