{"id":2441,"date":"2026-01-28T10:20:58","date_gmt":"2026-01-28T10:20:58","guid":{"rendered":"https:\/\/www.lechaocandy.com\/?post_type=product&#038;p=2441"},"modified":"2026-01-28T10:27:09","modified_gmt":"2026-01-28T10:27:09","slug":"wholesale-nonpareil-gummy-rope","status":"publish","type":"product","link":"https:\/\/www.lechaocandy.com\/de\/produkt\/wholesale-nonpareil-gummy-rope\/","title":{"rendered":"Halal Gro\u00dfhandel Nonpareil Gummiseil, knusprig Gummib\u00e4rchen W\u00fcrmer"},"content":{"rendered":"<div class=\"wp-block-columns is-layout-flex wp-container-core-columns-is-layout-9d6595d7 wp-block-columns-is-layout-flex\"><div class=\"wp-block-column is-layout-flow wp-block-column-is-layout-flow\"><h2 class=\"wp-block-heading\">Produkt-Highlights der Gro\u00dfhandel Nonpareil Gummy Seil<\/h2>\n\n<ul class=\"wp-block-list\"><li><strong>Halal-Zertifizierung: <\/strong>Unsere Gro\u00dfhandels-Gummiseile sind Halal-zertifiziert, was bedeutet, dass sie f\u00fcr diejenigen, die die Ern\u00e4hrungsvorschriften der muslimischen Bev\u00f6lkerung befolgen, korrekt sind und eine gro\u00dfartige Alternative f\u00fcr gesunde Snacks darstellen.<\/li>\n\n<li><strong>Verschiedene fruchtige Geschmacksoptionen:<\/strong> Unsere knusprigen Gummibonbons in loser Sch\u00fcttung gibt es in vielen Farben und erfrischenden fruchtigen Geschmacksrichtungen wie Apfel, Traube, Erdbeere, Mango und Pfirsich. Jedes leckere und knusprige St\u00fcck kommt mit einem erfrischenden Geschmack und Farbe Art, die reiche fruchtige Aroma liefert.<\/li>\n\n<li><strong>Gesunde Zutaten: <\/strong>Unsere Nonpareil-Gummiseile f\u00fcr den Gro\u00dfhandel sind frei von Dextrose, Schweinefleisch und Alkohol und stellen eine hervorragende Option f\u00fcr eine gesunde Ern\u00e4hrung dar. Sie sind fettarm und gut f\u00fcr diejenigen, die auf ihren Verzehr achten.<\/li>\n\n<li><strong>Benutzerdefinierte Geschmacksrichtungen: <\/strong>Wir k\u00f6nnen unsere knusprigen Gummibonbons in loser Sch\u00fcttung auf Ihre speziellen Bed\u00fcrfnisse abstimmen. Ob Sie einen einzigartigen Geschmack oder spezielle Marktanforderungen ben\u00f6tigen, wir k\u00f6nnen Ihre Erwartungen erf\u00fcllen.<\/li>\n\n<li><strong>Schnelle Lieferung: <\/strong>Die Lieferung erfolgt innerhalb von 20-30 Tagen, so dass Sie unsere Gro\u00dfhandel nonpareil gummy Seile und monetarisieren sie erhalten k\u00f6nnen.<\/li><\/ul><\/div>\n\n<div class=\"wp-block-column is-layout-flow wp-block-column-is-layout-flow\"><figure class=\"wp-block-image size-full\"><img decoding=\"async\" width=\"800\" height=\"800\" src=\"https:\/\/www.lechaocandy.com\/wp-content\/uploads\/2026\/01\/Halal-Wholesale-Nonpareil-Gummy-Rope-Crunchy-Gummy-Worms-4.webp\" alt=\"Halal Gro\u00dfhandel Nonpareil Gummiband, knusprige Gummiw\u00fcrmer-4\" class=\"wp-image-2444\" srcset=\"https:\/\/www.lechaocandy.com\/wp-content\/uploads\/2026\/01\/Halal-Wholesale-Nonpareil-Gummy-Rope-Crunchy-Gummy-Worms-4.webp 800w, https:\/\/www.lechaocandy.com\/wp-content\/uploads\/2026\/01\/Halal-Wholesale-Nonpareil-Gummy-Rope-Crunchy-Gummy-Worms-4-300x300.webp 300w, https:\/\/www.lechaocandy.com\/wp-content\/uploads\/2026\/01\/Halal-Wholesale-Nonpareil-Gummy-Rope-Crunchy-Gummy-Worms-4-150x150.webp 150w, https:\/\/www.lechaocandy.com\/wp-content\/uploads\/2026\/01\/Halal-Wholesale-Nonpareil-Gummy-Rope-Crunchy-Gummy-Worms-4-768x768.webp 768w, https:\/\/www.lechaocandy.com\/wp-content\/uploads\/2026\/01\/Halal-Wholesale-Nonpareil-Gummy-Rope-Crunchy-Gummy-Worms-4-12x12.webp 12w, https:\/\/www.lechaocandy.com\/wp-content\/uploads\/2026\/01\/Halal-Wholesale-Nonpareil-Gummy-Rope-Crunchy-Gummy-Worms-4-600x600.webp 600w, https:\/\/www.lechaocandy.com\/wp-content\/uploads\/2026\/01\/Halal-Wholesale-Nonpareil-Gummy-Rope-Crunchy-Gummy-Worms-4-100x100.webp 100w\" sizes=\"(max-width: 800px) 100vw, 800px\" \/><\/figure><\/div><\/div>","protected":false},"excerpt":{"rendered":"<p>Willkommen zum Kauf von knusprigen Gummibonbons in gro\u00dfen Mengen. Diese Halal-zertifizierten Gro\u00dfhandel Nonpareil Gummiseile kommen in einer Vielzahl von Fruchtgeschmacksrichtungen oder k\u00f6nnen auf Anfrage angepasst werden. Sie bieten eine knusprige Textur, die f\u00fcr alle Verbraucher geeignet ist. Sie sind dextrosefrei, schweinefleischfrei, alkoholfrei und fettarm f\u00fcr einen gesunden Snack.<\/p>\n<table style=\"border-collapse: collapse; width: 300.02pt;\" border=\"0\" width=\"300\" cellspacing=\"0\" cellpadding=\"0\">\n<tbody>\n<tr style=\"height: 17.60pt;\">\n<td class=\"et2\" style=\"height: 17.60pt; width: 110.80pt;\" width=\"110\" height=\"17\">Hersteller<\/td>\n<td class=\"et2\" style=\"width: 189.95pt;\" width=\"189\">LeChao Bonbons<\/td>\n<\/tr>\n<tr style=\"height: 18.00pt;\">\n<td class=\"et2\" style=\"height: 18.00pt;\" height=\"18\">Produkttyp<\/td>\n<td class=\"et3\" style=\"width: 189.95pt;\" width=\"189\">Nonpareil-Gummiseil<\/td>\n<\/tr>\n<tr style=\"height: 18.00pt;\">\n<td class=\"et2\" style=\"height: 18.00pt;\" height=\"18\">Geschmack<\/td>\n<td class=\"et3\" style=\"width: 189.95pt;\" width=\"189\">S\u00fc\u00df &amp; sauer &amp; widerstandsf\u00e4hig<\/td>\n<\/tr>\n<tr style=\"height: 17.60pt;\">\n<td class=\"et2\" style=\"height: 17.60pt;\" height=\"17\">Spezifikation<\/td>\n<td class=\"et2\">20g*20St\u00fcck*12Kartons<\/td>\n<\/tr>\n<tr style=\"height: 17.60pt;\">\n<td class=\"et2\" style=\"height: 17.60pt;\" height=\"17\">Gr\u00f6\u00dfe des Kartons<\/td>\n<td class=\"et2\">42*25*25cm<\/td>\n<\/tr>\n<tr style=\"height: 17.60pt;\">\n<td class=\"et2\" style=\"height: 17.60pt;\" height=\"17\">N.W.\/Karton<\/td>\n<td class=\"et2\">8.0kg<\/td>\n<\/tr>\n<tr style=\"height: 17.60pt;\">\n<td class=\"et2\" style=\"height: 17.60pt;\" height=\"17\">MOQ<\/td>\n<td class=\"et2\">500CTNS<\/td>\n<\/tr>\n<tr style=\"height: 17.60pt;\">\n<td class=\"et2\" style=\"height: 17.60pt;\" height=\"17\">Muster<\/td>\n<td class=\"et2\">Verf\u00fcgbar<\/td>\n<\/tr>\n<\/tbody>\n<\/table>\n<p>&nbsp;<\/p>\n<p>&nbsp;<\/p>\n<p>&nbsp;<\/p>","protected":false},"featured_media":2449,"comment_status":"open","ping_status":"closed","template":"","meta":{"_acf_changed":false},"product_brand":[],"product_cat":[19,40],"product_tag":[],"class_list":{"0":"post-2441","1":"product","2":"type-product","3":"status-publish","4":"has-post-thumbnail","6":"product_cat-wholesale-gummy-manufacturer","7":"product_cat-wholesale-nonpareils-gummy","9":"first","10":"instock","11":"shipping-taxable","12":"product-type-simple"},"acf":[],"_links":{"self":[{"href":"https:\/\/www.lechaocandy.com\/de\/wp-json\/wp\/v2\/product\/2441","targetHints":{"allow":["GET"]}}],"collection":[{"href":"https:\/\/www.lechaocandy.com\/de\/wp-json\/wp\/v2\/product"}],"about":[{"href":"https:\/\/www.lechaocandy.com\/de\/wp-json\/wp\/v2\/types\/product"}],"replies":[{"embeddable":true,"href":"https:\/\/www.lechaocandy.com\/de\/wp-json\/wp\/v2\/comments?post=2441"}],"wp:featuredmedia":[{"embeddable":true,"href":"https:\/\/www.lechaocandy.com\/de\/wp-json\/wp\/v2\/media\/2449"}],"wp:attachment":[{"href":"https:\/\/www.lechaocandy.com\/de\/wp-json\/wp\/v2\/media?parent=2441"}],"wp:term":[{"taxonomy":"product_brand","embeddable":true,"href":"https:\/\/www.lechaocandy.com\/de\/wp-json\/wp\/v2\/product_brand?post=2441"},{"taxonomy":"product_cat","embeddable":true,"href":"https:\/\/www.lechaocandy.com\/de\/wp-json\/wp\/v2\/product_cat?post=2441"},{"taxonomy":"product_tag","embeddable":true,"href":"https:\/\/www.lechaocandy.com\/de\/wp-json\/wp\/v2\/product_tag?post=2441"}],"curies":[{"name":"wp","href":"https:\/\/api.w.org\/{rel}","templated":true}]}}