{"id":2470,"date":"2026-01-31T07:20:00","date_gmt":"2026-01-31T07:20:00","guid":{"rendered":"https:\/\/www.lechaocandy.com\/?post_type=product&#038;p=2470"},"modified":"2026-01-31T07:29:40","modified_gmt":"2026-01-31T07:29:40","slug":"wholesale-crunchy-gummy-rings","status":"publish","type":"product","link":"https:\/\/www.lechaocandy.com\/de\/produkt\/wholesale-crunchy-gummy-rings\/","title":{"rendered":"Gro\u00dfhandel knusprige Gummiringe, Bulk knusprige kaubare S\u00fc\u00dfigkeiten"},"content":{"rendered":"<div class=\"wp-block-columns is-layout-flex wp-container-core-columns-is-layout-9d6595d7 wp-block-columns-is-layout-flex\"><div class=\"wp-block-column is-layout-flow wp-block-column-is-layout-flow\"><h2 class=\"wp-block-heading\">Produkt-Highlights des Gro\u00dfhandels Crunchy Gummy Ringe<\/h2>\n\n<ul class=\"wp-block-list\"><li><strong>Dual Visual Impact Design: <\/strong>Unsere knusprigen Gummiringe f\u00fcr den Gro\u00dfhandel zeichnen sich durch ein Farbschema mit Regenbogenfarben aus, wobei jedes St\u00fcck mit funkelnden Zuckerperlen bedeckt ist. Kombiniert mit dynamischen Display-Optionen, sind sie sehr attraktiv in den Regalen.<\/li>\n\n<li><strong>Dreistufiges Geschmackserlebnis:<\/strong> Die \u00e4u\u00dfere Schicht unserer Nonpareil-Gummis f\u00fcr den Gro\u00dfhandel ist knusprig und enth\u00e4lt Zuckerk\u00fcgelchen, w\u00e4hrend das innere Gummi eine z\u00e4he Textur beh\u00e4lt, die ein kontinuierliches Geschmackserlebnis erzeugt.<\/li>\n\n<li><strong>Kommerzielles System zur Anpassung von Szenarien: <\/strong>Wir bieten ein dreistufiges Produktsystem f\u00fcr unsere knusprigen Gummiringe f\u00fcr den Gro\u00dfhandel an: einfache Gro\u00dfverpackungen, Geschenkverpackungen und Styling-Kits f\u00fcr den Desserttisch. Wir bieten auch speziell entwickelte transparente Beh\u00e4lter f\u00fcr eine einfache und auff\u00e4llige Pr\u00e4sentation.<\/li>\n\n<li><strong>Doppelte Zertifizierung der Lebensmittelsicherheit:<\/strong> Die \u00e4u\u00dferen essbaren Zuckerk\u00fcgelchen dieser knusprigen Gummiringe f\u00fcr den Gro\u00dfhandel verwenden nat\u00fcrliche Pigmente, und die inneren Gummis sind Halal-zertifiziert und werden nach ISO22000-Normen hergestellt, wobei Berichte \u00fcber die Konformit\u00e4tspr\u00fcfung f\u00fcr den grenz\u00fcberschreitenden Gro\u00dfhandel erh\u00e4ltlich sind.<\/li>\n\n<li><strong>Anti-Schiffssch\u00e4den Design:<\/strong> Das spezielle Verfahren zur Umh\u00fcllung des Zuckers unserer Nonpareil-Gummis f\u00fcr den Gro\u00dfhandel sorgt daf\u00fcr, dass \u00fcber 95% der Zuckerk\u00fcgelchen w\u00e4hrend des Transports unversehrt bleiben. Ihre unabh\u00e4ngige, nicht klebrige Beschaffenheit erleichtert das Lagermanagement und reduziert die Verlustkosten.<\/li><\/ul><\/div>\n\n<div class=\"wp-block-column is-layout-flow wp-block-column-is-layout-flow\"><figure class=\"wp-block-image size-full\"><img decoding=\"async\" width=\"1000\" height=\"1000\" src=\"https:\/\/www.lechaocandy.com\/wp-content\/uploads\/2026\/01\/Wholesale-Crunchy-Gummy-Rings-Bulk-Crispy-Chewy-Candies-6.webp\" alt=\"Gro\u00dfhandel knusprige Gummiringe, Bulk knusprig kaubare S\u00fc\u00dfigkeiten-6\" class=\"wp-image-2476\" srcset=\"https:\/\/www.lechaocandy.com\/wp-content\/uploads\/2026\/01\/Wholesale-Crunchy-Gummy-Rings-Bulk-Crispy-Chewy-Candies-6.webp 1000w, https:\/\/www.lechaocandy.com\/wp-content\/uploads\/2026\/01\/Wholesale-Crunchy-Gummy-Rings-Bulk-Crispy-Chewy-Candies-6-300x300.webp 300w, https:\/\/www.lechaocandy.com\/wp-content\/uploads\/2026\/01\/Wholesale-Crunchy-Gummy-Rings-Bulk-Crispy-Chewy-Candies-6-150x150.webp 150w, https:\/\/www.lechaocandy.com\/wp-content\/uploads\/2026\/01\/Wholesale-Crunchy-Gummy-Rings-Bulk-Crispy-Chewy-Candies-6-768x768.webp 768w, https:\/\/www.lechaocandy.com\/wp-content\/uploads\/2026\/01\/Wholesale-Crunchy-Gummy-Rings-Bulk-Crispy-Chewy-Candies-6-12x12.webp 12w, https:\/\/www.lechaocandy.com\/wp-content\/uploads\/2026\/01\/Wholesale-Crunchy-Gummy-Rings-Bulk-Crispy-Chewy-Candies-6-600x600.webp 600w, https:\/\/www.lechaocandy.com\/wp-content\/uploads\/2026\/01\/Wholesale-Crunchy-Gummy-Rings-Bulk-Crispy-Chewy-Candies-6-100x100.webp 100w\" sizes=\"(max-width: 1000px) 100vw, 1000px\" \/><\/figure><\/div><\/div>","protected":false},"excerpt":{"rendered":"<p>Willkommen in unserem Gro\u00dfhandel nonpareil gummies! Unsere Gro\u00dfhandel knackig gummi Ringe bieten eine einzigartige \"knusprig au\u00dfen, innen z\u00e4h\" Textur. Erh\u00e4ltlich in einer Vielzahl von Fruchtgeschmack Kombinationen einschlie\u00dflich blau, gr\u00fcn, orange und wei\u00df, sie sind so lebendig wie ein Regenbogen.<\/p>\n<table style=\"border-collapse: collapse; width: 300.02pt;\" border=\"0\" width=\"300\" cellspacing=\"0\" cellpadding=\"0\">\n<tbody>\n<tr style=\"height: 17.60pt;\">\n<td class=\"et2\" style=\"height: 17.60pt; width: 110.80pt;\" width=\"110\" height=\"17\">Hersteller<\/td>\n<td class=\"et2\" style=\"width: 189.95pt;\" width=\"189\">LeChao Bonbons<\/td>\n<\/tr>\n<tr style=\"height: 18.00pt;\">\n<td class=\"et2\" style=\"height: 18.00pt;\" height=\"18\">Produkttyp<\/td>\n<td class=\"et3\" style=\"width: 189.95pt;\" width=\"189\">Nonpareil Gummib\u00e4rchen<\/td>\n<\/tr>\n<tr style=\"height: 18.00pt;\">\n<td class=\"et2\" style=\"height: 18.00pt;\" height=\"18\">Geschmack<\/td>\n<td class=\"et3\" style=\"width: 189.95pt;\" width=\"189\">S\u00fc\u00df-sauer und knusprig<\/td>\n<\/tr>\n<tr style=\"height: 17.60pt;\">\n<td class=\"et2\" style=\"height: 17.60pt;\" height=\"17\">Paket<\/td>\n<td class=\"et2\">Gro\u00dfpackung, Schachtel, Flasche, Beutel<\/td>\n<\/tr>\n<tr style=\"height: 17.60pt;\">\n<td class=\"et2\" style=\"height: 17.60pt;\" height=\"17\">MOQ<\/td>\n<td class=\"et2\">500CTNS<\/td>\n<\/tr>\n<tr style=\"height: 17.60pt;\">\n<td class=\"et2\" style=\"height: 17.60pt;\" height=\"17\">Muster<\/td>\n<td class=\"et2\">Verf\u00fcgbar<\/td>\n<\/tr>\n<\/tbody>\n<\/table>\n<p>&nbsp;<\/p>\n<p>&nbsp;<\/p>\n<p>&nbsp;<\/p>","protected":false},"featured_media":2474,"comment_status":"open","ping_status":"closed","template":"","meta":{"_acf_changed":false},"product_brand":[],"product_cat":[19,40],"product_tag":[],"class_list":{"0":"post-2470","1":"product","2":"type-product","3":"status-publish","4":"has-post-thumbnail","6":"product_cat-wholesale-gummy-manufacturer","7":"product_cat-wholesale-nonpareils-gummy","9":"first","10":"instock","11":"shipping-taxable","12":"product-type-simple"},"acf":[],"_links":{"self":[{"href":"https:\/\/www.lechaocandy.com\/de\/wp-json\/wp\/v2\/product\/2470","targetHints":{"allow":["GET"]}}],"collection":[{"href":"https:\/\/www.lechaocandy.com\/de\/wp-json\/wp\/v2\/product"}],"about":[{"href":"https:\/\/www.lechaocandy.com\/de\/wp-json\/wp\/v2\/types\/product"}],"replies":[{"embeddable":true,"href":"https:\/\/www.lechaocandy.com\/de\/wp-json\/wp\/v2\/comments?post=2470"}],"wp:featuredmedia":[{"embeddable":true,"href":"https:\/\/www.lechaocandy.com\/de\/wp-json\/wp\/v2\/media\/2474"}],"wp:attachment":[{"href":"https:\/\/www.lechaocandy.com\/de\/wp-json\/wp\/v2\/media?parent=2470"}],"wp:term":[{"taxonomy":"product_brand","embeddable":true,"href":"https:\/\/www.lechaocandy.com\/de\/wp-json\/wp\/v2\/product_brand?post=2470"},{"taxonomy":"product_cat","embeddable":true,"href":"https:\/\/www.lechaocandy.com\/de\/wp-json\/wp\/v2\/product_cat?post=2470"},{"taxonomy":"product_tag","embeddable":true,"href":"https:\/\/www.lechaocandy.com\/de\/wp-json\/wp\/v2\/product_tag?post=2470"}],"curies":[{"name":"wp","href":"https:\/\/api.w.org\/{rel}","templated":true}]}}