{"id":2496,"date":"2026-02-10T06:11:41","date_gmt":"2026-02-10T06:11:41","guid":{"rendered":"https:\/\/www.lechaocandy.com\/?post_type=product&#038;p=2496"},"modified":"2026-03-12T02:13:46","modified_gmt":"2026-03-12T02:13:46","slug":"gummy-candies-bulk","status":"publish","type":"product","link":"https:\/\/www.lechaocandy.com\/de\/produkt\/gummy-candies-bulk\/","title":{"rendered":"Bunte eif\u00f6rmige Gummibonbons f\u00fcr Partys in gro\u00dfen Mengen"},"content":{"rendered":"<div class=\"wp-block-columns is-layout-flex wp-container-core-columns-is-layout-9d6595d7 wp-block-columns-is-layout-flex\"><div class=\"wp-block-column is-layout-flow wp-block-column-is-layout-flow\"><h2 class=\"wp-block-heading\">Produkt-Highlights von Gummibonbons Bulk<\/h2>\n\n<ul class=\"wp-block-list\"><li><strong>Lustiges Design:<\/strong> Die bunten Tupfenmotive auf unseren losen Gummibonbons sind so lustig, wie sie in einzelne St\u00fccke zerlegt sind.<\/li>\n\n<li><strong>Reichhaltige Textur:<\/strong> Unsere Kaubonbons f\u00fcr den Gro\u00dfhandel haben eine weiche, z\u00e4he Au\u00dfenschicht und eine versteckte F\u00fcllung, die einen reichhaltigen und vielschichtigen Geschmack bietet, der s\u00fc\u00df, aber nicht s\u00fc\u00dflich ist.<\/li>\n\n<li><strong>Mehrere Farben und Geschmacksrichtungen:<\/strong> Diese Gummibonbons gibt es in verschiedenen Farben, die m\u00f6glicherweise verschiedenen Fruchtgeschmacksrichtungen entsprechen und verschiedene Geschmacksvorlieben befriedigen.<\/li>\n\n<li><strong>Erschwinglichkeit von Massenware: <\/strong>Unsere Gummibonbons f\u00fcr den Gro\u00dfhandel sind in gro\u00dfen Mengen verpackt, ideal f\u00fcr Partys und Veranstaltungen und bieten ein hervorragendes Preis-Leistungs-Verh\u00e4ltnis.<\/li>\n\n<li><strong>Markenqualit\u00e4t: <\/strong>Unsere von Lechao\u00ae hergestellten Gummibonbons bestehen aus konformen Zutaten, die eine sichere und zuverl\u00e4ssige Qualit\u00e4t gew\u00e4hrleisten.<\/li><\/ul><\/div>\n\n<div class=\"wp-block-column is-layout-flow wp-block-column-is-layout-flow\"><figure class=\"wp-block-image size-full\"><img decoding=\"async\" width=\"1000\" height=\"1000\" src=\"https:\/\/www.lechaocandy.com\/wp-content\/uploads\/2026\/02\/Colorful-Egg-Shaped-Gummy-Candies-Bulk-Supply-for-Parties-5.webp\" alt=\"Bunte eif\u00f6rmige Gummibonbons Bulk Supply f\u00fcr Parteien-5\" class=\"wp-image-2501\" srcset=\"https:\/\/www.lechaocandy.com\/wp-content\/uploads\/2026\/02\/Colorful-Egg-Shaped-Gummy-Candies-Bulk-Supply-for-Parties-5.webp 1000w, https:\/\/www.lechaocandy.com\/wp-content\/uploads\/2026\/02\/Colorful-Egg-Shaped-Gummy-Candies-Bulk-Supply-for-Parties-5-300x300.webp 300w, https:\/\/www.lechaocandy.com\/wp-content\/uploads\/2026\/02\/Colorful-Egg-Shaped-Gummy-Candies-Bulk-Supply-for-Parties-5-150x150.webp 150w, https:\/\/www.lechaocandy.com\/wp-content\/uploads\/2026\/02\/Colorful-Egg-Shaped-Gummy-Candies-Bulk-Supply-for-Parties-5-768x768.webp 768w, https:\/\/www.lechaocandy.com\/wp-content\/uploads\/2026\/02\/Colorful-Egg-Shaped-Gummy-Candies-Bulk-Supply-for-Parties-5-12x12.webp 12w, https:\/\/www.lechaocandy.com\/wp-content\/uploads\/2026\/02\/Colorful-Egg-Shaped-Gummy-Candies-Bulk-Supply-for-Parties-5-600x600.webp 600w, https:\/\/www.lechaocandy.com\/wp-content\/uploads\/2026\/02\/Colorful-Egg-Shaped-Gummy-Candies-Bulk-Supply-for-Parties-5-100x100.webp 100w\" sizes=\"(max-width: 1000px) 100vw, 1000px\" \/><\/figure><\/div><\/div>","protected":false},"excerpt":{"rendered":"<p>Willkommen im Gro\u00dfhandel chewy Gummibonbons zu kaufen. Unsere gepunkteten eif\u00f6rmigen Gummibonbons Bulk verf\u00fcgt \u00fcber leuchtende Farben und eine kaubare Textur, mit bunten Zuckerguss Flecken geschm\u00fcckt und mit einer F\u00fcllung gef\u00fcllt.<\/p>\n<table style=\"border-collapse: collapse; width: 300.02pt;\" border=\"0\" width=\"300\" cellspacing=\"0\" cellpadding=\"0\">\n<tbody>\n<tr style=\"height: 17.60pt;\">\n<td class=\"et2\" style=\"height: 17.60pt; width: 110.80pt;\" width=\"110\" height=\"17\">Hersteller<\/td>\n<td class=\"et2\" style=\"width: 189.95pt;\" width=\"189\">LeChao Bonbons<\/td>\n<\/tr>\n<tr style=\"height: 18.00pt;\">\n<td class=\"et2\" style=\"height: 18.00pt;\" height=\"18\">Produkttyp<\/td>\n<td class=\"et3\" style=\"width: 189.95pt;\" width=\"189\">Gummib\u00e4rchen mit Schokoladen\u00fcberzug<\/td>\n<\/tr>\n<tr style=\"height: 18.00pt;\">\n<td class=\"et2\" style=\"height: 18.00pt;\" height=\"18\">Geschmack<\/td>\n<td class=\"et3\" style=\"width: 189.95pt;\" width=\"189\">S\u00fc\u00df und widerstandsf\u00e4hig<\/td>\n<\/tr>\n<tr style=\"height: 17.60pt;\">\n<td class=\"et2\" style=\"height: 17.60pt;\" height=\"17\">MOQ<\/td>\n<td class=\"et2\">500CTN<\/td>\n<\/tr>\n<tr style=\"height: 17.60pt;\">\n<td class=\"et2\" style=\"height: 17.60pt;\" height=\"17\">Muster<\/td>\n<td class=\"et2\">Verf\u00fcgbar<\/td>\n<\/tr>\n<tr style=\"height: 17.60pt;\">\n<td class=\"et2\" style=\"height: 17.60pt;\" height=\"17\">Paket<\/td>\n<td class=\"et2\">Kundenspezifisch<\/td>\n<\/tr>\n<\/tbody>\n<\/table>\n<p>&nbsp;<\/p>\n<p>&nbsp;<\/p>\n<p>&nbsp;<\/p>","protected":false},"featured_media":2500,"comment_status":"open","ping_status":"closed","template":"","meta":{"_acf_changed":false},"product_brand":[],"product_cat":[19,23],"product_tag":[],"class_list":{"0":"post-2496","1":"product","2":"type-product","3":"status-publish","4":"has-post-thumbnail","6":"product_cat-wholesale-gummy-manufacturer","7":"product_cat-wholesale-chocolate-candy","9":"first","10":"instock","11":"shipping-taxable","12":"product-type-simple"},"acf":[],"_links":{"self":[{"href":"https:\/\/www.lechaocandy.com\/de\/wp-json\/wp\/v2\/product\/2496","targetHints":{"allow":["GET"]}}],"collection":[{"href":"https:\/\/www.lechaocandy.com\/de\/wp-json\/wp\/v2\/product"}],"about":[{"href":"https:\/\/www.lechaocandy.com\/de\/wp-json\/wp\/v2\/types\/product"}],"replies":[{"embeddable":true,"href":"https:\/\/www.lechaocandy.com\/de\/wp-json\/wp\/v2\/comments?post=2496"}],"wp:featuredmedia":[{"embeddable":true,"href":"https:\/\/www.lechaocandy.com\/de\/wp-json\/wp\/v2\/media\/2500"}],"wp:attachment":[{"href":"https:\/\/www.lechaocandy.com\/de\/wp-json\/wp\/v2\/media?parent=2496"}],"wp:term":[{"taxonomy":"product_brand","embeddable":true,"href":"https:\/\/www.lechaocandy.com\/de\/wp-json\/wp\/v2\/product_brand?post=2496"},{"taxonomy":"product_cat","embeddable":true,"href":"https:\/\/www.lechaocandy.com\/de\/wp-json\/wp\/v2\/product_cat?post=2496"},{"taxonomy":"product_tag","embeddable":true,"href":"https:\/\/www.lechaocandy.com\/de\/wp-json\/wp\/v2\/product_tag?post=2496"}],"curies":[{"name":"wp","href":"https:\/\/api.w.org\/{rel}","templated":true}]}}