{"id":2523,"date":"2026-02-26T01:04:31","date_gmt":"2026-02-26T01:04:31","guid":{"rendered":"https:\/\/www.lechaocandy.com\/?post_type=product&#038;p=2523"},"modified":"2026-02-26T01:23:42","modified_gmt":"2026-02-26T01:23:42","slug":"wholesale-chewy-candies","status":"publish","type":"product","link":"https:\/\/www.lechaocandy.com\/de\/produkt\/wholesale-chewy-candies\/","title":{"rendered":"Lechao Gro\u00dfhandel Chewy Bonbons, 120g Erdbeere Gummies"},"content":{"rendered":"<div class=\"wp-block-columns is-layout-flex wp-container-core-columns-is-layout-9d6595d7 wp-block-columns-is-layout-flex\"><div class=\"wp-block-column is-layout-flow wp-block-column-is-layout-flow\"><h2 class=\"wp-block-heading\">Produkt-Highlights des Gro\u00dfhandels Chewy Bonbons<\/h2>\n\n<ul class=\"wp-block-list\"><li><strong>Klassischer s\u00fc\u00df-saurer Geschmack: <\/strong>Unsere Kaubonbons f\u00fcr den Gro\u00dfhandel werden mit einem sorgf\u00e4ltig ausgew\u00e4hlten Erdbeergeschmack hergestellt und bieten ein perfektes Gleichgewicht zwischen s\u00fc\u00df und sauer. Die Zuckerk\u00f6rner auf der \u00e4u\u00dferen Schicht sorgen f\u00fcr eine einzigartige \"saure und k\u00f6rnige\" Textur, die sie zu einem erfrischenden und befriedigenden Genuss macht.<\/li>\n\n<li><strong>Bezauberndes Design: <\/strong>Unsere Gummibonbons in loser Sch\u00fcttung haben ein niedliches rot-wei\u00dfes Design und eine runde Form, die visuell ansprechend ist und besonders bei jungen Verbrauchern und Kindern beliebt ist.<\/li>\n\n<li><strong>Hergestellt mit hochwertigen Zutaten:<\/strong> Diese Kaubonbons f\u00fcr den Gro\u00dfhandel werden aus hochwertiger Gelatine und Zutaten mit Fruchtgeschmack hergestellt, was zu einer z\u00e4hen und federnden Textur f\u00fchrt, die den klassischen Geschmack traditioneller Gummibonbons perfekt nachahmt.<\/li>\n\n<li><strong>Praktisches Sharing Pack:<\/strong> Unsere Gummibonbons sind in einer praktischen 120g-Gr\u00f6\u00dfe erh\u00e4ltlich, die sich perfekt f\u00fcr den individuellen Genuss oder zum Teilen auf Partys eignet. Die transparente Verpackung macht es einfach, die verbleibende Menge zu \u00fcberpr\u00fcfen.<\/li>\n\n<li><strong>Qualit\u00e4tssicherung der Marke: <\/strong>Die Marke Lechao konzentriert sich auf die Herstellung von Bonbons, wobei der Produktionsprozess und die Lebensmittelsicherheit streng kontrolliert werden, um sicherzustellen, dass unsere Kaubonbons im Gro\u00dfhandel hohe Qualit\u00e4tsstandards erf\u00fcllen.<\/li><\/ul><\/div>\n\n<div class=\"wp-block-column is-layout-flow wp-block-column-is-layout-flow\"><figure class=\"wp-block-image size-full\"><img decoding=\"async\" width=\"1000\" height=\"1000\" src=\"https:\/\/www.lechaocandy.com\/wp-content\/uploads\/2026\/02\/Lechao-Wholesale-Chewy-Candies-120g-Strawberry-Gummies-1.webp\" alt=\"Lechao Gro\u00dfhandel Chewy Bonbons, 120g Erdbeere Gummies-1\" class=\"wp-image-2524\" srcset=\"https:\/\/www.lechaocandy.com\/wp-content\/uploads\/2026\/02\/Lechao-Wholesale-Chewy-Candies-120g-Strawberry-Gummies-1.webp 1000w, https:\/\/www.lechaocandy.com\/wp-content\/uploads\/2026\/02\/Lechao-Wholesale-Chewy-Candies-120g-Strawberry-Gummies-1-300x300.webp 300w, https:\/\/www.lechaocandy.com\/wp-content\/uploads\/2026\/02\/Lechao-Wholesale-Chewy-Candies-120g-Strawberry-Gummies-1-150x150.webp 150w, https:\/\/www.lechaocandy.com\/wp-content\/uploads\/2026\/02\/Lechao-Wholesale-Chewy-Candies-120g-Strawberry-Gummies-1-768x768.webp 768w, https:\/\/www.lechaocandy.com\/wp-content\/uploads\/2026\/02\/Lechao-Wholesale-Chewy-Candies-120g-Strawberry-Gummies-1-12x12.webp 12w, https:\/\/www.lechaocandy.com\/wp-content\/uploads\/2026\/02\/Lechao-Wholesale-Chewy-Candies-120g-Strawberry-Gummies-1-600x600.webp 600w, https:\/\/www.lechaocandy.com\/wp-content\/uploads\/2026\/02\/Lechao-Wholesale-Chewy-Candies-120g-Strawberry-Gummies-1-100x100.webp 100w\" sizes=\"(max-width: 1000px) 100vw, 1000px\" \/><\/figure><\/div><\/div>","protected":false},"excerpt":{"rendered":"<p>Willkommen zum Kauf Gro\u00dfhandel Kaubonbons. Diese 120g-Packung saurer Gummibonbons mit Erdbeergeschmack bietet einen s\u00fc\u00df-sauren Geschmack mit einer einzigartigen Zuckerschicht, die sie zu einem beliebten Snack macht.<\/p>\n<table style=\"border-collapse: collapse; width: 300.02pt;\" border=\"0\" width=\"300\" cellspacing=\"0\" cellpadding=\"0\">\n<tbody>\n<tr style=\"height: 17.60pt;\">\n<td class=\"et2\" style=\"height: 17.60pt; width: 110.80pt;\" width=\"110\" height=\"17\">Hersteller<\/td>\n<td class=\"et2\" style=\"width: 189.95pt;\" width=\"189\">LeChao Bonbons<\/td>\n<\/tr>\n<tr style=\"height: 18.00pt;\">\n<td class=\"et2\" style=\"height: 18.00pt;\" height=\"18\">Produkttyp<\/td>\n<td class=\"et3\" style=\"width: 189.95pt;\" width=\"189\">Saure Gummis<\/td>\n<\/tr>\n<tr style=\"height: 18.00pt;\">\n<td class=\"et2\" style=\"height: 18.00pt;\" height=\"18\">Geschmack<\/td>\n<td class=\"et3\" style=\"width: 189.95pt;\" width=\"189\">S\u00fc\u00df &amp; sauer &amp; widerstandsf\u00e4hig<\/td>\n<\/tr>\n<tr style=\"height: 17.60pt;\">\n<td class=\"et2\" style=\"height: 17.60pt;\" height=\"17\">Spezifikation<\/td>\n<td class=\"et2\">120gX48Beutel<\/td>\n<\/tr>\n<tr style=\"height: 17.60pt;\">\n<td class=\"et2\" style=\"height: 17.60pt;\" height=\"17\">Gr\u00f6\u00dfe des Kartons<\/td>\n<td class=\"et2\">39*26*24CM<\/td>\n<\/tr>\n<tr style=\"height: 17.60pt;\">\n<td class=\"et2\" style=\"height: 17.60pt;\" height=\"17\">N.W.\/Karton<\/td>\n<td class=\"et2\">7,5 kg<\/td>\n<\/tr>\n<tr style=\"height: 17.60pt;\">\n<td class=\"et2\" style=\"height: 17.60pt;\" height=\"17\">Preis<\/td>\n<td class=\"et2\">0.55-0.57USD\/pro Beutel<\/td>\n<\/tr>\n<tr style=\"height: 17.60pt;\">\n<td class=\"et2\" style=\"height: 17.60pt;\" height=\"17\">MOQ<\/td>\n<td class=\"et2\">500CTN<\/td>\n<\/tr>\n<tr style=\"height: 17.60pt;\">\n<td class=\"et2\" style=\"height: 17.60pt;\" height=\"17\">Muster<\/td>\n<td class=\"et2\">Verf\u00fcgbar<\/td>\n<\/tr>\n<\/tbody>\n<\/table>\n<p>&nbsp;<\/p>\n<p>&nbsp;<\/p>\n<p>&nbsp;<\/p>","protected":false},"featured_media":2525,"comment_status":"open","ping_status":"closed","template":"","meta":{"_acf_changed":false},"product_brand":[],"product_cat":[19,28],"product_tag":[],"class_list":{"0":"post-2523","1":"product","2":"type-product","3":"status-publish","4":"has-post-thumbnail","6":"product_cat-wholesale-gummy-manufacturer","7":"product_cat-bulk-sour-gummies","9":"first","10":"instock","11":"shipping-taxable","12":"product-type-simple"},"acf":[],"_links":{"self":[{"href":"https:\/\/www.lechaocandy.com\/de\/wp-json\/wp\/v2\/product\/2523","targetHints":{"allow":["GET"]}}],"collection":[{"href":"https:\/\/www.lechaocandy.com\/de\/wp-json\/wp\/v2\/product"}],"about":[{"href":"https:\/\/www.lechaocandy.com\/de\/wp-json\/wp\/v2\/types\/product"}],"replies":[{"embeddable":true,"href":"https:\/\/www.lechaocandy.com\/de\/wp-json\/wp\/v2\/comments?post=2523"}],"wp:featuredmedia":[{"embeddable":true,"href":"https:\/\/www.lechaocandy.com\/de\/wp-json\/wp\/v2\/media\/2525"}],"wp:attachment":[{"href":"https:\/\/www.lechaocandy.com\/de\/wp-json\/wp\/v2\/media?parent=2523"}],"wp:term":[{"taxonomy":"product_brand","embeddable":true,"href":"https:\/\/www.lechaocandy.com\/de\/wp-json\/wp\/v2\/product_brand?post=2523"},{"taxonomy":"product_cat","embeddable":true,"href":"https:\/\/www.lechaocandy.com\/de\/wp-json\/wp\/v2\/product_cat?post=2523"},{"taxonomy":"product_tag","embeddable":true,"href":"https:\/\/www.lechaocandy.com\/de\/wp-json\/wp\/v2\/product_tag?post=2523"}],"curies":[{"name":"wp","href":"https:\/\/api.w.org\/{rel}","templated":true}]}}