{"id":2554,"date":"2026-03-12T02:09:41","date_gmt":"2026-03-12T02:09:41","guid":{"rendered":"https:\/\/www.lechaocandy.com\/?post_type=product&#038;p=2554"},"modified":"2026-03-12T02:38:10","modified_gmt":"2026-03-12T02:38:10","slug":"soft-sweets-wholesale","status":"publish","type":"product","link":"https:\/\/www.lechaocandy.com\/de\/produkt\/soft-sweets-wholesale\/","title":{"rendered":"Gr\u00fcner Apfel Soft Bonbons Gro\u00dfhandel, wei\u00dfe Schokolade Beschichtung"},"content":{"rendered":"<div class=\"wp-block-columns is-layout-flex wp-container-core-columns-is-layout-9d6595d7 wp-block-columns-is-layout-flex\"><div class=\"wp-block-column is-layout-flow wp-block-column-is-layout-flow\"><h2 class=\"wp-block-heading\">Produkt-Highlights von Soft Sweets Gro\u00dfhandel<\/h2>\n\n<ul class=\"wp-block-list\"><li><strong>Vielschichtiges Geschmackserlebnis:<\/strong> Unsere Softbonbons f\u00fcr den Gro\u00dfhandel kombinieren eine knusprige Au\u00dfenschicht, seidige wei\u00dfe Schokolade und z\u00e4he Fruchtgummis und bieten mit jedem Bissen ein dreifaches Geschmackserlebnis.<\/li>\n\n<li><strong>Ausgewogene s\u00fc\u00df-saure Geschmacksnoten: <\/strong>Der leicht s\u00e4uerliche Geschmack des gr\u00fcnen Apfels in diesen Kaubonbons aus dem Gro\u00dfhandel gleicht die S\u00fc\u00dfe der wei\u00dfen Schokolade aus und sorgt so f\u00fcr einen erfrischenden und k\u00f6stlichen Geschmack, an dem man sich nicht satt sehen kann.<\/li>\n\n<li><strong>Visuell ansprechend: <\/strong>Die leuchtend gr\u00fcnen Teile dieser Gro\u00dfhandels-Softbonbons zieren die cremig-wei\u00dfen Kugeln und machen sie perfekt f\u00fcr die Pr\u00e4sentation in transparenten Beuteln oder in loser Sch\u00fcttung, um j\u00fcngere Verbraucher anzulocken.<\/li>\n\n<li><strong>Vielf\u00e4ltige Vielseitigkeit: <\/strong>Ob als Snack im B\u00fcro, als F\u00fcllung f\u00fcr Hochzeitsgeschenke oder f\u00fcr den Gro\u00dfhandel in Superm\u00e4rkten, unsere Kaubonbons mit gr\u00fcnem Apfel sind eine \u00e4u\u00dferst wettbewerbsf\u00e4hige und beliebte Wahl.<\/li><\/ul><\/div>\n\n<div class=\"wp-block-column is-layout-flow wp-block-column-is-layout-flow\"><figure class=\"wp-block-image size-full\"><img decoding=\"async\" width=\"1000\" height=\"1000\" src=\"https:\/\/www.lechaocandy.com\/wp-content\/uploads\/2026\/03\/Green-Apple-Soft-Sweets-Wholesale-White-Chocolate-Coating-3.webp\" alt=\"Gr\u00fcner Apfel weiche Bonbons Gro\u00dfhandel, wei\u00dfe Schokolade \u00dcberzug-3\" class=\"wp-image-2557\" srcset=\"https:\/\/www.lechaocandy.com\/wp-content\/uploads\/2026\/03\/Green-Apple-Soft-Sweets-Wholesale-White-Chocolate-Coating-3.webp 1000w, https:\/\/www.lechaocandy.com\/wp-content\/uploads\/2026\/03\/Green-Apple-Soft-Sweets-Wholesale-White-Chocolate-Coating-3-300x300.webp 300w, https:\/\/www.lechaocandy.com\/wp-content\/uploads\/2026\/03\/Green-Apple-Soft-Sweets-Wholesale-White-Chocolate-Coating-3-150x150.webp 150w, https:\/\/www.lechaocandy.com\/wp-content\/uploads\/2026\/03\/Green-Apple-Soft-Sweets-Wholesale-White-Chocolate-Coating-3-768x768.webp 768w, https:\/\/www.lechaocandy.com\/wp-content\/uploads\/2026\/03\/Green-Apple-Soft-Sweets-Wholesale-White-Chocolate-Coating-3-12x12.webp 12w, https:\/\/www.lechaocandy.com\/wp-content\/uploads\/2026\/03\/Green-Apple-Soft-Sweets-Wholesale-White-Chocolate-Coating-3-600x600.webp 600w, https:\/\/www.lechaocandy.com\/wp-content\/uploads\/2026\/03\/Green-Apple-Soft-Sweets-Wholesale-White-Chocolate-Coating-3-100x100.webp 100w\" sizes=\"(max-width: 1000px) 100vw, 1000px\" \/><\/figure><\/div><\/div>","protected":false},"excerpt":{"rendered":"<p>Suchen Sie nach Premium-Softbonbons im Gro\u00dfhandel? Unsere gr\u00fcnen Apfelgummis verf\u00fcgen \u00fcber einen reichhaltigen wei\u00dfen Schokoladen\u00fcberzug und ein knuspriges Topping. Die fruchtigen und milchigen Aromen mischen sich perfekt, so dass es s\u00fc\u00df, aber nicht s\u00fc\u00dflich, ideal f\u00fcr B2B-Gro\u00dfh\u00e4ndler, Bulk-Snack-Shops, und Geschenk-Sets.<\/p>\n<table style=\"border-collapse: collapse; width: 300.02pt;\" border=\"0\" width=\"300\" cellspacing=\"0\" cellpadding=\"0\">\n<tbody>\n<tr style=\"height: 17.60pt;\">\n<td class=\"et2\" style=\"height: 17.60pt; width: 110.80pt;\" width=\"110\" height=\"17\">Hersteller<\/td>\n<td class=\"et2\" style=\"width: 189.95pt;\" width=\"189\">LeChao Bonbons<\/td>\n<\/tr>\n<tr style=\"height: 18.00pt;\">\n<td class=\"et2\" style=\"height: 18.00pt;\" height=\"18\">Produkttyp<\/td>\n<td class=\"et3\" style=\"width: 189.95pt;\" width=\"189\">Gummib\u00e4rchen mit Schokoladen\u00fcberzug<\/td>\n<\/tr>\n<tr style=\"height: 18.00pt;\">\n<td class=\"et2\" style=\"height: 18.00pt;\" height=\"18\">Geschmack<\/td>\n<td class=\"et3\" style=\"width: 189.95pt;\" width=\"189\">S\u00fc\u00df und widerstandsf\u00e4hig<\/td>\n<\/tr>\n<tr style=\"height: 17.60pt;\">\n<td class=\"et2\" style=\"height: 17.60pt;\" height=\"17\">MOQ<\/td>\n<td class=\"et2\">500CTN<\/td>\n<\/tr>\n<tr style=\"height: 17.60pt;\">\n<td class=\"et2\" style=\"height: 17.60pt;\" height=\"17\">Muster<\/td>\n<td class=\"et2\">Verf\u00fcgbar<\/td>\n<\/tr>\n<tr style=\"height: 17.60pt;\">\n<td class=\"et2\" style=\"height: 17.60pt;\" height=\"17\">Paket<\/td>\n<td class=\"et2\">Kundenspezifisch<\/td>\n<\/tr>\n<\/tbody>\n<\/table>\n<p>&nbsp;<\/p>\n<p>&nbsp;<\/p>\n<p>&nbsp;<\/p>","protected":false},"featured_media":2555,"comment_status":"open","ping_status":"closed","template":"","meta":{"_acf_changed":false},"product_brand":[],"product_cat":[19,23],"product_tag":[],"class_list":{"0":"post-2554","1":"product","2":"type-product","3":"status-publish","4":"has-post-thumbnail","6":"product_cat-wholesale-gummy-manufacturer","7":"product_cat-wholesale-chocolate-candy","9":"first","10":"instock","11":"shipping-taxable","12":"product-type-simple"},"acf":[],"_links":{"self":[{"href":"https:\/\/www.lechaocandy.com\/de\/wp-json\/wp\/v2\/product\/2554","targetHints":{"allow":["GET"]}}],"collection":[{"href":"https:\/\/www.lechaocandy.com\/de\/wp-json\/wp\/v2\/product"}],"about":[{"href":"https:\/\/www.lechaocandy.com\/de\/wp-json\/wp\/v2\/types\/product"}],"replies":[{"embeddable":true,"href":"https:\/\/www.lechaocandy.com\/de\/wp-json\/wp\/v2\/comments?post=2554"}],"wp:featuredmedia":[{"embeddable":true,"href":"https:\/\/www.lechaocandy.com\/de\/wp-json\/wp\/v2\/media\/2555"}],"wp:attachment":[{"href":"https:\/\/www.lechaocandy.com\/de\/wp-json\/wp\/v2\/media?parent=2554"}],"wp:term":[{"taxonomy":"product_brand","embeddable":true,"href":"https:\/\/www.lechaocandy.com\/de\/wp-json\/wp\/v2\/product_brand?post=2554"},{"taxonomy":"product_cat","embeddable":true,"href":"https:\/\/www.lechaocandy.com\/de\/wp-json\/wp\/v2\/product_cat?post=2554"},{"taxonomy":"product_tag","embeddable":true,"href":"https:\/\/www.lechaocandy.com\/de\/wp-json\/wp\/v2\/product_tag?post=2554"}],"curies":[{"name":"wp","href":"https:\/\/api.w.org\/{rel}","templated":true}]}}