{"id":437,"date":"2025-05-14T03:28:30","date_gmt":"2025-05-14T03:28:30","guid":{"rendered":"https:\/\/www.lechaocandy.com\/?post_type=product&#038;p=437"},"modified":"2025-05-14T07:05:30","modified_gmt":"2025-05-14T07:05:30","slug":"gummy-candy-wholesale","status":"publish","type":"product","link":"https:\/\/www.lechaocandy.com\/de\/produkt\/gummy-candy-wholesale\/","title":{"rendered":"Pilz Form Gummibonbon Gro\u00dfhandel, Bulk Chewy Candy"},"content":{"rendered":"<div class=\"wp-block-columns is-layout-flex wp-container-core-columns-is-layout-9d6595d7 wp-block-columns-is-layout-flex\"><div class=\"wp-block-column is-layout-flow wp-block-column-is-layout-flow\"><h2 class=\"wp-block-heading\">Product Highlights of Mushroom Shape Gummy Candy Wholesale<\/h2>\n\n<ul class=\"wp-block-list\"><li><strong>Cute mushroom shape, eye-catching:<\/strong> These gummy candy wholesale have a unique mushroom shape design, bright colors, cute appearance, and great visual appeal.<\/li>\n\n<li><strong>Weich und z\u00e4h, reichhaltiger Geschmack: <\/strong>Our mushroom-shaped bulk chewy candies have a flexible and elastic chewing experience, sweet but not greasy, suitable for all ages.<\/li>\n\n<li><strong>Multiple color combinations, outstanding visual effects<\/strong>: Our mushroom-shaped gummy candy wholesale provides yellow, green, blue, red, white and other bright colors, and can be customized according to customer needs.<\/li>\n\n<li><strong>Multi-scene application, best-selling snack channels: <\/strong>Our bulk chewy candies are suitable for supermarket retail, snack shops, online e-commerce, holiday gift boxes and gift markets, and are ideal snacks for leisure, gatherings, and parties.<\/li>\n\n<li><strong>Support customized packaging and formula: <\/strong>Our gummy candy wholesale can customize packaging forms, brand LOGO, and flavor formulas on demand to meet OEM\/ODM cooperation needs and enhance brand recognition.<\/li><\/ul><\/div>\n\n<div class=\"wp-block-column is-layout-flow wp-block-column-is-layout-flow\"><figure class=\"wp-block-image size-full\"><img decoding=\"async\" width=\"800\" height=\"800\" src=\"https:\/\/www.lechaocandy.com\/wp-content\/uploads\/2025\/05\/Mushroom-Shape-Gummy-Candy-Wholesale-Bulk-Chewy-Candy-2.webp\" alt=\"Mushroom Shape Gummy Candy Wholesale, Bulk Chewy Candy-2\" class=\"wp-image-445\" srcset=\"https:\/\/www.lechaocandy.com\/wp-content\/uploads\/2025\/05\/Mushroom-Shape-Gummy-Candy-Wholesale-Bulk-Chewy-Candy-2.webp 800w, https:\/\/www.lechaocandy.com\/wp-content\/uploads\/2025\/05\/Mushroom-Shape-Gummy-Candy-Wholesale-Bulk-Chewy-Candy-2-300x300.webp 300w, https:\/\/www.lechaocandy.com\/wp-content\/uploads\/2025\/05\/Mushroom-Shape-Gummy-Candy-Wholesale-Bulk-Chewy-Candy-2-150x150.webp 150w, https:\/\/www.lechaocandy.com\/wp-content\/uploads\/2025\/05\/Mushroom-Shape-Gummy-Candy-Wholesale-Bulk-Chewy-Candy-2-768x768.webp 768w, https:\/\/www.lechaocandy.com\/wp-content\/uploads\/2025\/05\/Mushroom-Shape-Gummy-Candy-Wholesale-Bulk-Chewy-Candy-2-600x600.webp 600w, https:\/\/www.lechaocandy.com\/wp-content\/uploads\/2025\/05\/Mushroom-Shape-Gummy-Candy-Wholesale-Bulk-Chewy-Candy-2-100x100.webp 100w\" sizes=\"(max-width: 800px) 100vw, 800px\" \/><\/figure><\/div><\/div>","protected":false},"excerpt":{"rendered":"<p>Welcome to purchase bulk chewy candies. Our mushroom-shaped gummy candy wholesale is loved by children and snack food lovers alike because of its cute appearance and chewy and delicious taste. It supports customized recipe, flavor and package, and can be tailored to various sales channels.<\/p>\n<table style=\"border-collapse: collapse; width: 314.02pt;\" border=\"0\" width=\"314\" cellspacing=\"0\" cellpadding=\"0\">\n<tbody>\n<tr style=\"height: 17.60pt;\">\n<td class=\"et2\" style=\"height: 17.60pt; width: 110.80pt;\" width=\"110\" height=\"17\">Hersteller<\/td>\n<td class=\"et2\" style=\"width: 204.10pt;\" width=\"204\">LeChao Bonbons<\/td>\n<\/tr>\n<tr style=\"height: 18.00pt;\">\n<td class=\"et2\" style=\"height: 18.00pt;\" height=\"18\">Produkttyp<\/td>\n<td class=\"et3\" style=\"width: 204.10pt;\" width=\"204\">3D Mushroom Gummy Candy<\/td>\n<\/tr>\n<tr style=\"height: 18.00pt;\">\n<td class=\"et2\" style=\"height: 18.00pt;\" height=\"18\">Geschmack<\/td>\n<td class=\"et3\" style=\"width: 204.10pt;\" width=\"204\">S\u00fc\u00df &amp; sauer &amp; widerstandsf\u00e4hig<\/td>\n<\/tr>\n<tr style=\"height: 17.60pt;\">\n<td class=\"et2\" style=\"height: 17.60pt;\" height=\"17\">Spezifikation<\/td>\n<td class=\"et2\">22gX20TaschenX12K\u00e4sten<\/td>\n<\/tr>\n<tr style=\"height: 17.60pt;\">\n<td class=\"et2\" style=\"height: 17.60pt;\" height=\"17\">Gr\u00f6\u00dfe des Kartons<\/td>\n<td class=\"et2\">39.5X31.5X31cm<\/td>\n<\/tr>\n<tr style=\"height: 17.60pt;\">\n<td class=\"et2\" style=\"height: 17.60pt;\" height=\"17\">N.W.\/Karton<\/td>\n<td class=\"et2\">8,2 kg<\/td>\n<\/tr>\n<tr style=\"height: 17.60pt;\">\n<td class=\"et2\" style=\"height: 17.60pt;\" height=\"17\">Preis<\/td>\n<td class=\"et2\">0,1-0,12USD<\/td>\n<\/tr>\n<tr style=\"height: 17.60pt;\">\n<td class=\"et2\" style=\"height: 17.60pt;\" height=\"17\">MOQ<\/td>\n<td class=\"et2\">800 Kartons<\/td>\n<\/tr>\n<tr style=\"height: 17.60pt;\">\n<td class=\"et2\" style=\"height: 17.60pt;\" height=\"17\">Muster<\/td>\n<td class=\"et2\">Verf\u00fcgbar<\/td>\n<\/tr>\n<\/tbody>\n<\/table>","protected":false},"featured_media":450,"comment_status":"open","ping_status":"closed","template":"","meta":{"_acf_changed":false},"product_brand":[],"product_cat":[19,24],"product_tag":[],"class_list":{"0":"post-437","1":"product","2":"type-product","3":"status-publish","4":"has-post-thumbnail","6":"product_cat-wholesale-gummy-manufacturer","7":"product_cat-3d-gummy-candy-manufacturer","9":"first","10":"instock","11":"shipping-taxable","12":"product-type-simple"},"acf":[],"_links":{"self":[{"href":"https:\/\/www.lechaocandy.com\/de\/wp-json\/wp\/v2\/product\/437","targetHints":{"allow":["GET"]}}],"collection":[{"href":"https:\/\/www.lechaocandy.com\/de\/wp-json\/wp\/v2\/product"}],"about":[{"href":"https:\/\/www.lechaocandy.com\/de\/wp-json\/wp\/v2\/types\/product"}],"replies":[{"embeddable":true,"href":"https:\/\/www.lechaocandy.com\/de\/wp-json\/wp\/v2\/comments?post=437"}],"wp:featuredmedia":[{"embeddable":true,"href":"https:\/\/www.lechaocandy.com\/de\/wp-json\/wp\/v2\/media\/450"}],"wp:attachment":[{"href":"https:\/\/www.lechaocandy.com\/de\/wp-json\/wp\/v2\/media?parent=437"}],"wp:term":[{"taxonomy":"product_brand","embeddable":true,"href":"https:\/\/www.lechaocandy.com\/de\/wp-json\/wp\/v2\/product_brand?post=437"},{"taxonomy":"product_cat","embeddable":true,"href":"https:\/\/www.lechaocandy.com\/de\/wp-json\/wp\/v2\/product_cat?post=437"},{"taxonomy":"product_tag","embeddable":true,"href":"https:\/\/www.lechaocandy.com\/de\/wp-json\/wp\/v2\/product_tag?post=437"}],"curies":[{"name":"wp","href":"https:\/\/api.w.org\/{rel}","templated":true}]}}