{"id":453,"date":"2025-05-14T07:51:20","date_gmt":"2025-05-14T07:51:20","guid":{"rendered":"https:\/\/www.lechaocandy.com\/?post_type=product&#038;p=453"},"modified":"2025-05-14T07:51:21","modified_gmt":"2025-05-14T07:51:21","slug":"gummies-wholesale","status":"publish","type":"product","link":"https:\/\/www.lechaocandy.com\/de\/produkt\/gummies-wholesale\/","title":{"rendered":"4D Erdbeer-Gummis Gro\u00dfhandel, Fruchtgummi S\u00fc\u00dfigkeiten Bulk"},"content":{"rendered":"<div class=\"wp-block-columns is-layout-flex wp-container-core-columns-is-layout-9d6595d7 wp-block-columns-is-layout-flex\"><div class=\"wp-block-column is-layout-flow wp-block-column-is-layout-flow\"><h2 class=\"wp-block-heading\">Produkt-Highlights von 4D Strawberry Gummies Gro\u00dfhandel<\/h2>\n\n<ul class=\"wp-block-list\"><li><strong>Dreidimensionale Form, die Spa\u00df macht: <\/strong>diese Gummis Gro\u00dfhandel wirklich wieder die Form der Erdbeeren, 4D Form ist interessanter und interaktiver, locken Kinder und junge Verbraucher zu stoppen und zu kaufen.<\/li>\n\n<li><strong>Duftender, reichhaltiger Fruchtgeschmack: <\/strong>unsere Fruchtgummi-Bonbons w\u00e4hlen hochwertige Erdbeergeschmack und Saft-Extrakt, reiches Aroma, nat\u00fcrlichen Geschmack ist beliebter bei den Verbrauchern.<\/li>\n\n<li><strong>Hochwertige Rohstoffe, sicher und gesch\u00fctzt: <\/strong>unsere Erdbeer-Gummis Gro\u00dfhandel verwenden Lebensmittel-Gummi-Basis, nat\u00fcrliche Pigmente und hochwertige Zutaten, erf\u00fcllen Export Lebensmittelsicherheit Standards, geeignet f\u00fcr den globalen Markt zu verkaufen.<\/li>\n\n<li><strong>Flexibler Gro\u00dfhandel, anpassbar an mehrere Kan\u00e4le: <\/strong>Diese Fruchtgummi-Bonbons unterst\u00fctzen lose, unabh\u00e4ngige kleine Verpackungen, Geschenkboxen und andere Verpackungsmethoden, geeignet f\u00fcr Superm\u00e4rkte, E-Commerce, OEM-Geschenke und Markenanpassung.<\/li>\n\n<li><strong>Bieten Sie exklusive, ma\u00dfgeschneiderte L\u00f6sungen an: <\/strong>Unsere Gummibonbons im Gro\u00dfhandel k\u00f6nnen in Form, Gr\u00f6\u00dfe, Farbe, Geschmack, S\u00fc\u00dfe, LOGO-Verpackung usw. angepasst werden, um einen exklusiven Markenstil zu schaffen, der den unterschiedlichen Marktanforderungen gerecht wird.<\/li><\/ul><\/div>\n\n<div class=\"wp-block-column is-layout-flow wp-block-column-is-layout-flow\"><figure class=\"wp-block-image size-full\"><img decoding=\"async\" width=\"800\" height=\"800\" src=\"https:\/\/www.lechaocandy.com\/wp-content\/uploads\/2025\/05\/4D-Strawberry-Gummies-Wholesale-Fruit-Gummy-Candy-Bulk-3.webp\" alt=\"4D Erdbeer-Gummis Gro\u00dfhandel, Fruchtgummi-Bonbons Bulk-3\" class=\"wp-image-456\" srcset=\"https:\/\/www.lechaocandy.com\/wp-content\/uploads\/2025\/05\/4D-Strawberry-Gummies-Wholesale-Fruit-Gummy-Candy-Bulk-3.webp 800w, https:\/\/www.lechaocandy.com\/wp-content\/uploads\/2025\/05\/4D-Strawberry-Gummies-Wholesale-Fruit-Gummy-Candy-Bulk-3-300x300.webp 300w, https:\/\/www.lechaocandy.com\/wp-content\/uploads\/2025\/05\/4D-Strawberry-Gummies-Wholesale-Fruit-Gummy-Candy-Bulk-3-150x150.webp 150w, https:\/\/www.lechaocandy.com\/wp-content\/uploads\/2025\/05\/4D-Strawberry-Gummies-Wholesale-Fruit-Gummy-Candy-Bulk-3-768x768.webp 768w, https:\/\/www.lechaocandy.com\/wp-content\/uploads\/2025\/05\/4D-Strawberry-Gummies-Wholesale-Fruit-Gummy-Candy-Bulk-3-600x600.webp 600w, https:\/\/www.lechaocandy.com\/wp-content\/uploads\/2025\/05\/4D-Strawberry-Gummies-Wholesale-Fruit-Gummy-Candy-Bulk-3-100x100.webp 100w\" sizes=\"(max-width: 800px) 100vw, 800px\" \/><\/figure><\/div><\/div>","protected":false},"excerpt":{"rendered":"<p>Willkommen zum Kauf von Fruchtgummibonbons in gro\u00dfen Mengen. Unsere 4D-Erdbeer-Gummis Gro\u00dfhandel zeichnen sich in der Snack-Markt mit seiner simulierten Aussehen und fruchtigen Geschmack. Das Produkt ist niedlich im Aussehen, s\u00fc\u00df und weich, und unterst\u00fctzt die vollst\u00e4ndige Anpassung von der Formel bis zur Verpackung.<\/p>\n<table style=\"border-collapse: collapse; width: 314.02pt;\" border=\"0\" width=\"314\" cellspacing=\"0\" cellpadding=\"0\">\n<tbody>\n<tr style=\"height: 17.60pt;\">\n<td class=\"et2\" style=\"height: 17.60pt; width: 110.80pt;\" width=\"110\" height=\"17\">Hersteller<\/td>\n<td class=\"et2\" style=\"width: 204.10pt;\" width=\"204\">LeChao Bonbons<\/td>\n<\/tr>\n<tr style=\"height: 18.00pt;\">\n<td class=\"et2\" style=\"height: 18.00pt;\" height=\"18\">Produkttyp<\/td>\n<td class=\"et3\" style=\"width: 204.10pt;\" width=\"204\">4D Erdbeer-Gummibonbon<\/td>\n<\/tr>\n<tr style=\"height: 18.00pt;\">\n<td class=\"et2\" style=\"height: 18.00pt;\" height=\"18\">Geschmack<\/td>\n<td class=\"et3\" style=\"width: 204.10pt;\" width=\"204\">S\u00fc\u00df &amp; sauer &amp; widerstandsf\u00e4hig<\/td>\n<\/tr>\n<tr style=\"height: 17.60pt;\">\n<td class=\"et2\" style=\"height: 17.60pt;\" height=\"17\">Spezifikation<\/td>\n<td class=\"et2\">60gX10BeutelX6Kartons<\/td>\n<\/tr>\n<tr style=\"height: 17.60pt;\">\n<td class=\"et2\" style=\"height: 17.60pt;\" height=\"17\">Gr\u00f6\u00dfe des Kartons<\/td>\n<td class=\"et2\">36,5X22X33,5cm<\/td>\n<\/tr>\n<tr style=\"height: 17.60pt;\">\n<td class=\"et2\" style=\"height: 17.60pt;\" height=\"17\">N.W.\/Karton<\/td>\n<td class=\"et2\">5,8 kg<\/td>\n<\/tr>\n<tr style=\"height: 17.60pt;\">\n<td class=\"et2\" style=\"height: 17.60pt;\" height=\"17\">Preis<\/td>\n<td class=\"et2\">0,3-0,33USD<\/td>\n<\/tr>\n<tr style=\"height: 17.60pt;\">\n<td class=\"et2\" style=\"height: 17.60pt;\" height=\"17\">MOQ<\/td>\n<td class=\"et2\">500 Kartons<\/td>\n<\/tr>\n<tr style=\"height: 17.60pt;\">\n<td class=\"et2\" style=\"height: 17.60pt;\" height=\"17\">Muster<\/td>\n<td class=\"et2\">Verf\u00fcgbar<\/td>\n<\/tr>\n<\/tbody>\n<\/table>","protected":false},"featured_media":457,"comment_status":"open","ping_status":"closed","template":"","meta":{"_acf_changed":false},"product_brand":[],"product_cat":[19,24],"product_tag":[],"class_list":{"0":"post-453","1":"product","2":"type-product","3":"status-publish","4":"has-post-thumbnail","6":"product_cat-wholesale-gummy-manufacturer","7":"product_cat-3d-gummy-candy-manufacturer","9":"first","10":"instock","11":"shipping-taxable","12":"product-type-simple"},"acf":[],"_links":{"self":[{"href":"https:\/\/www.lechaocandy.com\/de\/wp-json\/wp\/v2\/product\/453","targetHints":{"allow":["GET"]}}],"collection":[{"href":"https:\/\/www.lechaocandy.com\/de\/wp-json\/wp\/v2\/product"}],"about":[{"href":"https:\/\/www.lechaocandy.com\/de\/wp-json\/wp\/v2\/types\/product"}],"replies":[{"embeddable":true,"href":"https:\/\/www.lechaocandy.com\/de\/wp-json\/wp\/v2\/comments?post=453"}],"wp:featuredmedia":[{"embeddable":true,"href":"https:\/\/www.lechaocandy.com\/de\/wp-json\/wp\/v2\/media\/457"}],"wp:attachment":[{"href":"https:\/\/www.lechaocandy.com\/de\/wp-json\/wp\/v2\/media?parent=453"}],"wp:term":[{"taxonomy":"product_brand","embeddable":true,"href":"https:\/\/www.lechaocandy.com\/de\/wp-json\/wp\/v2\/product_brand?post=453"},{"taxonomy":"product_cat","embeddable":true,"href":"https:\/\/www.lechaocandy.com\/de\/wp-json\/wp\/v2\/product_cat?post=453"},{"taxonomy":"product_tag","embeddable":true,"href":"https:\/\/www.lechaocandy.com\/de\/wp-json\/wp\/v2\/product_tag?post=453"}],"curies":[{"name":"wp","href":"https:\/\/api.w.org\/{rel}","templated":true}]}}