{"id":459,"date":"2025-05-14T07:52:22","date_gmt":"2025-05-14T07:52:22","guid":{"rendered":"https:\/\/www.lechaocandy.com\/?post_type=product&#038;p=459"},"modified":"2025-05-14T08:06:47","modified_gmt":"2025-05-14T08:06:47","slug":"bulk-gummy-candies","status":"publish","type":"product","link":"https:\/\/www.lechaocandy.com\/de\/produkt\/bulk-gummy-candies\/","title":{"rendered":"4D Ananas Bulk Gummibonbons, fruchtige Gummis Gro\u00dfhandel"},"content":{"rendered":"<div class=\"wp-block-columns is-layout-flex wp-container-core-columns-is-layout-9d6595d7 wp-block-columns-is-layout-flex\"><div class=\"wp-block-column is-layout-flow wp-block-column-is-layout-flow\"><h2 class=\"wp-block-heading\">Produkt-Highlights von 4D Pineapple Bulk Gummibonbons<\/h2>\n\n<ul class=\"wp-block-list\"><li><strong>Auff\u00e4llige Form: <\/strong>Diese gro\u00dfvolumigen Gummibonbons haben eine realistische Ananasform mit exquisiten Details und unterschiedlichen Schichten, die den Bonbons eine st\u00e4rkere visuelle Anziehungskraft verleihen und den Wiedererkennungswert des Produkts erh\u00f6hen.<\/li>\n\n<li><strong>Sehr fruchtiges Aroma, s\u00fc\u00df und sauer:<\/strong> Unsere Fruchtgummibonbons f\u00fcr den Gro\u00dfhandel vereinen nat\u00fcrliches Fruchtaroma und starken Fruchtgeschmack. Der Geschmack von Ananas ist frisch und wohlriechend, kaubar und z\u00e4h, was bei Kindern und Jugendlichen sehr beliebt ist.<\/li>\n\n<li><strong>Anwendbar in verschiedenen Szenarien und breiten Kan\u00e4len:<\/strong> Unsere Ananas-Gummibonbons eignen sich f\u00fcr eine Vielzahl von Verkaufsszenarien, z. B. f\u00fcr den Supermarkt-Einzelhandel, Snack-Marken, Festtagsgeschenke, Blindbox-Produkte usw., und unterst\u00fctzen eine Vielzahl von Verpackungsspezifikationen, um unterschiedliche Anforderungen zu erf\u00fcllen.<\/li>\n\n<li><strong>Hochwertige Zutaten, sicher und hygienisch:<\/strong> Diese Fruchtgummibonbons f\u00fcr den Gro\u00dfhandel verwenden Gelatine in Lebensmittelqualit\u00e4t, nat\u00fcrliche Pigmente und Aromen, enthalten keine k\u00fcnstlichen Konservierungsstoffe, entsprechen den internationalen Lebensmittelsicherheitsstandards und unterst\u00fctzen den weltweiten Export.<\/li>\n\n<li><strong>Unterst\u00fctzung der personalisierten Anpassung: <\/strong>Unsere losen Gummibonbons k\u00f6nnen bei Bedarf in Bezug auf Farbe, Geschmack, S\u00fc\u00dfe, Verpackungsform und LOGO individuell angepasst werden, um Marken bei der Entwicklung differenzierter, beliebter Produkte zu unterst\u00fctzen.<\/li><\/ul><\/div>\n\n<div class=\"wp-block-column is-layout-flow wp-block-column-is-layout-flow\"><figure class=\"wp-block-image size-full\"><img decoding=\"async\" width=\"800\" height=\"800\" src=\"https:\/\/www.lechaocandy.com\/wp-content\/uploads\/2025\/05\/4D-Pineapple-Bulk-Gummy-Candies-Fruity-Gummies-Wholesale-3.webp\" alt=\"4D Ananas Bulk Gummibonbons, fruchtige Gummis Gro\u00dfhandel-3\" class=\"wp-image-462\" srcset=\"https:\/\/www.lechaocandy.com\/wp-content\/uploads\/2025\/05\/4D-Pineapple-Bulk-Gummy-Candies-Fruity-Gummies-Wholesale-3.webp 800w, https:\/\/www.lechaocandy.com\/wp-content\/uploads\/2025\/05\/4D-Pineapple-Bulk-Gummy-Candies-Fruity-Gummies-Wholesale-3-300x300.webp 300w, https:\/\/www.lechaocandy.com\/wp-content\/uploads\/2025\/05\/4D-Pineapple-Bulk-Gummy-Candies-Fruity-Gummies-Wholesale-3-150x150.webp 150w, https:\/\/www.lechaocandy.com\/wp-content\/uploads\/2025\/05\/4D-Pineapple-Bulk-Gummy-Candies-Fruity-Gummies-Wholesale-3-768x768.webp 768w, https:\/\/www.lechaocandy.com\/wp-content\/uploads\/2025\/05\/4D-Pineapple-Bulk-Gummy-Candies-Fruity-Gummies-Wholesale-3-600x600.webp 600w, https:\/\/www.lechaocandy.com\/wp-content\/uploads\/2025\/05\/4D-Pineapple-Bulk-Gummy-Candies-Fruity-Gummies-Wholesale-3-100x100.webp 100w\" sizes=\"(max-width: 800px) 100vw, 800px\" \/><\/figure><\/div><\/div>","protected":false},"excerpt":{"rendered":"<p>Willkommen im Gro\u00dfhandel Fruchtgummibonbons zu kaufen. Unsere 4D Ananas lose Gummibonbons sind eine Kombination aus zarten Form und fruchtigen Geschmack, mit einer kauen Textur, und sind sehr beliebt auf dem Markt. Geeignet f\u00fcr Gro\u00dfeink\u00e4ufe und kundenspezifische Dienstleistungen, ist es eine ideale Wahl f\u00fcr die Schaffung eines personalisierten Fruchtgummi Bonbons Serie.<\/p>\n<table style=\"border-collapse: collapse; width: 314.02pt;\" border=\"0\" width=\"314\" cellspacing=\"0\" cellpadding=\"0\">\n<tbody>\n<tr style=\"height: 17.60pt;\">\n<td class=\"et2\" style=\"height: 17.60pt; width: 110.80pt;\" width=\"110\" height=\"17\">Hersteller<\/td>\n<td class=\"et2\" style=\"width: 204.10pt;\" width=\"204\">LeChao Bonbons<\/td>\n<\/tr>\n<tr style=\"height: 18.00pt;\">\n<td class=\"et2\" style=\"height: 18.00pt;\" height=\"18\">Produkttyp<\/td>\n<td class=\"et3\" style=\"width: 204.10pt;\" width=\"204\">4D Ananas-Gummi-Bonbon<\/td>\n<\/tr>\n<tr style=\"height: 18.00pt;\">\n<td class=\"et2\" style=\"height: 18.00pt;\" height=\"18\">Geschmack<\/td>\n<td class=\"et3\" style=\"width: 204.10pt;\" width=\"204\">S\u00fc\u00df &amp; sauer &amp; widerstandsf\u00e4hig<\/td>\n<\/tr>\n<tr style=\"height: 17.60pt;\">\n<td class=\"et2\" style=\"height: 17.60pt;\" height=\"17\">Spezifikation<\/td>\n<td class=\"et2\">60gX10BeutelX6Kartons<\/td>\n<\/tr>\n<tr style=\"height: 17.60pt;\">\n<td class=\"et2\" style=\"height: 17.60pt;\" height=\"17\">Gr\u00f6\u00dfe des Kartons<\/td>\n<td class=\"et2\">36,5X22X33,5cm<\/td>\n<\/tr>\n<tr style=\"height: 17.60pt;\">\n<td class=\"et2\" style=\"height: 17.60pt;\" height=\"17\">N.W.\/Karton<\/td>\n<td class=\"et2\">5,8 kg<\/td>\n<\/tr>\n<tr style=\"height: 17.60pt;\">\n<td class=\"et2\" style=\"height: 17.60pt;\" height=\"17\">Preis<\/td>\n<td class=\"et2\">0,3-0,33USD<\/td>\n<\/tr>\n<tr style=\"height: 17.60pt;\">\n<td class=\"et2\" style=\"height: 17.60pt;\" height=\"17\">MOQ<\/td>\n<td class=\"et2\">500 Kartons<\/td>\n<\/tr>\n<tr style=\"height: 17.60pt;\">\n<td class=\"et2\" style=\"height: 17.60pt;\" height=\"17\">Muster<\/td>\n<td class=\"et2\">Verf\u00fcgbar<\/td>\n<\/tr>\n<\/tbody>\n<\/table>","protected":false},"featured_media":463,"comment_status":"open","ping_status":"closed","template":"","meta":{"_acf_changed":false},"product_brand":[],"product_cat":[19,24],"product_tag":[],"class_list":{"0":"post-459","1":"product","2":"type-product","3":"status-publish","4":"has-post-thumbnail","6":"product_cat-wholesale-gummy-manufacturer","7":"product_cat-3d-gummy-candy-manufacturer","9":"first","10":"instock","11":"shipping-taxable","12":"product-type-simple"},"acf":[],"_links":{"self":[{"href":"https:\/\/www.lechaocandy.com\/de\/wp-json\/wp\/v2\/product\/459","targetHints":{"allow":["GET"]}}],"collection":[{"href":"https:\/\/www.lechaocandy.com\/de\/wp-json\/wp\/v2\/product"}],"about":[{"href":"https:\/\/www.lechaocandy.com\/de\/wp-json\/wp\/v2\/types\/product"}],"replies":[{"embeddable":true,"href":"https:\/\/www.lechaocandy.com\/de\/wp-json\/wp\/v2\/comments?post=459"}],"wp:featuredmedia":[{"embeddable":true,"href":"https:\/\/www.lechaocandy.com\/de\/wp-json\/wp\/v2\/media\/463"}],"wp:attachment":[{"href":"https:\/\/www.lechaocandy.com\/de\/wp-json\/wp\/v2\/media?parent=459"}],"wp:term":[{"taxonomy":"product_brand","embeddable":true,"href":"https:\/\/www.lechaocandy.com\/de\/wp-json\/wp\/v2\/product_brand?post=459"},{"taxonomy":"product_cat","embeddable":true,"href":"https:\/\/www.lechaocandy.com\/de\/wp-json\/wp\/v2\/product_cat?post=459"},{"taxonomy":"product_tag","embeddable":true,"href":"https:\/\/www.lechaocandy.com\/de\/wp-json\/wp\/v2\/product_tag?post=459"}],"curies":[{"name":"wp","href":"https:\/\/api.w.org\/{rel}","templated":true}]}}