{"id":465,"date":"2025-05-14T08:07:29","date_gmt":"2025-05-14T08:07:29","guid":{"rendered":"https:\/\/www.lechaocandy.com\/?post_type=product&#038;p=465"},"modified":"2025-05-14T08:14:40","modified_gmt":"2025-05-14T08:14:40","slug":"candy-gummies-in-bulk","status":"publish","type":"product","link":"https:\/\/www.lechaocandy.com\/de\/produkt\/candy-gummies-in-bulk\/","title":{"rendered":"4D Grape Candy Gummies in Bulk, Gro\u00dfhandel Chewy Soft Candy"},"content":{"rendered":"<div class=\"wp-block-columns is-layout-flex wp-container-core-columns-is-layout-9d6595d7 wp-block-columns-is-layout-flex\"><div class=\"wp-block-column is-layout-flow wp-block-column-is-layout-flow\"><h2 class=\"wp-block-heading\">Produkt-Highlights von 4D Grape Candy Gummies In Bulk<\/h2>\n\n<ul class=\"wp-block-list\"><li><strong>Echte Traubenform, voll von dreidimensionalem Sinn: <\/strong>Diese Gummibonbons in loser Sch\u00fcttung geben das Aussehen von Traubenfr\u00fcchten wieder, mit reichhaltigen Schichten, starker visueller Wirkung und doppeltem Reiz, geeignet f\u00fcr die Schaffung spezieller Produktserien.<\/li>\n\n<li><strong>Reicher Traubengeschmack, s\u00fc\u00df und verlockend:<\/strong> Unsere Kaubonbons f\u00fcr den Gro\u00dfhandel werden aus hochwertigen Aromen und Saftextrakten ausgew\u00e4hlt, mit reichhaltigem fruchtigem Duft, s\u00fc\u00df und sauer, und lang anhaltendem Nachgeschmack, geeignet f\u00fcr die Geschmacksvorlieben von Verbrauchern aller Altersgruppen.<\/li>\n\n<li><strong>Weich und elastisch, besserer Geschmack: <\/strong>Unsere Trauben-Bonbons in loser Sch\u00fcttung sind z\u00e4h, weich und hart und kleben auch nach l\u00e4ngerem Kauen nicht an den Z\u00e4hnen, was den Kaugenuss erh\u00f6ht und f\u00fcr ein hochwertiges Gummibonbon steht.<\/li>\n\n<li><strong>Unterst\u00fctzung mehrerer Verpackungs- und Verkaufsszenarien:<\/strong> Wir bieten Kaubonbons in Gro\u00dfhandelspackungen, unabh\u00e4ngigen Kleinverpackungen, Dosen, Beuteln und anderen Formen an, die sich f\u00fcr Superm\u00e4rkte, E-Commerce, Markeneinzelhandel, Geschenkboxen f\u00fcr Feste und andere Multikanalverk\u00e4ufe eignen.<\/li>\n\n<li><strong>Bieten Sie OEM\/ODM-Anpassungsdienste an: <\/strong>Unsere Gummibonbons in loser Sch\u00fcttung bieten kundenspezifische Farbe, S\u00fc\u00dfe, Geschmack, Form, Verpackung und Markenlogo, um die exklusiven Bed\u00fcrfnisse verschiedener M\u00e4rkte und Marken zu erf\u00fcllen.<\/li><\/ul><\/div>\n\n<div class=\"wp-block-column is-layout-flow wp-block-column-is-layout-flow\"><figure class=\"wp-block-image size-full\"><img decoding=\"async\" width=\"800\" height=\"800\" src=\"https:\/\/www.lechaocandy.com\/wp-content\/uploads\/2025\/05\/4D-Grape-Candy-Gummies-In-Bulk-Wholesale-Chewy-Soft-Candy-3.webp\" alt=\"4D Grape Candy Gummies in Bulk, Gro\u00dfhandel Chewy Soft Candy-3\" class=\"wp-image-468\" srcset=\"https:\/\/www.lechaocandy.com\/wp-content\/uploads\/2025\/05\/4D-Grape-Candy-Gummies-In-Bulk-Wholesale-Chewy-Soft-Candy-3.webp 800w, https:\/\/www.lechaocandy.com\/wp-content\/uploads\/2025\/05\/4D-Grape-Candy-Gummies-In-Bulk-Wholesale-Chewy-Soft-Candy-3-300x300.webp 300w, https:\/\/www.lechaocandy.com\/wp-content\/uploads\/2025\/05\/4D-Grape-Candy-Gummies-In-Bulk-Wholesale-Chewy-Soft-Candy-3-150x150.webp 150w, https:\/\/www.lechaocandy.com\/wp-content\/uploads\/2025\/05\/4D-Grape-Candy-Gummies-In-Bulk-Wholesale-Chewy-Soft-Candy-3-768x768.webp 768w, https:\/\/www.lechaocandy.com\/wp-content\/uploads\/2025\/05\/4D-Grape-Candy-Gummies-In-Bulk-Wholesale-Chewy-Soft-Candy-3-600x600.webp 600w, https:\/\/www.lechaocandy.com\/wp-content\/uploads\/2025\/05\/4D-Grape-Candy-Gummies-In-Bulk-Wholesale-Chewy-Soft-Candy-3-100x100.webp 100w\" sizes=\"(max-width: 800px) 100vw, 800px\" \/><\/figure><\/div><\/div>","protected":false},"excerpt":{"rendered":"<p>Willkommen im Gro\u00dfhandel Kaubonbons zu kaufen. Unsere 4D-Trauben-Bonbons in loser Sch\u00fcttung sind f\u00fcr ihre realistischen Formen und ihr reichhaltiges Fruchtaroma bekannt. Sie sind die erste Wahl f\u00fcr Snacks f\u00fcr Kinder und junge Menschen. Geeignet f\u00fcr Einzelhandel, E-Commerce und Markenwerbung.<\/p>\n<table style=\"border-collapse: collapse; width: 314.02pt;\" border=\"0\" width=\"314\" cellspacing=\"0\" cellpadding=\"0\">\n<tbody>\n<tr style=\"height: 17.60pt;\">\n<td class=\"et2\" style=\"height: 17.60pt; width: 110.80pt;\" width=\"110\" height=\"17\">Hersteller<\/td>\n<td class=\"et2\" style=\"width: 204.10pt;\" width=\"204\">LeChao Bonbons<\/td>\n<\/tr>\n<tr style=\"height: 18.00pt;\">\n<td class=\"et2\" style=\"height: 18.00pt;\" height=\"18\">Produkttyp<\/td>\n<td class=\"et3\" style=\"width: 204.10pt;\" width=\"204\">4D Trauben-Gummibonbon<\/td>\n<\/tr>\n<tr style=\"height: 18.00pt;\">\n<td class=\"et2\" style=\"height: 18.00pt;\" height=\"18\">Geschmack<\/td>\n<td class=\"et3\" style=\"width: 204.10pt;\" width=\"204\">S\u00fc\u00df &amp; sauer &amp; widerstandsf\u00e4hig<\/td>\n<\/tr>\n<tr style=\"height: 17.60pt;\">\n<td class=\"et2\" style=\"height: 17.60pt;\" height=\"17\">Spezifikation<\/td>\n<td class=\"et2\">60gX10BeutelX6Kartons<\/td>\n<\/tr>\n<tr style=\"height: 17.60pt;\">\n<td class=\"et2\" style=\"height: 17.60pt;\" height=\"17\">Gr\u00f6\u00dfe des Kartons<\/td>\n<td class=\"et2\">36,5X22X33,5cm<\/td>\n<\/tr>\n<tr style=\"height: 17.60pt;\">\n<td class=\"et2\" style=\"height: 17.60pt;\" height=\"17\">N.W.\/Karton<\/td>\n<td class=\"et2\">5,8 kg<\/td>\n<\/tr>\n<tr style=\"height: 17.60pt;\">\n<td class=\"et2\" style=\"height: 17.60pt;\" height=\"17\">Preis<\/td>\n<td class=\"et2\">0,3-0,33USD<\/td>\n<\/tr>\n<tr style=\"height: 17.60pt;\">\n<td class=\"et2\" style=\"height: 17.60pt;\" height=\"17\">MOQ<\/td>\n<td class=\"et2\">500 Kartons<\/td>\n<\/tr>\n<tr style=\"height: 17.60pt;\">\n<td class=\"et2\" style=\"height: 17.60pt;\" height=\"17\">Muster<\/td>\n<td class=\"et2\">Verf\u00fcgbar<\/td>\n<\/tr>\n<\/tbody>\n<\/table>","protected":false},"featured_media":470,"comment_status":"open","ping_status":"closed","template":"","meta":{"_acf_changed":false},"product_brand":[],"product_cat":[19,24],"product_tag":[],"class_list":{"0":"post-465","1":"product","2":"type-product","3":"status-publish","4":"has-post-thumbnail","6":"product_cat-wholesale-gummy-manufacturer","7":"product_cat-3d-gummy-candy-manufacturer","9":"first","10":"instock","11":"shipping-taxable","12":"product-type-simple"},"acf":[],"_links":{"self":[{"href":"https:\/\/www.lechaocandy.com\/de\/wp-json\/wp\/v2\/product\/465","targetHints":{"allow":["GET"]}}],"collection":[{"href":"https:\/\/www.lechaocandy.com\/de\/wp-json\/wp\/v2\/product"}],"about":[{"href":"https:\/\/www.lechaocandy.com\/de\/wp-json\/wp\/v2\/types\/product"}],"replies":[{"embeddable":true,"href":"https:\/\/www.lechaocandy.com\/de\/wp-json\/wp\/v2\/comments?post=465"}],"wp:featuredmedia":[{"embeddable":true,"href":"https:\/\/www.lechaocandy.com\/de\/wp-json\/wp\/v2\/media\/470"}],"wp:attachment":[{"href":"https:\/\/www.lechaocandy.com\/de\/wp-json\/wp\/v2\/media?parent=465"}],"wp:term":[{"taxonomy":"product_brand","embeddable":true,"href":"https:\/\/www.lechaocandy.com\/de\/wp-json\/wp\/v2\/product_brand?post=465"},{"taxonomy":"product_cat","embeddable":true,"href":"https:\/\/www.lechaocandy.com\/de\/wp-json\/wp\/v2\/product_cat?post=465"},{"taxonomy":"product_tag","embeddable":true,"href":"https:\/\/www.lechaocandy.com\/de\/wp-json\/wp\/v2\/product_tag?post=465"}],"curies":[{"name":"wp","href":"https:\/\/api.w.org\/{rel}","templated":true}]}}