{"id":477,"date":"2025-05-14T08:44:12","date_gmt":"2025-05-14T08:44:12","guid":{"rendered":"https:\/\/www.lechaocandy.com\/?post_type=product&#038;p=477"},"modified":"2025-05-14T08:54:46","modified_gmt":"2025-05-14T08:54:46","slug":"gummy-wholesale","status":"publish","type":"product","link":"https:\/\/www.lechaocandy.com\/de\/produkt\/gummy-wholesale\/","title":{"rendered":"Flasche geformt Gummy Gro\u00dfhandel, Bulk Cola Gummies Candy"},"content":{"rendered":"<div class=\"wp-block-columns is-layout-flex wp-container-core-columns-is-layout-9d6595d7 wp-block-columns-is-layout-flex\"><div class=\"wp-block-column is-layout-flow wp-block-column-is-layout-flow\"><h2 class=\"wp-block-heading\">Produkt-Highlights von Cola Gummy Gro\u00dfhandel<\/h2>\n\n<ul class=\"wp-block-list\"><li><strong>Klassische Cola-Flaschenform, retro und interessant: <\/strong>Unser Colaflaschen-Gummi-Gro\u00dfhandel hat eine einzigartige Form und ist leicht erkennbar, was zum Spa\u00df und zum kommerziellen Erfolg des Produkts beitr\u00e4gt.<\/li>\n\n<li><strong>Reichhaltiger Cola-Geschmack, erfrischend und befriedigend: <\/strong>Unsere Cola-Gummibonbons kombinieren den s\u00fc\u00dfen Cola-Geschmack mit einem leicht sprudelnden Geschmack, mit einem s\u00fc\u00dfen Nachgeschmack und einer mittleren S\u00e4ure und S\u00fc\u00dfe, die ein klassischer Geschmack ist, den jeder liebt.<\/li>\n\n<li><strong>Q-elastisch und flexibel, mit reichen Geschmacksschichten:<\/strong> Unser Cola-Gummi-Gro\u00dfhandel wird aus hochwertiger Gelatine hergestellt, mit einem starken Kaugef\u00fchl, mittlerer H\u00e4rte und Weichheit, die ein echtes und interessantes Kauerlebnis bietet und f\u00fcr alle Altersgruppen geeignet ist.<\/li>\n\n<li><strong>Unterst\u00fctzung mehrerer Verpackungen und Spezifikationen:<\/strong> Diese Cola-Bonbons in loser Sch\u00fcttung, in Beuteln, Dosen und anderen Formen eignen sich f\u00fcr den elektronischen Handel, Snack-Sammell\u00e4den, Verkaufsautomaten und Weihnachtsgeschenkboxen usw.<\/li>\n\n<li><strong>Unterst\u00fctzen Sie ma\u00dfgeschneiderte Dienstleistungen zur Herstellung markenexklusiver S\u00fc\u00dfigkeiten: <\/strong>Unser Gro\u00dfhandel mit Gummib\u00e4rchen kann Produktfarben, Geschmacksrichtungen, Flaschendetails, Verpackungsdesign und Markenlogos anpassen, um die individuellen Bed\u00fcrfnisse verschiedener M\u00e4rkte und Kunden zu erf\u00fcllen.<\/li><\/ul><\/div>\n\n<div class=\"wp-block-column is-layout-flow wp-block-column-is-layout-flow\"><figure class=\"wp-block-image size-full\"><img decoding=\"async\" width=\"800\" height=\"800\" src=\"https:\/\/www.lechaocandy.com\/wp-content\/uploads\/2025\/05\/Bottle-Shaped-Gummy-Wholesale-Bulk-Cola-Gummies-Candy-5.webp\" alt=\"Flasche geformt Gummy Gro\u00dfhandel, Bulk Cola Gummies Candy-5\" class=\"wp-image-482\" srcset=\"https:\/\/www.lechaocandy.com\/wp-content\/uploads\/2025\/05\/Bottle-Shaped-Gummy-Wholesale-Bulk-Cola-Gummies-Candy-5.webp 800w, https:\/\/www.lechaocandy.com\/wp-content\/uploads\/2025\/05\/Bottle-Shaped-Gummy-Wholesale-Bulk-Cola-Gummies-Candy-5-300x300.webp 300w, https:\/\/www.lechaocandy.com\/wp-content\/uploads\/2025\/05\/Bottle-Shaped-Gummy-Wholesale-Bulk-Cola-Gummies-Candy-5-150x150.webp 150w, https:\/\/www.lechaocandy.com\/wp-content\/uploads\/2025\/05\/Bottle-Shaped-Gummy-Wholesale-Bulk-Cola-Gummies-Candy-5-768x768.webp 768w, https:\/\/www.lechaocandy.com\/wp-content\/uploads\/2025\/05\/Bottle-Shaped-Gummy-Wholesale-Bulk-Cola-Gummies-Candy-5-600x600.webp 600w, https:\/\/www.lechaocandy.com\/wp-content\/uploads\/2025\/05\/Bottle-Shaped-Gummy-Wholesale-Bulk-Cola-Gummies-Candy-5-100x100.webp 100w\" sizes=\"(max-width: 800px) 100vw, 800px\" \/><\/figure><\/div><\/div>","protected":false},"excerpt":{"rendered":"<p>Willkommen auf benutzerdefinierte geformte gummi Gro\u00dfhandel zu kaufen. Der erfrischende Geschmack unserer Bulk-Cola-Gummi-Bonbons f\u00e4ngt jedermanns Geschmacksknospen. Die Unterst\u00fctzung von Gro\u00dfeink\u00e4ufen und mehrere Anpassungen, ist es eine ideale Wahl f\u00fcr Marken, um meistverkaufte S\u00fc\u00dfigkeiten Produkte zu schaffen.<\/p>\n<table style=\"border-collapse: collapse; width: 314.02pt;\" border=\"0\" width=\"314\" cellspacing=\"0\" cellpadding=\"0\">\n<tbody>\n<tr style=\"height: 17.60pt;\">\n<td class=\"et2\" style=\"height: 17.60pt; width: 110.80pt;\" width=\"110\" height=\"17\">Hersteller<\/td>\n<td class=\"et2\" style=\"width: 204.10pt;\" width=\"204\">LeChao Bonbons<\/td>\n<\/tr>\n<tr style=\"height: 18.00pt;\">\n<td class=\"et2\" style=\"height: 18.00pt;\" height=\"18\">Produkttyp<\/td>\n<td class=\"et3\" style=\"width: 204.10pt;\" width=\"204\">Cola-Gummi-Cluster<\/td>\n<\/tr>\n<tr style=\"height: 18.00pt;\">\n<td class=\"et2\" style=\"height: 18.00pt;\" height=\"18\">Geschmack<\/td>\n<td class=\"et3\" style=\"width: 204.10pt;\" width=\"204\">S\u00fc\u00df &amp; sauer &amp; widerstandsf\u00e4hig<\/td>\n<\/tr>\n<tr style=\"height: 17.60pt;\">\n<td class=\"et2\" style=\"height: 17.60pt;\" height=\"17\">Spezifikation<\/td>\n<td class=\"et2\">120gX48Beutel<\/td>\n<\/tr>\n<tr style=\"height: 17.60pt;\">\n<td class=\"et2\" style=\"height: 17.60pt;\" height=\"17\">Gr\u00f6\u00dfe des Kartons<\/td>\n<td class=\"et2\">39*26*24cm<\/td>\n<\/tr>\n<tr style=\"height: 17.60pt;\">\n<td class=\"et2\" style=\"height: 17.60pt;\" height=\"17\">N.W.\/Karton<\/td>\n<td class=\"et2\">7,5 kg<\/td>\n<\/tr>\n<tr style=\"height: 17.60pt;\">\n<td class=\"et2\" style=\"height: 17.60pt;\" height=\"17\">Preis<\/td>\n<td class=\"et2\">0.55-0.57USD\/pro Beutel<\/td>\n<\/tr>\n<tr style=\"height: 17.60pt;\">\n<td class=\"et2\" style=\"height: 17.60pt;\" height=\"17\">MOQ<\/td>\n<td class=\"et2\">500 Kartons<\/td>\n<\/tr>\n<tr style=\"height: 17.60pt;\">\n<td class=\"et2\" style=\"height: 17.60pt;\" height=\"17\">Muster<\/td>\n<td class=\"et2\">Verf\u00fcgbar<\/td>\n<\/tr>\n<\/tbody>\n<\/table>","protected":false},"featured_media":479,"comment_status":"open","ping_status":"closed","template":"","meta":{"_acf_changed":false},"product_brand":[],"product_cat":[19],"product_tag":[],"class_list":{"0":"post-477","1":"product","2":"type-product","3":"status-publish","4":"has-post-thumbnail","6":"product_cat-wholesale-gummy-manufacturer","8":"first","9":"instock","10":"shipping-taxable","11":"product-type-simple"},"acf":[],"_links":{"self":[{"href":"https:\/\/www.lechaocandy.com\/de\/wp-json\/wp\/v2\/product\/477","targetHints":{"allow":["GET"]}}],"collection":[{"href":"https:\/\/www.lechaocandy.com\/de\/wp-json\/wp\/v2\/product"}],"about":[{"href":"https:\/\/www.lechaocandy.com\/de\/wp-json\/wp\/v2\/types\/product"}],"replies":[{"embeddable":true,"href":"https:\/\/www.lechaocandy.com\/de\/wp-json\/wp\/v2\/comments?post=477"}],"wp:featuredmedia":[{"embeddable":true,"href":"https:\/\/www.lechaocandy.com\/de\/wp-json\/wp\/v2\/media\/479"}],"wp:attachment":[{"href":"https:\/\/www.lechaocandy.com\/de\/wp-json\/wp\/v2\/media?parent=477"}],"wp:term":[{"taxonomy":"product_brand","embeddable":true,"href":"https:\/\/www.lechaocandy.com\/de\/wp-json\/wp\/v2\/product_brand?post=477"},{"taxonomy":"product_cat","embeddable":true,"href":"https:\/\/www.lechaocandy.com\/de\/wp-json\/wp\/v2\/product_cat?post=477"},{"taxonomy":"product_tag","embeddable":true,"href":"https:\/\/www.lechaocandy.com\/de\/wp-json\/wp\/v2\/product_tag?post=477"}],"curies":[{"name":"wp","href":"https:\/\/api.w.org\/{rel}","templated":true}]}}