{"id":484,"date":"2025-05-14T09:00:42","date_gmt":"2025-05-14T09:00:42","guid":{"rendered":"https:\/\/www.lechaocandy.com\/?post_type=product&#038;p=484"},"modified":"2026-04-09T02:23:04","modified_gmt":"2026-04-09T02:23:04","slug":"bulk-gummy-candy","status":"publish","type":"product","link":"https:\/\/www.lechaocandy.com\/de\/produkt\/bulk-gummy-candy\/","title":{"rendered":"Aug\u00e4pfel Bulk Gummibonbons, Gelee gef\u00fcllte Gummis Gro\u00dfhandel"},"content":{"rendered":"<div class=\"wp-block-columns is-layout-flex wp-container-core-columns-is-layout-9d6595d7 wp-block-columns-is-layout-flex\"><div class=\"wp-block-column is-layout-flow wp-block-column-is-layout-flow\"><h2 class=\"wp-block-heading\">Produkt-Highlights von Eyeballs Bulk Gummy Candy<\/h2>\n\n<ul class=\"wp-block-list\"><li><strong>Realistische Augapfelform, voller Kreativit\u00e4t: <\/strong>Unsere Augapfel-Gummibonbons werden mit einer dreidimensionalen Form hergestellt, um die Struktur des Augapfels wiederherzustellen. Das ist optisch sehr eindrucksvoll und eignet sich f\u00fcr das Festivalmarketing, insbesondere f\u00fcr Halloween.<\/li>\n\n<li><strong>Enth\u00e4lt fruchtige F\u00fcllungen und reichhaltige Schichten: <\/strong>Die \u00e4u\u00dfere Schicht dieser mit Gelee gef\u00fcllten Gro\u00dfhandelsgummis ist mit reichhaltiger Fruchtmarmelade umh\u00fcllt, die im Mund zerplatzt und ein vielf\u00e4ltiges Geschmackserlebnis bietet: au\u00dfen kaubar und innen weich.<\/li>\n\n<li><strong>Mehrere Geschmacksrichtungen und Farbkombinationen: <\/strong>Unser Augapfel-Gummibonbon bietet eine Vielzahl von Geschmacksrichtungen wie Erdbeere, Blaubeere, Litschi und Traube mit verschiedenen Irisfarben, um den Spa\u00df- und Geschmacksbed\u00fcrfnissen verschiedener M\u00e4rkte gerecht zu werden.<\/li>\n\n<li><strong>Geeignet f\u00fcr den Verkauf in verschiedenen Szenarien: <\/strong>Ob es sich um eine Weihnachtsgeschenkverpackung, ein Einzelhandelsregal oder eine Party-S\u00fc\u00dfigkeit handelt, unsere mit Gelee gef\u00fcllten Gummib\u00e4rchen k\u00f6nnen zu einem auff\u00e4lligen, hei\u00dfen Produkt werden und das Verbrauchererlebnis verbessern.<\/li>\n\n<li><strong>Unterst\u00fctzung personalisierter Anpassungsdienste: <\/strong>Von Geschmacksrichtungen, Formen und Farben bis hin zu Verpackungsl\u00f6sungen k\u00f6nnen unsere losen Gummibonbons bei Bedarf angepasst werden, um der pers\u00f6nlichen Marktpositionierung der Markenkunden gerecht zu werden.<\/li><\/ul><\/div>\n\n<div class=\"wp-block-column is-layout-flow wp-block-column-is-layout-flow\"><figure class=\"wp-block-image size-full\"><img decoding=\"async\" width=\"800\" height=\"800\" src=\"https:\/\/www.lechaocandy.com\/wp-content\/uploads\/2025\/05\/Eyeballs-Bulk-Gummy-Candy-Jelly-Filled-Gummies-Wholesale-1.webp\" alt=\"Aug\u00e4pfel Bulk Gummibonbons, Gelee gef\u00fcllte Gummis Gro\u00dfhandel-1\" class=\"wp-image-485\" srcset=\"https:\/\/www.lechaocandy.com\/wp-content\/uploads\/2025\/05\/Eyeballs-Bulk-Gummy-Candy-Jelly-Filled-Gummies-Wholesale-1.webp 800w, https:\/\/www.lechaocandy.com\/wp-content\/uploads\/2025\/05\/Eyeballs-Bulk-Gummy-Candy-Jelly-Filled-Gummies-Wholesale-1-300x300.webp 300w, https:\/\/www.lechaocandy.com\/wp-content\/uploads\/2025\/05\/Eyeballs-Bulk-Gummy-Candy-Jelly-Filled-Gummies-Wholesale-1-150x150.webp 150w, https:\/\/www.lechaocandy.com\/wp-content\/uploads\/2025\/05\/Eyeballs-Bulk-Gummy-Candy-Jelly-Filled-Gummies-Wholesale-1-768x768.webp 768w, https:\/\/www.lechaocandy.com\/wp-content\/uploads\/2025\/05\/Eyeballs-Bulk-Gummy-Candy-Jelly-Filled-Gummies-Wholesale-1-600x600.webp 600w, https:\/\/www.lechaocandy.com\/wp-content\/uploads\/2025\/05\/Eyeballs-Bulk-Gummy-Candy-Jelly-Filled-Gummies-Wholesale-1-100x100.webp 100w\" sizes=\"(max-width: 800px) 100vw, 800px\" \/><\/figure><\/div><\/div>","protected":false},"excerpt":{"rendered":"<p>Willkommen im Gro\u00dfhandel Gelee gef\u00fcllt Gummis zu kaufen. Diese Aug\u00e4pfel Bulk Gummibonbons zeichnet sich durch seine realistische Form und explodierende F\u00fcllung Design. Es ist mit fruchtiger Marmelade gepaart, und das fruchtige Aroma breitet sich aus, sobald Sie es bei\u00dfen. Es unterst\u00fctzt mehrere kundenspezifische Dienstleistungen und ist das bevorzugte Produkt f\u00fcr die Schaffung kreativer S\u00fc\u00dfigkeitenmarken.<\/p>\n<table style=\"border-collapse: collapse; width: 314.02pt;\" border=\"0\" width=\"314\" cellspacing=\"0\" cellpadding=\"0\">\n<tbody>\n<tr style=\"height: 17.60pt;\">\n<td class=\"et2\" style=\"height: 17.60pt; width: 110.80pt;\" width=\"110\" height=\"17\">Hersteller<\/td>\n<td class=\"et2\" style=\"width: 204.10pt;\" width=\"204\">LeChao Bonbons<\/td>\n<\/tr>\n<tr style=\"height: 18.00pt;\">\n<td class=\"et2\" style=\"height: 18.00pt;\" height=\"18\">Produkttyp<\/td>\n<td class=\"et3\" style=\"width: 204.10pt;\" width=\"204\">Gummibonbons mit Augapfel-Marmeladef\u00fcllung<\/td>\n<\/tr>\n<tr style=\"height: 18.00pt;\">\n<td class=\"et2\" style=\"height: 18.00pt;\" height=\"18\">Geschmack<\/td>\n<td class=\"et3\" style=\"width: 204.10pt;\" width=\"204\">S\u00fc\u00df &amp; sauer &amp; widerstandsf\u00e4hig<\/td>\n<\/tr>\n<tr style=\"height: 17.60pt;\">\n<td class=\"et2\" style=\"height: 17.60pt;\" height=\"17\">Spezifikation<\/td>\n<td class=\"et2\">60gX10BeutelX6Kartons<\/td>\n<\/tr>\n<tr style=\"height: 17.60pt;\">\n<td class=\"et2\" style=\"height: 17.60pt;\" height=\"17\">Gr\u00f6\u00dfe des Kartons<\/td>\n<td class=\"et2\">36,5X22X33,5cm<\/td>\n<\/tr>\n<tr style=\"height: 17.60pt;\">\n<td class=\"et2\" style=\"height: 17.60pt;\" height=\"17\">N.W.\/Karton<\/td>\n<td class=\"et2\">5,8 kg<\/td>\n<\/tr>\n<tr style=\"height: 17.60pt;\">\n<td class=\"et2\" style=\"height: 17.60pt;\" height=\"17\">Preis<\/td>\n<td class=\"et2\">0,3-0,33USD<\/td>\n<\/tr>\n<tr style=\"height: 17.60pt;\">\n<td class=\"et2\" style=\"height: 17.60pt;\" height=\"17\">MOQ<\/td>\n<td class=\"et2\">800 Kartons<\/td>\n<\/tr>\n<tr style=\"height: 17.60pt;\">\n<td class=\"et2\" style=\"height: 17.60pt;\" height=\"17\">Muster<\/td>\n<td class=\"et2\">Verf\u00fcgbar<\/td>\n<\/tr>\n<\/tbody>\n<\/table>","protected":false},"featured_media":486,"comment_status":"open","ping_status":"closed","template":"","meta":{"_acf_changed":false},"product_brand":[],"product_cat":[19,27],"product_tag":[41],"class_list":{"0":"post-484","1":"product","2":"type-product","3":"status-publish","4":"has-post-thumbnail","6":"product_cat-wholesale-gummy-manufacturer","7":"product_cat-filled-gummy-candies-supplier","8":"product_tag-wholesale-halloween-gummies","10":"first","11":"instock","12":"shipping-taxable","13":"product-type-simple"},"acf":[],"_links":{"self":[{"href":"https:\/\/www.lechaocandy.com\/de\/wp-json\/wp\/v2\/product\/484","targetHints":{"allow":["GET"]}}],"collection":[{"href":"https:\/\/www.lechaocandy.com\/de\/wp-json\/wp\/v2\/product"}],"about":[{"href":"https:\/\/www.lechaocandy.com\/de\/wp-json\/wp\/v2\/types\/product"}],"replies":[{"embeddable":true,"href":"https:\/\/www.lechaocandy.com\/de\/wp-json\/wp\/v2\/comments?post=484"}],"wp:featuredmedia":[{"embeddable":true,"href":"https:\/\/www.lechaocandy.com\/de\/wp-json\/wp\/v2\/media\/486"}],"wp:attachment":[{"href":"https:\/\/www.lechaocandy.com\/de\/wp-json\/wp\/v2\/media?parent=484"}],"wp:term":[{"taxonomy":"product_brand","embeddable":true,"href":"https:\/\/www.lechaocandy.com\/de\/wp-json\/wp\/v2\/product_brand?post=484"},{"taxonomy":"product_cat","embeddable":true,"href":"https:\/\/www.lechaocandy.com\/de\/wp-json\/wp\/v2\/product_cat?post=484"},{"taxonomy":"product_tag","embeddable":true,"href":"https:\/\/www.lechaocandy.com\/de\/wp-json\/wp\/v2\/product_tag?post=484"}],"curies":[{"name":"wp","href":"https:\/\/api.w.org\/{rel}","templated":true}]}}