{"id":489,"date":"2025-05-14T09:13:44","date_gmt":"2025-05-14T09:13:44","guid":{"rendered":"https:\/\/www.lechaocandy.com\/?post_type=product&#038;p=489"},"modified":"2025-05-14T09:32:44","modified_gmt":"2025-05-14T09:32:44","slug":"bulk-jelly-beans","status":"publish","type":"product","link":"https:\/\/www.lechaocandy.com\/de\/produkt\/bulk-jelly-beans\/","title":{"rendered":"Fruchtige Bulk-Gelee-Bohnen, Gro\u00dfhandel benutzerdefinierte Jelly Bean Mix"},"content":{"rendered":"<div class=\"wp-block-columns is-layout-flex wp-container-core-columns-is-layout-9d6595d7 wp-block-columns-is-layout-flex\"><div class=\"wp-block-column is-layout-flow wp-block-column-is-layout-flow\"><h2 class=\"wp-block-heading\">Produkt-Highlights von Fruity Bulk Jelly Beans<\/h2>\n\n<ul class=\"wp-block-list\"><li><strong>Helle Farbe, starker visueller Effekt: <\/strong>Unsere losen Geleebohnen sind intensiv gef\u00e4rbt und haben eine gl\u00e4nzende und glatte Zuckerschicht, die optisch sehr ansprechend ist, den visuellen Effekt verst\u00e4rkt und die Verbraucher zum Anhalten und Kaufen veranlasst.<\/li>\n\n<li><strong>Reichhaltige Fruchtaromakombination, ausgepr\u00e4gter Geschmack: <\/strong>Unsere ma\u00dfgeschneiderte Gummib\u00e4rchenmischung umfasst eine Vielzahl klassischer und innovativer Fruchtgeschmacksrichtungen wie Erdbeere, Apfel, Orange, Traube, Wassermelone, Zitrone usw. mit moderater S\u00fc\u00dfe und unterschiedlichen Geschmacksrichtungen.<\/li>\n\n<li><strong>Knackiger Geschmack, s\u00fc\u00df, aber nicht fettig: <\/strong>Unsere losen Geleebohnen haben eine frische Schale, ein weiches Inneres, eine m\u00e4\u00dfige S\u00fc\u00dfe und der Fruchtduft breitet sich beim Kauen im Mund aus, was f\u00fcr Menschen jeden Alters geeignet ist.<\/li>\n\n<li><strong>Unterst\u00fctzung von Mix und Match und pers\u00f6nlicher Anpassung:<\/strong> Unsere kundenspezifische Geleebohnenmischung kann Geschmackskombinationen, Farbverh\u00e4ltnisse, Zucker\u00fcberzugsmuster und Markenverpackungen auf Anfrage anpassen, um die individuellen Produktentwicklungsanforderungen der Kunden zu erf\u00fcllen.<\/li>\n\n<li><strong>Geeignet f\u00fcr mehrere Vertriebskan\u00e4le: <\/strong>Diese losen Geleebohnen k\u00f6nnen in gro\u00dfen Mengen f\u00fcr Superm\u00e4rkte, Snackshops, Verkaufsautomaten, Schokoriegel, festliche Geschenkboxen, lose S\u00fc\u00dfigkeiten f\u00fcr Veranstaltungen und andere Einzelhandelsszenarien geliefert werden.<\/li><\/ul><\/div>\n\n<div class=\"wp-block-column is-layout-flow wp-block-column-is-layout-flow\"><figure class=\"wp-block-image size-full\"><img decoding=\"async\" width=\"800\" height=\"800\" src=\"https:\/\/www.lechaocandy.com\/wp-content\/uploads\/2025\/05\/Fruity-Bulk-Jelly-Beans-Wholesale-Custom-Jelly-Bean-Mix-5.webp\" alt=\"Fruchtige Bulk-Gelee-Bohnen, Gro\u00dfhandel benutzerdefinierte Jelly Bean Mix-5\" class=\"wp-image-494\" srcset=\"https:\/\/www.lechaocandy.com\/wp-content\/uploads\/2025\/05\/Fruity-Bulk-Jelly-Beans-Wholesale-Custom-Jelly-Bean-Mix-5.webp 800w, https:\/\/www.lechaocandy.com\/wp-content\/uploads\/2025\/05\/Fruity-Bulk-Jelly-Beans-Wholesale-Custom-Jelly-Bean-Mix-5-300x300.webp 300w, https:\/\/www.lechaocandy.com\/wp-content\/uploads\/2025\/05\/Fruity-Bulk-Jelly-Beans-Wholesale-Custom-Jelly-Bean-Mix-5-150x150.webp 150w, https:\/\/www.lechaocandy.com\/wp-content\/uploads\/2025\/05\/Fruity-Bulk-Jelly-Beans-Wholesale-Custom-Jelly-Bean-Mix-5-768x768.webp 768w, https:\/\/www.lechaocandy.com\/wp-content\/uploads\/2025\/05\/Fruity-Bulk-Jelly-Beans-Wholesale-Custom-Jelly-Bean-Mix-5-600x600.webp 600w, https:\/\/www.lechaocandy.com\/wp-content\/uploads\/2025\/05\/Fruity-Bulk-Jelly-Beans-Wholesale-Custom-Jelly-Bean-Mix-5-100x100.webp 100w\" sizes=\"(max-width: 800px) 100vw, 800px\" \/><\/figure><\/div><\/div>","protected":false},"excerpt":{"rendered":"<p>Willkommen zum Kauf von kundenspezifischen Geleebohnenmischungen. Unsere fruchtigen Jelly Beans sind au\u00dfen knusprig und innen weich, s\u00fc\u00df und sauer und werden von den Verbrauchern geliebt. Mit der Unterst\u00fctzung von Mix and Match und kundenspezifischen Verpackungen ist es eine ideale Wahl f\u00fcr die Herstellung beliebter S\u00fc\u00dfwaren.<\/p>\n<table style=\"border-collapse: collapse; width: 314.02pt;\" border=\"0\" width=\"314\" cellspacing=\"0\" cellpadding=\"0\">\n<tbody>\n<tr style=\"height: 17.60pt;\">\n<td class=\"et2\" style=\"height: 17.60pt; width: 110.80pt;\" width=\"110\" height=\"17\">Hersteller<\/td>\n<td class=\"et2\" style=\"width: 204.10pt;\" width=\"204\">LeChao Bonbons<\/td>\n<\/tr>\n<tr style=\"height: 18.00pt;\">\n<td class=\"et2\" style=\"height: 18.00pt;\" height=\"18\">Produkttyp<\/td>\n<td class=\"et3\" style=\"width: 204.10pt;\" width=\"204\">Geleebohnen<\/td>\n<\/tr>\n<tr style=\"height: 18.00pt;\">\n<td class=\"et2\" style=\"height: 18.00pt;\" height=\"18\">Geschmack<\/td>\n<td class=\"et3\" style=\"width: 204.10pt;\" width=\"204\">S\u00fc\u00df &amp; sauer &amp; widerstandsf\u00e4hig<\/td>\n<\/tr>\n<tr style=\"height: 17.60pt;\">\n<td class=\"et2\" style=\"height: 17.60pt;\" height=\"17\">Spezifikation<\/td>\n<td class=\"et2\">102gX6Mini-SchachtelX18Schachteln<\/td>\n<\/tr>\n<tr style=\"height: 17.60pt;\">\n<td class=\"et2\" style=\"height: 17.60pt;\" height=\"17\">Gr\u00f6\u00dfe des Kartons<\/td>\n<td class=\"et2\">35,5X23,5X13cm<\/td>\n<\/tr>\n<tr style=\"height: 17.60pt;\">\n<td class=\"et2\" style=\"height: 17.60pt;\" height=\"17\">N.W.\/Karton<\/td>\n<td class=\"et2\">6,8 kg<\/td>\n<\/tr>\n<tr style=\"height: 17.60pt;\">\n<td class=\"et2\" style=\"height: 17.60pt;\" height=\"17\">Muster<\/td>\n<td class=\"et2\">Verf\u00fcgbar<\/td>\n<\/tr>\n<\/tbody>\n<\/table>","protected":false},"featured_media":493,"comment_status":"open","ping_status":"closed","template":"","meta":{"_acf_changed":false},"product_brand":[],"product_cat":[21],"product_tag":[],"class_list":{"0":"post-489","1":"product","2":"type-product","3":"status-publish","4":"has-post-thumbnail","6":"product_cat-jelly-bean-wholesale","8":"first","9":"instock","10":"shipping-taxable","11":"product-type-simple"},"acf":[],"_links":{"self":[{"href":"https:\/\/www.lechaocandy.com\/de\/wp-json\/wp\/v2\/product\/489","targetHints":{"allow":["GET"]}}],"collection":[{"href":"https:\/\/www.lechaocandy.com\/de\/wp-json\/wp\/v2\/product"}],"about":[{"href":"https:\/\/www.lechaocandy.com\/de\/wp-json\/wp\/v2\/types\/product"}],"replies":[{"embeddable":true,"href":"https:\/\/www.lechaocandy.com\/de\/wp-json\/wp\/v2\/comments?post=489"}],"wp:featuredmedia":[{"embeddable":true,"href":"https:\/\/www.lechaocandy.com\/de\/wp-json\/wp\/v2\/media\/493"}],"wp:attachment":[{"href":"https:\/\/www.lechaocandy.com\/de\/wp-json\/wp\/v2\/media?parent=489"}],"wp:term":[{"taxonomy":"product_brand","embeddable":true,"href":"https:\/\/www.lechaocandy.com\/de\/wp-json\/wp\/v2\/product_brand?post=489"},{"taxonomy":"product_cat","embeddable":true,"href":"https:\/\/www.lechaocandy.com\/de\/wp-json\/wp\/v2\/product_cat?post=489"},{"taxonomy":"product_tag","embeddable":true,"href":"https:\/\/www.lechaocandy.com\/de\/wp-json\/wp\/v2\/product_tag?post=489"}],"curies":[{"name":"wp","href":"https:\/\/api.w.org\/{rel}","templated":true}]}}